{"id":1339,"date":"2025-04-08T08:58:30","date_gmt":"2025-04-08T08:58:30","guid":{"rendered":"https:\/\/www.stanleypackage.com\/?post_type=product&#038;p=1339"},"modified":"2025-04-08T12:52:28","modified_gmt":"2025-04-08T12:52:28","slug":"custom-printed-flat-pouches","status":"publish","type":"product","link":"https:\/\/www.stanleypackage.com\/de\/product\/custom-printed-flat-pouches\/","title":{"rendered":"Individuell bedruckte flache Beutel, R\u00fcckseitenversiegelung f\u00fcr Trockenfr\u00fcchte"},"content":{"rendered":"<div class=\"wp-block-columns is-layout-flex wp-container-core-columns-is-layout-9d6595d7 wp-block-columns-is-layout-flex\">\n<div class=\"wp-block-column is-layout-flow wp-block-column-is-layout-flow\">\n<h2 class=\"wp-block-heading\">Merkmale von individuell bedruckten Flachbeuteln<\/h2>\n\n\n\n<ul class=\"wp-block-list\">\n<li><strong>R\u00fcckseitige Versiegelung f\u00fcr die Frische der Lebensmittel: <\/strong>Diese individuell bedruckten Flachbeutel sind mit einer R\u00fcckseitenversiegelung versehen, die eine dichte Versiegelung gew\u00e4hrleistet, um das Eindringen von Luft zu verhindern. So bleiben Trockenfr\u00fcchte \u00fcber einen l\u00e4ngeren Zeitraum frisch und bewahren den urspr\u00fcnglichen Geschmack und die Frische der Lebensmittel.<\/li>\n\n\n\n<li><strong>Leicht aufrei\u00dfbare \u00d6ffnung f\u00fcr bequemes \u00d6ffnen: <\/strong>Das leicht zu \u00f6ffnende Design dieses individuell bedruckten flachen Beutels f\u00fcr Trockenfr\u00fcchte im Gro\u00dfhandel bietet den Verbrauchern ein bequemeres Nutzungserlebnis, bequem zu \u00f6ffnen und k\u00f6stliche Lebensmittel zu genie\u00dfen.<\/li>\n\n\n\n<li><strong>Siegelstreifen f\u00fcr sicheren Verschluss: <\/strong>Die hochwertigen Siegelstreifen dieser individuell bedruckten Flachbeutel bieten zus\u00e4tzliche Sicherheit, um die \u00d6ffnung des Beutels dicht zu verschlie\u00dfen, sind feuchtigkeits- und sauerstoffdicht und verl\u00e4ngern die Haltbarkeit der Lebensmittel.<\/li>\n\n\n\n<li><strong>Beidseitiger Druck zur St\u00e4rkung der Markenwerbung: <\/strong>Unsere Gro\u00dfhandelsverpackungen f\u00fcr Trockenfr\u00fcchte k\u00f6nnen auch beidseitig bedruckt werden. Sie k\u00f6nnen das Markenlogo, Produktinformationen und kreative Muster auf der Vorder- und R\u00fcckseite vollst\u00e4ndig anpassen, um die Produktverpackung einzigartig zu machen und die Wettbewerbsf\u00e4higkeit auf dem Markt zu verbessern.<\/li>\n\n\n\n<li><strong>Dichtheit und Zuverl\u00e4ssigkeit, Schutz vor Sauerstoff und Feuchtigkeit: <\/strong>Unsere individuell bedruckten Flachbeutel sind zuverl\u00e4ssig und dicht und verhindern erfolgreich, dass \u00e4u\u00dfere Umwelteinfl\u00fcsse eindringen und den Geschmack und die Ern\u00e4hrung von Trockenfr\u00fcchten beeinflussen.<\/li>\n\n\n\n<li><strong>Einseitige \u00d6ffnung, einfach zu bedienen f\u00fcr die Hersteller: <\/strong>Dieser Verpackungsbeutel f\u00fcr Trockenfr\u00fcchte aus dem Gro\u00dfhandel ist f\u00fcr die Hersteller beim Verpacken extrem einfach zu verwenden, leicht zu verschlie\u00dfen und verbessert die Effizienz der Produktion.<\/li>\n<\/ul>\n\n\n\n<div class=\"wp-block-columns is-layout-flex wp-container-core-columns-is-layout-9d6595d7 wp-block-columns-is-layout-flex\">\n<div class=\"wp-block-column is-layout-flow wp-block-column-is-layout-flow\">\n<figure class=\"wp-block-image size-full\"><img decoding=\"async\" width=\"750\" height=\"750\" src=\"https:\/\/www.stanleypackage.com\/wp-content\/uploads\/2025\/04\/Custom-Printed-Flat-Pouches-Back-Seal-Dried-Fruit-Packaging-5.webp\" alt=\"Individuell bedruckte flache Beutel, R\u00fcckseitenversiegelung von Trockenfruchtverpackungen-5\" class=\"wp-image-1344\" srcset=\"https:\/\/www.stanleypackage.com\/wp-content\/uploads\/2025\/04\/Custom-Printed-Flat-Pouches-Back-Seal-Dried-Fruit-Packaging-5.webp 750w, https:\/\/www.stanleypackage.com\/wp-content\/uploads\/2025\/04\/Custom-Printed-Flat-Pouches-Back-Seal-Dried-Fruit-Packaging-5-300x300.webp 300w, https:\/\/www.stanleypackage.com\/wp-content\/uploads\/2025\/04\/Custom-Printed-Flat-Pouches-Back-Seal-Dried-Fruit-Packaging-5-150x150.webp 150w, https:\/\/www.stanleypackage.com\/wp-content\/uploads\/2025\/04\/Custom-Printed-Flat-Pouches-Back-Seal-Dried-Fruit-Packaging-5-600x600.webp 600w, https:\/\/www.stanleypackage.com\/wp-content\/uploads\/2025\/04\/Custom-Printed-Flat-Pouches-Back-Seal-Dried-Fruit-Packaging-5-100x100.webp 100w\" sizes=\"(max-width: 750px) 100vw, 750px\" \/><\/figure>\n<\/div>\n\n\n\n<div class=\"wp-block-column is-layout-flow wp-block-column-is-layout-flow\">\n<figure class=\"wp-block-image size-full\"><img decoding=\"async\" width=\"750\" height=\"750\" src=\"https:\/\/www.stanleypackage.com\/wp-content\/uploads\/2025\/04\/Custom-Printed-Flat-Pouches-Back-Seal-Dried-Fruit-Packaging-6.webp\" alt=\"Individuell bedruckte flache Beutel, R\u00fcckseitenversiegelung von Trockenfruchtverpackungen-6\" class=\"wp-image-1345\" srcset=\"https:\/\/www.stanleypackage.com\/wp-content\/uploads\/2025\/04\/Custom-Printed-Flat-Pouches-Back-Seal-Dried-Fruit-Packaging-6.webp 750w, https:\/\/www.stanleypackage.com\/wp-content\/uploads\/2025\/04\/Custom-Printed-Flat-Pouches-Back-Seal-Dried-Fruit-Packaging-6-300x300.webp 300w, https:\/\/www.stanleypackage.com\/wp-content\/uploads\/2025\/04\/Custom-Printed-Flat-Pouches-Back-Seal-Dried-Fruit-Packaging-6-150x150.webp 150w, https:\/\/www.stanleypackage.com\/wp-content\/uploads\/2025\/04\/Custom-Printed-Flat-Pouches-Back-Seal-Dried-Fruit-Packaging-6-600x600.webp 600w, https:\/\/www.stanleypackage.com\/wp-content\/uploads\/2025\/04\/Custom-Printed-Flat-Pouches-Back-Seal-Dried-Fruit-Packaging-6-100x100.webp 100w\" sizes=\"(max-width: 750px) 100vw, 750px\" \/><\/figure>\n<\/div>\n<\/div>\n<\/div>\n<\/div>","protected":false},"excerpt":{"rendered":"<p>Willkommen auf benutzerdefinierte gedruckt flachen Beutel. Dieser Gro\u00dfhandel getrocknete Fr\u00fcchte Verpackung Beutel ist zur\u00fcck Dichtung Design, leicht zu \u00f6ffnen, und Dichtungsstreifen. Es ist geeignet f\u00fcr benutzerdefinierte Muster, Farbe und Marke Details, um Ihre Produkte anpassen und machen sie mehr identifizierbar auf dem Markt.<\/p>\n<table style=\"border-collapse: collapse; width: 365.02pt;\" border=\"0\" width=\"365\" cellspacing=\"0\" cellpadding=\"0\">\n<tbody>\n<tr style=\"height: 16.00pt;\">\n<td class=\"et2\" style=\"height: 16.00pt; width: 97.50pt;\" width=\"97\" height=\"16\">Hersteller<\/td>\n<td class=\"et2\" style=\"width: 267.50pt;\" width=\"267\">Stanley<\/td>\n<\/tr>\n<tr style=\"height: 16.00pt;\">\n<td class=\"et2\" style=\"height: 16.00pt; width: 97.50pt;\" width=\"97\" height=\"16\">Arten von Beuteln<\/td>\n<td class=\"et2\" style=\"width: 267.50pt;\" width=\"267\">Lay Flat Pouch, Back Seal Pouch, Three Side Seal Pouch<\/td>\n<\/tr>\n<tr style=\"height: 16.00pt;\">\n<td class=\"et2\" style=\"height: 16.00pt; width: 97.50pt;\" width=\"97\" height=\"16\">Material<\/td>\n<td class=\"et2\" style=\"width: 267.50pt;\" width=\"267\">PET12\/VMPET12\/PE55<\/td>\n<\/tr>\n<tr style=\"height: 16.00pt;\">\n<td class=\"et2\" style=\"height: 16.00pt; width: 97.50pt;\" width=\"97\" height=\"16\">Besonderes Merkmal<\/td>\n<td class=\"et2\" style=\"width: 267.50pt;\" width=\"267\">Aufrei\u00dfkerbe, Dichtungsstreifen<\/td>\n<\/tr>\n<tr style=\"height: 16.00pt;\">\n<td class=\"et2\" style=\"height: 16.00pt; width: 97.50pt;\" width=\"97\" height=\"16\">Handhabung der Oberfl\u00e4che<\/td>\n<td class=\"et2\" style=\"width: 267.50pt;\" width=\"267\">Tiefdruck<\/td>\n<\/tr>\n<tr style=\"height: 16.00pt;\">\n<td class=\"et2\" style=\"height: 16.00pt; width: 97.50pt;\" width=\"97\" height=\"16\">Farbe<\/td>\n<td class=\"et2\" style=\"width: 267.50pt;\" width=\"267\">Beidseitiger Druck, bis zu 10 Farben<\/td>\n<\/tr>\n<tr style=\"height: 16.00pt;\">\n<td class=\"et2\" style=\"height: 16.00pt; width: 97.50pt;\" width=\"97\" height=\"16\">Verwendung<\/td>\n<td class=\"et2\" style=\"width: 267.50pt;\" width=\"267\">Snacks, Gew\u00fcrze<\/td>\n<\/tr>\n<tr style=\"height: 16.00pt;\">\n<td class=\"et2\" style=\"height: 16.00pt; width: 97.50pt;\" width=\"97\" height=\"16\">MOQ<\/td>\n<td class=\"et2\" style=\"width: 267.50pt;\" width=\"267\">50.000 St\u00fcck<\/td>\n<\/tr>\n<tr style=\"height: 16.00pt;\">\n<td class=\"et2\" style=\"height: 16.00pt; width: 97.50pt;\" width=\"97\" height=\"16\">Individuelle Bestellung<\/td>\n<td class=\"et2\" style=\"width: 267.50pt;\" width=\"267\">Akzeptieren Sie OEM &amp; ODM, unterst\u00fctzen Sie freie Probe<\/td>\n<\/tr>\n<\/tbody>\n<\/table>","protected":false},"featured_media":1343,"comment_status":"closed","ping_status":"closed","template":"","meta":{"_acf_changed":false},"product_brand":[],"product_cat":[59,31,28],"product_tag":[],"class_list":{"0":"post-1339","1":"product","2":"type-product","3":"status-publish","4":"has-post-thumbnail","6":"product_cat-pillow-pouch-manufacturer","7":"product_cat-lay-flat-pouch-manufacturer","8":"product_cat-three-side-seal-pouch-manufacturer","9":"pa_food-packaging-snack-food-pouch","11":"first","12":"instock","13":"shipping-taxable","14":"product-type-simple"},"acf":[],"_links":{"self":[{"href":"https:\/\/www.stanleypackage.com\/de\/wp-json\/wp\/v2\/product\/1339","targetHints":{"allow":["GET"]}}],"collection":[{"href":"https:\/\/www.stanleypackage.com\/de\/wp-json\/wp\/v2\/product"}],"about":[{"href":"https:\/\/www.stanleypackage.com\/de\/wp-json\/wp\/v2\/types\/product"}],"replies":[{"embeddable":true,"href":"https:\/\/www.stanleypackage.com\/de\/wp-json\/wp\/v2\/comments?post=1339"}],"wp:featuredmedia":[{"embeddable":true,"href":"https:\/\/www.stanleypackage.com\/de\/wp-json\/wp\/v2\/media\/1343"}],"wp:attachment":[{"href":"https:\/\/www.stanleypackage.com\/de\/wp-json\/wp\/v2\/media?parent=1339"}],"wp:term":[{"taxonomy":"product_brand","embeddable":true,"href":"https:\/\/www.stanleypackage.com\/de\/wp-json\/wp\/v2\/product_brand?post=1339"},{"taxonomy":"product_cat","embeddable":true,"href":"https:\/\/www.stanleypackage.com\/de\/wp-json\/wp\/v2\/product_cat?post=1339"},{"taxonomy":"product_tag","embeddable":true,"href":"https:\/\/www.stanleypackage.com\/de\/wp-json\/wp\/v2\/product_tag?post=1339"}],"curies":[{"name":"wp","href":"https:\/\/api.w.org\/{rel}","templated":true}]}}