{"id":1440,"date":"2025-04-09T10:05:55","date_gmt":"2025-04-09T10:05:55","guid":{"rendered":"https:\/\/www.stanleypackage.com\/?post_type=product&#038;p=1440"},"modified":"2025-04-09T10:05:57","modified_gmt":"2025-04-09T10:05:57","slug":"spout-pouch-wholesale","status":"publish","type":"product","link":"https:\/\/www.stanleypackage.com\/de\/product\/spout-pouch-wholesale\/","title":{"rendered":"Hand Wash Spout Pouch Gro\u00dfhandel, benutzerdefinierte Fl\u00fcssigseife Beutel"},"content":{"rendered":"<div class=\"wp-block-columns is-layout-flex wp-container-core-columns-is-layout-9d6595d7 wp-block-columns-is-layout-flex\">\n<div class=\"wp-block-column is-layout-flow wp-block-column-is-layout-flow\">\n<h2 class=\"wp-block-heading\">Merkmale von Custom Spout Pouch Gro\u00dfhandel<\/h2>\n\n\n\n<ul class=\"wp-block-list\">\n<li><strong>Effizientes und praktisches D\u00fcsendesign: <\/strong>Der Handwaschbeutel verf\u00fcgt \u00fcber eine drehbare D\u00fcse, mit der der Benutzer den Fl\u00fcssigkeitsdurchfluss genau steuern und das Nutzungserlebnis verbessern kann.<\/li>\n\n\n\n<li><strong>Selbststehende Bodenkonstruktion: <\/strong>Dieser Ausgie\u00dferbeutel im Gro\u00dfhandel hat einen stabilen Boden und einen guten Stand, der sich leicht lagern und ausstellen l\u00e4sst.<\/li>\n\n\n\n<li>Top-F\u00fcllung Design: Diese benutzerdefinierte Handw\u00e4sche Beutel nimmt Top-F\u00fcllung und Seitenabdichtung, die ideal f\u00fcr die Massenproduktion ist.<\/li>\n\n\n\n<li><strong>Beidseitiger kundenspezifischer Druck: <\/strong>Beidseitiger, kundenspezifischer Druck ist bei unseren Ausgie\u00dferbeuteln im Gro\u00dfhandel verf\u00fcgbar und kann vielf\u00e4ltige Designl\u00f6sungen entsprechend den Markenbed\u00fcrfnissen bieten, die es Marken erm\u00f6glichen, eine einzigartige visuelle Pr\u00e4sentation zu erreichen und die Wettbewerbsf\u00e4higkeit auf dem Markt zu verbessern.<\/li>\n\n\n\n<li><strong>Vielseitiger Verwendungszweck: <\/strong>Dieser kundenspezifische Handwaschbeutel hat zahlreiche Anwendungsm\u00f6glichkeiten f\u00fcr verschiedene fl\u00fcssige Produkte wie Handseife, Waschpulver, Duschgel, Shampoo usw.<\/li>\n\n\n\n<li><strong>Langlebiges Material: <\/strong>F\u00fcr diesen Ausgie\u00dferbeutel im Gro\u00dfhandel wird das dreischichtige Verbundmaterial PET12\/BOPA15\/MBPE115 verwendet, das besser gegen Witterungseinfl\u00fcsse und Risse best\u00e4ndig ist. So ist der Verpackungsbeutel sicher und zuverl\u00e4ssig f\u00fcr Transport und Lagerung.<\/li>\n<\/ul>\n\n\n\n<div class=\"wp-block-columns is-layout-flex wp-container-core-columns-is-layout-9d6595d7 wp-block-columns-is-layout-flex\">\n<div class=\"wp-block-column is-layout-flow wp-block-column-is-layout-flow\">\n<figure class=\"wp-block-image size-full\"><img decoding=\"async\" width=\"750\" height=\"750\" src=\"https:\/\/www.stanleypackage.com\/wp-content\/uploads\/2025\/04\/Hand-Wash-Spout-Pouch-Wholesale-Custom-Liquid-Soap-Pouch-3.webp\" alt=\"Hand Wash Spout Pouch Gro\u00dfhandel, benutzerdefinierte Fl\u00fcssigseife Pouch-3\" class=\"wp-image-1443\" srcset=\"https:\/\/www.stanleypackage.com\/wp-content\/uploads\/2025\/04\/Hand-Wash-Spout-Pouch-Wholesale-Custom-Liquid-Soap-Pouch-3.webp 750w, https:\/\/www.stanleypackage.com\/wp-content\/uploads\/2025\/04\/Hand-Wash-Spout-Pouch-Wholesale-Custom-Liquid-Soap-Pouch-3-300x300.webp 300w, https:\/\/www.stanleypackage.com\/wp-content\/uploads\/2025\/04\/Hand-Wash-Spout-Pouch-Wholesale-Custom-Liquid-Soap-Pouch-3-150x150.webp 150w, https:\/\/www.stanleypackage.com\/wp-content\/uploads\/2025\/04\/Hand-Wash-Spout-Pouch-Wholesale-Custom-Liquid-Soap-Pouch-3-600x600.webp 600w, https:\/\/www.stanleypackage.com\/wp-content\/uploads\/2025\/04\/Hand-Wash-Spout-Pouch-Wholesale-Custom-Liquid-Soap-Pouch-3-100x100.webp 100w\" sizes=\"(max-width: 750px) 100vw, 750px\" \/><\/figure>\n<\/div>\n\n\n\n<div class=\"wp-block-column is-layout-flow wp-block-column-is-layout-flow\">\n<figure class=\"wp-block-image size-full\"><img decoding=\"async\" width=\"750\" height=\"750\" src=\"https:\/\/www.stanleypackage.com\/wp-content\/uploads\/2025\/04\/Hand-Wash-Spout-Pouch-Wholesale-Custom-Liquid-Soap-Pouch-2.webp\" alt=\"Hand Wash Spout Pouch Gro\u00dfhandel, benutzerdefinierte Fl\u00fcssigseife Pouch-2\" class=\"wp-image-1442\" srcset=\"https:\/\/www.stanleypackage.com\/wp-content\/uploads\/2025\/04\/Hand-Wash-Spout-Pouch-Wholesale-Custom-Liquid-Soap-Pouch-2.webp 750w, https:\/\/www.stanleypackage.com\/wp-content\/uploads\/2025\/04\/Hand-Wash-Spout-Pouch-Wholesale-Custom-Liquid-Soap-Pouch-2-300x300.webp 300w, https:\/\/www.stanleypackage.com\/wp-content\/uploads\/2025\/04\/Hand-Wash-Spout-Pouch-Wholesale-Custom-Liquid-Soap-Pouch-2-150x150.webp 150w, https:\/\/www.stanleypackage.com\/wp-content\/uploads\/2025\/04\/Hand-Wash-Spout-Pouch-Wholesale-Custom-Liquid-Soap-Pouch-2-600x600.webp 600w, https:\/\/www.stanleypackage.com\/wp-content\/uploads\/2025\/04\/Hand-Wash-Spout-Pouch-Wholesale-Custom-Liquid-Soap-Pouch-2-100x100.webp 100w\" sizes=\"(max-width: 750px) 100vw, 750px\" \/><\/figure>\n<\/div>\n<\/div>\n<\/div>\n<\/div>","protected":false},"excerpt":{"rendered":"<p>Willkommen bei benutzerdefinierten Handw\u00e4sche Beutel. Diese T\u00fclle Beutel Gro\u00dfhandel nimmt Verbundwerkstoff, um das Paket Tasche stark und haltbar zu machen. Es kann auf fl\u00fcssige Gegenst\u00e4nde wie Handseife, Waschmittel, Duschgel, Shampoo, etc. angewendet werden.<\/p>\n<table style=\"border-collapse: collapse; width: 365.02pt;\" border=\"0\" width=\"365\" cellspacing=\"0\" cellpadding=\"0\">\n<tbody>\n<tr style=\"height: 16.00pt;\">\n<td class=\"et2\" style=\"height: 16.00pt; width: 97.50pt;\" width=\"97\" height=\"16\">Hersteller<\/td>\n<td class=\"et2\" style=\"width: 267.50pt;\" width=\"267\">Stanley<\/td>\n<\/tr>\n<tr style=\"height: 16.00pt;\">\n<td class=\"et2\" style=\"height: 16.00pt; width: 97.50pt;\" width=\"97\" height=\"16\">Arten von Beuteln<\/td>\n<td class=\"et2\" style=\"width: 267.50pt;\" width=\"267\">Stand Up Pouch, Spot Pouch<\/td>\n<\/tr>\n<tr style=\"height: 16.00pt;\">\n<td class=\"et2\" style=\"height: 16.00pt; width: 97.50pt;\" width=\"97\" height=\"16\">Material<\/td>\n<td class=\"et2\" style=\"width: 267.50pt;\" width=\"267\">PET12\/BOPA15\/MBPE115<\/td>\n<\/tr>\n<tr style=\"height: 16.00pt;\">\n<td class=\"et2\" style=\"height: 16.00pt; width: 97.50pt;\" width=\"97\" height=\"16\">Besonderes Merkmal<\/td>\n<td class=\"et2\" style=\"width: 267.50pt;\" width=\"267\">D\u00fcse, Bef\u00fcllung von oben<\/td>\n<\/tr>\n<tr style=\"height: 16.00pt;\">\n<td class=\"et2\" style=\"height: 16.00pt; width: 97.50pt;\" width=\"97\" height=\"16\">Handhabung der Oberfl\u00e4che<\/td>\n<td class=\"et2\" style=\"width: 267.50pt;\" width=\"267\">Tiefdruck<\/td>\n<\/tr>\n<tr style=\"height: 16.00pt;\">\n<td class=\"et2\" style=\"height: 16.00pt; width: 97.50pt;\" width=\"97\" height=\"16\">Farbe<\/td>\n<td class=\"et2\" style=\"width: 267.50pt;\" width=\"267\">Beidseitiger Druck, bis zu 10 Farben<\/td>\n<\/tr>\n<tr style=\"height: 16.00pt;\">\n<td class=\"et2\" style=\"height: 16.00pt; width: 97.50pt;\" width=\"97\" height=\"16\">Verwendung<\/td>\n<td class=\"et2\" style=\"width: 267.50pt;\" width=\"267\">Shampoo, K\u00f6rperw\u00e4sche, Handw\u00e4sche Nachf\u00fcllbeutel<\/td>\n<\/tr>\n<tr style=\"height: 16.00pt;\">\n<td class=\"et2\" style=\"height: 16.00pt; width: 97.50pt;\" width=\"97\" height=\"16\">MOQ<\/td>\n<td class=\"et2\" style=\"width: 267.50pt;\" width=\"267\">50.000 St\u00fcck<\/td>\n<\/tr>\n<tr style=\"height: 16.00pt;\">\n<td class=\"et2\" style=\"height: 16.00pt; width: 97.50pt;\" width=\"97\" height=\"16\">Individuelle Bestellung<\/td>\n<td class=\"et2\" style=\"width: 267.50pt;\" width=\"267\">Akzeptieren Sie OEM &amp; ODM, unterst\u00fctzen Sie freie Probe<\/td>\n<\/tr>\n<\/tbody>\n<\/table>","protected":false},"featured_media":1444,"comment_status":"closed","ping_status":"closed","template":"","meta":{"_acf_changed":false},"product_brand":[],"product_cat":[32,30],"product_tag":[],"class_list":{"0":"post-1440","1":"product","2":"type-product","3":"status-publish","4":"has-post-thumbnail","6":"product_cat-spout-pouch-manufacturer","7":"product_cat-stand-up-pouch-manufacturer","8":"pa_non-food-packaging-soap-detergent-pouches","10":"first","11":"instock","12":"shipping-taxable","13":"product-type-simple"},"acf":[],"_links":{"self":[{"href":"https:\/\/www.stanleypackage.com\/de\/wp-json\/wp\/v2\/product\/1440","targetHints":{"allow":["GET"]}}],"collection":[{"href":"https:\/\/www.stanleypackage.com\/de\/wp-json\/wp\/v2\/product"}],"about":[{"href":"https:\/\/www.stanleypackage.com\/de\/wp-json\/wp\/v2\/types\/product"}],"replies":[{"embeddable":true,"href":"https:\/\/www.stanleypackage.com\/de\/wp-json\/wp\/v2\/comments?post=1440"}],"wp:featuredmedia":[{"embeddable":true,"href":"https:\/\/www.stanleypackage.com\/de\/wp-json\/wp\/v2\/media\/1444"}],"wp:attachment":[{"href":"https:\/\/www.stanleypackage.com\/de\/wp-json\/wp\/v2\/media?parent=1440"}],"wp:term":[{"taxonomy":"product_brand","embeddable":true,"href":"https:\/\/www.stanleypackage.com\/de\/wp-json\/wp\/v2\/product_brand?post=1440"},{"taxonomy":"product_cat","embeddable":true,"href":"https:\/\/www.stanleypackage.com\/de\/wp-json\/wp\/v2\/product_cat?post=1440"},{"taxonomy":"product_tag","embeddable":true,"href":"https:\/\/www.stanleypackage.com\/de\/wp-json\/wp\/v2\/product_tag?post=1440"}],"curies":[{"name":"wp","href":"https:\/\/api.w.org\/{rel}","templated":true}]}}