{"id":1447,"date":"2025-04-09T10:07:01","date_gmt":"2025-04-09T10:07:01","guid":{"rendered":"https:\/\/www.stanleypackage.com\/?post_type=product&#038;p=1447"},"modified":"2025-04-10T01:54:09","modified_gmt":"2025-04-10T01:54:09","slug":"custom-lay-flat-pouches","status":"publish","type":"product","link":"https:\/\/www.stanleypackage.com\/de\/product\/custom-lay-flat-pouches\/","title":{"rendered":"Benutzerdefinierte Lay-flat Beutel, Badminton String 3 Seite Seal Pouch"},"content":{"rendered":"<div class=\"wp-block-columns is-layout-flex wp-container-core-columns-is-layout-9d6595d7 wp-block-columns-is-layout-flex\">\n<div class=\"wp-block-column is-layout-flow wp-block-column-is-layout-flow\">\n<h2 class=\"wp-block-heading\">Merkmale der Custom Lay-flat Pouches<\/h2>\n\n\n\n<ul class=\"wp-block-list\">\n<li><strong>Dreiseitiges Dichtungsdesign, starke Abdichtung: <\/strong>Die dreiseitige Siegelstruktur unserer kundenspezifischen Flachbeutel sorgt f\u00fcr einen festen Sitz der Verpackung, bietet eine stabile Siegelleistung und sch\u00fctzt den Inhalt effektiv.<\/li>\n\n\n\n<li><strong>Bequemes Abrei\u00dfdesign: <\/strong>Dieser Gro\u00dfhandelsbeutel mit 3-seitiger Versiegelung verf\u00fcgt \u00fcber eine Aufrei\u00dfkerbe, die das \u00d6ffnen f\u00fcr den Verbraucher erleichtert.<\/li>\n\n\n\n<li><strong>Supermarkt-H\u00e4ngeloch-Design: <\/strong>Das einzigartige Design der Aufh\u00e4ngel\u00f6cher unserer kundenspezifischen Flachbeutel eignet sich f\u00fcr die Auslage in Superm\u00e4rkten und anderen Einzelhandelsgesch\u00e4ften, was f\u00fcr die Auslage und den Verkauf sehr praktisch ist.<\/li>\n\n\n\n<li><strong>Ausf\u00fchrung der Bodenbef\u00fcllung: <\/strong>Die Bodenbef\u00fcllungsmethode dieses 3-Seiten-Siegelbeutels f\u00fcr den Gro\u00dfhandel ist f\u00fcr die Massenproduktion geeignet und verbessert die Verpackungseffizienz.<\/li>\n\n\n\n<li><strong>Beidseitiger individueller Druck:<\/strong> Unsere kundenspezifischen Flachbeutel k\u00f6nnen beidseitig bedruckt werden, so dass Marken- und Produktinformationen auf der Vorder- und R\u00fcckseite angezeigt werden k\u00f6nnen, um die Werbewirkung der Verpackung zu erh\u00f6hen.<\/li>\n\n\n\n<li><strong>Hochwertige Verbundwerkstoffe: <\/strong>Diese Gro\u00dfhandel 3 Seite Dichtung Beutel verwenden MOPP25\/1\/2VMPET12\/PE75 Hochleistungs-Verbundwerkstoffe, die gute Feuchtigkeit und Oxidationsbest\u00e4ndigkeit, um die Qualit\u00e4t und Sicherheit der Produkte zu gew\u00e4hrleisten haben.<\/li>\n<\/ul>\n\n\n\n<div class=\"wp-block-columns is-layout-flex wp-container-core-columns-is-layout-9d6595d7 wp-block-columns-is-layout-flex\">\n<div class=\"wp-block-column is-layout-flow wp-block-column-is-layout-flow\">\n<figure class=\"wp-block-image size-full\"><img decoding=\"async\" width=\"750\" height=\"750\" src=\"https:\/\/www.stanleypackage.com\/wp-content\/uploads\/2025\/04\/Custom-Lay-flat-Pouches-Badminton-String-3-Side-Seal-Pouch-3.webp\" alt=\"Benutzerdefinierte Lay-flat Beutel, Badminton String 3 Seite Seal Pouch-3\" class=\"wp-image-1450\" srcset=\"https:\/\/www.stanleypackage.com\/wp-content\/uploads\/2025\/04\/Custom-Lay-flat-Pouches-Badminton-String-3-Side-Seal-Pouch-3.webp 750w, https:\/\/www.stanleypackage.com\/wp-content\/uploads\/2025\/04\/Custom-Lay-flat-Pouches-Badminton-String-3-Side-Seal-Pouch-3-300x300.webp 300w, https:\/\/www.stanleypackage.com\/wp-content\/uploads\/2025\/04\/Custom-Lay-flat-Pouches-Badminton-String-3-Side-Seal-Pouch-3-150x150.webp 150w, https:\/\/www.stanleypackage.com\/wp-content\/uploads\/2025\/04\/Custom-Lay-flat-Pouches-Badminton-String-3-Side-Seal-Pouch-3-600x600.webp 600w, https:\/\/www.stanleypackage.com\/wp-content\/uploads\/2025\/04\/Custom-Lay-flat-Pouches-Badminton-String-3-Side-Seal-Pouch-3-100x100.webp 100w\" sizes=\"(max-width: 750px) 100vw, 750px\" \/><\/figure>\n<\/div>\n\n\n\n<div class=\"wp-block-column is-layout-flow wp-block-column-is-layout-flow\">\n<figure class=\"wp-block-image size-full\"><img decoding=\"async\" width=\"750\" height=\"750\" src=\"https:\/\/www.stanleypackage.com\/wp-content\/uploads\/2025\/04\/Custom-Lay-flat-Pouches-Badminton-String-3-Side-Seal-Pouch-1.webp\" alt=\"Benutzerdefinierte Lay-flat Beutel, Badminton String 3 Seite Seal Pouch-1\" class=\"wp-image-1448\" srcset=\"https:\/\/www.stanleypackage.com\/wp-content\/uploads\/2025\/04\/Custom-Lay-flat-Pouches-Badminton-String-3-Side-Seal-Pouch-1.webp 750w, https:\/\/www.stanleypackage.com\/wp-content\/uploads\/2025\/04\/Custom-Lay-flat-Pouches-Badminton-String-3-Side-Seal-Pouch-1-300x300.webp 300w, https:\/\/www.stanleypackage.com\/wp-content\/uploads\/2025\/04\/Custom-Lay-flat-Pouches-Badminton-String-3-Side-Seal-Pouch-1-150x150.webp 150w, https:\/\/www.stanleypackage.com\/wp-content\/uploads\/2025\/04\/Custom-Lay-flat-Pouches-Badminton-String-3-Side-Seal-Pouch-1-600x600.webp 600w, https:\/\/www.stanleypackage.com\/wp-content\/uploads\/2025\/04\/Custom-Lay-flat-Pouches-Badminton-String-3-Side-Seal-Pouch-1-100x100.webp 100w\" sizes=\"(max-width: 750px) 100vw, 750px\" \/><\/figure>\n<\/div>\n<\/div>\n<\/div>\n<\/div>","protected":false},"excerpt":{"rendered":"<p>Willkommen bei benutzerdefinierten Lay-Flat-Beutel. Dieser Gro\u00dfhandel 3 Seite Dichtung Beutel ist speziell f\u00fcr Sportger\u00e4te Produkte wie Badmintonschl\u00e4ger Saiten. Es nimmt dreiseitige Abdichtung, Boden F\u00fcllung und Supermarkt h\u00e4ngenden Loch Funktionen, die bequem f\u00fcr die Anzeige und Vertrieb ist.<\/p>\n<table style=\"border-collapse: collapse; width: 365.02pt;\" border=\"0\" width=\"365\" cellspacing=\"0\" cellpadding=\"0\">\n<tbody>\n<tr style=\"height: 16.00pt;\">\n<td class=\"et2\" style=\"height: 16.00pt; width: 97.50pt;\" width=\"97\" height=\"16\">Hersteller<\/td>\n<td class=\"et2\" style=\"width: 267.50pt;\" width=\"267\">Stanley<\/td>\n<\/tr>\n<tr style=\"height: 16.00pt;\">\n<td class=\"et2\" style=\"height: 16.00pt; width: 97.50pt;\" width=\"97\" height=\"16\">Arten von Beuteln<\/td>\n<td class=\"et2\" style=\"width: 267.50pt;\" width=\"267\">Lay Flat Pouch, Dreiseitensiegel-Beutel<\/td>\n<\/tr>\n<tr style=\"height: 16.00pt;\">\n<td class=\"et2\" style=\"height: 16.00pt; width: 97.50pt;\" width=\"97\" height=\"16\">Material<\/td>\n<td class=\"et2\" style=\"width: 267.50pt;\" width=\"267\">MOPP25\/1\/2VMPET12\/PE75<\/td>\n<\/tr>\n<tr style=\"height: 16.00pt;\">\n<td class=\"et2\" style=\"height: 16.00pt; width: 97.50pt;\" width=\"97\" height=\"16\">Besonderes Merkmal<\/td>\n<td class=\"et2\" style=\"width: 267.50pt;\" width=\"267\">Risskerbe, Aufh\u00e4ngeloch, Bodenf\u00fcllung<\/td>\n<\/tr>\n<tr style=\"height: 16.00pt;\">\n<td class=\"et2\" style=\"height: 16.00pt; width: 97.50pt;\" width=\"97\" height=\"16\">Handhabung der Oberfl\u00e4che<\/td>\n<td class=\"et2\" style=\"width: 267.50pt;\" width=\"267\">Tiefdruck<\/td>\n<\/tr>\n<tr style=\"height: 16.00pt;\">\n<td class=\"et2\" style=\"height: 16.00pt; width: 97.50pt;\" width=\"97\" height=\"16\">Farbe<\/td>\n<td class=\"et2\" style=\"width: 267.50pt;\" width=\"267\">Beidseitiger Druck, bis zu 10 Farben<\/td>\n<\/tr>\n<tr style=\"height: 16.00pt;\">\n<td class=\"et2\" style=\"height: 16.00pt; width: 97.50pt;\" width=\"97\" height=\"16\">Verwendung<\/td>\n<td class=\"et2\" style=\"width: 267.50pt;\" width=\"267\">Werkzeug-Zubeh\u00f6r<\/td>\n<\/tr>\n<tr style=\"height: 16.00pt;\">\n<td class=\"et2\" style=\"height: 16.00pt; width: 97.50pt;\" width=\"97\" height=\"16\">MOQ<\/td>\n<td class=\"et2\" style=\"width: 267.50pt;\" width=\"267\">50.000 St\u00fcck<\/td>\n<\/tr>\n<tr style=\"height: 16.00pt;\">\n<td class=\"et2\" style=\"height: 16.00pt; width: 97.50pt;\" width=\"97\" height=\"16\">Individuelle Bestellung<\/td>\n<td class=\"et2\" style=\"width: 267.50pt;\" width=\"267\">Akzeptieren Sie OEM &amp; ODM, unterst\u00fctzen Sie freie Probe<\/td>\n<\/tr>\n<\/tbody>\n<\/table>","protected":false},"featured_media":1449,"comment_status":"closed","ping_status":"closed","template":"","meta":{"_acf_changed":false},"product_brand":[],"product_cat":[31,28],"product_tag":[],"class_list":{"0":"post-1447","1":"product","2":"type-product","3":"status-publish","4":"has-post-thumbnail","6":"product_cat-lay-flat-pouch-manufacturer","7":"product_cat-three-side-seal-pouch-manufacturer","8":"pa_non-food-packaging-tool-accessories-pouch","10":"first","11":"instock","12":"shipping-taxable","13":"product-type-simple"},"acf":[],"_links":{"self":[{"href":"https:\/\/www.stanleypackage.com\/de\/wp-json\/wp\/v2\/product\/1447","targetHints":{"allow":["GET"]}}],"collection":[{"href":"https:\/\/www.stanleypackage.com\/de\/wp-json\/wp\/v2\/product"}],"about":[{"href":"https:\/\/www.stanleypackage.com\/de\/wp-json\/wp\/v2\/types\/product"}],"replies":[{"embeddable":true,"href":"https:\/\/www.stanleypackage.com\/de\/wp-json\/wp\/v2\/comments?post=1447"}],"wp:featuredmedia":[{"embeddable":true,"href":"https:\/\/www.stanleypackage.com\/de\/wp-json\/wp\/v2\/media\/1449"}],"wp:attachment":[{"href":"https:\/\/www.stanleypackage.com\/de\/wp-json\/wp\/v2\/media?parent=1447"}],"wp:term":[{"taxonomy":"product_brand","embeddable":true,"href":"https:\/\/www.stanleypackage.com\/de\/wp-json\/wp\/v2\/product_brand?post=1447"},{"taxonomy":"product_cat","embeddable":true,"href":"https:\/\/www.stanleypackage.com\/de\/wp-json\/wp\/v2\/product_cat?post=1447"},{"taxonomy":"product_tag","embeddable":true,"href":"https:\/\/www.stanleypackage.com\/de\/wp-json\/wp\/v2\/product_tag?post=1447"}],"curies":[{"name":"wp","href":"https:\/\/api.w.org\/{rel}","templated":true}]}}