{"id":1454,"date":"2025-04-10T01:14:42","date_gmt":"2025-04-10T01:14:42","guid":{"rendered":"https:\/\/www.stanleypackage.com\/?post_type=product&#038;p=1454"},"modified":"2025-04-10T01:53:52","modified_gmt":"2025-04-10T01:53:52","slug":"wholesale-custom-cosmetic-packaging","status":"publish","type":"product","link":"https:\/\/www.stanleypackage.com\/de\/product\/wholesale-custom-cosmetic-packaging\/","title":{"rendered":"Gro\u00dfhandel benutzerdefinierte kosmetische Verpackung flachen Boden Beutel"},"content":{"rendered":"<div class=\"wp-block-columns is-layout-flex wp-container-core-columns-is-layout-9d6595d7 wp-block-columns-is-layout-flex\">\n<div class=\"wp-block-column is-layout-flow wp-block-column-is-layout-flow\">\n<h2 class=\"wp-block-heading\">Merkmale des Gro\u00dfhandels benutzerdefinierte kosmetische Verpackung<\/h2>\n\n\n\n<ul class=\"wp-block-list\">\n<li><strong>Flache Bodenstruktur zur Verbesserung der Stabilit\u00e4t: <\/strong>Das verbreiterte Bodendesign dieser kundenspezifischen Gro\u00dfhandels-Kosmetikverpackung erm\u00f6glicht es der Verpackung, stabil zu stehen und den Effekt der Regalpr\u00e4sentation zu verbessern.<\/li>\n\n\n\n<li><strong>Top-F\u00fcllung zur Vereinfachung des Prozesses: <\/strong>Die obere F\u00fcllmethode dieses kundenspezifischen Flachbodenbeutels erleichtert das Bef\u00fcllen und Verschlie\u00dfen und verbessert die Effizienz der Verpackungsproduktion.<\/li>\n\n\n\n<li><strong>Beidseitiger Druck zur Verbesserung der Markenkommunikation:<\/strong> Unsere kundenspezifischen Gro\u00dfhandelsverpackungen f\u00fcr Kosmetika k\u00f6nnen beidseitig hochaufl\u00f6send bedruckt werden, um die visuelle Wirkung zu verbessern.<\/li>\n\n\n\n<li><strong>Mehrschichtige Verbundwerkstoffe:<\/strong> Unsere ma\u00dfgefertigten Flachbodenbeutel sind aus hochgradig barrierefreiem Material gefertigt und verf\u00fcgen \u00fcber gute feuchtigkeits- und sauerstoffdichte sowie durchsto\u00dffeste Eigenschaften, um die Stabilit\u00e4t der Qualit\u00e4t des Inhalts zu gew\u00e4hrleisten.<\/li>\n\n\n\n<li><strong>Anwendbar auf eine Vielzahl von Produkttypen: <\/strong>Diese ma\u00dfgeschneiderte Gro\u00dfhandelsverpackung f\u00fcr Kosmetika eignet sich nicht nur f\u00fcr Kosmetika, sondern auch f\u00fcr feste und pulverf\u00f6rmige Produkte wie K\u00f6rperpflege- und Reinigungsmittel.<\/li>\n\n\n\n<li><strong>Unterst\u00fctzung von Anpassungen, flexible Auswahl von mehreren Spezifikationen:<\/strong> Wir bieten kundenspezifische Flachbodenbeutel in verschiedenen Gr\u00f6\u00dfen, mit unterschiedlichen Fassungsverm\u00f6gen und Design-Services an, um die unterschiedlichen Anforderungen der Kunden zu erf\u00fcllen.<\/li>\n<\/ul>\n\n\n\n<div class=\"wp-block-columns is-layout-flex wp-container-core-columns-is-layout-9d6595d7 wp-block-columns-is-layout-flex\">\n<div class=\"wp-block-column is-layout-flow wp-block-column-is-layout-flow\">\n<figure class=\"wp-block-image size-full\"><img decoding=\"async\" width=\"750\" height=\"750\" src=\"https:\/\/www.stanleypackage.com\/wp-content\/uploads\/2025\/04\/Wholesale-Custom-Cosmetic-Packaging-Flat-Bottom-Pouch-6.webp\" alt=\"Gro\u00dfhandel benutzerdefinierte kosmetische Verpackung flachen Boden Pouch-6\" class=\"wp-image-1460\" srcset=\"https:\/\/www.stanleypackage.com\/wp-content\/uploads\/2025\/04\/Wholesale-Custom-Cosmetic-Packaging-Flat-Bottom-Pouch-6.webp 750w, https:\/\/www.stanleypackage.com\/wp-content\/uploads\/2025\/04\/Wholesale-Custom-Cosmetic-Packaging-Flat-Bottom-Pouch-6-300x300.webp 300w, https:\/\/www.stanleypackage.com\/wp-content\/uploads\/2025\/04\/Wholesale-Custom-Cosmetic-Packaging-Flat-Bottom-Pouch-6-150x150.webp 150w, https:\/\/www.stanleypackage.com\/wp-content\/uploads\/2025\/04\/Wholesale-Custom-Cosmetic-Packaging-Flat-Bottom-Pouch-6-600x600.webp 600w, https:\/\/www.stanleypackage.com\/wp-content\/uploads\/2025\/04\/Wholesale-Custom-Cosmetic-Packaging-Flat-Bottom-Pouch-6-100x100.webp 100w\" sizes=\"(max-width: 750px) 100vw, 750px\" \/><\/figure>\n<\/div>\n\n\n\n<div class=\"wp-block-column is-layout-flow wp-block-column-is-layout-flow\">\n<figure class=\"wp-block-image size-full\"><img decoding=\"async\" width=\"750\" height=\"750\" src=\"https:\/\/www.stanleypackage.com\/wp-content\/uploads\/2025\/04\/Wholesale-Custom-Cosmetic-Packaging-Flat-Bottom-Pouch-5.webp\" alt=\"Gro\u00dfhandel benutzerdefinierte kosmetische Verpackung flachen Boden Pouch-5\" class=\"wp-image-1459\" srcset=\"https:\/\/www.stanleypackage.com\/wp-content\/uploads\/2025\/04\/Wholesale-Custom-Cosmetic-Packaging-Flat-Bottom-Pouch-5.webp 750w, https:\/\/www.stanleypackage.com\/wp-content\/uploads\/2025\/04\/Wholesale-Custom-Cosmetic-Packaging-Flat-Bottom-Pouch-5-300x300.webp 300w, https:\/\/www.stanleypackage.com\/wp-content\/uploads\/2025\/04\/Wholesale-Custom-Cosmetic-Packaging-Flat-Bottom-Pouch-5-150x150.webp 150w, https:\/\/www.stanleypackage.com\/wp-content\/uploads\/2025\/04\/Wholesale-Custom-Cosmetic-Packaging-Flat-Bottom-Pouch-5-600x600.webp 600w, https:\/\/www.stanleypackage.com\/wp-content\/uploads\/2025\/04\/Wholesale-Custom-Cosmetic-Packaging-Flat-Bottom-Pouch-5-100x100.webp 100w\" sizes=\"(max-width: 750px) 100vw, 750px\" \/><\/figure>\n<\/div>\n<\/div>\n<\/div>\n<\/div>","protected":false},"excerpt":{"rendered":"<p>Willkommen bei benutzerdefinierten Flachbodenbeutel. Dieser Gro\u00dfhandel benutzerdefinierte kosmetische Verpackung verf\u00fcgt \u00fcber einen breiten Boden Design, um die Tasche in einer aufrechten Position und mit einer gr\u00f6\u00dferen Kapazit\u00e4t zu halten. Es ist geeignet f\u00fcr feste und pulverf\u00f6rmige Produkte wie Reinigung, Kosmetik und K\u00f6rperpflege.<\/p>\n<table style=\"border-collapse: collapse; width: 365.02pt;\" border=\"0\" width=\"365\" cellspacing=\"0\" cellpadding=\"0\">\n<tbody>\n<tr style=\"height: 16.00pt;\">\n<td class=\"et2\" style=\"height: 16.00pt; width: 97.50pt;\" width=\"97\" height=\"16\">Hersteller<\/td>\n<td class=\"et2\" style=\"width: 267.50pt;\" width=\"267\">Stanley<\/td>\n<\/tr>\n<tr style=\"height: 16.00pt;\">\n<td class=\"et2\" style=\"height: 16.00pt; width: 97.50pt;\" width=\"97\" height=\"16\">Arten von Beuteln<\/td>\n<td class=\"et2\" style=\"width: 267.50pt;\" width=\"267\">Flachboden-Beutel<\/td>\n<\/tr>\n<tr style=\"height: 31.00pt;\">\n<td class=\"et2\" style=\"height: 31.00pt; width: 97.50pt;\" width=\"97\" height=\"31\">Material<\/td>\n<td class=\"et2\" style=\"width: 267.50pt;\" width=\"267\">Vorderseite:PET12\/MBPE75<br \/>Seite:PET12\/MBPE60<\/td>\n<\/tr>\n<tr style=\"height: 16.00pt;\">\n<td class=\"et2\" style=\"height: 16.00pt; width: 97.50pt;\" width=\"97\" height=\"16\">Besonderes Merkmal<\/td>\n<td class=\"et2\" style=\"width: 267.50pt;\" width=\"267\">Obere F\u00fcllung, unten verbreitern<\/td>\n<\/tr>\n<tr style=\"height: 16.00pt;\">\n<td class=\"et2\" style=\"height: 16.00pt; width: 97.50pt;\" width=\"97\" height=\"16\">Handhabung der Oberfl\u00e4che<\/td>\n<td class=\"et2\" style=\"width: 267.50pt;\" width=\"267\">Tiefdruck<\/td>\n<\/tr>\n<tr style=\"height: 16.00pt;\">\n<td class=\"et2\" style=\"height: 16.00pt; width: 97.50pt;\" width=\"97\" height=\"16\">Farbe<\/td>\n<td class=\"et2\" style=\"width: 267.50pt;\" width=\"267\">Beidseitiger Druck, bis zu 10 Farben<\/td>\n<\/tr>\n<tr style=\"height: 16.00pt;\">\n<td class=\"et2\" style=\"height: 16.00pt; width: 97.50pt;\" width=\"97\" height=\"16\">Verwendung<\/td>\n<td class=\"et2\" style=\"width: 267.50pt;\" width=\"267\">Kosmetik, Puder<\/td>\n<\/tr>\n<tr style=\"height: 16.00pt;\">\n<td class=\"et2\" style=\"height: 16.00pt; width: 97.50pt;\" width=\"97\" height=\"16\">MOQ<\/td>\n<td class=\"et2\" style=\"width: 267.50pt;\" width=\"267\">50.000 St\u00fcck<\/td>\n<\/tr>\n<tr style=\"height: 16.00pt;\">\n<td class=\"et2\" style=\"height: 16.00pt; width: 97.50pt;\" width=\"97\" height=\"16\">Individuelle Bestellung<\/td>\n<td class=\"et2\" style=\"width: 267.50pt;\" width=\"267\">Akzeptieren Sie OEM &amp; ODM, unterst\u00fctzen Sie freie Probe<\/td>\n<\/tr>\n<\/tbody>\n<\/table>","protected":false},"featured_media":1458,"comment_status":"closed","ping_status":"closed","template":"","meta":{"_acf_changed":false},"product_brand":[],"product_cat":[24],"product_tag":[],"class_list":{"0":"post-1454","1":"product","2":"type-product","3":"status-publish","4":"has-post-thumbnail","6":"product_cat-flat-bottom-pouch-manufacturer","7":"pa_non-food-packaging-cosmetic-packaging-pouches","9":"first","10":"instock","11":"shipping-taxable","12":"product-type-simple"},"acf":[],"_links":{"self":[{"href":"https:\/\/www.stanleypackage.com\/de\/wp-json\/wp\/v2\/product\/1454","targetHints":{"allow":["GET"]}}],"collection":[{"href":"https:\/\/www.stanleypackage.com\/de\/wp-json\/wp\/v2\/product"}],"about":[{"href":"https:\/\/www.stanleypackage.com\/de\/wp-json\/wp\/v2\/types\/product"}],"replies":[{"embeddable":true,"href":"https:\/\/www.stanleypackage.com\/de\/wp-json\/wp\/v2\/comments?post=1454"}],"wp:featuredmedia":[{"embeddable":true,"href":"https:\/\/www.stanleypackage.com\/de\/wp-json\/wp\/v2\/media\/1458"}],"wp:attachment":[{"href":"https:\/\/www.stanleypackage.com\/de\/wp-json\/wp\/v2\/media?parent=1454"}],"wp:term":[{"taxonomy":"product_brand","embeddable":true,"href":"https:\/\/www.stanleypackage.com\/de\/wp-json\/wp\/v2\/product_brand?post=1454"},{"taxonomy":"product_cat","embeddable":true,"href":"https:\/\/www.stanleypackage.com\/de\/wp-json\/wp\/v2\/product_cat?post=1454"},{"taxonomy":"product_tag","embeddable":true,"href":"https:\/\/www.stanleypackage.com\/de\/wp-json\/wp\/v2\/product_tag?post=1454"}],"curies":[{"name":"wp","href":"https:\/\/api.w.org\/{rel}","templated":true}]}}