{"id":1461,"date":"2025-04-10T01:54:18","date_gmt":"2025-04-10T01:54:18","guid":{"rendered":"https:\/\/www.stanleypackage.com\/?post_type=product&#038;p=1461"},"modified":"2025-04-10T02:23:52","modified_gmt":"2025-04-10T02:23:52","slug":"custom-spout-pouches","status":"publish","type":"product","link":"https:\/\/www.stanleypackage.com\/de\/product\/custom-spout-pouches\/","title":{"rendered":"Speziell geformte Beutel mit Ausgie\u00dfer f\u00fcr Shampoo und Conditioner"},"content":{"rendered":"<div class=\"wp-block-columns is-layout-flex wp-container-core-columns-is-layout-9d6595d7 wp-block-columns-is-layout-flex\">\n<div class=\"wp-block-column is-layout-flow wp-block-column-is-layout-flow\">\n<h2 class=\"wp-block-heading\">Merkmale der Custom Spout Pouches<\/h2>\n\n\n\n<ul class=\"wp-block-list\">\n<li><strong>Einzigartige Formgebung:<\/strong> Diese kundenspezifischen Ausgie\u00dfer sind mit einer einzigartigen Avocadoform ausgestattet, so dass die Wiedererkennung des Produkts garantiert ist und die Marken im Regal beliebt sind.<\/li>\n\n\n\n<li><strong>Ausgie\u00dferstruktur f\u00fcr leichtes Ausgie\u00dfen: <\/strong>Dieser kundenspezifische Conditioner-Beutel ist speziell mit einer rotierenden D\u00fcse ausgestattet, die es den Kunden erleichtert, die Menge der Anwendung und des verwendeten Reinigers genau zu kontrollieren.<\/li>\n\n\n\n<li><strong>Stehender Boden, stabiles Display: <\/strong>Das Design unserer kundenspezifischen Ausgie\u00dferbeutel macht die Verpackung stabiler und eignet sich f\u00fcr die Pr\u00e4sentation im Regal oder auf der Theke.<\/li>\n\n\n\n<li><strong>Hochwertiger beidseitiger Druck: <\/strong>Unsere kundenspezifischen Aufbereitungsbeutel bieten doppelseitige, kundenspezifische Muster mit satten und klaren Farben, um die Markenvision voll zur Geltung zu bringen.<\/li>\n\n\n\n<li><strong>Mehrschichtiger Aufbau des Barrierematerials: <\/strong>Diese kundenspezifischen Ausgie\u00dferbeutel verwenden eine Kombination aus PET19\/BOPA15\/MBPE155-Materialien, um Feuchtigkeit und Luft wirksam zu isolieren und die Produktfrische zu erhalten.<\/li>\n\n\n\n<li><strong>Geeignet f\u00fcr eine Vielzahl von fl\u00fcssigen Pflegeprodukten: <\/strong>Diese benutzerdefinierte Conditioner-Beutel mit selbststehenden ist weit verbreitet in Shampoo, Conditioner, Handseife, Duschgel und andere Reinigungsmittel, um verschiedene Verpackungsanforderungen zu erf\u00fcllen.<\/li>\n<\/ul>\n\n\n\n<div class=\"wp-block-columns is-layout-flex wp-container-core-columns-is-layout-9d6595d7 wp-block-columns-is-layout-flex\">\n<div class=\"wp-block-column is-layout-flow wp-block-column-is-layout-flow\">\n<figure class=\"wp-block-image size-full\"><img decoding=\"async\" width=\"750\" height=\"750\" src=\"https:\/\/www.stanleypackage.com\/wp-content\/uploads\/2025\/04\/Special-Shape-Custom-Spout-Pouches-For-Shampoo-Conditioner-2.webp\" alt=\"Spezielle Form benutzerdefinierte Spout Beutel f\u00fcr Shampoo &amp; Conditioner-2\" class=\"wp-image-1463\" srcset=\"https:\/\/www.stanleypackage.com\/wp-content\/uploads\/2025\/04\/Special-Shape-Custom-Spout-Pouches-For-Shampoo-Conditioner-2.webp 750w, https:\/\/www.stanleypackage.com\/wp-content\/uploads\/2025\/04\/Special-Shape-Custom-Spout-Pouches-For-Shampoo-Conditioner-2-300x300.webp 300w, https:\/\/www.stanleypackage.com\/wp-content\/uploads\/2025\/04\/Special-Shape-Custom-Spout-Pouches-For-Shampoo-Conditioner-2-150x150.webp 150w, https:\/\/www.stanleypackage.com\/wp-content\/uploads\/2025\/04\/Special-Shape-Custom-Spout-Pouches-For-Shampoo-Conditioner-2-600x600.webp 600w, https:\/\/www.stanleypackage.com\/wp-content\/uploads\/2025\/04\/Special-Shape-Custom-Spout-Pouches-For-Shampoo-Conditioner-2-100x100.webp 100w\" sizes=\"(max-width: 750px) 100vw, 750px\" \/><\/figure>\n<\/div>\n\n\n\n<div class=\"wp-block-column is-layout-flow wp-block-column-is-layout-flow\">\n<figure class=\"wp-block-image size-full\"><img decoding=\"async\" width=\"750\" height=\"750\" src=\"https:\/\/www.stanleypackage.com\/wp-content\/uploads\/2025\/04\/Special-Shape-Custom-Spout-Pouches-For-Shampoo-Conditioner-4.webp\" alt=\"Speziell geformte Beutel mit Ausgie\u00dfer f\u00fcr Shampoo &amp; Conditioner-4\" class=\"wp-image-1465\" srcset=\"https:\/\/www.stanleypackage.com\/wp-content\/uploads\/2025\/04\/Special-Shape-Custom-Spout-Pouches-For-Shampoo-Conditioner-4.webp 750w, https:\/\/www.stanleypackage.com\/wp-content\/uploads\/2025\/04\/Special-Shape-Custom-Spout-Pouches-For-Shampoo-Conditioner-4-300x300.webp 300w, https:\/\/www.stanleypackage.com\/wp-content\/uploads\/2025\/04\/Special-Shape-Custom-Spout-Pouches-For-Shampoo-Conditioner-4-150x150.webp 150w, https:\/\/www.stanleypackage.com\/wp-content\/uploads\/2025\/04\/Special-Shape-Custom-Spout-Pouches-For-Shampoo-Conditioner-4-600x600.webp 600w, https:\/\/www.stanleypackage.com\/wp-content\/uploads\/2025\/04\/Special-Shape-Custom-Spout-Pouches-For-Shampoo-Conditioner-4-100x100.webp 100w\" sizes=\"(max-width: 750px) 100vw, 750px\" \/><\/figure>\n<\/div>\n<\/div>\n<\/div>\n<\/div>","protected":false},"excerpt":{"rendered":"<p>Willkommen bei kundenspezifischen Beuteln mit Ausgie\u00dfer. Diese benutzerdefinierte Conditioner-Beutel mit einem selbststehenden ist von hoher Barriere mehrschichtigen Material, das f\u00fcr die Verpackung von verschiedenen fl\u00fcssigen Produkten wie Shampoo, Conditioner, Duschgel, Handseife, etc. gut geeignet ist gemacht.<\/p>\n<table style=\"border-collapse: collapse; width: 365.02pt;\" border=\"0\" width=\"365\" cellspacing=\"0\" cellpadding=\"0\">\n<tbody>\n<tr style=\"height: 16.00pt;\">\n<td class=\"et2\" style=\"height: 16.00pt; width: 97.50pt;\" width=\"97\" height=\"16\">Hersteller<\/td>\n<td class=\"et2\" style=\"width: 267.50pt;\" width=\"267\">Stanley<\/td>\n<\/tr>\n<tr style=\"height: 16.00pt;\">\n<td class=\"et2\" style=\"height: 16.00pt; width: 97.50pt;\" width=\"97\" height=\"16\">Arten von Beuteln<\/td>\n<td class=\"et2\" style=\"width: 267.50pt;\" width=\"267\">Ausgie\u00dfertasche, Stand Up Pouch<\/td>\n<\/tr>\n<tr style=\"height: 16.00pt;\">\n<td class=\"et2\" style=\"height: 16.00pt; width: 97.50pt;\" width=\"97\" height=\"16\">Material<\/td>\n<td class=\"et2\" style=\"width: 267.50pt;\" width=\"267\">PET19\/BOPA15\/MBPE155<\/td>\n<\/tr>\n<tr style=\"height: 16.00pt;\">\n<td class=\"et2\" style=\"height: 16.00pt; width: 97.50pt;\" width=\"97\" height=\"16\">Besonderes Merkmal<\/td>\n<td class=\"et2\" style=\"width: 267.50pt;\" width=\"267\">Ausguss, Stand Up Bottom<\/td>\n<\/tr>\n<tr style=\"height: 16.00pt;\">\n<td class=\"et2\" style=\"height: 16.00pt; width: 97.50pt;\" width=\"97\" height=\"16\">Handhabung der Oberfl\u00e4che<\/td>\n<td class=\"et2\" style=\"width: 267.50pt;\" width=\"267\">Tiefdruck<\/td>\n<\/tr>\n<tr style=\"height: 16.00pt;\">\n<td class=\"et2\" style=\"height: 16.00pt; width: 97.50pt;\" width=\"97\" height=\"16\">Farbe<\/td>\n<td class=\"et2\" style=\"width: 267.50pt;\" width=\"267\">Beidseitiger Druck, bis zu 10 Farben<\/td>\n<\/tr>\n<tr style=\"height: 16.00pt;\">\n<td class=\"et2\" style=\"height: 16.00pt; width: 97.50pt;\" width=\"97\" height=\"16\">Verwendung<\/td>\n<td class=\"et2\" style=\"width: 267.50pt;\" width=\"267\">Shampoo, K\u00f6rperw\u00e4sche, Handw\u00e4sche, Sp\u00fclung<\/td>\n<\/tr>\n<tr style=\"height: 16.00pt;\">\n<td class=\"et2\" style=\"height: 16.00pt; width: 97.50pt;\" width=\"97\" height=\"16\">MOQ<\/td>\n<td class=\"et2\" style=\"width: 267.50pt;\" width=\"267\">50.000 St\u00fcck<\/td>\n<\/tr>\n<tr style=\"height: 16.00pt;\">\n<td class=\"et2\" style=\"height: 16.00pt; width: 97.50pt;\" width=\"97\" height=\"16\">Individuelle Bestellung<\/td>\n<td class=\"et2\" style=\"width: 267.50pt;\" width=\"267\">Akzeptieren Sie OEM &amp; ODM, unterst\u00fctzen Sie freie Probe<\/td>\n<\/tr>\n<\/tbody>\n<\/table>","protected":false},"featured_media":1462,"comment_status":"closed","ping_status":"closed","template":"","meta":{"_acf_changed":false},"product_brand":[],"product_cat":[32,30,22],"product_tag":[],"class_list":{"0":"post-1461","1":"product","2":"type-product","3":"status-publish","4":"has-post-thumbnail","6":"product_cat-spout-pouch-manufacturer","7":"product_cat-stand-up-pouch-manufacturer","8":"product_cat-shaped-pouches-factory","9":"pa_non-food-packaging-soap-detergent-pouches","11":"first","12":"instock","13":"shipping-taxable","14":"product-type-simple"},"acf":[],"_links":{"self":[{"href":"https:\/\/www.stanleypackage.com\/de\/wp-json\/wp\/v2\/product\/1461","targetHints":{"allow":["GET"]}}],"collection":[{"href":"https:\/\/www.stanleypackage.com\/de\/wp-json\/wp\/v2\/product"}],"about":[{"href":"https:\/\/www.stanleypackage.com\/de\/wp-json\/wp\/v2\/types\/product"}],"replies":[{"embeddable":true,"href":"https:\/\/www.stanleypackage.com\/de\/wp-json\/wp\/v2\/comments?post=1461"}],"wp:featuredmedia":[{"embeddable":true,"href":"https:\/\/www.stanleypackage.com\/de\/wp-json\/wp\/v2\/media\/1462"}],"wp:attachment":[{"href":"https:\/\/www.stanleypackage.com\/de\/wp-json\/wp\/v2\/media?parent=1461"}],"wp:term":[{"taxonomy":"product_brand","embeddable":true,"href":"https:\/\/www.stanleypackage.com\/de\/wp-json\/wp\/v2\/product_brand?post=1461"},{"taxonomy":"product_cat","embeddable":true,"href":"https:\/\/www.stanleypackage.com\/de\/wp-json\/wp\/v2\/product_cat?post=1461"},{"taxonomy":"product_tag","embeddable":true,"href":"https:\/\/www.stanleypackage.com\/de\/wp-json\/wp\/v2\/product_tag?post=1461"}],"curies":[{"name":"wp","href":"https:\/\/api.w.org\/{rel}","templated":true}]}}