{"id":1469,"date":"2025-04-10T02:30:17","date_gmt":"2025-04-10T02:30:17","guid":{"rendered":"https:\/\/www.stanleypackage.com\/?post_type=product&#038;p=1469"},"modified":"2025-09-06T01:28:05","modified_gmt":"2025-09-06T01:28:05","slug":"liquid-spout-bags-wholesale","status":"publish","type":"product","link":"https:\/\/www.stanleypackage.com\/de\/product\/liquid-spout-bags-wholesale\/","title":{"rendered":"Fl\u00fcssigkeit T\u00fclle Taschen Gro\u00dfhandel, benutzerdefinierte Sonnenschutzmittel Lotion Pouch"},"content":{"rendered":"<div class=\"wp-block-columns is-layout-flex wp-container-core-columns-is-layout-9d6595d7 wp-block-columns-is-layout-flex\">\n<div class=\"wp-block-column is-layout-flow wp-block-column-is-layout-flow\">\n<h2 class=\"wp-block-heading\">Merkmale von Fl\u00fcssigkeitsauslaufbeuteln Gro\u00dfhandel<\/h2>\n\n\n\n<ul class=\"wp-block-list\">\n<li><strong>Ausgie\u00dfer Design, bequemer zu bedienen: <\/strong>Diese Fl\u00fcssigkeitsbeutel im Gro\u00dfhandel haben eine D\u00fcse, die eine pr\u00e4zise Fl\u00fcssigkeitsabgabe erm\u00f6glicht.<\/li>\n\n\n\n<li><strong>Flache Tasche, leicht zu tragen und zu lagern:<\/strong> Durch das flache Design ist dieser Sonnenschutzbeutel platzsparend und eignet sich f\u00fcr Reisepakete, kleine Proben und andere tragbare Szenarien.<\/li>\n\n\n\n<li><strong>Starke Abdichtung, zuverl\u00e4ssige Dichtigkeit: <\/strong>Die mehrschichtige Barrierestruktur unserer Fl\u00fcssigkeitsauslaufbeutel im Gro\u00dfhandel wird mit professioneller Kantenversiegelungstechnologie kombiniert, um Leckagen wirksam zu verhindern und die Stabilit\u00e4t des Inhalts zu sch\u00fctzen.<\/li>\n\n\n\n<li><strong>Ausgie\u00dfer mit Deckel, hygienisch und schmutzabweisend: <\/strong>Die T\u00fcllen dieser kundenspezifischen Sonnenschutzmittelbeutel sind mit Kappen versehen, die nach Gebrauch wieder verschlossen werden k\u00f6nnen, um sicherzustellen, dass die Produkte sauber sind und nicht leicht verunreinigt werden k\u00f6nnen.<\/li>\n\n\n\n<li><strong>Beidseitiger Druck, der das Markenimage voll zur Geltung bringt: <\/strong>Ein beidseitiger, hochwertiger Druck macht das Produkt auff\u00e4lliger, und unser Gro\u00dfhandel mit Fl\u00fcssigkeitsbeuteln kann dabei helfen, den Wiedererkennungswert der Marke zu verbessern.<\/li>\n\n\n\n<li><strong>Anwendbar f\u00fcr Mehrzweck-Hautpflegeprodukte: <\/strong>Dieser kundenspezifische Sonnencremebeutel eignet sich f\u00fcr alle Arten von Verpackungen f\u00fcr fl\u00fcssige Hautpflegeprodukte, wie z. B. Sonnencreme, K\u00f6rperlotion, Handcreme, Gesichtscreme usw., um den Marktanforderungen verschiedener Produkte gerecht zu werden.<\/li>\n<\/ul>\n\n\n\n<div class=\"wp-block-columns is-layout-flex wp-container-core-columns-is-layout-9d6595d7 wp-block-columns-is-layout-flex\">\n<div class=\"wp-block-column is-layout-flow wp-block-column-is-layout-flow\">\n<figure class=\"wp-block-image size-full\"><img decoding=\"async\" width=\"750\" height=\"750\" src=\"https:\/\/www.stanleypackage.com\/wp-content\/uploads\/2025\/04\/Liquid-Spout-Bags-Wholesale-Custom-Sunscreen-Lotion-Pouch-1.webp\" alt=\"Fl\u00fcssigkeit T\u00fclle Taschen Gro\u00dfhandel, benutzerdefinierte Sonnencreme Lotion Pouch-1\" class=\"wp-image-1470\" srcset=\"https:\/\/www.stanleypackage.com\/wp-content\/uploads\/2025\/04\/Liquid-Spout-Bags-Wholesale-Custom-Sunscreen-Lotion-Pouch-1.webp 750w, https:\/\/www.stanleypackage.com\/wp-content\/uploads\/2025\/04\/Liquid-Spout-Bags-Wholesale-Custom-Sunscreen-Lotion-Pouch-1-300x300.webp 300w, https:\/\/www.stanleypackage.com\/wp-content\/uploads\/2025\/04\/Liquid-Spout-Bags-Wholesale-Custom-Sunscreen-Lotion-Pouch-1-150x150.webp 150w, https:\/\/www.stanleypackage.com\/wp-content\/uploads\/2025\/04\/Liquid-Spout-Bags-Wholesale-Custom-Sunscreen-Lotion-Pouch-1-600x600.webp 600w, https:\/\/www.stanleypackage.com\/wp-content\/uploads\/2025\/04\/Liquid-Spout-Bags-Wholesale-Custom-Sunscreen-Lotion-Pouch-1-100x100.webp 100w\" sizes=\"(max-width: 750px) 100vw, 750px\" \/><\/figure>\n<\/div>\n\n\n\n<div class=\"wp-block-column is-layout-flow wp-block-column-is-layout-flow\">\n<figure class=\"wp-block-image size-full\"><img decoding=\"async\" width=\"750\" height=\"750\" src=\"https:\/\/www.stanleypackage.com\/wp-content\/uploads\/2025\/04\/Liquid-Spout-Bags-Wholesale-Custom-Sunscreen-Lotion-Pouch-4.webp\" alt=\"Fl\u00fcssigkeit Auslauf Taschen Gro\u00dfhandel, benutzerdefinierte Sonnencreme Lotion Pouch-4\" class=\"wp-image-1473\" srcset=\"https:\/\/www.stanleypackage.com\/wp-content\/uploads\/2025\/04\/Liquid-Spout-Bags-Wholesale-Custom-Sunscreen-Lotion-Pouch-4.webp 750w, https:\/\/www.stanleypackage.com\/wp-content\/uploads\/2025\/04\/Liquid-Spout-Bags-Wholesale-Custom-Sunscreen-Lotion-Pouch-4-300x300.webp 300w, https:\/\/www.stanleypackage.com\/wp-content\/uploads\/2025\/04\/Liquid-Spout-Bags-Wholesale-Custom-Sunscreen-Lotion-Pouch-4-150x150.webp 150w, https:\/\/www.stanleypackage.com\/wp-content\/uploads\/2025\/04\/Liquid-Spout-Bags-Wholesale-Custom-Sunscreen-Lotion-Pouch-4-600x600.webp 600w, https:\/\/www.stanleypackage.com\/wp-content\/uploads\/2025\/04\/Liquid-Spout-Bags-Wholesale-Custom-Sunscreen-Lotion-Pouch-4-100x100.webp 100w\" sizes=\"(max-width: 750px) 100vw, 750px\" \/><\/figure>\n<\/div>\n<\/div>\n<\/div>\n<\/div>","protected":false},"excerpt":{"rendered":"<p>Willkommen bei benutzerdefinierten Sonnencreme Lotion Beutel. Diese Fl\u00fcssigkeit Ausgie\u00dfer Taschen Gro\u00dfhandel verf\u00fcgt \u00fcber eine Lay-flat-Design mit gro\u00dfer Abdichtung. Es eignet sich f\u00fcr alle Arten von Hautpflege fl\u00fcssige Produkte wie Sonnenschutzmittel, Lotion, Handcreme, Gesichtscreme, etc. Es ist eine ausgezeichnete tragbare Verpackung f\u00fcr Hautpflegeprodukte.<\/p>\n<table style=\"border-collapse: collapse; width: 365.02pt;\" border=\"0\" width=\"365\" cellspacing=\"0\" cellpadding=\"0\">\n<tbody>\n<tr style=\"height: 16.00pt;\">\n<td class=\"et2\" style=\"height: 16.00pt; width: 97.50pt;\" width=\"97\" height=\"16\">Hersteller<\/td>\n<td class=\"et2\" style=\"width: 267.50pt;\" width=\"267\">Stanley<\/td>\n<\/tr>\n<tr style=\"height: 16.00pt;\">\n<td class=\"et2\" style=\"height: 16.00pt; width: 97.50pt;\" width=\"97\" height=\"16\">Arten von Beuteln<\/td>\n<td class=\"et2\" style=\"width: 267.50pt;\" width=\"267\">Ausgie\u00dferbeutel, Flachlegebeutel<\/td>\n<\/tr>\n<tr style=\"height: 16.00pt;\">\n<td class=\"et2\" style=\"height: 16.00pt; width: 97.50pt;\" width=\"97\" height=\"16\">Material<\/td>\n<td class=\"et2\" style=\"width: 267.50pt;\" width=\"267\">MOPP25\/AL7\/BOPA15\/PE75<\/td>\n<\/tr>\n<tr style=\"height: 16.00pt;\">\n<td class=\"et2\" style=\"height: 16.00pt; width: 97.50pt;\" width=\"97\" height=\"16\">Besonderes Merkmal<\/td>\n<td class=\"et2\" style=\"width: 267.50pt;\" width=\"267\">Ausguss, Dichtheitspr\u00fcfung<\/td>\n<\/tr>\n<tr style=\"height: 16.00pt;\">\n<td class=\"et2\" style=\"height: 16.00pt; width: 97.50pt;\" width=\"97\" height=\"16\">Handhabung der Oberfl\u00e4che<\/td>\n<td class=\"et2\" style=\"width: 267.50pt;\" width=\"267\">Tiefdruck<\/td>\n<\/tr>\n<tr style=\"height: 16.00pt;\">\n<td class=\"et2\" style=\"height: 16.00pt; width: 97.50pt;\" width=\"97\" height=\"16\">Farbe<\/td>\n<td class=\"et2\" style=\"width: 267.50pt;\" width=\"267\">Beidseitiger Druck, bis zu 10 Farben<\/td>\n<\/tr>\n<tr style=\"height: 16.00pt;\">\n<td class=\"et2\" style=\"height: 16.00pt; width: 97.50pt;\" width=\"97\" height=\"16\">Verwendung<\/td>\n<td class=\"et2\" style=\"width: 267.50pt;\" width=\"267\">Sonnenschutzmittel, Lotion, Handcreme, Gesichtscreme<\/td>\n<\/tr>\n<tr style=\"height: 16.00pt;\">\n<td class=\"et2\" style=\"height: 16.00pt; width: 97.50pt;\" width=\"97\" height=\"16\">MOQ<\/td>\n<td class=\"et2\" style=\"width: 267.50pt;\" width=\"267\">50.000 St\u00fcck<\/td>\n<\/tr>\n<tr style=\"height: 16.00pt;\">\n<td class=\"et2\" style=\"height: 16.00pt; width: 97.50pt;\" width=\"97\" height=\"16\">Individuelle Bestellung<\/td>\n<td class=\"et2\" style=\"width: 267.50pt;\" width=\"267\">Akzeptieren Sie OEM &amp; ODM, unterst\u00fctzen Sie freie Probe<\/td>\n<\/tr>\n<\/tbody>\n<\/table>","protected":false},"featured_media":1472,"comment_status":"closed","ping_status":"closed","template":"","meta":{"_acf_changed":false},"product_brand":[],"product_cat":[32],"product_tag":[],"class_list":{"0":"post-1469","1":"product","2":"type-product","3":"status-publish","4":"has-post-thumbnail","6":"product_cat-spout-pouch-manufacturer","7":"pa_non-food-packaging-cosmetic-packaging-pouches","9":"first","10":"instock","11":"shipping-taxable","12":"product-type-simple"},"acf":[],"_links":{"self":[{"href":"https:\/\/www.stanleypackage.com\/de\/wp-json\/wp\/v2\/product\/1469","targetHints":{"allow":["GET"]}}],"collection":[{"href":"https:\/\/www.stanleypackage.com\/de\/wp-json\/wp\/v2\/product"}],"about":[{"href":"https:\/\/www.stanleypackage.com\/de\/wp-json\/wp\/v2\/types\/product"}],"replies":[{"embeddable":true,"href":"https:\/\/www.stanleypackage.com\/de\/wp-json\/wp\/v2\/comments?post=1469"}],"wp:featuredmedia":[{"embeddable":true,"href":"https:\/\/www.stanleypackage.com\/de\/wp-json\/wp\/v2\/media\/1472"}],"wp:attachment":[{"href":"https:\/\/www.stanleypackage.com\/de\/wp-json\/wp\/v2\/media?parent=1469"}],"wp:term":[{"taxonomy":"product_brand","embeddable":true,"href":"https:\/\/www.stanleypackage.com\/de\/wp-json\/wp\/v2\/product_brand?post=1469"},{"taxonomy":"product_cat","embeddable":true,"href":"https:\/\/www.stanleypackage.com\/de\/wp-json\/wp\/v2\/product_cat?post=1469"},{"taxonomy":"product_tag","embeddable":true,"href":"https:\/\/www.stanleypackage.com\/de\/wp-json\/wp\/v2\/product_tag?post=1469"}],"curies":[{"name":"wp","href":"https:\/\/api.w.org\/{rel}","templated":true}]}}