{"id":1476,"date":"2025-04-10T02:52:41","date_gmt":"2025-04-10T02:52:41","guid":{"rendered":"https:\/\/www.stanleypackage.com\/?post_type=product&#038;p=1476"},"modified":"2025-04-10T03:05:48","modified_gmt":"2025-04-10T03:05:48","slug":"custom-stand-up-pouches","status":"publish","type":"product","link":"https:\/\/www.stanleypackage.com\/de\/product\/custom-stand-up-pouches\/","title":{"rendered":"Skin Care Liquid Custom Stand Up Pouches mit Ausguss"},"content":{"rendered":"<div class=\"wp-block-columns is-layout-flex wp-container-core-columns-is-layout-9d6595d7 wp-block-columns-is-layout-flex\">\n<div class=\"wp-block-column is-layout-flow wp-block-column-is-layout-flow\">\n<h2 class=\"wp-block-heading\">Merkmale der Custom Stand Up Pouches<\/h2>\n\n\n\n<ul class=\"wp-block-list\">\n<li><strong>Freistehende Struktur, bessere Pr\u00e4sentation: <\/strong>Die selbststehende Unterseite dieser benutzerdefinierten Stand-up-Beutel ist bequem f\u00fcr die Anzeige und Lagerung, geeignet f\u00fcr Regal Display oder zu Hause verwenden.<\/li>\n\n\n\n<li><strong>Seitlicher Ausguss, bequemes Ausdr\u00fccken: <\/strong>Der Ausgie\u00dfer dieses Beutels f\u00fcr K\u00f6rperlotion befindet sich an der Seite des Beutels, was den Nutzungsgewohnheiten besser entspricht, die Menge leicht zu kontrollieren ist und nicht so leicht verschwendet werden kann.<\/li>\n\n\n\n<li><strong>Hochbarrierematerial, umfassenderer Schutz: <\/strong>Unsere ma\u00dfgeschneiderten Standbodenbeutel verwenden mehrschichtige Verbundmaterialien (MOPP\/AL\/BOPA\/PE), die Luft und Licht effektiv isolieren und die Haltbarkeit von Hautpflegeprodukten verl\u00e4ngern.<\/li>\n\n\n\n<li><strong>Beidseitiger exquisiter Druck, auff\u00e4lligeres Markenzeichen:<\/strong> Dieser kundenspezifische K\u00f6rperlotion-Beutel unterst\u00fctzt den vollst\u00e4ndigen Druck kundenspezifischer Muster, erh\u00f6ht die Wiedererkennung der Verpackung und hebt den Markenton hervor.<\/li>\n\n\n\n<li><strong>Tragbar und auslaufsicher, geeignet f\u00fcr eine Vielzahl von Szenarien:<\/strong> Die dicht schlie\u00dfende Struktur dieser ma\u00dfgeschneiderten Standbeutel ist auslaufsicher und eignet sich f\u00fcr Reisen, Probepackungen, das t\u00e4gliche Tragen und andere Einsatzszenarien.<\/li>\n\n\n\n<li><strong>Kompatibel mit einer Vielzahl von Hautpflegefl\u00fcssigkeiten: <\/strong>Unsere ma\u00dfgefertigten Lotionbeutel k\u00f6nnen f\u00fcr fl\u00fcssige Hautpflegeprodukte wie Sonnenschutzmittel, K\u00f6rperlotion, Handcreme, Gesichtscreme usw. verwendet werden, um den Verpackungsbedarf verschiedener Produkte zu decken.<\/li>\n<\/ul>\n\n\n\n<div class=\"wp-block-columns is-layout-flex wp-container-core-columns-is-layout-9d6595d7 wp-block-columns-is-layout-flex\">\n<div class=\"wp-block-column is-layout-flow wp-block-column-is-layout-flow\">\n<figure class=\"wp-block-image size-full\"><img decoding=\"async\" width=\"750\" height=\"750\" src=\"https:\/\/www.stanleypackage.com\/wp-content\/uploads\/2025\/04\/Skin-Care-Liquid-Custom-Stand-Up-Pouches-With-Spout-6.webp\" alt=\"Hautpflegefl\u00fcssigkeit Individuelle Standbodenbeutel mit Ausgie\u00dfer-6\" class=\"wp-image-1482\" srcset=\"https:\/\/www.stanleypackage.com\/wp-content\/uploads\/2025\/04\/Skin-Care-Liquid-Custom-Stand-Up-Pouches-With-Spout-6.webp 750w, https:\/\/www.stanleypackage.com\/wp-content\/uploads\/2025\/04\/Skin-Care-Liquid-Custom-Stand-Up-Pouches-With-Spout-6-300x300.webp 300w, https:\/\/www.stanleypackage.com\/wp-content\/uploads\/2025\/04\/Skin-Care-Liquid-Custom-Stand-Up-Pouches-With-Spout-6-150x150.webp 150w, https:\/\/www.stanleypackage.com\/wp-content\/uploads\/2025\/04\/Skin-Care-Liquid-Custom-Stand-Up-Pouches-With-Spout-6-600x600.webp 600w, https:\/\/www.stanleypackage.com\/wp-content\/uploads\/2025\/04\/Skin-Care-Liquid-Custom-Stand-Up-Pouches-With-Spout-6-100x100.webp 100w\" sizes=\"(max-width: 750px) 100vw, 750px\" \/><\/figure>\n<\/div>\n\n\n\n<div class=\"wp-block-column is-layout-flow wp-block-column-is-layout-flow\">\n<figure class=\"wp-block-image size-full\"><img decoding=\"async\" width=\"750\" height=\"750\" src=\"https:\/\/www.stanleypackage.com\/wp-content\/uploads\/2025\/04\/Skin-Care-Liquid-Custom-Stand-Up-Pouches-With-Spout-4.webp\" alt=\"Hautpflegefl\u00fcssigkeit Individuelle Standbodenbeutel mit Ausgie\u00dfer-4\" class=\"wp-image-1480\" srcset=\"https:\/\/www.stanleypackage.com\/wp-content\/uploads\/2025\/04\/Skin-Care-Liquid-Custom-Stand-Up-Pouches-With-Spout-4.webp 750w, https:\/\/www.stanleypackage.com\/wp-content\/uploads\/2025\/04\/Skin-Care-Liquid-Custom-Stand-Up-Pouches-With-Spout-4-300x300.webp 300w, https:\/\/www.stanleypackage.com\/wp-content\/uploads\/2025\/04\/Skin-Care-Liquid-Custom-Stand-Up-Pouches-With-Spout-4-150x150.webp 150w, https:\/\/www.stanleypackage.com\/wp-content\/uploads\/2025\/04\/Skin-Care-Liquid-Custom-Stand-Up-Pouches-With-Spout-4-600x600.webp 600w, https:\/\/www.stanleypackage.com\/wp-content\/uploads\/2025\/04\/Skin-Care-Liquid-Custom-Stand-Up-Pouches-With-Spout-4-100x100.webp 100w\" sizes=\"(max-width: 750px) 100vw, 750px\" \/><\/figure>\n<\/div>\n<\/div>\n<\/div>\n<\/div>","protected":false},"excerpt":{"rendered":"<p>Willkommen bei den kundenspezifischen Beuteln f\u00fcr K\u00f6rperlotion. Diese benutzerdefinierte Standbodenbeutel mit Ausgie\u00dfer Tasche kombiniert hohe Barriere Material und doppelseitigen Druck, unter Ber\u00fccksichtigung der Praktikabilit\u00e4t und visuelle Sch\u00f6nheit. Es ist sehr geeignet f\u00fcr Sonnenschutzmittel, Lotion, Handcreme, Gesichtscreme, etc.<\/p>\n<table style=\"border-collapse: collapse; width: 365.02pt;\" border=\"0\" width=\"365\" cellspacing=\"0\" cellpadding=\"0\">\n<tbody>\n<tr style=\"height: 16.00pt;\">\n<td class=\"et2\" style=\"height: 16.00pt; width: 97.50pt;\" width=\"97\" height=\"16\">Hersteller<\/td>\n<td class=\"et2\" style=\"width: 267.50pt;\" width=\"267\">Stanley<\/td>\n<\/tr>\n<tr style=\"height: 16.00pt;\">\n<td class=\"et2\" style=\"height: 16.00pt; width: 97.50pt;\" width=\"97\" height=\"16\">Arten von Beuteln<\/td>\n<td class=\"et2\" style=\"width: 267.50pt;\" width=\"267\">Ausgie\u00dfertasche, Stand Up Pouch<\/td>\n<\/tr>\n<tr style=\"height: 16.00pt;\">\n<td class=\"et2\" style=\"height: 16.00pt; width: 97.50pt;\" width=\"97\" height=\"16\">Material<\/td>\n<td class=\"et2\" style=\"width: 267.50pt;\" width=\"267\">MOPP25\/AL7\/BOPA15\/PE75<\/td>\n<\/tr>\n<tr style=\"height: 16.00pt;\">\n<td class=\"et2\" style=\"height: 16.00pt; width: 97.50pt;\" width=\"97\" height=\"16\">Besonderes Merkmal<\/td>\n<td class=\"et2\" style=\"width: 267.50pt;\" width=\"267\">Ausguss, Stand Up Bottom<\/td>\n<\/tr>\n<tr style=\"height: 16.00pt;\">\n<td class=\"et2\" style=\"height: 16.00pt; width: 97.50pt;\" width=\"97\" height=\"16\">Handhabung der Oberfl\u00e4che<\/td>\n<td class=\"et2\" style=\"width: 267.50pt;\" width=\"267\">Tiefdruck<\/td>\n<\/tr>\n<tr style=\"height: 16.00pt;\">\n<td class=\"et2\" style=\"height: 16.00pt; width: 97.50pt;\" width=\"97\" height=\"16\">Farbe<\/td>\n<td class=\"et2\" style=\"width: 267.50pt;\" width=\"267\">Beidseitiger Druck, bis zu 10 Farben<\/td>\n<\/tr>\n<tr style=\"height: 16.00pt;\">\n<td class=\"et2\" style=\"height: 16.00pt; width: 97.50pt;\" width=\"97\" height=\"16\">Verwendung<\/td>\n<td class=\"et2\" style=\"width: 267.50pt;\" width=\"267\">Sonnenschutzmittel, Lotion, Handcreme, Gesichtscreme<\/td>\n<\/tr>\n<tr style=\"height: 16.00pt;\">\n<td class=\"et2\" style=\"height: 16.00pt; width: 97.50pt;\" width=\"97\" height=\"16\">MOQ<\/td>\n<td class=\"et2\" style=\"width: 267.50pt;\" width=\"267\">50.000 St\u00fcck<\/td>\n<\/tr>\n<tr style=\"height: 16.00pt;\">\n<td class=\"et2\" style=\"height: 16.00pt; width: 97.50pt;\" width=\"97\" height=\"16\">Individuelle Bestellung<\/td>\n<td class=\"et2\" style=\"width: 267.50pt;\" width=\"267\">Akzeptieren Sie OEM &amp; ODM, unterst\u00fctzen Sie freie Probe<\/td>\n<\/tr>\n<\/tbody>\n<\/table>","protected":false},"featured_media":1481,"comment_status":"closed","ping_status":"closed","template":"","meta":{"_acf_changed":false},"product_brand":[],"product_cat":[32,30],"product_tag":[],"class_list":{"0":"post-1476","1":"product","2":"type-product","3":"status-publish","4":"has-post-thumbnail","6":"product_cat-spout-pouch-manufacturer","7":"product_cat-stand-up-pouch-manufacturer","8":"pa_non-food-packaging-cosmetic-packaging-pouches","10":"first","11":"instock","12":"shipping-taxable","13":"product-type-simple"},"acf":[],"_links":{"self":[{"href":"https:\/\/www.stanleypackage.com\/de\/wp-json\/wp\/v2\/product\/1476","targetHints":{"allow":["GET"]}}],"collection":[{"href":"https:\/\/www.stanleypackage.com\/de\/wp-json\/wp\/v2\/product"}],"about":[{"href":"https:\/\/www.stanleypackage.com\/de\/wp-json\/wp\/v2\/types\/product"}],"replies":[{"embeddable":true,"href":"https:\/\/www.stanleypackage.com\/de\/wp-json\/wp\/v2\/comments?post=1476"}],"wp:featuredmedia":[{"embeddable":true,"href":"https:\/\/www.stanleypackage.com\/de\/wp-json\/wp\/v2\/media\/1481"}],"wp:attachment":[{"href":"https:\/\/www.stanleypackage.com\/de\/wp-json\/wp\/v2\/media?parent=1476"}],"wp:term":[{"taxonomy":"product_brand","embeddable":true,"href":"https:\/\/www.stanleypackage.com\/de\/wp-json\/wp\/v2\/product_brand?post=1476"},{"taxonomy":"product_cat","embeddable":true,"href":"https:\/\/www.stanleypackage.com\/de\/wp-json\/wp\/v2\/product_cat?post=1476"},{"taxonomy":"product_tag","embeddable":true,"href":"https:\/\/www.stanleypackage.com\/de\/wp-json\/wp\/v2\/product_tag?post=1476"}],"curies":[{"name":"wp","href":"https:\/\/api.w.org\/{rel}","templated":true}]}}