{"id":1483,"date":"2025-04-10T03:06:24","date_gmt":"2025-04-10T03:06:24","guid":{"rendered":"https:\/\/www.stanleypackage.com\/?post_type=product&#038;p=1483"},"modified":"2025-04-10T03:29:51","modified_gmt":"2025-04-10T03:29:51","slug":"flat-pouches-wholesale","status":"publish","type":"product","link":"https:\/\/www.stanleypackage.com\/de\/product\/flat-pouches-wholesale\/","title":{"rendered":"Per\u00fccke Flachbeutel Gro\u00dfhandel mit Rei\u00dfverschluss und klarem Fenster"},"content":{"rendered":"<div class=\"wp-block-columns is-layout-flex wp-container-core-columns-is-layout-9d6595d7 wp-block-columns-is-layout-flex\">\n<div class=\"wp-block-column is-layout-flow wp-block-column-is-layout-flow\">\n<h2 class=\"wp-block-heading\">Merkmale von Flachbeuteln im Gro\u00dfhandel<\/h2>\n\n\n\n<ul class=\"wp-block-list\">\n<li><strong>Rei\u00dfverschluss-Design, wiederholte Abdichtung ist bequemer:<\/strong> Unsere Flachbeutel Gro\u00dfhandel sind mit hochwertigen Rei\u00dfverschluss-Struktur, die bequem f\u00fcr mehrere \u00d6ffnen und Schlie\u00dfen, die Verl\u00e4ngerung der Produktlebensdauer und die Verbesserung der Benutzerfreundlichkeit ist ausgestattet.<\/li>\n\n\n\n<li><strong>Transparentes Fenster f\u00fcr intuitive Anzeige: <\/strong>Der transparente Fensterbereich dieser individuell bedruckten Flachbeutel pr\u00e4sentiert das Produkt deutlich, so dass die Verbraucher den Inhalt sehen k\u00f6nnen, ohne die Verpackung zu \u00f6ffnen.<\/li>\n\n\n\n<li><strong>Flache Taschenstruktur, einfache und praktische Verpackung: <\/strong>Das Design unserer Flachbeutel f\u00fcr den Gro\u00dfhandel spart Platz, eignet sich zum Stapeln, f\u00fcr den Transport und die Auslage im Einzelhandel und verbessert die Effizienz der Lagerung.<\/li>\n\n\n\n<li><strong>Hochwertige Materialien zur Gew\u00e4hrleistung der Produktsicherheit: <\/strong>F\u00fcr unsere individuell bedruckten Flachbeutel werden MOPP\/VMPET\/PE-Strukturmaterialien verwendet, die eine gute Festigkeit, Feuchtigkeitsbest\u00e4ndigkeit und lichtabschirmende Eigenschaften aufweisen, um Produkte vor \u00e4u\u00dferen Einfl\u00fcssen zu sch\u00fctzen.<\/li>\n\n\n\n<li><strong>Gravurdruck, klare Muster und leuchtende Farben:<\/strong> Unsere flachen Beutel Gro\u00dfhandel unterst\u00fctzt mehrfarbigen hochwertigen Druck, und die Verpackung sieht professionell und modisch, Hervorhebung des Markenimages.<\/li>\n\n\n\n<li><strong>Vielseitige Anpassungsf\u00e4higkeit, geeignet f\u00fcr Per\u00fccken und Accessoires:<\/strong> Diese individuell bedruckten Flachbeutel eignen sich f\u00fcr die Verpackung von Per\u00fccken, Werkzeugzubeh\u00f6r, kleinen elektronischen Produkten, Sch\u00f6nheitsprodukten und vielen anderen Kategorien.<\/li>\n<\/ul>\n\n\n\n<div class=\"wp-block-columns is-layout-flex wp-container-core-columns-is-layout-9d6595d7 wp-block-columns-is-layout-flex\">\n<div class=\"wp-block-column is-layout-flow wp-block-column-is-layout-flow\">\n<figure class=\"wp-block-image size-full\"><img decoding=\"async\" width=\"750\" height=\"750\" src=\"https:\/\/www.stanleypackage.com\/wp-content\/uploads\/2025\/04\/Wig-Flat-Pouches-Wholesale-With-Zipper-and-Clear-Window-6.webp\" alt=\"Per\u00fccke flache Beutel Gro\u00dfhandel mit Rei\u00dfverschluss und Clear Window-6\" class=\"wp-image-1489\" srcset=\"https:\/\/www.stanleypackage.com\/wp-content\/uploads\/2025\/04\/Wig-Flat-Pouches-Wholesale-With-Zipper-and-Clear-Window-6.webp 750w, https:\/\/www.stanleypackage.com\/wp-content\/uploads\/2025\/04\/Wig-Flat-Pouches-Wholesale-With-Zipper-and-Clear-Window-6-300x300.webp 300w, https:\/\/www.stanleypackage.com\/wp-content\/uploads\/2025\/04\/Wig-Flat-Pouches-Wholesale-With-Zipper-and-Clear-Window-6-150x150.webp 150w, https:\/\/www.stanleypackage.com\/wp-content\/uploads\/2025\/04\/Wig-Flat-Pouches-Wholesale-With-Zipper-and-Clear-Window-6-600x600.webp 600w, https:\/\/www.stanleypackage.com\/wp-content\/uploads\/2025\/04\/Wig-Flat-Pouches-Wholesale-With-Zipper-and-Clear-Window-6-100x100.webp 100w\" sizes=\"(max-width: 750px) 100vw, 750px\" \/><\/figure>\n<\/div>\n\n\n\n<div class=\"wp-block-column is-layout-flow wp-block-column-is-layout-flow\">\n<figure class=\"wp-block-image size-full\"><img decoding=\"async\" width=\"750\" height=\"750\" src=\"https:\/\/www.stanleypackage.com\/wp-content\/uploads\/2025\/04\/Wig-Flat-Pouches-Wholesale-With-Zipper-and-Clear-Window-1.webp\" alt=\"Per\u00fccke flache Beutel Gro\u00dfhandel mit Rei\u00dfverschluss und klarem Fenster-1\" class=\"wp-image-1484\" srcset=\"https:\/\/www.stanleypackage.com\/wp-content\/uploads\/2025\/04\/Wig-Flat-Pouches-Wholesale-With-Zipper-and-Clear-Window-1.webp 750w, https:\/\/www.stanleypackage.com\/wp-content\/uploads\/2025\/04\/Wig-Flat-Pouches-Wholesale-With-Zipper-and-Clear-Window-1-300x300.webp 300w, https:\/\/www.stanleypackage.com\/wp-content\/uploads\/2025\/04\/Wig-Flat-Pouches-Wholesale-With-Zipper-and-Clear-Window-1-150x150.webp 150w, https:\/\/www.stanleypackage.com\/wp-content\/uploads\/2025\/04\/Wig-Flat-Pouches-Wholesale-With-Zipper-and-Clear-Window-1-600x600.webp 600w, https:\/\/www.stanleypackage.com\/wp-content\/uploads\/2025\/04\/Wig-Flat-Pouches-Wholesale-With-Zipper-and-Clear-Window-1-100x100.webp 100w\" sizes=\"(max-width: 750px) 100vw, 750px\" \/><\/figure>\n<\/div>\n<\/div>\n<\/div>\n<\/div>","protected":false},"excerpt":{"rendered":"<p>Willkommen zum Kauf von individuell bedruckten Flachbeuteln. Diese flachen Beutel mit Rei\u00dfverschluss Gro\u00dfhandel ist von hochwertigen Verbundwerkstoffen und Tiefdrucktechnik gemacht, und ist speziell f\u00fcr Produkte wie Per\u00fccken, Werkzeug Zubeh\u00f6r, etc.<\/p>\n<table width=\"365\">\n<tbody>\n<tr>\n<td width=\"97\">Hersteller<\/td>\n<td width=\"267\">Stanley<\/td>\n<\/tr>\n<tr>\n<td width=\"97\">Arten von Beuteln<\/td>\n<td width=\"267\">Flach liegende Tasche, Rei\u00dfverschlusstasche<\/td>\n<\/tr>\n<tr>\n<td width=\"97\">Material<\/td>\n<td width=\"267\">MOPP25\/1\/2VMPET\/PE60<\/td>\n<\/tr>\n<tr>\n<td width=\"97\">Besonderes Merkmal<\/td>\n<td width=\"267\">Rei\u00dfverschluss, klares Fenster<\/td>\n<\/tr>\n<tr>\n<td width=\"97\">Handhabung der Oberfl\u00e4che<\/td>\n<td width=\"267\">Tiefdruck<\/td>\n<\/tr>\n<tr>\n<td width=\"97\">Farbe<\/td>\n<td width=\"267\">Beidseitiger Druck, bis zu 10 Farben<\/td>\n<\/tr>\n<tr>\n<td width=\"97\">Verwendung<\/td>\n<td width=\"267\">Per\u00fccken, Werkzeugzubeh\u00f6r<\/td>\n<\/tr>\n<tr>\n<td width=\"97\">MOQ<\/td>\n<td width=\"267\">50.000 St\u00fcck<\/td>\n<\/tr>\n<tr>\n<td width=\"97\">Individuelle Bestellung<\/td>\n<td width=\"267\">Akzeptieren Sie OEM &amp; ODM, unterst\u00fctzen Sie freie Probe<\/td>\n<\/tr>\n<\/tbody>\n<\/table>","protected":false},"featured_media":1487,"comment_status":"closed","ping_status":"closed","template":"","meta":{"_acf_changed":false},"product_brand":[],"product_cat":[18,31],"product_tag":[],"class_list":{"0":"post-1483","1":"product","2":"type-product","3":"status-publish","4":"has-post-thumbnail","6":"product_cat-zipper-pouch-manufacturer","7":"product_cat-lay-flat-pouch-manufacturer","8":"pa_non-food-packaging-tool-accessories-pouch","9":"pa_non-food-packaging-cosmetic-packaging-pouches","11":"first","12":"instock","13":"shipping-taxable","14":"product-type-simple"},"acf":[],"_links":{"self":[{"href":"https:\/\/www.stanleypackage.com\/de\/wp-json\/wp\/v2\/product\/1483","targetHints":{"allow":["GET"]}}],"collection":[{"href":"https:\/\/www.stanleypackage.com\/de\/wp-json\/wp\/v2\/product"}],"about":[{"href":"https:\/\/www.stanleypackage.com\/de\/wp-json\/wp\/v2\/types\/product"}],"replies":[{"embeddable":true,"href":"https:\/\/www.stanleypackage.com\/de\/wp-json\/wp\/v2\/comments?post=1483"}],"wp:featuredmedia":[{"embeddable":true,"href":"https:\/\/www.stanleypackage.com\/de\/wp-json\/wp\/v2\/media\/1487"}],"wp:attachment":[{"href":"https:\/\/www.stanleypackage.com\/de\/wp-json\/wp\/v2\/media?parent=1483"}],"wp:term":[{"taxonomy":"product_brand","embeddable":true,"href":"https:\/\/www.stanleypackage.com\/de\/wp-json\/wp\/v2\/product_brand?post=1483"},{"taxonomy":"product_cat","embeddable":true,"href":"https:\/\/www.stanleypackage.com\/de\/wp-json\/wp\/v2\/product_cat?post=1483"},{"taxonomy":"product_tag","embeddable":true,"href":"https:\/\/www.stanleypackage.com\/de\/wp-json\/wp\/v2\/product_tag?post=1483"}],"curies":[{"name":"wp","href":"https:\/\/api.w.org\/{rel}","templated":true}]}}