{"id":1490,"date":"2025-04-10T03:31:15","date_gmt":"2025-04-10T03:31:15","guid":{"rendered":"https:\/\/www.stanleypackage.com\/?post_type=product&#038;p=1490"},"modified":"2025-04-10T03:44:14","modified_gmt":"2025-04-10T03:44:14","slug":"custom-printed-lay-flat-pouches","status":"publish","type":"product","link":"https:\/\/www.stanleypackage.com\/de\/product\/custom-printed-lay-flat-pouches\/","title":{"rendered":"Individuell bedruckte Flachbeutel, 3-Seiten-Siegel Teebeutelbeutel"},"content":{"rendered":"<div class=\"wp-block-columns is-layout-flex wp-container-core-columns-is-layout-9d6595d7 wp-block-columns-is-layout-flex\">\n<div class=\"wp-block-column is-layout-flow wp-block-column-is-layout-flow\">\n<h2 class=\"wp-block-heading\">Merkmale der individuell bedruckten Lay Flat Pouches<\/h2>\n\n\n\n<ul class=\"wp-block-list\">\n<li><strong>Dreiseitig versiegelte Struktur, starke Abdichtung, feuchtigkeits- und oxidationsbest\u00e4ndig: <\/strong>Der feste Siegelrand unserer individuell bedruckten Flachbeutel isoliert effektiv Luft und Feuchtigkeit und gew\u00e4hrleistet so die Frische von Tee- und Trockenwarenprodukten.<\/li>\n\n\n\n<li><strong>Bef\u00fcllung von oben, komfortablerer F\u00fcllvorgang: <\/strong>Das nach oben gerichtete Design der Beutel\u00f6ffnung dieses Teebeutel-Gro\u00dfhandels erleichtert das schnelle Einf\u00fcllen und Verschlie\u00dfen und verbessert die Produktions- und Verpackungseffizienz.<\/li>\n\n\n\n<li><strong>Einfaches Aufrei\u00dfen, leichtes \u00d6ffnen ohne Schere: <\/strong>Dieser individuell bedruckte Flachbeutel ist mit einer Aufrei\u00dfkerbe ausgestattet, die ein einfaches \u00d6ffnen erm\u00f6glicht, die Verbrauchererfahrung verbessert und bequem und praktisch ist.<\/li>\n\n\n\n<li><strong>Hochwertige Materialien, starker Barriereschutz: <\/strong>Das doppelt gepr\u00fcfte MOPP\/VMPET\/PE-Material dieses Teebeutel-Gro\u00dfhandels hat eine gute Lichtabschirmung und Haltbarkeit und verl\u00e4ngert die Haltbarkeit des Produkts.<\/li>\n\n\n\n<li><strong>Beidseitiger Druck, deutlicherer Ausdruck der Marke:<\/strong> Mit unseren bedruckten Flachbeuteln lassen sich pr\u00e4chtige Farbdrucke und Markenanpassungen realisieren, die das Produktniveau erh\u00f6hen und die Aufmerksamkeit der Endverbraucher auf sich ziehen.<\/li>\n\n\n\n<li><strong>Breites Einsatzspektrum, geeignet f\u00fcr eine Vielzahl von Trockenprodukten:<\/strong> Dieser Teebeutel-Gro\u00dfhandel eignet sich nicht nur f\u00fcr Tee, sondern auch f\u00fcr den Verpackungsbedarf von Kaffee, N\u00fcssen, Gew\u00fcrzen, N\u00fcssen und anderen Produkten.<\/li>\n<\/ul>\n\n\n\n<div class=\"wp-block-columns is-layout-flex wp-container-core-columns-is-layout-9d6595d7 wp-block-columns-is-layout-flex\">\n<div class=\"wp-block-column is-layout-flow wp-block-column-is-layout-flow\">\n<figure class=\"wp-block-image size-full\"><img decoding=\"async\" width=\"750\" height=\"750\" src=\"https:\/\/www.stanleypackage.com\/wp-content\/uploads\/2025\/04\/Custom-Printed-Lay-Flat-Pouches-3-Side-Seal-Tea-Bag-Pouches-4.webp\" alt=\"Individuell bedruckte Flachbeutel, 3-Seiten-Siegel Teebeutelbeutel-4\" class=\"wp-image-1494\" srcset=\"https:\/\/www.stanleypackage.com\/wp-content\/uploads\/2025\/04\/Custom-Printed-Lay-Flat-Pouches-3-Side-Seal-Tea-Bag-Pouches-4.webp 750w, https:\/\/www.stanleypackage.com\/wp-content\/uploads\/2025\/04\/Custom-Printed-Lay-Flat-Pouches-3-Side-Seal-Tea-Bag-Pouches-4-300x300.webp 300w, https:\/\/www.stanleypackage.com\/wp-content\/uploads\/2025\/04\/Custom-Printed-Lay-Flat-Pouches-3-Side-Seal-Tea-Bag-Pouches-4-150x150.webp 150w, https:\/\/www.stanleypackage.com\/wp-content\/uploads\/2025\/04\/Custom-Printed-Lay-Flat-Pouches-3-Side-Seal-Tea-Bag-Pouches-4-600x600.webp 600w, https:\/\/www.stanleypackage.com\/wp-content\/uploads\/2025\/04\/Custom-Printed-Lay-Flat-Pouches-3-Side-Seal-Tea-Bag-Pouches-4-100x100.webp 100w\" sizes=\"(max-width: 750px) 100vw, 750px\" \/><\/figure>\n<\/div>\n\n\n\n<div class=\"wp-block-column is-layout-flow wp-block-column-is-layout-flow\">\n<figure class=\"wp-block-image size-full\"><img decoding=\"async\" width=\"750\" height=\"750\" src=\"https:\/\/www.stanleypackage.com\/wp-content\/uploads\/2025\/04\/Custom-Printed-Lay-Flat-Pouches-3-Side-Seal-Tea-Bag-Pouches-3.webp\" alt=\"Individuell bedruckte Flachbeutel, 3-Seiten-Siegel Teebeutelbeutel-3\" class=\"wp-image-1493\" srcset=\"https:\/\/www.stanleypackage.com\/wp-content\/uploads\/2025\/04\/Custom-Printed-Lay-Flat-Pouches-3-Side-Seal-Tea-Bag-Pouches-3.webp 750w, https:\/\/www.stanleypackage.com\/wp-content\/uploads\/2025\/04\/Custom-Printed-Lay-Flat-Pouches-3-Side-Seal-Tea-Bag-Pouches-3-300x300.webp 300w, https:\/\/www.stanleypackage.com\/wp-content\/uploads\/2025\/04\/Custom-Printed-Lay-Flat-Pouches-3-Side-Seal-Tea-Bag-Pouches-3-150x150.webp 150w, https:\/\/www.stanleypackage.com\/wp-content\/uploads\/2025\/04\/Custom-Printed-Lay-Flat-Pouches-3-Side-Seal-Tea-Bag-Pouches-3-600x600.webp 600w, https:\/\/www.stanleypackage.com\/wp-content\/uploads\/2025\/04\/Custom-Printed-Lay-Flat-Pouches-3-Side-Seal-Tea-Bag-Pouches-3-100x100.webp 100w\" sizes=\"(max-width: 750px) 100vw, 750px\" \/><\/figure>\n<\/div>\n<\/div>\n<\/div>\n<\/div>","protected":false},"excerpt":{"rendered":"<p>Willkommen zum Kauf von individuell bedruckten Flachbeuteln. Diese dreiseitig versiegelten Teebeutelbeutel Gro\u00dfhandel unterst\u00fctzt doppelseitigen benutzerdefinierten Druck, hat eine ausgezeichnete Abdichtung und Aroma Erhaltung, und ist geeignet f\u00fcr Teebeutel, Kaffee, N\u00fcsse und andere Produkte.<\/p>\n<table style=\"border-collapse: collapse; width: 365.02pt;\" border=\"0\" width=\"365\" cellspacing=\"0\" cellpadding=\"0\">\n<tbody>\n<tr style=\"height: 16.00pt;\">\n<td class=\"et2\" style=\"height: 16.00pt; width: 97.50pt;\" width=\"97\" height=\"16\">Hersteller<\/td>\n<td class=\"et2\" style=\"width: 267.50pt;\" width=\"267\">Stanley<\/td>\n<\/tr>\n<tr style=\"height: 16.00pt;\">\n<td class=\"et2\" style=\"height: 16.00pt; width: 97.50pt;\" width=\"97\" height=\"16\">Arten von Beuteln<\/td>\n<td class=\"et2\" style=\"width: 267.50pt;\" width=\"267\">Drei-Seiten-Siegel-Beutel, Lay-Flat-Beutel<\/td>\n<\/tr>\n<tr style=\"height: 16.00pt;\">\n<td class=\"et2\" style=\"height: 16.00pt; width: 97.50pt;\" width=\"97\" height=\"16\">Material<\/td>\n<td class=\"et2\" style=\"width: 267.50pt;\" width=\"267\">MOPP25\/VMPET12\/PE40<\/td>\n<\/tr>\n<tr style=\"height: 16.00pt;\">\n<td class=\"et2\" style=\"height: 16.00pt; width: 97.50pt;\" width=\"97\" height=\"16\">Besonderes Merkmal<\/td>\n<td class=\"et2\" style=\"width: 267.50pt;\" width=\"267\">Easy Tear Notch, Top Filling<\/td>\n<\/tr>\n<tr style=\"height: 16.00pt;\">\n<td class=\"et2\" style=\"height: 16.00pt; width: 97.50pt;\" width=\"97\" height=\"16\">Handhabung der Oberfl\u00e4che<\/td>\n<td class=\"et2\" style=\"width: 267.50pt;\" width=\"267\">Tiefdruck<\/td>\n<\/tr>\n<tr style=\"height: 16.00pt;\">\n<td class=\"et2\" style=\"height: 16.00pt; width: 97.50pt;\" width=\"97\" height=\"16\">Farbe<\/td>\n<td class=\"et2\" style=\"width: 267.50pt;\" width=\"267\">Beidseitiger Druck, bis zu 10 Farben<\/td>\n<\/tr>\n<tr style=\"height: 16.00pt;\">\n<td class=\"et2\" style=\"height: 16.00pt; width: 97.50pt;\" width=\"97\" height=\"16\">Verwendung<\/td>\n<td class=\"et2\" style=\"width: 267.50pt;\" width=\"267\">Tee, Kaffee, N\u00fcsse, Nahrungserg\u00e4nzungsmittel<\/td>\n<\/tr>\n<tr style=\"height: 16.00pt;\">\n<td class=\"et2\" style=\"height: 16.00pt; width: 97.50pt;\" width=\"97\" height=\"16\">MOQ<\/td>\n<td class=\"et2\" style=\"width: 267.50pt;\" width=\"267\">50.000 St\u00fcck<\/td>\n<\/tr>\n<tr style=\"height: 16.00pt;\">\n<td class=\"et2\" style=\"height: 16.00pt; width: 97.50pt;\" width=\"97\" height=\"16\">Individuelle Bestellung<\/td>\n<td class=\"et2\" style=\"width: 267.50pt;\" width=\"267\">Akzeptieren Sie OEM &amp; ODM, unterst\u00fctzen Sie freie Probe<\/td>\n<\/tr>\n<\/tbody>\n<\/table>","protected":false},"featured_media":1492,"comment_status":"closed","ping_status":"closed","template":"","meta":{"_acf_changed":false},"product_brand":[],"product_cat":[28,31],"product_tag":[],"class_list":{"0":"post-1490","1":"product","2":"type-product","3":"status-publish","4":"has-post-thumbnail","6":"product_cat-three-side-seal-pouch-manufacturer","7":"product_cat-lay-flat-pouch-manufacturer","8":"pa_food-packaging-tea-pouch-packaging","10":"first","11":"instock","12":"shipping-taxable","13":"product-type-simple"},"acf":[],"_links":{"self":[{"href":"https:\/\/www.stanleypackage.com\/de\/wp-json\/wp\/v2\/product\/1490","targetHints":{"allow":["GET"]}}],"collection":[{"href":"https:\/\/www.stanleypackage.com\/de\/wp-json\/wp\/v2\/product"}],"about":[{"href":"https:\/\/www.stanleypackage.com\/de\/wp-json\/wp\/v2\/types\/product"}],"replies":[{"embeddable":true,"href":"https:\/\/www.stanleypackage.com\/de\/wp-json\/wp\/v2\/comments?post=1490"}],"wp:featuredmedia":[{"embeddable":true,"href":"https:\/\/www.stanleypackage.com\/de\/wp-json\/wp\/v2\/media\/1492"}],"wp:attachment":[{"href":"https:\/\/www.stanleypackage.com\/de\/wp-json\/wp\/v2\/media?parent=1490"}],"wp:term":[{"taxonomy":"product_brand","embeddable":true,"href":"https:\/\/www.stanleypackage.com\/de\/wp-json\/wp\/v2\/product_brand?post=1490"},{"taxonomy":"product_cat","embeddable":true,"href":"https:\/\/www.stanleypackage.com\/de\/wp-json\/wp\/v2\/product_cat?post=1490"},{"taxonomy":"product_tag","embeddable":true,"href":"https:\/\/www.stanleypackage.com\/de\/wp-json\/wp\/v2\/product_tag?post=1490"}],"curies":[{"name":"wp","href":"https:\/\/api.w.org\/{rel}","templated":true}]}}