{"id":1495,"date":"2025-04-10T03:51:18","date_gmt":"2025-04-10T03:51:18","guid":{"rendered":"https:\/\/www.stanleypackage.com\/?post_type=product&#038;p=1495"},"modified":"2025-09-06T02:01:51","modified_gmt":"2025-09-06T02:01:51","slug":"eco-friendly-pouches-wholesale","status":"publish","type":"product","link":"https:\/\/www.stanleypackage.com\/de\/product\/eco-friendly-pouches-wholesale\/","title":{"rendered":"Eco Friendly Pouches Gro\u00dfhandel, Mono-Material Spot Pouch"},"content":{"rendered":"<div class=\"wp-block-columns is-layout-flex wp-container-core-columns-is-layout-9d6595d7 wp-block-columns-is-layout-flex\">\n<div class=\"wp-block-column is-layout-flow wp-block-column-is-layout-flow\">\n<h2 class=\"wp-block-heading\">Merkmale von Eco Friendly Pouches Gro\u00dfhandel<\/h2>\n\n\n\n<ul class=\"wp-block-list\">\n<li><strong>Umweltfreundliche Materialien: <\/strong>Diese umweltfreundlichen Beutel f\u00fcr den Gro\u00dfhandel bestehen aus einem einzigen Material: BOPE\/PE. Sie erf\u00fcllen die Normen f\u00fcr die Wiederverwertbarkeit und verringern die Umweltbelastung.<\/li>\n\n\n\n<li><strong>Einfaches D\u00fcsendesign: <\/strong>Unsere ma\u00dfgeschneiderten Spot-Beutel sind leicht zu kontrollieren, sauber und hygienisch und verbessern die Benutzerfreundlichkeit.<\/li>\n\n\n\n<li><strong>Ausf\u00fchrung der Bodenbef\u00fcllung: <\/strong>Diese umweltfreundlichen Beutel Gro\u00dfhandel nimmt Boden F\u00fcllung Design, das f\u00fcr High-Speed-Produktionslinie Betrieb bequem ist und verbessert die Effizienz der F\u00fcllung.<\/li>\n\n\n\n<li><strong>Beidseitiger Druck: <\/strong>Unsere kundenspezifischen Spot-Beutel unterst\u00fctzen den hochwertigen beidseitigen Tiefdruck, um das Markenimage voll zur Geltung zu bringen.<\/li>\n\n\n\n<li><strong>Leicht und flexibel: <\/strong>Diese umweltfreundlichen Beutel im Gro\u00dfhandel bestehen aus weichem Material, sind sicherer zu transportieren, nehmen weniger Platz ein und helfen, Logistikkosten zu sparen.<\/li>\n\n\n\n<li><strong>Starke Anpassungsf\u00e4higkeit an K\u00f6rperpflegeprodukte:<\/strong> Diese ma\u00dfgeschneiderten Beutel aus Monomaterial eignen sich f\u00fcr verschiedene chemische Fl\u00fcssigkeiten des t\u00e4glichen Bedarfs, wie Shampoo, Handseife, Conditioner, Duschgel usw.<\/li>\n<\/ul>\n\n\n\n<div class=\"wp-block-columns is-layout-flex wp-container-core-columns-is-layout-9d6595d7 wp-block-columns-is-layout-flex\">\n<div class=\"wp-block-column is-layout-flow wp-block-column-is-layout-flow\">\n<figure class=\"wp-block-image size-full\"><img decoding=\"async\" width=\"750\" height=\"750\" src=\"https:\/\/www.stanleypackage.com\/wp-content\/uploads\/2025\/04\/Eco-Friendly-Pouches-Wholesale-Mono-Material-Spot-Pouch-3.webp\" alt=\"Eco Friendly Pouches Gro\u00dfhandel, Mono-Material Spot Pouch-3\" class=\"wp-image-1498\" srcset=\"https:\/\/www.stanleypackage.com\/wp-content\/uploads\/2025\/04\/Eco-Friendly-Pouches-Wholesale-Mono-Material-Spot-Pouch-3.webp 750w, https:\/\/www.stanleypackage.com\/wp-content\/uploads\/2025\/04\/Eco-Friendly-Pouches-Wholesale-Mono-Material-Spot-Pouch-3-300x300.webp 300w, https:\/\/www.stanleypackage.com\/wp-content\/uploads\/2025\/04\/Eco-Friendly-Pouches-Wholesale-Mono-Material-Spot-Pouch-3-150x150.webp 150w, https:\/\/www.stanleypackage.com\/wp-content\/uploads\/2025\/04\/Eco-Friendly-Pouches-Wholesale-Mono-Material-Spot-Pouch-3-600x600.webp 600w, https:\/\/www.stanleypackage.com\/wp-content\/uploads\/2025\/04\/Eco-Friendly-Pouches-Wholesale-Mono-Material-Spot-Pouch-3-100x100.webp 100w\" sizes=\"(max-width: 750px) 100vw, 750px\" \/><\/figure>\n<\/div>\n\n\n\n<div class=\"wp-block-column is-layout-flow wp-block-column-is-layout-flow\">\n<figure class=\"wp-block-image size-full\"><img decoding=\"async\" width=\"750\" height=\"750\" src=\"https:\/\/www.stanleypackage.com\/wp-content\/uploads\/2025\/04\/Eco-Friendly-Pouches-Wholesale-Mono-Material-Spot-Pouch-4.webp\" alt=\"Eco Friendly Pouches Gro\u00dfhandel, Mono-Material Spot Pouch-4\" class=\"wp-image-1499\" srcset=\"https:\/\/www.stanleypackage.com\/wp-content\/uploads\/2025\/04\/Eco-Friendly-Pouches-Wholesale-Mono-Material-Spot-Pouch-4.webp 750w, https:\/\/www.stanleypackage.com\/wp-content\/uploads\/2025\/04\/Eco-Friendly-Pouches-Wholesale-Mono-Material-Spot-Pouch-4-300x300.webp 300w, https:\/\/www.stanleypackage.com\/wp-content\/uploads\/2025\/04\/Eco-Friendly-Pouches-Wholesale-Mono-Material-Spot-Pouch-4-150x150.webp 150w, https:\/\/www.stanleypackage.com\/wp-content\/uploads\/2025\/04\/Eco-Friendly-Pouches-Wholesale-Mono-Material-Spot-Pouch-4-600x600.webp 600w, https:\/\/www.stanleypackage.com\/wp-content\/uploads\/2025\/04\/Eco-Friendly-Pouches-Wholesale-Mono-Material-Spot-Pouch-4-100x100.webp 100w\" sizes=\"(max-width: 750px) 100vw, 750px\" \/><\/figure>\n<\/div>\n<\/div>\n<\/div>\n<\/div>","protected":false},"excerpt":{"rendered":"<p>Willkommen zum Kauf von umweltfreundlichen Beuteln im Gro\u00dfhandel. Unsere benutzerdefinierten Spot-Beutel sind aus recycelbaren Materialien hergestellt, geeignet f\u00fcr verschiedene K\u00f6rperpflegeprodukte wie Handseife, Shampoo, Duschgel, etc., mit einer leichten Struktur, einfach zu lagern und zu transportieren.<\/p>\n<table style=\"border-collapse: collapse; width: 365.02pt;\" border=\"0\" width=\"365\" cellspacing=\"0\" cellpadding=\"0\">\n<tbody>\n<tr style=\"height: 16.00pt;\">\n<td class=\"et2\" style=\"height: 16.00pt; width: 97.50pt;\" width=\"97\" height=\"16\">Hersteller<\/td>\n<td class=\"et2\" style=\"width: 267.50pt;\" width=\"267\">Stanley<\/td>\n<\/tr>\n<tr style=\"height: 16.00pt;\">\n<td class=\"et2\" style=\"height: 16.00pt; width: 97.50pt;\" width=\"97\" height=\"16\">Arten von Beuteln<\/td>\n<td class=\"et2\" style=\"width: 267.50pt;\" width=\"267\">Drei-Seiten-Siegel-Beutel, Lay-Flat-Beutel<\/td>\n<\/tr>\n<tr style=\"height: 16.00pt;\">\n<td class=\"et2\" style=\"height: 16.00pt; width: 97.50pt;\" width=\"97\" height=\"16\">Material<\/td>\n<td class=\"et2\" style=\"width: 267.50pt;\" width=\"267\">MOPP25\/VMPET12\/PE40<\/td>\n<\/tr>\n<tr style=\"height: 16.00pt;\">\n<td class=\"et2\" style=\"height: 16.00pt; width: 97.50pt;\" width=\"97\" height=\"16\">Besonderes Merkmal<\/td>\n<td class=\"et2\" style=\"width: 267.50pt;\" width=\"267\">Easy Tear Notch, Top Filling<\/td>\n<\/tr>\n<tr style=\"height: 16.00pt;\">\n<td class=\"et2\" style=\"height: 16.00pt; width: 97.50pt;\" width=\"97\" height=\"16\">Handhabung der Oberfl\u00e4che<\/td>\n<td class=\"et2\" style=\"width: 267.50pt;\" width=\"267\">Tiefdruck<\/td>\n<\/tr>\n<tr style=\"height: 16.00pt;\">\n<td class=\"et2\" style=\"height: 16.00pt; width: 97.50pt;\" width=\"97\" height=\"16\">Farbe<\/td>\n<td class=\"et2\" style=\"width: 267.50pt;\" width=\"267\">Beidseitiger Druck, bis zu 10 Farben<\/td>\n<\/tr>\n<tr style=\"height: 16.00pt;\">\n<td class=\"et2\" style=\"height: 16.00pt; width: 97.50pt;\" width=\"97\" height=\"16\">Verwendung<\/td>\n<td class=\"et2\" style=\"width: 267.50pt;\" width=\"267\">Tee, Kaffee, N\u00fcsse, Nahrungserg\u00e4nzungsmittel<\/td>\n<\/tr>\n<tr style=\"height: 16.00pt;\">\n<td class=\"et2\" style=\"height: 16.00pt; width: 97.50pt;\" width=\"97\" height=\"16\">MOQ<\/td>\n<td class=\"et2\" style=\"width: 267.50pt;\" width=\"267\">50.000 St\u00fcck<\/td>\n<\/tr>\n<tr style=\"height: 16.00pt;\">\n<td class=\"et2\" style=\"height: 16.00pt; width: 97.50pt;\" width=\"97\" height=\"16\">Individuelle Bestellung<\/td>\n<td class=\"et2\" style=\"width: 267.50pt;\" width=\"267\">Akzeptieren Sie OEM &amp; ODM, unterst\u00fctzen Sie freie Probe<\/td>\n<\/tr>\n<\/tbody>\n<\/table>","protected":false},"featured_media":1497,"comment_status":"closed","ping_status":"closed","template":"","meta":{"_acf_changed":false},"product_brand":[],"product_cat":[32],"product_tag":[],"class_list":{"0":"post-1495","1":"product","2":"type-product","3":"status-publish","4":"has-post-thumbnail","6":"product_cat-spout-pouch-manufacturer","7":"pa_non-food-packaging-cosmetic-packaging-pouches","8":"pa_non-food-packaging-soap-detergent-pouches","10":"first","11":"instock","12":"shipping-taxable","13":"product-type-simple"},"acf":[],"_links":{"self":[{"href":"https:\/\/www.stanleypackage.com\/de\/wp-json\/wp\/v2\/product\/1495","targetHints":{"allow":["GET"]}}],"collection":[{"href":"https:\/\/www.stanleypackage.com\/de\/wp-json\/wp\/v2\/product"}],"about":[{"href":"https:\/\/www.stanleypackage.com\/de\/wp-json\/wp\/v2\/types\/product"}],"replies":[{"embeddable":true,"href":"https:\/\/www.stanleypackage.com\/de\/wp-json\/wp\/v2\/comments?post=1495"}],"wp:featuredmedia":[{"embeddable":true,"href":"https:\/\/www.stanleypackage.com\/de\/wp-json\/wp\/v2\/media\/1497"}],"wp:attachment":[{"href":"https:\/\/www.stanleypackage.com\/de\/wp-json\/wp\/v2\/media?parent=1495"}],"wp:term":[{"taxonomy":"product_brand","embeddable":true,"href":"https:\/\/www.stanleypackage.com\/de\/wp-json\/wp\/v2\/product_brand?post=1495"},{"taxonomy":"product_cat","embeddable":true,"href":"https:\/\/www.stanleypackage.com\/de\/wp-json\/wp\/v2\/product_cat?post=1495"},{"taxonomy":"product_tag","embeddable":true,"href":"https:\/\/www.stanleypackage.com\/de\/wp-json\/wp\/v2\/product_tag?post=1495"}],"curies":[{"name":"wp","href":"https:\/\/api.w.org\/{rel}","templated":true}]}}