{"id":1502,"date":"2025-04-10T06:51:38","date_gmt":"2025-04-10T06:51:38","guid":{"rendered":"https:\/\/www.stanleypackage.com\/?post_type=product&#038;p=1502"},"modified":"2025-09-03T09:20:25","modified_gmt":"2025-09-03T09:20:25","slug":"custom-printed-stand-up-pouches","status":"publish","type":"product","link":"https:\/\/www.stanleypackage.com\/de\/product\/custom-printed-stand-up-pouches\/","title":{"rendered":"Individuell bedruckte Standbodenbeutel f\u00fcr Geschirrsp\u00fclmittel"},"content":{"rendered":"<div class=\"wp-block-columns is-layout-flex wp-container-core-columns-is-layout-9d6595d7 wp-block-columns-is-layout-flex\">\n<div class=\"wp-block-column is-layout-flow wp-block-column-is-layout-flow\">\n<h2 class=\"wp-block-heading\">Merkmale von individuell bedruckten Stand-Up Pouches<\/h2>\n\n\n\n<ul class=\"wp-block-list\">\n<li><strong>Selbsttragende Taschenbodenkonstruktion:<\/strong> Unsere individuell bedruckten Standbeutel haben einen starken Halt, der sich f\u00fcr die Pr\u00e4sentation im Stehen eignet und die Attraktivit\u00e4t der Regalauslage steigert.<\/li>\n\n\n\n<li><strong>Obere F\u00fcllstruktur: <\/strong>Diese Gro\u00dfhandelsbeutel f\u00fcr Fl\u00fcssigseife sind leicht zu bef\u00fcllen, verbessern die Produktions- und Abf\u00fclleffizienz und eignen sich f\u00fcr fl\u00fcssige oder pulverf\u00f6rmige Produkte.<\/li>\n\n\n\n<li><strong>Ausgestattet mit Aufh\u00e4ngel\u00f6chern: <\/strong>Dieser individuell bedruckte Standbeutel ist mit einem Hakenloch ausgestattet, das zum Aufh\u00e4ngen geeignet ist und sich an die vielf\u00e4ltigen Auslagem\u00f6glichkeiten in Superm\u00e4rkten und Convenience Stores anpasst.<\/li>\n\n\n\n<li><strong>Beidseitiger Farbdruck: <\/strong>Unsere Fl\u00fcssigseifenbeutel f\u00fcr den Gro\u00dfhandel unterst\u00fctzen einen hochwertigen Tiefdruck, um die visuelle Kommunikation der Marke zu verbessern.<\/li>\n\n\n\n<li><strong>Bevorzugtes Material PET12\/MBPE60: <\/strong>Unsere individuell bedruckten Standbeutel haben eine gute Festigkeit und chemische Best\u00e4ndigkeit und sch\u00fctzen die darin enthaltenen Reinigungsprodukte wirksam.<\/li>\n\n\n\n<li><strong>Geeignet f\u00fcr eine Vielzahl von Reinigungsprodukten: <\/strong>Unsere Fl\u00fcssigseifenbeutel f\u00fcr den Gro\u00dfhandel eignen sich f\u00fcr die Verpackung von Haushaltsreinigern wie Geschirrsp\u00fclmittel, Waschmittel, Waschpulver und mehr.<\/li>\n<\/ul>\n\n\n\n<div class=\"wp-block-columns is-layout-flex wp-container-core-columns-is-layout-9d6595d7 wp-block-columns-is-layout-flex\">\n<div class=\"wp-block-column is-layout-flow wp-block-column-is-layout-flow\">\n<figure class=\"wp-block-image size-full\"><img decoding=\"async\" width=\"750\" height=\"750\" src=\"https:\/\/www.stanleypackage.com\/wp-content\/uploads\/2025\/04\/Custom-Printed-Stand-Up-Pouches-for-Dishwashing-Liquid-5.webp\" alt=\"Individuell bedruckte Standbeutel f\u00fcr Geschirrsp\u00fclmittel-5\" class=\"wp-image-1507\" srcset=\"https:\/\/www.stanleypackage.com\/wp-content\/uploads\/2025\/04\/Custom-Printed-Stand-Up-Pouches-for-Dishwashing-Liquid-5.webp 750w, https:\/\/www.stanleypackage.com\/wp-content\/uploads\/2025\/04\/Custom-Printed-Stand-Up-Pouches-for-Dishwashing-Liquid-5-300x300.webp 300w, https:\/\/www.stanleypackage.com\/wp-content\/uploads\/2025\/04\/Custom-Printed-Stand-Up-Pouches-for-Dishwashing-Liquid-5-150x150.webp 150w, https:\/\/www.stanleypackage.com\/wp-content\/uploads\/2025\/04\/Custom-Printed-Stand-Up-Pouches-for-Dishwashing-Liquid-5-600x600.webp 600w, https:\/\/www.stanleypackage.com\/wp-content\/uploads\/2025\/04\/Custom-Printed-Stand-Up-Pouches-for-Dishwashing-Liquid-5-100x100.webp 100w\" sizes=\"(max-width: 750px) 100vw, 750px\" \/><\/figure>\n<\/div>\n\n\n\n<div class=\"wp-block-column is-layout-flow wp-block-column-is-layout-flow\">\n<figure class=\"wp-block-image size-full\"><img decoding=\"async\" width=\"750\" height=\"750\" src=\"https:\/\/www.stanleypackage.com\/wp-content\/uploads\/2025\/04\/Custom-Printed-Stand-Up-Pouches-for-Dishwashing-Liquid-1.webp\" alt=\"Individuell bedruckte Standbodenbeutel f\u00fcr Geschirrsp\u00fclmittel-1\" class=\"wp-image-1503\" srcset=\"https:\/\/www.stanleypackage.com\/wp-content\/uploads\/2025\/04\/Custom-Printed-Stand-Up-Pouches-for-Dishwashing-Liquid-1.webp 750w, https:\/\/www.stanleypackage.com\/wp-content\/uploads\/2025\/04\/Custom-Printed-Stand-Up-Pouches-for-Dishwashing-Liquid-1-300x300.webp 300w, https:\/\/www.stanleypackage.com\/wp-content\/uploads\/2025\/04\/Custom-Printed-Stand-Up-Pouches-for-Dishwashing-Liquid-1-150x150.webp 150w, https:\/\/www.stanleypackage.com\/wp-content\/uploads\/2025\/04\/Custom-Printed-Stand-Up-Pouches-for-Dishwashing-Liquid-1-600x600.webp 600w, https:\/\/www.stanleypackage.com\/wp-content\/uploads\/2025\/04\/Custom-Printed-Stand-Up-Pouches-for-Dishwashing-Liquid-1-100x100.webp 100w\" sizes=\"(max-width: 750px) 100vw, 750px\" \/><\/figure>\n<\/div>\n<\/div>\n<\/div>\n<\/div>","protected":false},"excerpt":{"rendered":"<p>Willkommen zum Kauf von individuell bedruckten Standbodenbeuteln. Unsere Gro\u00dfhandelsbeutel f\u00fcr Fl\u00fcssigseife k\u00f6nnen f\u00fcr Geschirrsp\u00fclmittel, Waschpulver und Waschmittel verwendet werden. Der selbststehende Boden des Beutels mit der oberen Einf\u00fcll\u00f6ffnung erh\u00f6ht die Praktikabilit\u00e4t der flexiblen Verpackung.<\/p>\n<table style=\"border-collapse: collapse; width: 365.02pt;\" border=\"0\" width=\"365\" cellspacing=\"0\" cellpadding=\"0\">\n<tbody>\n<tr style=\"height: 16.00pt;\">\n<td class=\"et2\" style=\"height: 16.00pt; width: 97.50pt;\" width=\"97\" height=\"16\">Hersteller<\/td>\n<td class=\"et2\" style=\"width: 267.50pt;\" width=\"267\">Stanley<\/td>\n<\/tr>\n<tr style=\"height: 16.00pt;\">\n<td class=\"et2\" style=\"height: 16.00pt; width: 97.50pt;\" width=\"97\" height=\"16\">Arten von Beuteln<\/td>\n<td class=\"et2\" style=\"width: 267.50pt;\" width=\"267\">Stand Up Pouch<\/td>\n<\/tr>\n<tr style=\"height: 16.00pt;\">\n<td class=\"et2\" style=\"height: 16.00pt; width: 97.50pt;\" width=\"97\" height=\"16\">Material<\/td>\n<td class=\"et2\" style=\"width: 267.50pt;\" width=\"267\">PET12\/MBPE60<\/td>\n<\/tr>\n<tr style=\"height: 16.00pt;\">\n<td class=\"et2\" style=\"height: 16.00pt; width: 97.50pt;\" width=\"97\" height=\"16\">Besonderes Merkmal<\/td>\n<td class=\"et2\" style=\"width: 267.50pt;\" width=\"267\">Stand Up Bottom, Top Filling, Hakenloch<\/td>\n<\/tr>\n<tr style=\"height: 16.00pt;\">\n<td class=\"et2\" style=\"height: 16.00pt; width: 97.50pt;\" width=\"97\" height=\"16\">Handhabung der Oberfl\u00e4che<\/td>\n<td class=\"et2\" style=\"width: 267.50pt;\" width=\"267\">Tiefdruck<\/td>\n<\/tr>\n<tr style=\"height: 16.00pt;\">\n<td class=\"et2\" style=\"height: 16.00pt; width: 97.50pt;\" width=\"97\" height=\"16\">Farbe<\/td>\n<td class=\"et2\" style=\"width: 267.50pt;\" width=\"267\">Beidseitiger Druck, bis zu 10 Farben<\/td>\n<\/tr>\n<tr style=\"height: 16.00pt;\">\n<td class=\"et2\" style=\"height: 16.00pt; width: 97.50pt;\" width=\"97\" height=\"16\">Verwendung<\/td>\n<td class=\"et2\" style=\"width: 267.50pt;\" width=\"267\">Geschirrsp\u00fclmittel, Waschmittel, Waschpulver<\/td>\n<\/tr>\n<tr style=\"height: 16.00pt;\">\n<td class=\"et2\" style=\"height: 16.00pt; width: 97.50pt;\" width=\"97\" height=\"16\">MOQ<\/td>\n<td class=\"et2\" style=\"width: 267.50pt;\" width=\"267\">50.000 St\u00fcck<\/td>\n<\/tr>\n<tr style=\"height: 16.00pt;\">\n<td class=\"et2\" style=\"height: 16.00pt; width: 97.50pt;\" width=\"97\" height=\"16\">Individuelle Bestellung<\/td>\n<td class=\"et2\" style=\"width: 267.50pt;\" width=\"267\">Akzeptieren Sie OEM &amp; ODM, unterst\u00fctzen Sie freie Probe<\/td>\n<\/tr>\n<\/tbody>\n<\/table>","protected":false},"featured_media":1508,"comment_status":"closed","ping_status":"closed","template":"","meta":{"_acf_changed":false},"product_brand":[],"product_cat":[30],"product_tag":[],"class_list":{"0":"post-1502","1":"product","2":"type-product","3":"status-publish","4":"has-post-thumbnail","6":"product_cat-stand-up-pouch-manufacturer","7":"pa_non-food-packaging-non-food-powder-packaging","8":"pa_non-food-packaging-soap-detergent-pouches","10":"first","11":"instock","12":"shipping-taxable","13":"product-type-simple"},"acf":[],"_links":{"self":[{"href":"https:\/\/www.stanleypackage.com\/de\/wp-json\/wp\/v2\/product\/1502","targetHints":{"allow":["GET"]}}],"collection":[{"href":"https:\/\/www.stanleypackage.com\/de\/wp-json\/wp\/v2\/product"}],"about":[{"href":"https:\/\/www.stanleypackage.com\/de\/wp-json\/wp\/v2\/types\/product"}],"replies":[{"embeddable":true,"href":"https:\/\/www.stanleypackage.com\/de\/wp-json\/wp\/v2\/comments?post=1502"}],"wp:featuredmedia":[{"embeddable":true,"href":"https:\/\/www.stanleypackage.com\/de\/wp-json\/wp\/v2\/media\/1508"}],"wp:attachment":[{"href":"https:\/\/www.stanleypackage.com\/de\/wp-json\/wp\/v2\/media?parent=1502"}],"wp:term":[{"taxonomy":"product_brand","embeddable":true,"href":"https:\/\/www.stanleypackage.com\/de\/wp-json\/wp\/v2\/product_brand?post=1502"},{"taxonomy":"product_cat","embeddable":true,"href":"https:\/\/www.stanleypackage.com\/de\/wp-json\/wp\/v2\/product_cat?post=1502"},{"taxonomy":"product_tag","embeddable":true,"href":"https:\/\/www.stanleypackage.com\/de\/wp-json\/wp\/v2\/product_tag?post=1502"}],"curies":[{"name":"wp","href":"https:\/\/api.w.org\/{rel}","templated":true}]}}