{"id":1510,"date":"2025-04-10T07:20:29","date_gmt":"2025-04-10T07:20:29","guid":{"rendered":"https:\/\/www.stanleypackage.com\/?post_type=product&#038;p=1510"},"modified":"2025-04-10T07:49:10","modified_gmt":"2025-04-10T07:49:10","slug":"wholesale-stand-up-pouches","status":"publish","type":"product","link":"https:\/\/www.stanleypackage.com\/de\/product\/wholesale-stand-up-pouches\/","title":{"rendered":"Gro\u00dfhandel Stand Up Pouches, benutzerdefinierte Candy Pouch mit Rei\u00dfverschluss"},"content":{"rendered":"<div class=\"wp-block-columns is-layout-flex wp-container-core-columns-is-layout-9d6595d7 wp-block-columns-is-layout-flex\">\n<div class=\"wp-block-column is-layout-flow wp-block-column-is-layout-flow\">\n<h2 class=\"wp-block-heading\">Eigenschaften von Gro\u00dfhandel Stand Up Pouches<\/h2>\n\n\n\n<ul class=\"wp-block-list\">\n<li><strong>Selbsttragende Bodenstruktur des Beutels: <\/strong>Diese Standbeutel f\u00fcr den Gro\u00dfhandel haben ein stabiles Design, eignen sich f\u00fcr die Platzierung im Regal und verbessern die visuelle Wirkung von Snackprodukten.<\/li>\n\n\n\n<li><strong>Ausgestattet mit Aufh\u00e4ngeloch-Design: <\/strong>Diese kundenspezifischen Bonbontaschen haben Aufh\u00e4ngel\u00f6cher, die sich gut f\u00fcr die h\u00e4ngende Pr\u00e4sentation eignen, die Verkaufsszenarien erweitern und die Bequemlichkeit im Einzelhandel verbessern.<\/li>\n\n\n\n<li><strong>Leicht abrei\u00dfbares Design: <\/strong>Diese Standbeutel f\u00fcr den Gro\u00dfhandel haben Aufrei\u00dfkerben, mit denen die Verpackung leicht aufgerissen werden kann, was das \u00d6ffnen erleichtert und die Benutzererfahrung verbessert.<\/li>\n\n\n\n<li><strong>Versiegelte Rei\u00dfverschlussstruktur: <\/strong>Unsere ma\u00dfgefertigten S\u00fc\u00dfwarenbeutel mit Rei\u00dfverschluss lassen sich mehrfach \u00f6ffnen und schlie\u00dfen, halten S\u00fc\u00dfigkeiten und Snacks frisch und hygienisch und sind f\u00fcr den t\u00e4glichen Verzehr geeignet.<\/li>\n\n\n\n<li><strong>Hochwertige Verbundwerkstoffe PET12\/VMPET12\/PE70:<\/strong> Unsere Gro\u00dfhandels-Standbeutel haben gute Barriereeigenschaften, sind feuchtigkeits- und oxidationsbest\u00e4ndig und gew\u00e4hrleisten Lebensmittelqualit\u00e4t.<\/li>\n\n\n\n<li><strong>Geeignet f\u00fcr verschiedene Snacks: <\/strong>Diese kundenspezifischen S\u00fc\u00dfwarenbeutel mit Rei\u00dfverschluss eignen sich f\u00fcr verschiedene Lebensmittelverpackungen, wie z. B. Hartkaramellen, Weichkaramellen, Marshmallows, Obstkonserven, N\u00fcsse usw.<\/li>\n<\/ul>\n\n\n\n<div class=\"wp-block-columns is-layout-flex wp-container-core-columns-is-layout-9d6595d7 wp-block-columns-is-layout-flex\">\n<div class=\"wp-block-column is-layout-flow wp-block-column-is-layout-flow\">\n<figure class=\"wp-block-image size-full\"><img decoding=\"async\" width=\"750\" height=\"750\" src=\"https:\/\/www.stanleypackage.com\/wp-content\/uploads\/2025\/04\/Wholesale-Stand-Up-Pouches-Custom-Candy-Zipper-Pouches-4.webp\" alt=\"Gro\u00dfhandel Stand Up Pouches, benutzerdefinierte S\u00fc\u00dfigkeiten Zipper Pouches-4\" class=\"wp-image-1514\" srcset=\"https:\/\/www.stanleypackage.com\/wp-content\/uploads\/2025\/04\/Wholesale-Stand-Up-Pouches-Custom-Candy-Zipper-Pouches-4.webp 750w, https:\/\/www.stanleypackage.com\/wp-content\/uploads\/2025\/04\/Wholesale-Stand-Up-Pouches-Custom-Candy-Zipper-Pouches-4-300x300.webp 300w, https:\/\/www.stanleypackage.com\/wp-content\/uploads\/2025\/04\/Wholesale-Stand-Up-Pouches-Custom-Candy-Zipper-Pouches-4-150x150.webp 150w, https:\/\/www.stanleypackage.com\/wp-content\/uploads\/2025\/04\/Wholesale-Stand-Up-Pouches-Custom-Candy-Zipper-Pouches-4-600x600.webp 600w, https:\/\/www.stanleypackage.com\/wp-content\/uploads\/2025\/04\/Wholesale-Stand-Up-Pouches-Custom-Candy-Zipper-Pouches-4-100x100.webp 100w\" sizes=\"(max-width: 750px) 100vw, 750px\" \/><\/figure>\n<\/div>\n\n\n\n<div class=\"wp-block-column is-layout-flow wp-block-column-is-layout-flow\">\n<figure class=\"wp-block-image size-full\"><img decoding=\"async\" width=\"750\" height=\"750\" src=\"https:\/\/www.stanleypackage.com\/wp-content\/uploads\/2025\/04\/Wholesale-Stand-Up-Pouches-Custom-Candy-Zipper-Pouches-3.webp\" alt=\"Gro\u00dfhandel Stand Up Pouches, benutzerdefinierte S\u00fc\u00dfigkeiten Zipper Pouches-3\" class=\"wp-image-1513\" srcset=\"https:\/\/www.stanleypackage.com\/wp-content\/uploads\/2025\/04\/Wholesale-Stand-Up-Pouches-Custom-Candy-Zipper-Pouches-3.webp 750w, https:\/\/www.stanleypackage.com\/wp-content\/uploads\/2025\/04\/Wholesale-Stand-Up-Pouches-Custom-Candy-Zipper-Pouches-3-300x300.webp 300w, https:\/\/www.stanleypackage.com\/wp-content\/uploads\/2025\/04\/Wholesale-Stand-Up-Pouches-Custom-Candy-Zipper-Pouches-3-150x150.webp 150w, https:\/\/www.stanleypackage.com\/wp-content\/uploads\/2025\/04\/Wholesale-Stand-Up-Pouches-Custom-Candy-Zipper-Pouches-3-600x600.webp 600w, https:\/\/www.stanleypackage.com\/wp-content\/uploads\/2025\/04\/Wholesale-Stand-Up-Pouches-Custom-Candy-Zipper-Pouches-3-100x100.webp 100w\" sizes=\"(max-width: 750px) 100vw, 750px\" \/><\/figure>\n<\/div>\n<\/div>\n<\/div>\n<\/div>","protected":false},"excerpt":{"rendered":"<p>Willkommen bei benutzerdefinierten S\u00fc\u00dfigkeiten Beutel. Dieser Gro\u00dfhandel stehen bis Beutel mit Rei\u00dfverschluss, rei\u00dfen Kerbe und h\u00e4ngen Loch ist speziell f\u00fcr S\u00fc\u00dfigkeiten, getrocknete Fr\u00fcchte, Snacks und andere Snacks Lebensmittel, um das Regal Display-Effekt des Produkts zu verbessern.<\/p>\n<table width=\"365\">\n<tbody>\n<tr>\n<td width=\"97\">Hersteller<\/td>\n<td width=\"267\">Stanley<\/td>\n<\/tr>\n<tr>\n<td width=\"97\">Arten von Beuteln<\/td>\n<td width=\"267\">Stand Up Pouch, Zipper Pouch<\/td>\n<\/tr>\n<tr>\n<td width=\"97\">Material<\/td>\n<td width=\"267\">PET12\/VMPET12\/PE70<\/td>\n<\/tr>\n<tr>\n<td width=\"97\">Besonderes Merkmal<\/td>\n<td width=\"267\">Aufh\u00e4ngeloch, Rei\u00dfverschluss, Aufrei\u00dfkerbe<\/td>\n<\/tr>\n<tr>\n<td width=\"97\">Handhabung der Oberfl\u00e4che<\/td>\n<td width=\"267\">Tiefdruck<\/td>\n<\/tr>\n<tr>\n<td width=\"97\">Farbe<\/td>\n<td width=\"267\">Beidseitiger Druck, bis zu 10 Farben<\/td>\n<\/tr>\n<tr>\n<td width=\"97\">Verwendung<\/td>\n<td width=\"267\">S\u00fc\u00dfigkeiten, Gummib\u00e4rchen, N\u00fcsse, Trockenfr\u00fcchte, usw.<\/td>\n<\/tr>\n<tr>\n<td width=\"97\">MOQ<\/td>\n<td width=\"267\">50.000 St\u00fcck<\/td>\n<\/tr>\n<tr>\n<td width=\"97\">Individuelle Bestellung<\/td>\n<td width=\"267\">Akzeptieren Sie OEM &amp; ODM, unterst\u00fctzen Sie freie Probe<\/td>\n<\/tr>\n<\/tbody>\n<\/table>","protected":false},"featured_media":1512,"comment_status":"closed","ping_status":"closed","template":"","meta":{"_acf_changed":false},"product_brand":[],"product_cat":[30,18],"product_tag":[],"class_list":{"0":"post-1510","1":"product","2":"type-product","3":"status-publish","4":"has-post-thumbnail","6":"product_cat-stand-up-pouch-manufacturer","7":"product_cat-zipper-pouch-manufacturer","8":"pa_food-packaging-snack-food-pouch","10":"first","11":"instock","12":"shipping-taxable","13":"product-type-simple"},"acf":[],"_links":{"self":[{"href":"https:\/\/www.stanleypackage.com\/de\/wp-json\/wp\/v2\/product\/1510","targetHints":{"allow":["GET"]}}],"collection":[{"href":"https:\/\/www.stanleypackage.com\/de\/wp-json\/wp\/v2\/product"}],"about":[{"href":"https:\/\/www.stanleypackage.com\/de\/wp-json\/wp\/v2\/types\/product"}],"replies":[{"embeddable":true,"href":"https:\/\/www.stanleypackage.com\/de\/wp-json\/wp\/v2\/comments?post=1510"}],"wp:featuredmedia":[{"embeddable":true,"href":"https:\/\/www.stanleypackage.com\/de\/wp-json\/wp\/v2\/media\/1512"}],"wp:attachment":[{"href":"https:\/\/www.stanleypackage.com\/de\/wp-json\/wp\/v2\/media?parent=1510"}],"wp:term":[{"taxonomy":"product_brand","embeddable":true,"href":"https:\/\/www.stanleypackage.com\/de\/wp-json\/wp\/v2\/product_brand?post=1510"},{"taxonomy":"product_cat","embeddable":true,"href":"https:\/\/www.stanleypackage.com\/de\/wp-json\/wp\/v2\/product_cat?post=1510"},{"taxonomy":"product_tag","embeddable":true,"href":"https:\/\/www.stanleypackage.com\/de\/wp-json\/wp\/v2\/product_tag?post=1510"}],"curies":[{"name":"wp","href":"https:\/\/api.w.org\/{rel}","templated":true}]}}