{"id":1532,"date":"2025-04-10T08:41:36","date_gmt":"2025-04-10T08:41:36","guid":{"rendered":"https:\/\/www.stanleypackage.com\/?post_type=product&#038;p=1532"},"modified":"2025-04-10T09:12:46","modified_gmt":"2025-04-10T09:12:46","slug":"spouted-pouches-wholesale","status":"publish","type":"product","link":"https:\/\/www.stanleypackage.com\/de\/product\/spouted-pouches-wholesale\/","title":{"rendered":"Stand Up Spouted Pouches Gro\u00dfhandel f\u00fcr Waschmittel"},"content":{"rendered":"<div class=\"wp-block-columns is-layout-flex wp-container-core-columns-is-layout-9d6595d7 wp-block-columns-is-layout-flex\">\n<div class=\"wp-block-column is-layout-flow wp-block-column-is-layout-flow\">\n<h2 class=\"wp-block-heading\">Merkmale der Spouted Pouches Gro\u00dfhandel<\/h2>\n\n\n\n<ul class=\"wp-block-list\">\n<li><strong>Saugd\u00fcsen-Design, leicht zu gie\u00dfen: <\/strong>Diese Beutel mit Ausgie\u00dfer sind im Gro\u00dfhandel mit einem einfachen Ausgie\u00dfer ausgestattet, der sauberer und hygienischer zu verwenden ist und ein Versch\u00fctten verhindert.<\/li>\n\n\n\n<li><strong>Selbststehender Boden, stabiles Display: <\/strong>Die aufrecht stehende Konstruktion dieses individuellen Waschmittelbeutels kann nicht so leicht umkippen, was f\u00fcr die Aufbewahrung zu Hause praktisch ist.<\/li>\n\n\n\n<li><strong>Beidseitiger Druck, visuell herausragend: <\/strong>Unsere Ausgie\u00dferbeutel f\u00fcr den Gro\u00dfhandel unterst\u00fctzen bis zu 10-Farben-Tiefdrucktechniken, die das hochwertige Image der Marke zeigen und die Aufmerksamkeit der Verbraucher auf sich ziehen.<\/li>\n\n\n\n<li><strong>Mehrschichtige Materialstruktur, starke Barriere: <\/strong>F\u00fcr unsere kundenspezifischen Waschmittelbeutel werden PET12\/BOPA15\/MBPE120-Verbundmaterialien verwendet, die sich durch gute feuchtigkeits- und sauerstoffdichte sowie durchsto\u00dffeste Eigenschaften auszeichnen.<\/li>\n\n\n\n<li><strong>Vielseitig einsetzbar, geeignet f\u00fcr eine Vielzahl von Reinigungsprodukten: <\/strong>Diese Beutel mit Ausgie\u00dfer im Gro\u00dfhandel eignen sich f\u00fcr eine Vielzahl von chemischen Produkten des t\u00e4glichen Bedarfs wie Waschmittel, Waschpulver, Fl\u00fcssigseife, Weichsp\u00fcler usw.<\/li>\n\n\n\n<li><strong>Anpassung an die automatische Bef\u00fcllung: <\/strong>Diese kundenspezifischen Waschmittelbeutel eignen sich f\u00fcr automatisierte Abf\u00fcllanlagen, um die Verpackungseffizienz und Produktkonsistenz zu verbessern.<\/li>\n<\/ul>\n\n\n\n<div class=\"wp-block-columns is-layout-flex wp-container-core-columns-is-layout-9d6595d7 wp-block-columns-is-layout-flex\">\n<div class=\"wp-block-column is-layout-flow wp-block-column-is-layout-flow\">\n<figure class=\"wp-block-image size-full\"><img decoding=\"async\" width=\"750\" height=\"750\" src=\"https:\/\/www.stanleypackage.com\/wp-content\/uploads\/2025\/04\/Stand-Up-Spouted-Pouches-Wholesale-For-Laundry-Detergent-8.webp\" alt=\"Stand Up Spouted Pouches Gro\u00dfhandel f\u00fcr Waschmittel-8\" class=\"wp-image-1540\" srcset=\"https:\/\/www.stanleypackage.com\/wp-content\/uploads\/2025\/04\/Stand-Up-Spouted-Pouches-Wholesale-For-Laundry-Detergent-8.webp 750w, https:\/\/www.stanleypackage.com\/wp-content\/uploads\/2025\/04\/Stand-Up-Spouted-Pouches-Wholesale-For-Laundry-Detergent-8-300x300.webp 300w, https:\/\/www.stanleypackage.com\/wp-content\/uploads\/2025\/04\/Stand-Up-Spouted-Pouches-Wholesale-For-Laundry-Detergent-8-150x150.webp 150w, https:\/\/www.stanleypackage.com\/wp-content\/uploads\/2025\/04\/Stand-Up-Spouted-Pouches-Wholesale-For-Laundry-Detergent-8-600x600.webp 600w, https:\/\/www.stanleypackage.com\/wp-content\/uploads\/2025\/04\/Stand-Up-Spouted-Pouches-Wholesale-For-Laundry-Detergent-8-100x100.webp 100w\" sizes=\"(max-width: 750px) 100vw, 750px\" \/><\/figure>\n<\/div>\n\n\n\n<div class=\"wp-block-column is-layout-flow wp-block-column-is-layout-flow\">\n<figure class=\"wp-block-image size-full\"><img decoding=\"async\" width=\"750\" height=\"750\" src=\"https:\/\/www.stanleypackage.com\/wp-content\/uploads\/2025\/04\/Stand-Up-Spouted-Pouches-Wholesale-For-Laundry-Detergent-6.webp\" alt=\"Stand Up Spouted Pouches Gro\u00dfhandel f\u00fcr Waschmittel-6\" class=\"wp-image-1538\" srcset=\"https:\/\/www.stanleypackage.com\/wp-content\/uploads\/2025\/04\/Stand-Up-Spouted-Pouches-Wholesale-For-Laundry-Detergent-6.webp 750w, https:\/\/www.stanleypackage.com\/wp-content\/uploads\/2025\/04\/Stand-Up-Spouted-Pouches-Wholesale-For-Laundry-Detergent-6-300x300.webp 300w, https:\/\/www.stanleypackage.com\/wp-content\/uploads\/2025\/04\/Stand-Up-Spouted-Pouches-Wholesale-For-Laundry-Detergent-6-150x150.webp 150w, https:\/\/www.stanleypackage.com\/wp-content\/uploads\/2025\/04\/Stand-Up-Spouted-Pouches-Wholesale-For-Laundry-Detergent-6-600x600.webp 600w, https:\/\/www.stanleypackage.com\/wp-content\/uploads\/2025\/04\/Stand-Up-Spouted-Pouches-Wholesale-For-Laundry-Detergent-6-100x100.webp 100w\" sizes=\"(max-width: 750px) 100vw, 750px\" \/><\/figure>\n<\/div>\n<\/div>\n<\/div>\n<\/div>","protected":false},"excerpt":{"rendered":"<p>Willkommen bei kundenspezifischen Waschmittelbeuteln. Diese Premium-Beutel mit Ausgie\u00dfer im Gro\u00dfhandel haben eine hervorragende Abdichtung und Haltbarkeit, sind mit einem stabilen Standboden ausgestattet und werden h\u00e4ufig f\u00fcr die Verpackung von Reinigungsprodukten wie Waschmittel, Waschpulver, Fl\u00fcssigseife usw. verwendet.<\/p>\n<table style=\"border-collapse: collapse; width: 365.02pt;\" border=\"0\" width=\"365\" cellspacing=\"0\" cellpadding=\"0\">\n<tbody>\n<tr style=\"height: 16.00pt;\">\n<td class=\"et2\" style=\"height: 16.00pt; width: 97.50pt;\" width=\"97\" height=\"16\">Hersteller<\/td>\n<td class=\"et2\" style=\"width: 267.50pt;\" width=\"267\">Stanley<\/td>\n<\/tr>\n<tr style=\"height: 16.00pt;\">\n<td class=\"et2\" style=\"height: 16.00pt; width: 97.50pt;\" width=\"97\" height=\"16\">Arten von Beuteln<\/td>\n<td class=\"et2\" style=\"width: 267.50pt;\" width=\"267\">Ausgie\u00dfertasche, Stand Up Pouch<\/td>\n<\/tr>\n<tr style=\"height: 16.00pt;\">\n<td class=\"et2\" style=\"height: 16.00pt; width: 97.50pt;\" width=\"97\" height=\"16\">Material<\/td>\n<td class=\"et2\" style=\"width: 267.50pt;\" width=\"267\">PET12\/BOPA15\/MBPE120<\/td>\n<\/tr>\n<tr style=\"height: 16.00pt;\">\n<td class=\"et2\" style=\"height: 16.00pt; width: 97.50pt;\" width=\"97\" height=\"16\">Besonderes Merkmal<\/td>\n<td class=\"et2\" style=\"width: 267.50pt;\" width=\"267\">Ausgie\u00dfer, selbststehender Boden<\/td>\n<\/tr>\n<tr style=\"height: 16.00pt;\">\n<td class=\"et2\" style=\"height: 16.00pt; width: 97.50pt;\" width=\"97\" height=\"16\">Handhabung der Oberfl\u00e4che<\/td>\n<td class=\"et2\" style=\"width: 267.50pt;\" width=\"267\">Tiefdruck<\/td>\n<\/tr>\n<tr style=\"height: 16.00pt;\">\n<td class=\"et2\" style=\"height: 16.00pt; width: 97.50pt;\" width=\"97\" height=\"16\">Farbe<\/td>\n<td class=\"et2\" style=\"width: 267.50pt;\" width=\"267\">Beidseitiger Druck, bis zu 10 Farben<\/td>\n<\/tr>\n<tr style=\"height: 16.00pt;\">\n<td class=\"et2\" style=\"height: 16.00pt; width: 97.50pt;\" width=\"97\" height=\"16\">Verwendung<\/td>\n<td class=\"et2\" style=\"width: 267.50pt;\" width=\"267\">Waschmittel, Waschpulver, Fl\u00fcssigseife<\/td>\n<\/tr>\n<tr style=\"height: 16.00pt;\">\n<td class=\"et2\" style=\"height: 16.00pt; width: 97.50pt;\" width=\"97\" height=\"16\">MOQ<\/td>\n<td class=\"et2\" style=\"width: 267.50pt;\" width=\"267\">50.000 St\u00fcck<\/td>\n<\/tr>\n<tr style=\"height: 16.00pt;\">\n<td class=\"et2\" style=\"height: 16.00pt; width: 97.50pt;\" width=\"97\" height=\"16\">Individuelle Bestellung<\/td>\n<td class=\"et2\" style=\"width: 267.50pt;\" width=\"267\">Akzeptieren Sie OEM &amp; ODM, unterst\u00fctzen Sie freie Probe<\/td>\n<\/tr>\n<\/tbody>\n<\/table>","protected":false},"featured_media":1539,"comment_status":"closed","ping_status":"closed","template":"","meta":{"_acf_changed":false},"product_brand":[],"product_cat":[32,30],"product_tag":[],"class_list":{"0":"post-1532","1":"product","2":"type-product","3":"status-publish","4":"has-post-thumbnail","6":"product_cat-spout-pouch-manufacturer","7":"product_cat-stand-up-pouch-manufacturer","8":"pa_non-food-packaging-soap-detergent-pouches","10":"first","11":"instock","12":"shipping-taxable","13":"product-type-simple"},"acf":[],"_links":{"self":[{"href":"https:\/\/www.stanleypackage.com\/de\/wp-json\/wp\/v2\/product\/1532","targetHints":{"allow":["GET"]}}],"collection":[{"href":"https:\/\/www.stanleypackage.com\/de\/wp-json\/wp\/v2\/product"}],"about":[{"href":"https:\/\/www.stanleypackage.com\/de\/wp-json\/wp\/v2\/types\/product"}],"replies":[{"embeddable":true,"href":"https:\/\/www.stanleypackage.com\/de\/wp-json\/wp\/v2\/comments?post=1532"}],"wp:featuredmedia":[{"embeddable":true,"href":"https:\/\/www.stanleypackage.com\/de\/wp-json\/wp\/v2\/media\/1539"}],"wp:attachment":[{"href":"https:\/\/www.stanleypackage.com\/de\/wp-json\/wp\/v2\/media?parent=1532"}],"wp:term":[{"taxonomy":"product_brand","embeddable":true,"href":"https:\/\/www.stanleypackage.com\/de\/wp-json\/wp\/v2\/product_brand?post=1532"},{"taxonomy":"product_cat","embeddable":true,"href":"https:\/\/www.stanleypackage.com\/de\/wp-json\/wp\/v2\/product_cat?post=1532"},{"taxonomy":"product_tag","embeddable":true,"href":"https:\/\/www.stanleypackage.com\/de\/wp-json\/wp\/v2\/product_tag?post=1532"}],"curies":[{"name":"wp","href":"https:\/\/api.w.org\/{rel}","templated":true}]}}