{"id":1541,"date":"2025-04-10T09:12:58","date_gmt":"2025-04-10T09:12:58","guid":{"rendered":"https:\/\/www.stanleypackage.com\/?post_type=product&#038;p=1541"},"modified":"2025-04-10T09:29:41","modified_gmt":"2025-04-10T09:29:41","slug":"custom-printing-stand-up-pouches","status":"publish","type":"product","link":"https:\/\/www.stanleypackage.com\/de\/product\/custom-printing-stand-up-pouches\/","title":{"rendered":"Benutzerdefinierte Druck Stand Up Pouches, Gro\u00dfhandel Waschmittel-Taschen"},"content":{"rendered":"<div class=\"wp-block-columns is-layout-flex wp-container-core-columns-is-layout-9d6595d7 wp-block-columns-is-layout-flex\">\n<div class=\"wp-block-column is-layout-flow wp-block-column-is-layout-flow\">\n<h2 class=\"wp-block-heading\">Merkmale von individuell bedruckten Standbodenbeuteln<\/h2>\n\n\n\n<ul class=\"wp-block-list\">\n<li><strong>Speziell geformtes Taschendesign zur Steigerung der Markenwiedererkennung: <\/strong>Diese individuell bedruckten Standbodenbeutel k\u00f6nnen mit einzigartigen Beutelformen versehen werden, z. B. in Form einer Flasche, um die Aufmerksamkeit der Verbraucher zu erregen.<\/li>\n\n\n\n<li><strong>Selbsttragende Struktur, stabilere Anzeige: <\/strong>Diese Gro\u00dfhandels-Waschmittelbeutel k\u00f6nnen nat\u00fcrlich am Boden stehen, was die Wirkung der Regalpr\u00e4sentation und die Benutzererfahrung verbessert.<\/li>\n\n\n\n<li><strong>Bef\u00fcllung von oben, geeignet f\u00fcr eine Vielzahl von Produktionslinien: <\/strong>Diese individuell bedruckten Standbodenbeutel sind von oben bef\u00fcllbar und eignen sich f\u00fcr das schnelle Abf\u00fcllen und Verschlie\u00dfen von fl\u00fcssigen oder pulverf\u00f6rmigen Produkten.<\/li>\n\n\n\n<li><strong>Leichtes Aufrei\u00dfen, bequemer zu \u00f6ffnen: <\/strong>Unsere Gro\u00dfhandels-Waschmittel-Beutel sind mit leicht zu rei\u00dfenden Kerben versehen, so dass die Benutzer sie leicht mit der Hand und ohne Werkzeug aufrei\u00dfen k\u00f6nnen, bequem und sorgenfrei zu verwenden.<\/li>\n\n\n\n<li><strong>Verbundwerkstoffe mit hoher Barriere zum Schutz der Produktqualit\u00e4t: <\/strong>Diese individuell bedruckten Standbeutel bestehen aus PET12\/BOPA15\/MBPE115-Verbundmaterial, das feuchtigkeitsbest\u00e4ndig, oxidationsbest\u00e4ndig und durchsto\u00dffest ist und die Haltbarkeit des Produkts verl\u00e4ngert.<\/li>\n\n\n\n<li><strong>Beidseitiger hochwertiger Druck nach Ma\u00df: <\/strong>Unsere Gro\u00dfhandelspackungen f\u00fcr Waschmittel unterst\u00fctzen den Mehrfarbendruck und k\u00f6nnen je nach den Anforderungen der Marke visuell beeindruckende Verpackungseffekte erzeugen.<\/li>\n<\/ul>\n\n\n\n<div class=\"wp-block-columns is-layout-flex wp-container-core-columns-is-layout-9d6595d7 wp-block-columns-is-layout-flex\">\n<div class=\"wp-block-column is-layout-flow wp-block-column-is-layout-flow\">\n<figure class=\"wp-block-image size-full\"><img decoding=\"async\" width=\"750\" height=\"750\" src=\"https:\/\/www.stanleypackage.com\/wp-content\/uploads\/2025\/04\/Custom-Printing-Stand-Up-Pouches-Wholesale-Detergent-Bags-5.webp\" alt=\"Benutzerdefinierte Druck Stand Up Beutel, Gro\u00dfhandel Waschmittel Taschen-5\" class=\"wp-image-1546\" srcset=\"https:\/\/www.stanleypackage.com\/wp-content\/uploads\/2025\/04\/Custom-Printing-Stand-Up-Pouches-Wholesale-Detergent-Bags-5.webp 750w, https:\/\/www.stanleypackage.com\/wp-content\/uploads\/2025\/04\/Custom-Printing-Stand-Up-Pouches-Wholesale-Detergent-Bags-5-300x300.webp 300w, https:\/\/www.stanleypackage.com\/wp-content\/uploads\/2025\/04\/Custom-Printing-Stand-Up-Pouches-Wholesale-Detergent-Bags-5-150x150.webp 150w, https:\/\/www.stanleypackage.com\/wp-content\/uploads\/2025\/04\/Custom-Printing-Stand-Up-Pouches-Wholesale-Detergent-Bags-5-600x600.webp 600w, https:\/\/www.stanleypackage.com\/wp-content\/uploads\/2025\/04\/Custom-Printing-Stand-Up-Pouches-Wholesale-Detergent-Bags-5-100x100.webp 100w\" sizes=\"(max-width: 750px) 100vw, 750px\" \/><\/figure>\n<\/div>\n\n\n\n<div class=\"wp-block-column is-layout-flow wp-block-column-is-layout-flow\">\n<figure class=\"wp-block-image size-full\"><img decoding=\"async\" width=\"750\" height=\"750\" src=\"https:\/\/www.stanleypackage.com\/wp-content\/uploads\/2025\/04\/Custom-Printing-Stand-Up-Pouches-Wholesale-Detergent-Bags-4.webp\" alt=\"Benutzerdefinierte Druck Stand Up Pouches, Gro\u00dfhandel Waschmittel-Beutel-4\" class=\"wp-image-1545\" srcset=\"https:\/\/www.stanleypackage.com\/wp-content\/uploads\/2025\/04\/Custom-Printing-Stand-Up-Pouches-Wholesale-Detergent-Bags-4.webp 750w, https:\/\/www.stanleypackage.com\/wp-content\/uploads\/2025\/04\/Custom-Printing-Stand-Up-Pouches-Wholesale-Detergent-Bags-4-300x300.webp 300w, https:\/\/www.stanleypackage.com\/wp-content\/uploads\/2025\/04\/Custom-Printing-Stand-Up-Pouches-Wholesale-Detergent-Bags-4-150x150.webp 150w, https:\/\/www.stanleypackage.com\/wp-content\/uploads\/2025\/04\/Custom-Printing-Stand-Up-Pouches-Wholesale-Detergent-Bags-4-600x600.webp 600w, https:\/\/www.stanleypackage.com\/wp-content\/uploads\/2025\/04\/Custom-Printing-Stand-Up-Pouches-Wholesale-Detergent-Bags-4-100x100.webp 100w\" sizes=\"(max-width: 750px) 100vw, 750px\" \/><\/figure>\n<\/div>\n<\/div>\n<\/div>\n<\/div>","protected":false},"excerpt":{"rendered":"<p>Willkommen bei benutzerdefinierten Druck aufstehen Beutel. Unsere Gro\u00dfhandel Waschmittel Taschen unterst\u00fctzen spezielle Form Design und doppelseitigen Druck, geeignet f\u00fcr Fl\u00fcssigwaschmittel, Waschmittel Pulver und andere Artikel, erstellen Sie eine spezielle Paketl\u00f6sung f\u00fcr Ihre Marke.<\/p>\n<table style=\"border-collapse: collapse; width: 365.02pt;\" border=\"0\" width=\"365\" cellspacing=\"0\" cellpadding=\"0\">\n<tbody>\n<tr style=\"height: 16.00pt;\">\n<td class=\"et2\" style=\"height: 16.00pt; width: 97.50pt;\" width=\"97\" height=\"16\">Hersteller<\/td>\n<td class=\"et2\" style=\"width: 267.50pt;\" width=\"267\">Stanley<\/td>\n<\/tr>\n<tr style=\"height: 16.00pt;\">\n<td class=\"et2\" style=\"height: 16.00pt; width: 97.50pt;\" width=\"97\" height=\"16\">Arten von Beuteln<\/td>\n<td class=\"et2\" style=\"width: 267.50pt;\" width=\"267\">Stand Up Pouch, Spezialform Pouch<\/td>\n<\/tr>\n<tr style=\"height: 16.00pt;\">\n<td class=\"et2\" style=\"height: 16.00pt; width: 97.50pt;\" width=\"97\" height=\"16\">Material<\/td>\n<td class=\"et2\" style=\"width: 267.50pt;\" width=\"267\">PET12\/BOPA15\/MBPE115<\/td>\n<\/tr>\n<tr style=\"height: 16.00pt;\">\n<td class=\"et2\" style=\"height: 16.00pt; width: 97.50pt;\" width=\"97\" height=\"16\">Besonderes Merkmal<\/td>\n<td class=\"et2\" style=\"width: 267.50pt;\" width=\"267\">Sonderform, Risskerbe, Top-F\u00fcllung<\/td>\n<\/tr>\n<tr style=\"height: 16.00pt;\">\n<td class=\"et2\" style=\"height: 16.00pt; width: 97.50pt;\" width=\"97\" height=\"16\">Handhabung der Oberfl\u00e4che<\/td>\n<td class=\"et2\" style=\"width: 267.50pt;\" width=\"267\">Tiefdruck<\/td>\n<\/tr>\n<tr style=\"height: 16.00pt;\">\n<td class=\"et2\" style=\"height: 16.00pt; width: 97.50pt;\" width=\"97\" height=\"16\">Farbe<\/td>\n<td class=\"et2\" style=\"width: 267.50pt;\" width=\"267\">Beidseitiger Druck, bis zu 10 Farben<\/td>\n<\/tr>\n<tr style=\"height: 16.00pt;\">\n<td class=\"et2\" style=\"height: 16.00pt; width: 97.50pt;\" width=\"97\" height=\"16\">Verwendung<\/td>\n<td class=\"et2\" style=\"width: 267.50pt;\" width=\"267\">Waschmittel, Waschpulver, Fl\u00fcssigseife<\/td>\n<\/tr>\n<tr style=\"height: 16.00pt;\">\n<td class=\"et2\" style=\"height: 16.00pt; width: 97.50pt;\" width=\"97\" height=\"16\">MOQ<\/td>\n<td class=\"et2\" style=\"width: 267.50pt;\" width=\"267\">50.000 St\u00fcck<\/td>\n<\/tr>\n<tr style=\"height: 16.00pt;\">\n<td class=\"et2\" style=\"height: 16.00pt; width: 97.50pt;\" width=\"97\" height=\"16\">Individuelle Bestellung<\/td>\n<td class=\"et2\" style=\"width: 267.50pt;\" width=\"267\">Akzeptieren Sie OEM &amp; ODM, unterst\u00fctzen Sie freie Probe<\/td>\n<\/tr>\n<\/tbody>\n<\/table>","protected":false},"featured_media":1544,"comment_status":"closed","ping_status":"closed","template":"","meta":{"_acf_changed":false},"product_brand":[],"product_cat":[30,22],"product_tag":[],"class_list":{"0":"post-1541","1":"product","2":"type-product","3":"status-publish","4":"has-post-thumbnail","6":"product_cat-stand-up-pouch-manufacturer","7":"product_cat-shaped-pouches-factory","8":"pa_non-food-packaging-soap-detergent-pouches","10":"first","11":"instock","12":"shipping-taxable","13":"product-type-simple"},"acf":[],"_links":{"self":[{"href":"https:\/\/www.stanleypackage.com\/de\/wp-json\/wp\/v2\/product\/1541","targetHints":{"allow":["GET"]}}],"collection":[{"href":"https:\/\/www.stanleypackage.com\/de\/wp-json\/wp\/v2\/product"}],"about":[{"href":"https:\/\/www.stanleypackage.com\/de\/wp-json\/wp\/v2\/types\/product"}],"replies":[{"embeddable":true,"href":"https:\/\/www.stanleypackage.com\/de\/wp-json\/wp\/v2\/comments?post=1541"}],"wp:featuredmedia":[{"embeddable":true,"href":"https:\/\/www.stanleypackage.com\/de\/wp-json\/wp\/v2\/media\/1544"}],"wp:attachment":[{"href":"https:\/\/www.stanleypackage.com\/de\/wp-json\/wp\/v2\/media?parent=1541"}],"wp:term":[{"taxonomy":"product_brand","embeddable":true,"href":"https:\/\/www.stanleypackage.com\/de\/wp-json\/wp\/v2\/product_brand?post=1541"},{"taxonomy":"product_cat","embeddable":true,"href":"https:\/\/www.stanleypackage.com\/de\/wp-json\/wp\/v2\/product_cat?post=1541"},{"taxonomy":"product_tag","embeddable":true,"href":"https:\/\/www.stanleypackage.com\/de\/wp-json\/wp\/v2\/product_tag?post=1541"}],"curies":[{"name":"wp","href":"https:\/\/api.w.org\/{rel}","templated":true}]}}