{"id":1666,"date":"2025-04-15T06:15:07","date_gmt":"2025-04-15T06:15:07","guid":{"rendered":"https:\/\/www.stanleypackage.com\/?post_type=product&#038;p=1666"},"modified":"2025-09-03T09:18:42","modified_gmt":"2025-09-03T09:18:42","slug":"flexible-packaging-for-snacks","status":"publish","type":"product","link":"https:\/\/www.stanleypackage.com\/de\/product\/flexible-packaging-for-snacks\/","title":{"rendered":"Flexible Verpackungen mit R\u00fccksiegelung f\u00fcr Snacks, Gew\u00fcrze"},"content":{"rendered":"<div class=\"wp-block-columns is-layout-flex wp-container-core-columns-is-layout-9d6595d7 wp-block-columns-is-layout-flex\">\n<div class=\"wp-block-column is-layout-flow wp-block-column-is-layout-flow\">\n<h2 class=\"wp-block-heading\">Merkmale von kundenspezifischen flexiblen Verpackungen f\u00fcr Snacks<\/h2>\n\n\n\n<ul class=\"wp-block-list\">\n<li><strong>Hochwertige Materialstruktur: <\/strong>Diese kundenspezifische flexible Verpackung f\u00fcr Snacks und Gew\u00fcrze besteht aus einer BOPP28\/CPP40-Verbundstruktur, die eine gute Barriere, Feuchtigkeitsbest\u00e4ndigkeit und Durchsto\u00dffestigkeit aufweist, um die Frische und Sicherheit der Lebensmittel zu gew\u00e4hrleisten.<\/li>\n\n\n\n<li><strong>Design der R\u00fcckendichtung: <\/strong>Die Struktur der R\u00fcckseitenversiegelung dieser Gro\u00dfhandels-Beutel ist sch\u00f6n und ordentlich, geeignet f\u00fcr automatische Verpackungsmaschinen, bequem f\u00fcr die Massenproduktion und verbessert die Verpackungseffizienz.<\/li>\n\n\n\n<li><strong>Leicht abrei\u00dfbares Design: <\/strong>Die Aufrei\u00dfkerbe dieser kundenspezifischen flexiblen Verpackung f\u00fcr Snacks und Gew\u00fcrze ist f\u00fcr die Verbraucher leicht zu \u00f6ffnen, verbessert die Benutzererfahrung und kann ohne Werkzeug ge\u00f6ffnet werden.<\/li>\n\n\n\n<li><strong>Obere F\u00fcllung: <\/strong>Entwickelt f\u00fcr die Abf\u00fcllung von oben, geeignet f\u00fcr verschiedene Arten von automatisierten Verpackungslinien, ist der Abf\u00fcllprozess effizient und bequem, und die Arbeitskosten werden reduziert.<\/li>\n\n\n\n<li><strong>Beidseitiger Tiefdruck: <\/strong>Unsere kundenspezifischen flexiblen Verpackungen f\u00fcr Snacks und Gew\u00fcrze erm\u00f6glichen einen exquisiten doppelseitigen Farbdruck mit klaren und vollst\u00e4ndigen Mustern, der das Markenimage und die Attraktivit\u00e4t der Regale erh\u00f6ht.<\/li>\n\n\n\n<li><strong>Verschiedene ma\u00dfgeschneiderte Dienstleistungen: <\/strong>Die Gr\u00f6\u00dfe, das Druckmuster, die Art des Beutels und die funktionelle Struktur k\u00f6nnen je nach Kundenwunsch angepasst werden, um den Verpackungsanforderungen f\u00fcr verschiedene Produkte gerecht zu werden.<\/li>\n<\/ul>\n\n\n\n<div class=\"wp-block-columns is-layout-flex wp-container-core-columns-is-layout-9d6595d7 wp-block-columns-is-layout-flex\">\n<div class=\"wp-block-column is-layout-flow wp-block-column-is-layout-flow\">\n<figure class=\"wp-block-image size-full\"><img decoding=\"async\" width=\"750\" height=\"750\" src=\"https:\/\/www.stanleypackage.com\/wp-content\/uploads\/2025\/04\/Custom-Back-Seal-Flexible-Packaging-for-Snacks-Seasonings-1.webp\" alt=\"Kundenspezifische flexible Verpackungen mit R\u00fccksiegelung f\u00fcr Snacks, Gew\u00fcrze-1\" class=\"wp-image-1667\" srcset=\"https:\/\/www.stanleypackage.com\/wp-content\/uploads\/2025\/04\/Custom-Back-Seal-Flexible-Packaging-for-Snacks-Seasonings-1.webp 750w, https:\/\/www.stanleypackage.com\/wp-content\/uploads\/2025\/04\/Custom-Back-Seal-Flexible-Packaging-for-Snacks-Seasonings-1-300x300.webp 300w, https:\/\/www.stanleypackage.com\/wp-content\/uploads\/2025\/04\/Custom-Back-Seal-Flexible-Packaging-for-Snacks-Seasonings-1-150x150.webp 150w, https:\/\/www.stanleypackage.com\/wp-content\/uploads\/2025\/04\/Custom-Back-Seal-Flexible-Packaging-for-Snacks-Seasonings-1-600x600.webp 600w, https:\/\/www.stanleypackage.com\/wp-content\/uploads\/2025\/04\/Custom-Back-Seal-Flexible-Packaging-for-Snacks-Seasonings-1-100x100.webp 100w\" sizes=\"(max-width: 750px) 100vw, 750px\" \/><\/figure>\n<\/div>\n\n\n\n<div class=\"wp-block-column is-layout-flow wp-block-column-is-layout-flow\">\n<figure class=\"wp-block-image size-full\"><img decoding=\"async\" width=\"750\" height=\"750\" src=\"https:\/\/www.stanleypackage.com\/wp-content\/uploads\/2025\/04\/Custom-Back-Seal-Flexible-Packaging-for-Snacks-Seasonings-4.webp\" alt=\"Kundenspezifische flexible Verpackungen mit R\u00fccksiegelung f\u00fcr Snacks, Gew\u00fcrze-4\" class=\"wp-image-1670\" srcset=\"https:\/\/www.stanleypackage.com\/wp-content\/uploads\/2025\/04\/Custom-Back-Seal-Flexible-Packaging-for-Snacks-Seasonings-4.webp 750w, https:\/\/www.stanleypackage.com\/wp-content\/uploads\/2025\/04\/Custom-Back-Seal-Flexible-Packaging-for-Snacks-Seasonings-4-300x300.webp 300w, https:\/\/www.stanleypackage.com\/wp-content\/uploads\/2025\/04\/Custom-Back-Seal-Flexible-Packaging-for-Snacks-Seasonings-4-150x150.webp 150w, https:\/\/www.stanleypackage.com\/wp-content\/uploads\/2025\/04\/Custom-Back-Seal-Flexible-Packaging-for-Snacks-Seasonings-4-600x600.webp 600w, https:\/\/www.stanleypackage.com\/wp-content\/uploads\/2025\/04\/Custom-Back-Seal-Flexible-Packaging-for-Snacks-Seasonings-4-100x100.webp 100w\" sizes=\"(max-width: 750px) 100vw, 750px\" \/><\/figure>\n<\/div>\n<\/div>\n<\/div>\n<\/div>","protected":false},"excerpt":{"rendered":"<p>Willkommen im Gro\u00dfhandel R\u00fcckenversiegelung Beutel zu kaufen. Unsere benutzerdefinierte flexible Verpackungen f\u00fcr Snacks und Gew\u00fcrze hat eine gute Abdichtung und Druck Anpassungsf\u00e4higkeit, ausgestattet mit Tr\u00e4ne Kerbe Design, leicht zu \u00f6ffnen, oben f\u00fcllen, geeignet f\u00fcr automatisierte Verpackungslinien.<\/p>\n<table style=\"border-collapse: collapse; width: 365.02pt;\" border=\"0\" width=\"365\" cellspacing=\"0\" cellpadding=\"0\">\n<tbody>\n<tr style=\"height: 16.00pt;\">\n<td class=\"et2\" style=\"height: 16.00pt; width: 97.50pt;\" width=\"97\" height=\"16\">Hersteller<\/td>\n<td class=\"et2\" style=\"width: 267.50pt;\" width=\"267\">Stanley<\/td>\n<\/tr>\n<tr style=\"height: 16.00pt;\">\n<td class=\"et2\" style=\"height: 16.00pt; width: 97.50pt;\" width=\"97\" height=\"16\">Arten von Beuteln<\/td>\n<td class=\"et2\" style=\"width: 267.50pt;\" width=\"267\">Back Seal Pouch, Lay Flat Pouch<\/td>\n<\/tr>\n<tr style=\"height: 16.00pt;\">\n<td class=\"et2\" style=\"height: 16.00pt; width: 97.50pt;\" width=\"97\" height=\"16\">Material<\/td>\n<td class=\"et2\" style=\"width: 267.50pt;\" width=\"267\">BOPP28\/CPP40<\/td>\n<\/tr>\n<tr style=\"height: 16.00pt;\">\n<td class=\"et2\" style=\"height: 16.00pt; width: 97.50pt;\" width=\"97\" height=\"16\">Besonderes Merkmal<\/td>\n<td class=\"et2\" style=\"width: 267.50pt;\" width=\"267\">Risskerbe, obere F\u00fcllung<\/td>\n<\/tr>\n<tr style=\"height: 16.00pt;\">\n<td class=\"et2\" style=\"height: 16.00pt; width: 97.50pt;\" width=\"97\" height=\"16\">Handhabung der Oberfl\u00e4che<\/td>\n<td class=\"et2\" style=\"width: 267.50pt;\" width=\"267\">Tiefdruck<\/td>\n<\/tr>\n<tr style=\"height: 16.00pt;\">\n<td class=\"et2\" style=\"height: 16.00pt; width: 97.50pt;\" width=\"97\" height=\"16\">Farbe<\/td>\n<td class=\"et2\" style=\"width: 267.50pt;\" width=\"267\">Beidseitiger Druck, bis zu 10 Farben<\/td>\n<\/tr>\n<tr style=\"height: 16.00pt;\">\n<td class=\"et2\" style=\"height: 16.00pt; width: 97.50pt;\" width=\"97\" height=\"16\">Verwendung<\/td>\n<td class=\"et2\" style=\"width: 267.50pt;\" width=\"267\">Snacks, Gew\u00fcrze<\/td>\n<\/tr>\n<tr style=\"height: 16.00pt;\">\n<td class=\"et2\" style=\"height: 16.00pt; width: 97.50pt;\" width=\"97\" height=\"16\">MOQ<\/td>\n<td class=\"et2\" style=\"width: 267.50pt;\" width=\"267\">50.000 St\u00fcck<\/td>\n<\/tr>\n<tr style=\"height: 16.00pt;\">\n<td class=\"et2\" style=\"height: 16.00pt; width: 97.50pt;\" width=\"97\" height=\"16\">Individuelle Bestellung<\/td>\n<td class=\"et2\" style=\"width: 267.50pt;\" width=\"267\">Akzeptieren Sie OEM &amp; ODM, unterst\u00fctzen Sie freie Probe<\/td>\n<\/tr>\n<\/tbody>\n<\/table>\n<p>&nbsp;<\/p>","protected":false},"featured_media":1668,"comment_status":"closed","ping_status":"closed","template":"","meta":{"_acf_changed":false},"product_brand":[],"product_cat":[59,31],"product_tag":[],"class_list":{"0":"post-1666","1":"product","2":"type-product","3":"status-publish","4":"has-post-thumbnail","6":"product_cat-pillow-pouch-manufacturer","7":"product_cat-lay-flat-pouch-manufacturer","8":"pa_food-packaging-food-powder-packaging","9":"pa_food-packaging-snack-food-pouch","10":"pa_food-packaging-sauce-condiment-pouches","12":"first","13":"instock","14":"shipping-taxable","15":"product-type-simple"},"acf":[],"_links":{"self":[{"href":"https:\/\/www.stanleypackage.com\/de\/wp-json\/wp\/v2\/product\/1666","targetHints":{"allow":["GET"]}}],"collection":[{"href":"https:\/\/www.stanleypackage.com\/de\/wp-json\/wp\/v2\/product"}],"about":[{"href":"https:\/\/www.stanleypackage.com\/de\/wp-json\/wp\/v2\/types\/product"}],"replies":[{"embeddable":true,"href":"https:\/\/www.stanleypackage.com\/de\/wp-json\/wp\/v2\/comments?post=1666"}],"wp:featuredmedia":[{"embeddable":true,"href":"https:\/\/www.stanleypackage.com\/de\/wp-json\/wp\/v2\/media\/1668"}],"wp:attachment":[{"href":"https:\/\/www.stanleypackage.com\/de\/wp-json\/wp\/v2\/media?parent=1666"}],"wp:term":[{"taxonomy":"product_brand","embeddable":true,"href":"https:\/\/www.stanleypackage.com\/de\/wp-json\/wp\/v2\/product_brand?post=1666"},{"taxonomy":"product_cat","embeddable":true,"href":"https:\/\/www.stanleypackage.com\/de\/wp-json\/wp\/v2\/product_cat?post=1666"},{"taxonomy":"product_tag","embeddable":true,"href":"https:\/\/www.stanleypackage.com\/de\/wp-json\/wp\/v2\/product_tag?post=1666"}],"curies":[{"name":"wp","href":"https:\/\/api.w.org\/{rel}","templated":true}]}}