{"id":1672,"date":"2025-04-15T06:37:44","date_gmt":"2025-04-15T06:37:44","guid":{"rendered":"https:\/\/www.stanleypackage.com\/?post_type=product&#038;p=1672"},"modified":"2025-04-15T07:45:02","modified_gmt":"2025-04-15T07:45:02","slug":"custom-flat-bottom-stand-up-pouches","status":"publish","type":"product","link":"https:\/\/www.stanleypackage.com\/de\/product\/custom-flat-bottom-stand-up-pouches\/","title":{"rendered":"Benutzerdefinierte flachen Boden Stand Up Pouches Gro\u00dfhandel f\u00fcr Haferflocken"},"content":{"rendered":"<div class=\"wp-block-columns is-layout-flex wp-container-core-columns-is-layout-9d6595d7 wp-block-columns-is-layout-flex\">\n<div class=\"wp-block-column is-layout-flow wp-block-column-is-layout-flow\">\n<h2 class=\"wp-block-heading\">Merkmale der Custom Flat Bottom Stand Up Pouches<\/h2>\n\n\n\n<ul class=\"wp-block-list\">\n<li><strong>Flache Bodenstruktur, stabil und selbststehend:<\/strong> Unsere Gro\u00dfhandelsbeutel mit flachem Boden haben einen flachen Boden und stehen stabil, wenn sie ausgestellt werden, was den Regaleffekt und die Produktqualit\u00e4t verbessert.<\/li>\n\n\n\n<li><strong>Kompositstruktur aus Hochbarrierematerial: <\/strong>F\u00fcr diese kundenspezifischen Haferflockenbeutel werden PET12\/VMPET12\/PE100 auf der Vorder- und R\u00fcckseite sowie PET12\/PE100 an der Seite verwendet, die eine hervorragende Sauerstoffbarriere sowie feuchtigkeits- und lichtundurchl\u00e4ssige Eigenschaften aufweisen und somit die Haltbarkeit von Haferflocken effektiv verl\u00e4ngern.<\/li>\n\n\n\n<li><strong>Humanisierte Designdetails: <\/strong>Diese Gro\u00dfhandelsbeutel mit flachem Boden sind mit Aufh\u00e4ngel\u00f6chern f\u00fcr eine bequeme Aufh\u00e4ngung ausgestattet, und das Aufrei\u00dfdesign erleichtert den Verbrauchern das \u00d6ffnen und verbessert die Benutzerfreundlichkeit.<\/li>\n\n\n\n<li><strong>Bef\u00fcllung von unten, geeignet f\u00fcr automatische Linie:<\/strong> Die Bodenbef\u00fcllung unserer kundenspezifischen Haferflockenbeutel unterst\u00fctzt den automatisierten Hochgeschwindigkeits-Verpackungsprozess, spart Arbeitskr\u00e4fte und verbessert die Effizienz.<\/li>\n\n\n\n<li><strong>Beidseitiger Tiefdruck:<\/strong> Unsere Gro\u00dfhandelsflachbodenbeutel unterst\u00fctzen beidseitigen hochwertigen Farbdruck, mit exquisitem Druck und klaren Mustern, die die visuelle Kommunikation der Marke verbessern.<\/li>\n\n\n\n<li><strong>Unterst\u00fctzt Gr\u00f6\u00dfe und Druckanpassung:<\/strong> Unsere ma\u00dfgeschneiderten Haferflockenbeutel k\u00f6nnen in Gr\u00f6\u00dfe, Druckmuster und Beuteltyp entsprechend den Produktanforderungen angepasst werden, um eine einzigartige Verpackungsl\u00f6sung f\u00fcr die Marke zu schaffen.<\/li>\n<\/ul>\n\n\n\n<div class=\"wp-block-columns is-layout-flex wp-container-core-columns-is-layout-9d6595d7 wp-block-columns-is-layout-flex\">\n<div class=\"wp-block-column is-layout-flow wp-block-column-is-layout-flow\">\n<figure class=\"wp-block-image size-full\"><img decoding=\"async\" width=\"750\" height=\"750\" src=\"https:\/\/www.stanleypackage.com\/wp-content\/uploads\/2025\/04\/Custom-Flat-Bottom-Stand-Up-Pouches-Wholesale-For-Oatmeal-6.webp\" alt=\"Benutzerdefinierte flachen Boden Stand Up Pouches Gro\u00dfhandel f\u00fcr Haferflocken-6\" class=\"wp-image-1678\" srcset=\"https:\/\/www.stanleypackage.com\/wp-content\/uploads\/2025\/04\/Custom-Flat-Bottom-Stand-Up-Pouches-Wholesale-For-Oatmeal-6.webp 750w, https:\/\/www.stanleypackage.com\/wp-content\/uploads\/2025\/04\/Custom-Flat-Bottom-Stand-Up-Pouches-Wholesale-For-Oatmeal-6-300x300.webp 300w, https:\/\/www.stanleypackage.com\/wp-content\/uploads\/2025\/04\/Custom-Flat-Bottom-Stand-Up-Pouches-Wholesale-For-Oatmeal-6-150x150.webp 150w, https:\/\/www.stanleypackage.com\/wp-content\/uploads\/2025\/04\/Custom-Flat-Bottom-Stand-Up-Pouches-Wholesale-For-Oatmeal-6-600x600.webp 600w, https:\/\/www.stanleypackage.com\/wp-content\/uploads\/2025\/04\/Custom-Flat-Bottom-Stand-Up-Pouches-Wholesale-For-Oatmeal-6-100x100.webp 100w\" sizes=\"(max-width: 750px) 100vw, 750px\" \/><\/figure>\n<\/div>\n\n\n\n<div class=\"wp-block-column is-layout-flow wp-block-column-is-layout-flow\">\n<figure class=\"wp-block-image size-full\"><img decoding=\"async\" width=\"750\" height=\"750\" src=\"https:\/\/www.stanleypackage.com\/wp-content\/uploads\/2025\/04\/Custom-Flat-Bottom-Stand-Up-Pouches-Wholesale-For-Oatmeal-5.webp\" alt=\"Benutzerdefinierte flachen Boden Stand Up Pouches Gro\u00dfhandel f\u00fcr Haferflocken-5\" class=\"wp-image-1677\" srcset=\"https:\/\/www.stanleypackage.com\/wp-content\/uploads\/2025\/04\/Custom-Flat-Bottom-Stand-Up-Pouches-Wholesale-For-Oatmeal-5.webp 750w, https:\/\/www.stanleypackage.com\/wp-content\/uploads\/2025\/04\/Custom-Flat-Bottom-Stand-Up-Pouches-Wholesale-For-Oatmeal-5-300x300.webp 300w, https:\/\/www.stanleypackage.com\/wp-content\/uploads\/2025\/04\/Custom-Flat-Bottom-Stand-Up-Pouches-Wholesale-For-Oatmeal-5-150x150.webp 150w, https:\/\/www.stanleypackage.com\/wp-content\/uploads\/2025\/04\/Custom-Flat-Bottom-Stand-Up-Pouches-Wholesale-For-Oatmeal-5-600x600.webp 600w, https:\/\/www.stanleypackage.com\/wp-content\/uploads\/2025\/04\/Custom-Flat-Bottom-Stand-Up-Pouches-Wholesale-For-Oatmeal-5-100x100.webp 100w\" sizes=\"(max-width: 750px) 100vw, 750px\" \/><\/figure>\n<\/div>\n<\/div>\n<\/div>\n<\/div>","protected":false},"excerpt":{"rendered":"<p>Willkommen bei benutzerdefinierten Haferflocken Beutel. Dieser Gro\u00dfhandel flachen Boden aufstehen Beutel verwendet mehrschichtige hohe Barriere Struktur Material, mit ausgezeichneten feuchtigkeitsdichten und frisch halten Leistung. Ausgestattet mit h\u00e4ngenden L\u00f6cher und rei\u00dfen Kerben, ist es einfach zu zeigen und zu \u00f6ffnen, und der Boden F\u00fcllung Struktur eignet sich f\u00fcr automatisierte Verpackung.<\/p>\n<table style=\"border-collapse: collapse; width: 365.02pt;\" border=\"0\" width=\"365\" cellspacing=\"0\" cellpadding=\"0\">\n<tbody>\n<tr style=\"height: 16.00pt;\">\n<td class=\"et2\" style=\"height: 16.00pt; width: 97.50pt;\" width=\"97\" height=\"16\">Hersteller<\/td>\n<td class=\"et2\" style=\"width: 267.50pt;\" width=\"267\">Stanley<\/td>\n<\/tr>\n<tr style=\"height: 16.00pt;\">\n<td class=\"et2\" style=\"height: 16.00pt; width: 97.50pt;\" width=\"97\" height=\"16\">Arten von Beuteln<\/td>\n<td class=\"et2\" style=\"width: 267.50pt;\" width=\"267\">8 Flache Bodentasche mit Seitensiegel<\/td>\n<\/tr>\n<tr style=\"height: 31.00pt;\">\n<td class=\"et2\" style=\"height: 31.00pt; width: 97.50pt;\" width=\"97\" height=\"31\">Material<\/td>\n<td class=\"et2\" style=\"width: 267.50pt;\" width=\"267\">Vorder- und R\u00fcckseite: PET12\/VMPET12\/PE100<br \/>Seiten: PET12\/PE100<\/td>\n<\/tr>\n<tr style=\"height: 16.00pt;\">\n<td class=\"et2\" style=\"height: 16.00pt; width: 97.50pt;\" width=\"97\" height=\"16\">Besonderes Merkmal<\/td>\n<td class=\"et2\" style=\"width: 267.50pt;\" width=\"267\">Aufh\u00e4ngeloch, Tr\u00e4nenkerbe, Bodenf\u00fcllung<\/td>\n<\/tr>\n<tr style=\"height: 16.00pt;\">\n<td class=\"et2\" style=\"height: 16.00pt; width: 97.50pt;\" width=\"97\" height=\"16\">Handhabung der Oberfl\u00e4che<\/td>\n<td class=\"et2\" style=\"width: 267.50pt;\" width=\"267\">Tiefdruck<\/td>\n<\/tr>\n<tr style=\"height: 16.00pt;\">\n<td class=\"et2\" style=\"height: 16.00pt; width: 97.50pt;\" width=\"97\" height=\"16\">Farbe<\/td>\n<td class=\"et2\" style=\"width: 267.50pt;\" width=\"267\">Beidseitiger Druck, bis zu 10 Farben<\/td>\n<\/tr>\n<tr style=\"height: 16.00pt;\">\n<td class=\"et2\" style=\"height: 16.00pt; width: 97.50pt;\" width=\"97\" height=\"16\">Verwendung<\/td>\n<td class=\"et2\" style=\"width: 267.50pt;\" width=\"267\">Haferflocken, Kaffee, Snacks<\/td>\n<\/tr>\n<tr style=\"height: 16.00pt;\">\n<td class=\"et2\" style=\"height: 16.00pt; width: 97.50pt;\" width=\"97\" height=\"16\">MOQ<\/td>\n<td class=\"et2\" style=\"width: 267.50pt;\" width=\"267\">50.000 St\u00fcck<\/td>\n<\/tr>\n<tr style=\"height: 16.00pt;\">\n<td class=\"et2\" style=\"height: 16.00pt; width: 97.50pt;\" width=\"97\" height=\"16\">Individuelle Bestellung<\/td>\n<td class=\"et2\" style=\"width: 267.50pt;\" width=\"267\">Akzeptieren Sie OEM &amp; ODM, unterst\u00fctzen Sie freie Probe<\/td>\n<\/tr>\n<\/tbody>\n<\/table>","protected":false},"featured_media":1676,"comment_status":"closed","ping_status":"closed","template":"","meta":{"_acf_changed":false},"product_brand":[],"product_cat":[24],"product_tag":[],"class_list":{"0":"post-1672","1":"product","2":"type-product","3":"status-publish","4":"has-post-thumbnail","6":"product_cat-flat-bottom-pouch-manufacturer","7":"pa_food-packaging-oatmeal-pouch","8":"pa_food-packaging-coffee-packaging-pouch","9":"pa_food-packaging-snack-food-pouch","11":"first","12":"instock","13":"shipping-taxable","14":"product-type-simple"},"acf":[],"_links":{"self":[{"href":"https:\/\/www.stanleypackage.com\/de\/wp-json\/wp\/v2\/product\/1672","targetHints":{"allow":["GET"]}}],"collection":[{"href":"https:\/\/www.stanleypackage.com\/de\/wp-json\/wp\/v2\/product"}],"about":[{"href":"https:\/\/www.stanleypackage.com\/de\/wp-json\/wp\/v2\/types\/product"}],"replies":[{"embeddable":true,"href":"https:\/\/www.stanleypackage.com\/de\/wp-json\/wp\/v2\/comments?post=1672"}],"wp:featuredmedia":[{"embeddable":true,"href":"https:\/\/www.stanleypackage.com\/de\/wp-json\/wp\/v2\/media\/1676"}],"wp:attachment":[{"href":"https:\/\/www.stanleypackage.com\/de\/wp-json\/wp\/v2\/media?parent=1672"}],"wp:term":[{"taxonomy":"product_brand","embeddable":true,"href":"https:\/\/www.stanleypackage.com\/de\/wp-json\/wp\/v2\/product_brand?post=1672"},{"taxonomy":"product_cat","embeddable":true,"href":"https:\/\/www.stanleypackage.com\/de\/wp-json\/wp\/v2\/product_cat?post=1672"},{"taxonomy":"product_tag","embeddable":true,"href":"https:\/\/www.stanleypackage.com\/de\/wp-json\/wp\/v2\/product_tag?post=1672"}],"curies":[{"name":"wp","href":"https:\/\/api.w.org\/{rel}","templated":true}]}}