{"id":1705,"date":"2025-04-15T07:45:16","date_gmt":"2025-04-15T07:45:16","guid":{"rendered":"https:\/\/www.stanleypackage.com\/?post_type=product&#038;p=1705"},"modified":"2025-04-15T08:00:00","modified_gmt":"2025-04-15T08:00:00","slug":"custom-flat-bottom-pouch-with-zipper","status":"publish","type":"product","link":"https:\/\/www.stanleypackage.com\/de\/product\/custom-flat-bottom-pouch-with-zipper\/","title":{"rendered":"Benutzerdefinierte Flachbodenbeutel mit Rei\u00dfverschluss, Haferflockenbeutel Bulk"},"content":{"rendered":"<div class=\"wp-block-columns is-layout-flex wp-container-core-columns-is-layout-9d6595d7 wp-block-columns-is-layout-flex\">\n<div class=\"wp-block-column is-layout-flow wp-block-column-is-layout-flow\">\n<h2 class=\"wp-block-heading\">Merkmale der Custom Flat Bottom Pouch mit Rei\u00dfverschluss<\/h2>\n\n\n\n<ul class=\"wp-block-list\">\n<li><strong>Achtseitige Siegelstruktur, dreidimensional und scharf: <\/strong>Die achtseitige Siegelstruktur dieses kundenspezifischen Flachbodenbeutels mit Rei\u00dfverschluss erh\u00f6ht die Stabilit\u00e4t und das optische Erscheinungsbild der Beutelform und macht sie attraktiv f\u00fcr die Regale.<\/li>\n\n\n\n<li><strong>Wiederverschlie\u00dfbarer Rei\u00dfverschluss:<\/strong> Diese Standbeutel f\u00fcr den Gro\u00dfhandel sind mit einem hochwertigen Rei\u00dfverschluss ausgestattet, der sich leicht \u00f6ffnen und schlie\u00dfen und wiederverwenden l\u00e4sst, wodurch sich die Haltbarkeit des Produkts verl\u00e4ngert.<\/li>\n\n\n\n<li><strong>Mehrschichtiges Material mit hoher Barriere:<\/strong> Die Vorder- und R\u00fcckseite dieses kundenspezifischen Beutels mit flachem Boden und Rei\u00dfverschluss bestehen aus PET12\/VMPET12\/PE100-Material, und die Seite besteht aus PET12\/PE100-Material, das feuchtigkeits-, oxidations- und lichtbest\u00e4ndig ist, um den frischen Geschmack von Hafer zu sch\u00fctzen.<\/li>\n\n\n\n<li><strong>Abrei\u00dfen + Bef\u00fcllen des Bodens: <\/strong>Der Aufrei\u00dfverschluss an der Oberseite dieser Standbeutel f\u00fcr den Gro\u00dfhandel l\u00e4sst sich von den Verbrauchern bequem \u00f6ffnen, und die Bodenbef\u00fcllung eignet sich f\u00fcr automatisierte Produktionslinien, was die Abf\u00fcllung effizient und bequem macht.<\/li>\n\n\n\n<li><strong>Bis zu 10-Farben-Tiefdruck: <\/strong>Unsere kundenspezifischen Flachbodenbeutel mit Rei\u00dfverschluss unterst\u00fctzen den hochpr\u00e4zisen Mehrfarbentiefdruck mit feinen Mustern und leuchtenden Farben, um das Markenimage zu f\u00f6rdern.<\/li>\n\n\n\n<li><strong>Anpassung an verschiedene individuelle Bed\u00fcrfnisse:<\/strong> Die Abmessungen, der Druck und die Art des Rei\u00dfverschlusses unserer Standbeutel f\u00fcr den Gro\u00dfhandel k\u00f6nnen bei Bedarf auf die unterschiedlichen Anforderungen verschiedener Marken und die Positionierung auf dem Markt zugeschnitten werden.<\/li>\n<\/ul>\n\n\n\n<div class=\"wp-block-columns is-layout-flex wp-container-core-columns-is-layout-9d6595d7 wp-block-columns-is-layout-flex\">\n<div class=\"wp-block-column is-layout-flow wp-block-column-is-layout-flow\">\n<figure class=\"wp-block-image size-full\"><img decoding=\"async\" width=\"750\" height=\"750\" src=\"https:\/\/www.stanleypackage.com\/wp-content\/uploads\/2025\/04\/Custom-Flat-Bottom-Pouch-with-Zipper-Oatmeal-Pouches-Bulk-7.webp\" alt=\"Benutzerdefinierte flachen Boden Beutel mit Rei\u00dfverschluss, Haferflocken Beutel Bulk-7\" class=\"wp-image-1715\" srcset=\"https:\/\/www.stanleypackage.com\/wp-content\/uploads\/2025\/04\/Custom-Flat-Bottom-Pouch-with-Zipper-Oatmeal-Pouches-Bulk-7.webp 750w, https:\/\/www.stanleypackage.com\/wp-content\/uploads\/2025\/04\/Custom-Flat-Bottom-Pouch-with-Zipper-Oatmeal-Pouches-Bulk-7-300x300.webp 300w, https:\/\/www.stanleypackage.com\/wp-content\/uploads\/2025\/04\/Custom-Flat-Bottom-Pouch-with-Zipper-Oatmeal-Pouches-Bulk-7-150x150.webp 150w, https:\/\/www.stanleypackage.com\/wp-content\/uploads\/2025\/04\/Custom-Flat-Bottom-Pouch-with-Zipper-Oatmeal-Pouches-Bulk-7-600x600.webp 600w, https:\/\/www.stanleypackage.com\/wp-content\/uploads\/2025\/04\/Custom-Flat-Bottom-Pouch-with-Zipper-Oatmeal-Pouches-Bulk-7-100x100.webp 100w\" sizes=\"(max-width: 750px) 100vw, 750px\" \/><\/figure>\n<\/div>\n\n\n\n<div class=\"wp-block-column is-layout-flow wp-block-column-is-layout-flow\">\n<figure class=\"wp-block-image size-full\"><img decoding=\"async\" width=\"750\" height=\"750\" src=\"https:\/\/www.stanleypackage.com\/wp-content\/uploads\/2025\/04\/Custom-Flat-Bottom-Pouch-with-Zipper-Oatmeal-Pouches-Bulk-1.webp\" alt=\"Benutzerdefinierte flachen Boden Beutel mit Rei\u00dfverschluss, Haferflocken Beutel Bulk-1\" class=\"wp-image-1709\" srcset=\"https:\/\/www.stanleypackage.com\/wp-content\/uploads\/2025\/04\/Custom-Flat-Bottom-Pouch-with-Zipper-Oatmeal-Pouches-Bulk-1.webp 750w, https:\/\/www.stanleypackage.com\/wp-content\/uploads\/2025\/04\/Custom-Flat-Bottom-Pouch-with-Zipper-Oatmeal-Pouches-Bulk-1-300x300.webp 300w, https:\/\/www.stanleypackage.com\/wp-content\/uploads\/2025\/04\/Custom-Flat-Bottom-Pouch-with-Zipper-Oatmeal-Pouches-Bulk-1-150x150.webp 150w, https:\/\/www.stanleypackage.com\/wp-content\/uploads\/2025\/04\/Custom-Flat-Bottom-Pouch-with-Zipper-Oatmeal-Pouches-Bulk-1-600x600.webp 600w, https:\/\/www.stanleypackage.com\/wp-content\/uploads\/2025\/04\/Custom-Flat-Bottom-Pouch-with-Zipper-Oatmeal-Pouches-Bulk-1-100x100.webp 100w\" sizes=\"(max-width: 750px) 100vw, 750px\" \/><\/figure>\n<\/div>\n<\/div>\n<\/div>\n<\/div>","protected":false},"excerpt":{"rendered":"<p>Willkommen im Gro\u00dfhandel mit Standbodenbeuteln. Dieser benutzerdefinierte Flachbodenbeutel mit Rei\u00dfverschluss eignet sich f\u00fcr die Verpackung von Produkten wie Hafer und Kaffeebohnen und verf\u00fcgt \u00fcber ausgezeichnete Frischhalte- und feuchtigkeitsdichte Eigenschaften. Der Beutelk\u00f6rper ist mit einem Rei\u00dfverschluss-, Rei\u00df- und Bodenf\u00fcllungsdesign ausgestattet, um die Marke im Regal hervorzuheben.<\/p>\n<table style=\"border-collapse: collapse; width: 365.02pt;\" border=\"0\" width=\"365\" cellspacing=\"0\" cellpadding=\"0\">\n<tbody>\n<tr style=\"height: 16.00pt;\">\n<td class=\"et2\" style=\"height: 16.00pt; width: 97.50pt;\" width=\"97\" height=\"16\">Hersteller<\/td>\n<td class=\"et2\" style=\"width: 267.50pt;\" width=\"267\">Stanley<\/td>\n<\/tr>\n<tr style=\"height: 16.00pt;\">\n<td class=\"et2\" style=\"height: 16.00pt; width: 97.50pt;\" width=\"97\" height=\"16\">Arten von Beuteln<\/td>\n<td class=\"et3\">8 Flache Bodentasche mit Seitensiegel<\/td>\n<\/tr>\n<tr style=\"height: 31.00pt;\">\n<td class=\"et2\" style=\"height: 31.00pt; width: 97.50pt;\" width=\"97\" height=\"31\">Material<\/td>\n<td class=\"et2\" style=\"width: 267.50pt;\" width=\"267\">Vorder- und R\u00fcckseite: PET12\/VMPET12\/PE100<br \/>Seiten: PET12\/PE100<\/td>\n<\/tr>\n<tr style=\"height: 16.00pt;\">\n<td class=\"et2\" style=\"height: 16.00pt; width: 97.50pt;\" width=\"97\" height=\"16\">Besonderes Merkmal<\/td>\n<td class=\"et2\" style=\"width: 267.50pt;\" width=\"267\">Rei\u00dfverschluss, Risskerbe, Bodenf\u00fcllung<\/td>\n<\/tr>\n<tr style=\"height: 16.00pt;\">\n<td class=\"et2\" style=\"height: 16.00pt; width: 97.50pt;\" width=\"97\" height=\"16\">Handhabung der Oberfl\u00e4che<\/td>\n<td class=\"et2\" style=\"width: 267.50pt;\" width=\"267\">Tiefdruck<\/td>\n<\/tr>\n<tr style=\"height: 16.00pt;\">\n<td class=\"et2\" style=\"height: 16.00pt; width: 97.50pt;\" width=\"97\" height=\"16\">Farbe<\/td>\n<td class=\"et2\" style=\"width: 267.50pt;\" width=\"267\">Beidseitiger Druck, bis zu 10 Farben<\/td>\n<\/tr>\n<tr style=\"height: 16.00pt;\">\n<td class=\"et2\" style=\"height: 16.00pt; width: 97.50pt;\" width=\"97\" height=\"16\">Verwendung<\/td>\n<td class=\"et2\" style=\"width: 267.50pt;\" width=\"267\">Hafermahlzeiten, Kaffee, Snacks<\/td>\n<\/tr>\n<tr style=\"height: 16.00pt;\">\n<td class=\"et2\" style=\"height: 16.00pt; width: 97.50pt;\" width=\"97\" height=\"16\">MOQ<\/td>\n<td class=\"et2\" style=\"width: 267.50pt;\" width=\"267\">50.000 St\u00fcck<\/td>\n<\/tr>\n<tr style=\"height: 16.00pt;\">\n<td class=\"et2\" style=\"height: 16.00pt; width: 97.50pt;\" width=\"97\" height=\"16\">Individuelle Bestellung<\/td>\n<td class=\"et2\" style=\"width: 267.50pt;\" width=\"267\">Akzeptieren Sie OEM &amp; ODM, unterst\u00fctzen Sie freie Probe<\/td>\n<\/tr>\n<\/tbody>\n<\/table>\n<p>&nbsp;<\/p>","protected":false},"featured_media":1710,"comment_status":"closed","ping_status":"closed","template":"","meta":{"_acf_changed":false},"product_brand":[],"product_cat":[24,18],"product_tag":[],"class_list":{"0":"post-1705","1":"product","2":"type-product","3":"status-publish","4":"has-post-thumbnail","6":"product_cat-flat-bottom-pouch-manufacturer","7":"product_cat-zipper-pouch-manufacturer","8":"pa_food-packaging-oatmeal-pouch","9":"pa_food-packaging-coffee-packaging-pouch","10":"pa_food-packaging-snack-food-pouch","12":"first","13":"instock","14":"shipping-taxable","15":"product-type-simple"},"acf":[],"_links":{"self":[{"href":"https:\/\/www.stanleypackage.com\/de\/wp-json\/wp\/v2\/product\/1705","targetHints":{"allow":["GET"]}}],"collection":[{"href":"https:\/\/www.stanleypackage.com\/de\/wp-json\/wp\/v2\/product"}],"about":[{"href":"https:\/\/www.stanleypackage.com\/de\/wp-json\/wp\/v2\/types\/product"}],"replies":[{"embeddable":true,"href":"https:\/\/www.stanleypackage.com\/de\/wp-json\/wp\/v2\/comments?post=1705"}],"wp:featuredmedia":[{"embeddable":true,"href":"https:\/\/www.stanleypackage.com\/de\/wp-json\/wp\/v2\/media\/1710"}],"wp:attachment":[{"href":"https:\/\/www.stanleypackage.com\/de\/wp-json\/wp\/v2\/media?parent=1705"}],"wp:term":[{"taxonomy":"product_brand","embeddable":true,"href":"https:\/\/www.stanleypackage.com\/de\/wp-json\/wp\/v2\/product_brand?post=1705"},{"taxonomy":"product_cat","embeddable":true,"href":"https:\/\/www.stanleypackage.com\/de\/wp-json\/wp\/v2\/product_cat?post=1705"},{"taxonomy":"product_tag","embeddable":true,"href":"https:\/\/www.stanleypackage.com\/de\/wp-json\/wp\/v2\/product_tag?post=1705"}],"curies":[{"name":"wp","href":"https:\/\/api.w.org\/{rel}","templated":true}]}}