{"id":1720,"date":"2025-04-15T08:01:11","date_gmt":"2025-04-15T08:01:11","guid":{"rendered":"https:\/\/www.stanleypackage.com\/?post_type=product&#038;p=1720"},"modified":"2025-04-15T08:20:58","modified_gmt":"2025-04-15T08:20:58","slug":"custom-snack-pouch-packaging","status":"publish","type":"product","link":"https:\/\/www.stanleypackage.com\/de\/product\/custom-snack-pouch-packaging\/","title":{"rendered":"Kundenspezifische Snack-Beutelverpackungen, r\u00fcckseitig versiegelte Seemoos-Beutel"},"content":{"rendered":"<div class=\"wp-block-columns is-layout-flex wp-container-core-columns-is-layout-9d6595d7 wp-block-columns-is-layout-flex\">\n<div class=\"wp-block-column is-layout-flow wp-block-column-is-layout-flow\">\n<h2 class=\"wp-block-heading\">Merkmale von kundenspezifischen Snack-Beutelverpackungen<\/h2>\n\n\n\n<ul class=\"wp-block-list\">\n<li><strong>Dreischichtiger Aufbau aus Hochbarrierematerial: <\/strong>Diese kundenspezifische Verpackung f\u00fcr Snacks verwendet PET15\/AL7\/CPP70-Verbundmaterial, um Wasserdampf und Sauerstoff effektiv zu blockieren, Algenprodukte trocken und frisch zu halten und die Haltbarkeit zu verl\u00e4ngern.<\/li>\n\n\n\n<li><strong>R\u00fcckseitig versiegelter Beutel, dichte Randversiegelung: <\/strong>Unsere r\u00fcckseitig versiegelten Seegrasbeutel im Gro\u00dfhandel sind einfach und stabil, verbessern effektiv die Versiegelungsleistung und eignen sich f\u00fcr automatische Hochgeschwindigkeitsverpackungen.<\/li>\n\n\n\n<li><strong>Aufh\u00e4ngel\u00f6cher f\u00fcr eine einfache Pr\u00e4sentation: <\/strong>Diese kundenspezifische Snack-Verpackung ist mit einem Aufh\u00e4ngeloch an der Oberseite des Beutels ausgestattet, das sich f\u00fcr die Aufh\u00e4ngung im Einzelhandelsregal eignet, um die Produktpr\u00e4senz zu erh\u00f6hen.<\/li>\n\n\n\n<li><strong>Aufrei\u00dfdesign f\u00fcr leichtes \u00d6ffnen: <\/strong>Unsere zur\u00fcck versiegelt Meer Moos Beutel Gro\u00dfhandel ist mit einer einfachen Tr\u00e4ne Kerbe entworfen, k\u00f6nnen die Verbraucher leicht rei\u00dfen Sie das Paket ohne Schere oder andere Werkzeuge, und die Verwendung Erfahrung ist bequemer.<\/li>\n\n\n\n<li><strong>Bef\u00fcllung von unten zur Verbesserung der Effizienz: <\/strong>Die Bodenbef\u00fcllungsmethode dieser kundenspezifischen Snack-Beutelverpackung eignet sich f\u00fcr den Betrieb von automatischen Verpackungsanlagen, was die Produktionseffizienz verbessert und die Arbeitskosten reduziert.<\/li>\n\n\n\n<li><strong>Unterst\u00fctzung von kundenspezifischem Druck und Spezifikationen: <\/strong>Unsere r\u00fcckseitig versiegelten Meermoosbeutel im Gro\u00dfhandel k\u00f6nnen die Beutelgr\u00f6\u00dfe und den Druckinhalt an die Bed\u00fcrfnisse der Marke anpassen, um den Wiedererkennungswert der Marke und die Wettbewerbsf\u00e4higkeit auf dem Markt zu verbessern.<\/li>\n<\/ul>\n\n\n\n<div class=\"wp-block-columns is-layout-flex wp-container-core-columns-is-layout-9d6595d7 wp-block-columns-is-layout-flex\">\n<div class=\"wp-block-column is-layout-flow wp-block-column-is-layout-flow\">\n<figure class=\"wp-block-image size-full\"><img decoding=\"async\" width=\"750\" height=\"750\" src=\"https:\/\/www.stanleypackage.com\/wp-content\/uploads\/2025\/04\/Custom-Snack-Pouch-Packaging-Back-Sealed-Sea-Moss-Pouches-6.webp\" alt=\"Kundenspezifische Snackbeutel-Verpackung, r\u00fcckseitig versiegelte Seemoos-Beutel-6\" class=\"wp-image-1730\" srcset=\"https:\/\/www.stanleypackage.com\/wp-content\/uploads\/2025\/04\/Custom-Snack-Pouch-Packaging-Back-Sealed-Sea-Moss-Pouches-6.webp 750w, https:\/\/www.stanleypackage.com\/wp-content\/uploads\/2025\/04\/Custom-Snack-Pouch-Packaging-Back-Sealed-Sea-Moss-Pouches-6-300x300.webp 300w, https:\/\/www.stanleypackage.com\/wp-content\/uploads\/2025\/04\/Custom-Snack-Pouch-Packaging-Back-Sealed-Sea-Moss-Pouches-6-150x150.webp 150w, https:\/\/www.stanleypackage.com\/wp-content\/uploads\/2025\/04\/Custom-Snack-Pouch-Packaging-Back-Sealed-Sea-Moss-Pouches-6-600x600.webp 600w, https:\/\/www.stanleypackage.com\/wp-content\/uploads\/2025\/04\/Custom-Snack-Pouch-Packaging-Back-Sealed-Sea-Moss-Pouches-6-100x100.webp 100w\" sizes=\"(max-width: 750px) 100vw, 750px\" \/><\/figure>\n<\/div>\n\n\n\n<div class=\"wp-block-column is-layout-flow wp-block-column-is-layout-flow\">\n<figure class=\"wp-block-image size-full\"><img decoding=\"async\" width=\"750\" height=\"750\" src=\"https:\/\/www.stanleypackage.com\/wp-content\/uploads\/2025\/04\/Custom-Snack-Pouch-Packaging-Back-Sealed-Sea-Moss-Pouches-1.webp\" alt=\"Kundenspezifische Snackbeutel-Verpackung, r\u00fcckseitig versiegelte Seemoos-Beutel-1\" class=\"wp-image-1725\" srcset=\"https:\/\/www.stanleypackage.com\/wp-content\/uploads\/2025\/04\/Custom-Snack-Pouch-Packaging-Back-Sealed-Sea-Moss-Pouches-1.webp 750w, https:\/\/www.stanleypackage.com\/wp-content\/uploads\/2025\/04\/Custom-Snack-Pouch-Packaging-Back-Sealed-Sea-Moss-Pouches-1-300x300.webp 300w, https:\/\/www.stanleypackage.com\/wp-content\/uploads\/2025\/04\/Custom-Snack-Pouch-Packaging-Back-Sealed-Sea-Moss-Pouches-1-150x150.webp 150w, https:\/\/www.stanleypackage.com\/wp-content\/uploads\/2025\/04\/Custom-Snack-Pouch-Packaging-Back-Sealed-Sea-Moss-Pouches-1-600x600.webp 600w, https:\/\/www.stanleypackage.com\/wp-content\/uploads\/2025\/04\/Custom-Snack-Pouch-Packaging-Back-Sealed-Sea-Moss-Pouches-1-100x100.webp 100w\" sizes=\"(max-width: 750px) 100vw, 750px\" \/><\/figure>\n<\/div>\n<\/div>\n<\/div>\n<\/div>","protected":false},"excerpt":{"rendered":"<p>Willkommen bei kundenspezifischen Snack-Beutelverpackungen. Unsere r\u00fcckseitig versiegelten Beutel aus Seemoos haben eine ausgezeichnete Feuchtigkeits- und Oxidationsbest\u00e4ndigkeit und eignen sich besonders f\u00fcr die Verpackung von Seetang und anderen Snacks, die leicht Feuchtigkeit aufnehmen k\u00f6nnen. Es ist eine ideale Verpackungsl\u00f6sung f\u00fcr Lebensmittelunternehmen.<\/p>\n<table style=\"border-collapse: collapse; width: 365.02pt;\" border=\"0\" width=\"365\" cellspacing=\"0\" cellpadding=\"0\">\n<tbody>\n<tr style=\"height: 16.00pt;\">\n<td class=\"et2\" style=\"height: 16.00pt; width: 97.50pt;\" width=\"97\" height=\"16\">Hersteller<\/td>\n<td class=\"et2\" style=\"width: 267.50pt;\" width=\"267\">Stanley<\/td>\n<\/tr>\n<tr style=\"height: 16.00pt;\">\n<td class=\"et2\" style=\"height: 16.00pt; width: 97.50pt;\" width=\"97\" height=\"16\">Arten von Beuteln<\/td>\n<td class=\"et3\">R\u00fcckenversiegelungstasche<span class=\"font1\">, <\/span><span class=\"font0\">Flachlegende Tasche<\/span><\/td>\n<\/tr>\n<tr style=\"height: 16.00pt;\">\n<td class=\"et2\" style=\"height: 16.00pt; width: 97.50pt;\" width=\"97\" height=\"16\">Material<\/td>\n<td class=\"et2\" style=\"width: 267.50pt;\" width=\"267\">PET15\/AL7\/CPP70<\/td>\n<\/tr>\n<tr style=\"height: 16.00pt;\">\n<td class=\"et2\" style=\"height: 16.00pt; width: 97.50pt;\" width=\"97\" height=\"16\">Besonderes Merkmal<\/td>\n<td class=\"et2\" style=\"width: 267.50pt;\" width=\"267\">Aufh\u00e4ngeloch, Tr\u00e4nenkerbe, Bodenf\u00fcllung<\/td>\n<\/tr>\n<tr style=\"height: 16.00pt;\">\n<td class=\"et2\" style=\"height: 16.00pt; width: 97.50pt;\" width=\"97\" height=\"16\">Handhabung der Oberfl\u00e4che<\/td>\n<td class=\"et2\" style=\"width: 267.50pt;\" width=\"267\">Tiefdruck<\/td>\n<\/tr>\n<tr style=\"height: 16.00pt;\">\n<td class=\"et2\" style=\"height: 16.00pt; width: 97.50pt;\" width=\"97\" height=\"16\">Farbe<\/td>\n<td class=\"et2\" style=\"width: 267.50pt;\" width=\"267\">Beidseitiger Druck, bis zu 10 Farben<\/td>\n<\/tr>\n<tr style=\"height: 16.00pt;\">\n<td class=\"et2\" style=\"height: 16.00pt; width: 97.50pt;\" width=\"97\" height=\"16\">Verwendung<\/td>\n<td class=\"et2\" style=\"width: 267.50pt;\" width=\"267\">S\u00fc\u00dfigkeiten, Snacks, Trockenfr\u00fcchte, Gelee<\/td>\n<\/tr>\n<tr style=\"height: 16.00pt;\">\n<td class=\"et2\" style=\"height: 16.00pt; width: 97.50pt;\" width=\"97\" height=\"16\">MOQ<\/td>\n<td class=\"et2\" style=\"width: 267.50pt;\" width=\"267\">50.000 St\u00fcck<\/td>\n<\/tr>\n<tr style=\"height: 16.00pt;\">\n<td class=\"et2\" style=\"height: 16.00pt; width: 97.50pt;\" width=\"97\" height=\"16\">Individuelle Bestellung<\/td>\n<td class=\"et2\" style=\"width: 267.50pt;\" width=\"267\">Akzeptieren Sie OEM &amp; ODM, unterst\u00fctzen Sie freie Probe<\/td>\n<\/tr>\n<\/tbody>\n<\/table>\n<p>&nbsp;<\/p>","protected":false},"featured_media":1726,"comment_status":"closed","ping_status":"closed","template":"","meta":{"_acf_changed":false},"product_brand":[],"product_cat":[59,31],"product_tag":[],"class_list":{"0":"post-1720","1":"product","2":"type-product","3":"status-publish","4":"has-post-thumbnail","6":"product_cat-pillow-pouch-manufacturer","7":"product_cat-lay-flat-pouch-manufacturer","8":"pa_food-packaging-snack-food-pouch","10":"first","11":"instock","12":"shipping-taxable","13":"product-type-simple"},"acf":[],"_links":{"self":[{"href":"https:\/\/www.stanleypackage.com\/de\/wp-json\/wp\/v2\/product\/1720","targetHints":{"allow":["GET"]}}],"collection":[{"href":"https:\/\/www.stanleypackage.com\/de\/wp-json\/wp\/v2\/product"}],"about":[{"href":"https:\/\/www.stanleypackage.com\/de\/wp-json\/wp\/v2\/types\/product"}],"replies":[{"embeddable":true,"href":"https:\/\/www.stanleypackage.com\/de\/wp-json\/wp\/v2\/comments?post=1720"}],"wp:featuredmedia":[{"embeddable":true,"href":"https:\/\/www.stanleypackage.com\/de\/wp-json\/wp\/v2\/media\/1726"}],"wp:attachment":[{"href":"https:\/\/www.stanleypackage.com\/de\/wp-json\/wp\/v2\/media?parent=1720"}],"wp:term":[{"taxonomy":"product_brand","embeddable":true,"href":"https:\/\/www.stanleypackage.com\/de\/wp-json\/wp\/v2\/product_brand?post=1720"},{"taxonomy":"product_cat","embeddable":true,"href":"https:\/\/www.stanleypackage.com\/de\/wp-json\/wp\/v2\/product_cat?post=1720"},{"taxonomy":"product_tag","embeddable":true,"href":"https:\/\/www.stanleypackage.com\/de\/wp-json\/wp\/v2\/product_tag?post=1720"}],"curies":[{"name":"wp","href":"https:\/\/api.w.org\/{rel}","templated":true}]}}