{"id":1751,"date":"2025-04-15T08:38:18","date_gmt":"2025-04-15T08:38:18","guid":{"rendered":"https:\/\/www.stanleypackage.com\/?post_type=product&#038;p=1751"},"modified":"2025-04-15T08:58:03","modified_gmt":"2025-04-15T08:58:03","slug":"custom-flat-bottom-pouch-bags","status":"publish","type":"product","link":"https:\/\/www.stanleypackage.com\/de\/product\/custom-flat-bottom-pouch-bags\/","title":{"rendered":"Benutzerdefinierte Beutel mit flachem Boden f\u00fcr feste Getr\u00e4nke und Snacks"},"content":{"rendered":"<div class=\"wp-block-columns is-layout-flex wp-container-core-columns-is-layout-9d6595d7 wp-block-columns-is-layout-flex\">\n<div class=\"wp-block-column is-layout-flow wp-block-column-is-layout-flow\">\n<h2 class=\"wp-block-heading\">Merkmale der Custom Flat Bottom Pouch Bags<\/h2>\n\n\n\n<ul class=\"wp-block-list\">\n<li><strong>Flache Bodenstruktur, stabiler Stand:<\/strong> Unsere kundenspezifischen Beutel mit flachem Boden sind ordentlich und sch\u00f6n, haben eine gute Wirkung im Regal und verbessern das professionelle Image der Marke und die Attraktivit\u00e4t des Produkts.<\/li>\n\n\n\n<li><strong>Verbundwerkstoff mit hoher Barriere:<\/strong> Dieser flexible Gro\u00dfhandelsverpackungsbeutel verwendet die dreischichtige Zusammensetzung von BOPP28\/VMPET12\/PE75, die in der Lage ist, Luft, Wasserdampf und Geruch gut zu trennen und die Qualit\u00e4t des Inhalts vor Beeintr\u00e4chtigung zu sch\u00fctzen.<\/li>\n\n\n\n<li><strong>H\u00e4ngeloch-Design, einfach zu zeigen: <\/strong>Unsere kundenspezifischen Beutel mit flachem Boden sind mit einer Aufh\u00e4nge\u00f6ffnung an der Oberseite versehen, die zum Aufh\u00e4ngen an Regalen oder Pr\u00e4sentationsst\u00e4ndern geeignet ist. Sie eignen sich f\u00fcr eine Vielzahl von Einzelhandelsszenarien und verbessern die visuelle Pr\u00e4senz.<\/li>\n\n\n\n<li><strong>Einfach zu \u00f6ffnendes Rei\u00dfverschlusssystem: <\/strong>Dieser flexible Gro\u00dfhandelsverpackungsbeutel ist mit einer leichten Aufrei\u00dfkerbe versehen, so dass die Verbraucher die Verpackung leicht aufrei\u00dfen k\u00f6nnen, was die Benutzerfreundlichkeit verbessert und die Abh\u00e4ngigkeit von Werkzeugen verringert.<\/li>\n\n\n\n<li><strong>Bef\u00fcllung von unten, geeignet f\u00fcr automatisierte Produktion: <\/strong>Die Boden\u00f6ffnung dieser kundenspezifischen Flachbodenbeutel ist bequem f\u00fcr die Bedienung der Abf\u00fcllanlagen, verbessert die Verpackungseffizienz und erf\u00fcllt die Anforderungen der Massenproduktion.<\/li>\n\n\n\n<li><strong>Geeignet f\u00fcr eine Vielzahl von Inhalten: <\/strong>Ob es sich um festes Getr\u00e4nkepulver, Vitaminpulver oder Snacks wie N\u00fcsse und Trockenfr\u00fcchte handelt, dieser flexible Gro\u00dfhandelsverpackungsbeutel kann sicher verpackt werden und beh\u00e4lt seinen frischen Geschmack.<\/li>\n<\/ul>\n\n\n\n<div class=\"wp-block-columns is-layout-flex wp-container-core-columns-is-layout-9d6595d7 wp-block-columns-is-layout-flex\">\n<div class=\"wp-block-column is-layout-flow wp-block-column-is-layout-flow\">\n<figure class=\"wp-block-image size-full\"><img decoding=\"async\" width=\"750\" height=\"750\" src=\"https:\/\/www.stanleypackage.com\/wp-content\/uploads\/2025\/04\/Custom-Flat-Bottom-Pouch-Bags-For-Solid-Drink-and-Snack-Food-3.webp\" alt=\"Benutzerdefinierte Beutel mit flachem Boden f\u00fcr feste Getr\u00e4nke und Snacks-3\" class=\"wp-image-1754\" srcset=\"https:\/\/www.stanleypackage.com\/wp-content\/uploads\/2025\/04\/Custom-Flat-Bottom-Pouch-Bags-For-Solid-Drink-and-Snack-Food-3.webp 750w, https:\/\/www.stanleypackage.com\/wp-content\/uploads\/2025\/04\/Custom-Flat-Bottom-Pouch-Bags-For-Solid-Drink-and-Snack-Food-3-300x300.webp 300w, https:\/\/www.stanleypackage.com\/wp-content\/uploads\/2025\/04\/Custom-Flat-Bottom-Pouch-Bags-For-Solid-Drink-and-Snack-Food-3-150x150.webp 150w, https:\/\/www.stanleypackage.com\/wp-content\/uploads\/2025\/04\/Custom-Flat-Bottom-Pouch-Bags-For-Solid-Drink-and-Snack-Food-3-12x12.webp 12w, https:\/\/www.stanleypackage.com\/wp-content\/uploads\/2025\/04\/Custom-Flat-Bottom-Pouch-Bags-For-Solid-Drink-and-Snack-Food-3-600x600.webp 600w, https:\/\/www.stanleypackage.com\/wp-content\/uploads\/2025\/04\/Custom-Flat-Bottom-Pouch-Bags-For-Solid-Drink-and-Snack-Food-3-100x100.webp 100w\" sizes=\"(max-width: 750px) 100vw, 750px\" \/><\/figure>\n<\/div>\n\n\n\n<div class=\"wp-block-column is-layout-flow wp-block-column-is-layout-flow\">\n<figure class=\"wp-block-image size-full\"><img decoding=\"async\" width=\"750\" height=\"750\" src=\"https:\/\/www.stanleypackage.com\/wp-content\/uploads\/2025\/04\/Custom-Flat-Bottom-Pouch-Bags-For-Solid-Drink-and-Snack-Food-4.webp\" alt=\"Benutzerdefinierte flachen Boden Beutel Beutel f\u00fcr feste Getr\u00e4nke und Snacks Lebensmittel-4\" class=\"wp-image-1755\" srcset=\"https:\/\/www.stanleypackage.com\/wp-content\/uploads\/2025\/04\/Custom-Flat-Bottom-Pouch-Bags-For-Solid-Drink-and-Snack-Food-4.webp 750w, https:\/\/www.stanleypackage.com\/wp-content\/uploads\/2025\/04\/Custom-Flat-Bottom-Pouch-Bags-For-Solid-Drink-and-Snack-Food-4-300x300.webp 300w, https:\/\/www.stanleypackage.com\/wp-content\/uploads\/2025\/04\/Custom-Flat-Bottom-Pouch-Bags-For-Solid-Drink-and-Snack-Food-4-150x150.webp 150w, https:\/\/www.stanleypackage.com\/wp-content\/uploads\/2025\/04\/Custom-Flat-Bottom-Pouch-Bags-For-Solid-Drink-and-Snack-Food-4-12x12.webp 12w, https:\/\/www.stanleypackage.com\/wp-content\/uploads\/2025\/04\/Custom-Flat-Bottom-Pouch-Bags-For-Solid-Drink-and-Snack-Food-4-600x600.webp 600w, https:\/\/www.stanleypackage.com\/wp-content\/uploads\/2025\/04\/Custom-Flat-Bottom-Pouch-Bags-For-Solid-Drink-and-Snack-Food-4-100x100.webp 100w\" sizes=\"(max-width: 750px) 100vw, 750px\" \/><\/figure>\n<\/div>\n<\/div>\n<\/div>\n<\/div>","protected":false},"excerpt":{"rendered":"<p>Willkommen bei benutzerdefinierten flachen Boden Beutel Beutel. Dieser Gro\u00dfhandel flexible Verpackung Beutel ist f\u00fcr feste Getr\u00e4nke, Instant-Pulver, Nuss-Snacks und andere Produkte entwickelt. Es hat L\u00f6cher h\u00e4ngen, rei\u00dfen Kerben und Boden F\u00fcllung Funktionen, die bequem f\u00fcr die Anzeige und Verwendung sind.<\/p>\n<table style=\"border-collapse: collapse; width: 365.02pt;\" border=\"0\" width=\"365\" cellspacing=\"0\" cellpadding=\"0\">\n<tbody>\n<tr style=\"height: 16.00pt;\">\n<td class=\"et2\" style=\"height: 16.00pt; width: 97.50pt;\" width=\"97\" height=\"16\">Hersteller<\/td>\n<td class=\"et2\" style=\"width: 267.50pt;\" width=\"267\">Stanley<\/td>\n<\/tr>\n<tr style=\"height: 16.00pt;\">\n<td class=\"et2\" style=\"height: 16.00pt; width: 97.50pt;\" width=\"97\" height=\"16\">Arten von Beuteln<\/td>\n<td class=\"et3\">8 Flache Bodentasche mit Seitensiegel<\/td>\n<\/tr>\n<tr style=\"height: 16.00pt;\">\n<td class=\"et2\" style=\"height: 16.00pt; width: 97.50pt;\" width=\"97\" height=\"16\">Material<\/td>\n<td class=\"et2\" style=\"width: 267.50pt;\" width=\"267\">BOPP28\/VMPET12\/PE75<\/td>\n<\/tr>\n<tr style=\"height: 16.00pt;\">\n<td class=\"et2\" style=\"height: 16.00pt; width: 97.50pt;\" width=\"97\" height=\"16\">Besonderes Merkmal<\/td>\n<td class=\"et2\" style=\"width: 267.50pt;\" width=\"267\">Aufh\u00e4ngeloch, Tr\u00e4nenkerbe, Bodenf\u00fcllung<\/td>\n<\/tr>\n<tr style=\"height: 16.00pt;\">\n<td class=\"et2\" style=\"height: 16.00pt; width: 97.50pt;\" width=\"97\" height=\"16\">Handhabung der Oberfl\u00e4che<\/td>\n<td class=\"et2\" style=\"width: 267.50pt;\" width=\"267\">Tiefdruck<\/td>\n<\/tr>\n<tr style=\"height: 16.00pt;\">\n<td class=\"et2\" style=\"height: 16.00pt; width: 97.50pt;\" width=\"97\" height=\"16\">Farbe<\/td>\n<td class=\"et2\" style=\"width: 267.50pt;\" width=\"267\">Beidseitiger Druck, bis zu 10 Farben<\/td>\n<\/tr>\n<tr style=\"height: 16.00pt;\">\n<td class=\"et2\" style=\"height: 16.00pt; width: 97.50pt;\" width=\"97\" height=\"16\">Verwendung<\/td>\n<td class=\"et2\" style=\"width: 267.50pt;\" width=\"267\">Feste Getr\u00e4nke, Snack, Haferflocken<\/td>\n<\/tr>\n<tr style=\"height: 16.00pt;\">\n<td class=\"et2\" style=\"height: 16.00pt; width: 97.50pt;\" width=\"97\" height=\"16\">MOQ<\/td>\n<td class=\"et2\" style=\"width: 267.50pt;\" width=\"267\">50.000 St\u00fcck<\/td>\n<\/tr>\n<tr style=\"height: 16.00pt;\">\n<td class=\"et2\" style=\"height: 16.00pt; width: 97.50pt;\" width=\"97\" height=\"16\">Individuelle Bestellung<\/td>\n<td class=\"et2\" style=\"width: 267.50pt;\" width=\"267\">Akzeptieren Sie OEM &amp; ODM, unterst\u00fctzen Sie freie Probe<\/td>\n<\/tr>\n<\/tbody>\n<\/table>\n<p>&nbsp;<\/p>","protected":false},"featured_media":1756,"comment_status":"closed","ping_status":"closed","template":"","meta":{"_acf_changed":false},"product_brand":[],"product_cat":[24],"product_tag":[],"class_list":{"0":"post-1751","1":"product","2":"type-product","3":"status-publish","4":"has-post-thumbnail","6":"product_cat-flat-bottom-pouch-manufacturer","7":"pa_food-packaging-oatmeal-pouch","8":"pa_food-packaging-snack-food-pouch","10":"first","11":"instock","12":"shipping-taxable","13":"product-type-simple"},"acf":[],"_links":{"self":[{"href":"https:\/\/www.stanleypackage.com\/de\/wp-json\/wp\/v2\/product\/1751","targetHints":{"allow":["GET"]}}],"collection":[{"href":"https:\/\/www.stanleypackage.com\/de\/wp-json\/wp\/v2\/product"}],"about":[{"href":"https:\/\/www.stanleypackage.com\/de\/wp-json\/wp\/v2\/types\/product"}],"replies":[{"embeddable":true,"href":"https:\/\/www.stanleypackage.com\/de\/wp-json\/wp\/v2\/comments?post=1751"}],"wp:featuredmedia":[{"embeddable":true,"href":"https:\/\/www.stanleypackage.com\/de\/wp-json\/wp\/v2\/media\/1756"}],"wp:attachment":[{"href":"https:\/\/www.stanleypackage.com\/de\/wp-json\/wp\/v2\/media?parent=1751"}],"wp:term":[{"taxonomy":"product_brand","embeddable":true,"href":"https:\/\/www.stanleypackage.com\/de\/wp-json\/wp\/v2\/product_brand?post=1751"},{"taxonomy":"product_cat","embeddable":true,"href":"https:\/\/www.stanleypackage.com\/de\/wp-json\/wp\/v2\/product_cat?post=1751"},{"taxonomy":"product_tag","embeddable":true,"href":"https:\/\/www.stanleypackage.com\/de\/wp-json\/wp\/v2\/product_tag?post=1751"}],"curies":[{"name":"wp","href":"https:\/\/api.w.org\/{rel}","templated":true}]}}