{"id":2248,"date":"2025-06-17T09:39:06","date_gmt":"2025-06-17T09:39:06","guid":{"rendered":"https:\/\/www.stanleypackage.com\/?post_type=product&#038;p=2248"},"modified":"2025-06-17T10:00:31","modified_gmt":"2025-06-17T10:00:31","slug":"custom-shaped-pouches","status":"publish","type":"product","link":"https:\/\/www.stanleypackage.com\/de\/product\/custom-shaped-pouches\/","title":{"rendered":"OEM benutzerdefinierte geformte Taschen Gro\u00dfhandel mit Lippenstift Pinsel"},"content":{"rendered":"<div class=\"wp-block-columns is-layout-flex wp-container-core-columns-is-layout-9d6595d7 wp-block-columns-is-layout-flex\">\n<div class=\"wp-block-column is-layout-flow wp-block-column-is-layout-flow\">\n<h2 class=\"wp-block-heading\">Merkmale der Custom Shaped Pouches<\/h2>\n\n\n\n<ul class=\"wp-block-list\">\n<li><strong>Integrierter B\u00fcrstenkopf und D\u00fcse, bequem und praktisch:<\/strong> Unsere individuell geformten Beutel integrieren auf innovative Weise die Lippenb\u00fcrste und die D\u00fcsenstruktur, was f\u00fcr die Benutzer bequem ist, um die Menge und den Anwendungsbereich genau zu kontrollieren und den Komfort und die Erfahrung bei der Verwendung des Produkts zu verbessern.<\/li>\n\n\n\n<li><strong>Hochwertige, mehrschichtige Materialien zum Schutz des Inhalts: <\/strong>Dieser Gro\u00dfhandel Lippenstift Taschen verwendet PET12\/VMPET12\/PE115 hohe Barriere Verbundwerkstoff, die effektiv feuchtigkeitsbest\u00e4ndig und Anti-Oxidation ist, um sicherzustellen, dass der Inhalt frisch und sicher f\u00fcr eine lange Zeit sind.<\/li>\n\n\n\n<li><strong>Geeignet f\u00fcr eine Vielzahl von past\u00f6sen und fl\u00fcssigen Produkten:<\/strong> Diese ma\u00dfgefertigten Beutel mit Pinsel eignen sich f\u00fcr eine Vielzahl von past\u00f6sen und fl\u00fcssigen Kosmetika wie Lippenstift, Lippenbalsam, fl\u00fcssiges Rouge usw., um den Verpackungsbedarf verschiedener Kosmetikkategorien zu decken.<\/li>\n\n\n\n<li><strong>Hochpr\u00e4ziser Druck, starke visuelle Wirkung: <\/strong>Unsere Gro\u00dfhandels-Lippenstifttaschen unterst\u00fctzen doppelseitigen Tiefdruck, bis zu 10-Farben-Druckschema, klare und zarte Muster, helle und volle Farben, um die visuellen Bed\u00fcrfnisse von High-End-Kosmetik zu erf\u00fcllen.<\/li>\n\n\n\n<li><strong>Professionelle kundenspezifische Form, die den Wiedererkennungswert der Marke erh\u00f6ht:<\/strong> Unsere individuell geformten Beutel unterst\u00fctzen die OEM-Beutelanpassung, k\u00f6nnen nach den Bed\u00fcrfnissen der Marke gestaltet werden und bieten ein einzigartiges Erscheinungsbild, das die Aufmerksamkeit der Verbraucher auf sich zieht und die Regalleistung verbessert.<\/li>\n<\/ul>\n\n\n\n<div class=\"wp-block-columns is-layout-flex wp-container-core-columns-is-layout-9d6595d7 wp-block-columns-is-layout-flex\">\n<div class=\"wp-block-column is-layout-flow wp-block-column-is-layout-flow\">\n<figure class=\"wp-block-image size-full\"><img decoding=\"async\" width=\"750\" height=\"750\" src=\"https:\/\/www.stanleypackage.com\/wp-content\/uploads\/2025\/06\/OEM-Custom-Shaped-Pouches-Wholesale-With-Lipstick-Brush-4.webp\" alt=\"OEM benutzerdefinierte geformte Taschen Gro\u00dfhandel mit Lippenstift Pinsel-4\" class=\"wp-image-2252\" srcset=\"https:\/\/www.stanleypackage.com\/wp-content\/uploads\/2025\/06\/OEM-Custom-Shaped-Pouches-Wholesale-With-Lipstick-Brush-4.webp 750w, https:\/\/www.stanleypackage.com\/wp-content\/uploads\/2025\/06\/OEM-Custom-Shaped-Pouches-Wholesale-With-Lipstick-Brush-4-300x300.webp 300w, https:\/\/www.stanleypackage.com\/wp-content\/uploads\/2025\/06\/OEM-Custom-Shaped-Pouches-Wholesale-With-Lipstick-Brush-4-150x150.webp 150w, https:\/\/www.stanleypackage.com\/wp-content\/uploads\/2025\/06\/OEM-Custom-Shaped-Pouches-Wholesale-With-Lipstick-Brush-4-12x12.webp 12w, https:\/\/www.stanleypackage.com\/wp-content\/uploads\/2025\/06\/OEM-Custom-Shaped-Pouches-Wholesale-With-Lipstick-Brush-4-600x600.webp 600w, https:\/\/www.stanleypackage.com\/wp-content\/uploads\/2025\/06\/OEM-Custom-Shaped-Pouches-Wholesale-With-Lipstick-Brush-4-100x100.webp 100w\" sizes=\"(max-width: 750px) 100vw, 750px\" \/><\/figure>\n<\/div>\n\n\n\n<div class=\"wp-block-column is-layout-flow wp-block-column-is-layout-flow\">\n<figure class=\"wp-block-image size-full\"><img decoding=\"async\" width=\"750\" height=\"750\" src=\"https:\/\/www.stanleypackage.com\/wp-content\/uploads\/2025\/06\/OEM-Custom-Shaped-Pouches-Wholesale-With-Lipstick-Brush-6.webp\" alt=\"OEM benutzerdefinierte geformte Taschen Gro\u00dfhandel mit Lippenstift Pinsel-6\" class=\"wp-image-2254\" srcset=\"https:\/\/www.stanleypackage.com\/wp-content\/uploads\/2025\/06\/OEM-Custom-Shaped-Pouches-Wholesale-With-Lipstick-Brush-6.webp 750w, https:\/\/www.stanleypackage.com\/wp-content\/uploads\/2025\/06\/OEM-Custom-Shaped-Pouches-Wholesale-With-Lipstick-Brush-6-300x300.webp 300w, https:\/\/www.stanleypackage.com\/wp-content\/uploads\/2025\/06\/OEM-Custom-Shaped-Pouches-Wholesale-With-Lipstick-Brush-6-150x150.webp 150w, https:\/\/www.stanleypackage.com\/wp-content\/uploads\/2025\/06\/OEM-Custom-Shaped-Pouches-Wholesale-With-Lipstick-Brush-6-12x12.webp 12w, https:\/\/www.stanleypackage.com\/wp-content\/uploads\/2025\/06\/OEM-Custom-Shaped-Pouches-Wholesale-With-Lipstick-Brush-6-600x600.webp 600w, https:\/\/www.stanleypackage.com\/wp-content\/uploads\/2025\/06\/OEM-Custom-Shaped-Pouches-Wholesale-With-Lipstick-Brush-6-100x100.webp 100w\" sizes=\"(max-width: 750px) 100vw, 750px\" \/><\/figure>\n<\/div>\n<\/div>\n<\/div>\n<\/div>","protected":false},"excerpt":{"rendered":"<p>Willkommen bei kundenspezifischen Formbeuteln. Dieser Gro\u00dfhandel geformt Lippenstift Tasche ist aus hoher Barriere Verbundwerkstoff, ausgestattet mit einer D\u00fcse und einem Pinselkopf, geeignet f\u00fcr Lippenstift, Lippenbalsam, fl\u00fcssige err\u00f6ten und andere Produkte, unterst\u00fctzt doppelseitigen Mehrfarbendruck.<\/p>\n<table style=\"border-collapse: collapse; width: 365.02pt;\" border=\"0\" width=\"365\" cellspacing=\"0\" cellpadding=\"0\">\n<tbody>\n<tr style=\"height: 16.00pt;\">\n<td class=\"et2\" style=\"height: 16.00pt; width: 97.50pt;\" width=\"97\" height=\"16\">Hersteller<\/td>\n<td class=\"et2\" style=\"width: 267.50pt;\" width=\"267\">Stanley<\/td>\n<\/tr>\n<tr style=\"height: 16.00pt;\">\n<td class=\"et2\" style=\"height: 16.00pt; width: 97.50pt;\" width=\"97\" height=\"16\">Arten von Beuteln<\/td>\n<td class=\"et3\">Formbeutel, Ausgie\u00dferbeutel mit B\u00fcrste<\/td>\n<\/tr>\n<tr style=\"height: 16.00pt;\">\n<td class=\"et2\" style=\"height: 16.00pt; width: 97.50pt;\" width=\"97\" height=\"16\">Material<\/td>\n<td class=\"et2\" style=\"width: 267.50pt;\" width=\"267\">PET12\/VMPET12\/PE115<\/td>\n<\/tr>\n<tr style=\"height: 16.00pt;\">\n<td class=\"et2\" style=\"height: 16.00pt; width: 97.50pt;\" width=\"97\" height=\"16\">Besonderes Merkmal<\/td>\n<td class=\"et2\" style=\"width: 267.50pt;\" width=\"267\">D\u00fcse, B\u00fcrste, unregelm\u00e4\u00dfige Form<\/td>\n<\/tr>\n<tr style=\"height: 16.00pt;\">\n<td class=\"et2\" style=\"height: 16.00pt; width: 97.50pt;\" width=\"97\" height=\"16\">Handhabung der Oberfl\u00e4che<\/td>\n<td class=\"et2\" style=\"width: 267.50pt;\" width=\"267\">Tiefdruck<\/td>\n<\/tr>\n<tr style=\"height: 16.00pt;\">\n<td class=\"et2\" style=\"height: 16.00pt; width: 97.50pt;\" width=\"97\" height=\"16\">Farbe<\/td>\n<td class=\"et2\" style=\"width: 267.50pt;\" width=\"267\">Doppelseitiger Druck, bis zu 10 Farben<\/td>\n<\/tr>\n<tr style=\"height: 16.00pt;\">\n<td class=\"et2\" style=\"height: 16.00pt; width: 97.50pt;\" width=\"97\" height=\"16\">Verwendung<\/td>\n<td class=\"et2\" style=\"width: 267.50pt;\" width=\"267\">Lippenstift, Lippenbalsam, fl\u00fcssiges Rouge<\/td>\n<\/tr>\n<tr style=\"height: 16.00pt;\">\n<td class=\"et2\" style=\"height: 16.00pt; width: 97.50pt;\" width=\"97\" height=\"16\">MOQ<\/td>\n<td class=\"et2\" style=\"width: 267.50pt;\" width=\"267\">50.000 St\u00fcck<\/td>\n<\/tr>\n<tr style=\"height: 16.00pt;\">\n<td class=\"et2\" style=\"height: 16.00pt; width: 97.50pt;\" width=\"97\" height=\"16\">Individuelle Bestellung<\/td>\n<td class=\"et2\" style=\"width: 267.50pt;\" width=\"267\">Akzeptieren Sie OEM &amp; ODM, unterst\u00fctzen Sie freie Probe<\/td>\n<\/tr>\n<\/tbody>\n<\/table>\n<p>&nbsp;<\/p>","protected":false},"featured_media":2251,"comment_status":"closed","ping_status":"closed","template":"","meta":{"_acf_changed":false},"product_brand":[],"product_cat":[32,22],"product_tag":[],"class_list":{"0":"post-2248","1":"product","2":"type-product","3":"status-publish","4":"has-post-thumbnail","6":"product_cat-spout-pouch-manufacturer","7":"product_cat-shaped-pouches-factory","8":"pa_non-food-packaging-cosmetic-packaging-pouches","10":"first","11":"instock","12":"shipping-taxable","13":"product-type-simple"},"acf":[],"_links":{"self":[{"href":"https:\/\/www.stanleypackage.com\/de\/wp-json\/wp\/v2\/product\/2248","targetHints":{"allow":["GET"]}}],"collection":[{"href":"https:\/\/www.stanleypackage.com\/de\/wp-json\/wp\/v2\/product"}],"about":[{"href":"https:\/\/www.stanleypackage.com\/de\/wp-json\/wp\/v2\/types\/product"}],"replies":[{"embeddable":true,"href":"https:\/\/www.stanleypackage.com\/de\/wp-json\/wp\/v2\/comments?post=2248"}],"wp:featuredmedia":[{"embeddable":true,"href":"https:\/\/www.stanleypackage.com\/de\/wp-json\/wp\/v2\/media\/2251"}],"wp:attachment":[{"href":"https:\/\/www.stanleypackage.com\/de\/wp-json\/wp\/v2\/media?parent=2248"}],"wp:term":[{"taxonomy":"product_brand","embeddable":true,"href":"https:\/\/www.stanleypackage.com\/de\/wp-json\/wp\/v2\/product_brand?post=2248"},{"taxonomy":"product_cat","embeddable":true,"href":"https:\/\/www.stanleypackage.com\/de\/wp-json\/wp\/v2\/product_cat?post=2248"},{"taxonomy":"product_tag","embeddable":true,"href":"https:\/\/www.stanleypackage.com\/de\/wp-json\/wp\/v2\/product_tag?post=2248"}],"curies":[{"name":"wp","href":"https:\/\/api.w.org\/{rel}","templated":true}]}}