{"id":2255,"date":"2025-06-18T08:45:39","date_gmt":"2025-06-18T08:45:39","guid":{"rendered":"https:\/\/www.stanleypackage.com\/?post_type=product&#038;p=2255"},"modified":"2025-06-18T09:13:39","modified_gmt":"2025-06-18T09:13:39","slug":"wholesale-flexible-packaging","status":"publish","type":"product","link":"https:\/\/www.stanleypackage.com\/de\/product\/wholesale-flexible-packaging\/","title":{"rendered":"OEM Form Gro\u00dfhandel Flexible Verpackung mit Mascara-B\u00fcrste"},"content":{"rendered":"<div class=\"wp-block-columns is-layout-flex wp-container-core-columns-is-layout-9d6595d7 wp-block-columns-is-layout-flex\">\n<div class=\"wp-block-column is-layout-flow wp-block-column-is-layout-flow\">\n<h2 class=\"wp-block-heading\">Merkmale der flexiblen Gro\u00dfhandelsverpackung<\/h2>\n\n\n\n<ul class=\"wp-block-list\">\n<li><strong>Integrierter B\u00fcrstenkopf, einfach zu bedienen: <\/strong>Diese flexible Gro\u00dfhandelsverpackung hat eine eingebaute Wimpern- oder Augenbrauenb\u00fcrste, die zus\u00e4tzliches Zubeh\u00f6r \u00fcberfl\u00fcssig macht und es den Verbrauchern erm\u00f6glicht, die Produkte direkt anzuwenden.<\/li>\n\n\n\n<li><strong>Unterst\u00fctzung kundenspezifischer, speziell geformter Taschen zur Verbesserung der Wiedererkennung: <\/strong>Unsere kundenspezifischen Kosmetikverpackungen k\u00f6nnen flexibel mit unregelm\u00e4\u00dfigen Formen angepasst werden, die den Anforderungen der Marke entsprechen, um die Einzigartigkeit und Wettbewerbsf\u00e4higkeit des Produkts zu verbessern.<\/li>\n\n\n\n<li><strong>Dreischichtige Verbundstruktur, starke Barriereleistung: <\/strong>Diese flexible Gro\u00dfhandelsverpackung nimmt PET12\/VMPET12\/PE115 Materialstruktur an, die effektiv Luft und Licht blockiert und die stabile Qualit\u00e4t der Paste sch\u00fctzt.<\/li>\n\n\n\n<li><strong>Beidseitiger hochwertiger Druck, der das Markenimage hervorhebt: <\/strong>Unsere benutzerdefinierte Kosmetikverpackung Beutel nimmt Tiefdruck, mit hoher Pr\u00e4zision, unterst\u00fctzt bis zu 10 Farben und helle Muster, geeignet f\u00fcr High-End-Kosmetik-Verpackung Display.<\/li>\n\n\n\n<li><strong>Geeignet f\u00fcr eine Vielzahl von fl\u00fcssigen und past\u00f6sen Kosmetika: <\/strong>Diese flexible Gro\u00dfhandelsverpackung eignet sich f\u00fcr Mascara, Augenbrauengel und andere past\u00f6se Produkte, wobei sowohl die Funktionalit\u00e4t als auch die \u00c4sthetik der Verpackung ber\u00fccksichtigt werden, um mehrere Anwendungsszenarien zu erf\u00fcllen.<\/li>\n<\/ul>\n\n\n\n<div class=\"wp-block-columns is-layout-flex wp-container-core-columns-is-layout-9d6595d7 wp-block-columns-is-layout-flex\">\n<div class=\"wp-block-column is-layout-flow wp-block-column-is-layout-flow\">\n<figure class=\"wp-block-image size-full\"><img decoding=\"async\" width=\"750\" height=\"750\" src=\"https:\/\/www.stanleypackage.com\/wp-content\/uploads\/2025\/06\/OEM-Shape-Wholesale-Flexible-Packaging-with-Mascara-Brush-3.webp\" alt=\"OEM Form Gro\u00dfhandel Flexible Verpackung mit Mascara Pinsel-3\" class=\"wp-image-2258\" srcset=\"https:\/\/www.stanleypackage.com\/wp-content\/uploads\/2025\/06\/OEM-Shape-Wholesale-Flexible-Packaging-with-Mascara-Brush-3.webp 750w, https:\/\/www.stanleypackage.com\/wp-content\/uploads\/2025\/06\/OEM-Shape-Wholesale-Flexible-Packaging-with-Mascara-Brush-3-300x300.webp 300w, https:\/\/www.stanleypackage.com\/wp-content\/uploads\/2025\/06\/OEM-Shape-Wholesale-Flexible-Packaging-with-Mascara-Brush-3-150x150.webp 150w, https:\/\/www.stanleypackage.com\/wp-content\/uploads\/2025\/06\/OEM-Shape-Wholesale-Flexible-Packaging-with-Mascara-Brush-3-12x12.webp 12w, https:\/\/www.stanleypackage.com\/wp-content\/uploads\/2025\/06\/OEM-Shape-Wholesale-Flexible-Packaging-with-Mascara-Brush-3-600x600.webp 600w, https:\/\/www.stanleypackage.com\/wp-content\/uploads\/2025\/06\/OEM-Shape-Wholesale-Flexible-Packaging-with-Mascara-Brush-3-100x100.webp 100w\" sizes=\"(max-width: 750px) 100vw, 750px\" \/><\/figure>\n<\/div>\n\n\n\n<div class=\"wp-block-column is-layout-flow wp-block-column-is-layout-flow\">\n<figure class=\"wp-block-image size-full\"><img decoding=\"async\" width=\"750\" height=\"750\" src=\"https:\/\/www.stanleypackage.com\/wp-content\/uploads\/2025\/06\/OEM-Shape-Wholesale-Flexible-Packaging-with-Mascara-Brush-2.webp\" alt=\"OEM Form Gro\u00dfhandel Flexible Verpackung mit Mascara Pinsel-2\" class=\"wp-image-2257\" srcset=\"https:\/\/www.stanleypackage.com\/wp-content\/uploads\/2025\/06\/OEM-Shape-Wholesale-Flexible-Packaging-with-Mascara-Brush-2.webp 750w, https:\/\/www.stanleypackage.com\/wp-content\/uploads\/2025\/06\/OEM-Shape-Wholesale-Flexible-Packaging-with-Mascara-Brush-2-300x300.webp 300w, https:\/\/www.stanleypackage.com\/wp-content\/uploads\/2025\/06\/OEM-Shape-Wholesale-Flexible-Packaging-with-Mascara-Brush-2-150x150.webp 150w, https:\/\/www.stanleypackage.com\/wp-content\/uploads\/2025\/06\/OEM-Shape-Wholesale-Flexible-Packaging-with-Mascara-Brush-2-12x12.webp 12w, https:\/\/www.stanleypackage.com\/wp-content\/uploads\/2025\/06\/OEM-Shape-Wholesale-Flexible-Packaging-with-Mascara-Brush-2-600x600.webp 600w, https:\/\/www.stanleypackage.com\/wp-content\/uploads\/2025\/06\/OEM-Shape-Wholesale-Flexible-Packaging-with-Mascara-Brush-2-100x100.webp 100w\" sizes=\"(max-width: 750px) 100vw, 750px\" \/><\/figure>\n<\/div>\n<\/div>\n<\/div>\n<\/div>","protected":false},"excerpt":{"rendered":"<p>Willkommen im Gro\u00dfhandel flexible Verpackungen zu kaufen. Diese benutzerdefinierte kosmetische Verpackung Beutel kombiniert eine D\u00fcse und eine Wimpernb\u00fcrste Design, und nimmt eine hohe Barriere Verbundwerkstoff, die weit in kosmetischen Produkten wie Augenbrauenfarben und Mascara verwendet wird.<\/p>\n<table style=\"border-collapse: collapse; width: 365.02pt;\" border=\"0\" width=\"365\" cellspacing=\"0\" cellpadding=\"0\">\n<tbody>\n<tr style=\"height: 16.00pt;\">\n<td class=\"et2\" style=\"height: 16.00pt; width: 97.50pt;\" width=\"97\" height=\"16\">Hersteller<\/td>\n<td class=\"et2\" style=\"width: 267.50pt;\" width=\"267\">Stanley<\/td>\n<\/tr>\n<tr style=\"height: 16.00pt;\">\n<td class=\"et2\" style=\"height: 16.00pt; width: 97.50pt;\" width=\"97\" height=\"16\">Arten von Beuteln<\/td>\n<td class=\"et3\">Formbeutel, Ausgie\u00dferbeutel mit B\u00fcrste<\/td>\n<\/tr>\n<tr style=\"height: 16.00pt;\">\n<td class=\"et2\" style=\"height: 16.00pt; width: 97.50pt;\" width=\"97\" height=\"16\">Material<\/td>\n<td class=\"et2\" style=\"width: 267.50pt;\" width=\"267\">PET12\/VMPET12\/PE115<\/td>\n<\/tr>\n<tr style=\"height: 16.00pt;\">\n<td class=\"et2\" style=\"height: 16.00pt; width: 97.50pt;\" width=\"97\" height=\"16\">Besonderes Merkmal<\/td>\n<td class=\"et2\" style=\"width: 267.50pt;\" width=\"267\">D\u00fcse, Mascarab\u00fcrste, unregelm\u00e4\u00dfige Form<\/td>\n<\/tr>\n<tr style=\"height: 16.00pt;\">\n<td class=\"et2\" style=\"height: 16.00pt; width: 97.50pt;\" width=\"97\" height=\"16\">Handhabung der Oberfl\u00e4che<\/td>\n<td class=\"et2\" style=\"width: 267.50pt;\" width=\"267\">Tiefdruck<\/td>\n<\/tr>\n<tr style=\"height: 16.00pt;\">\n<td class=\"et2\" style=\"height: 16.00pt; width: 97.50pt;\" width=\"97\" height=\"16\">Farbe<\/td>\n<td class=\"et2\" style=\"width: 267.50pt;\" width=\"267\">Doppelseitiger Druck, bis zu 10 Farben<\/td>\n<\/tr>\n<tr style=\"height: 16.00pt;\">\n<td class=\"et2\" style=\"height: 16.00pt; width: 97.50pt;\" width=\"97\" height=\"16\">Verwendung<\/td>\n<td class=\"et2\" style=\"width: 267.50pt;\" width=\"267\">Wimperntusche, Augenbrauengel<\/td>\n<\/tr>\n<tr style=\"height: 16.00pt;\">\n<td class=\"et2\" style=\"height: 16.00pt; width: 97.50pt;\" width=\"97\" height=\"16\">MOQ<\/td>\n<td class=\"et2\" style=\"width: 267.50pt;\" width=\"267\">50.000 St\u00fcck<\/td>\n<\/tr>\n<tr style=\"height: 16.00pt;\">\n<td class=\"et2\" style=\"height: 16.00pt; width: 97.50pt;\" width=\"97\" height=\"16\">Individuelle Bestellung<\/td>\n<td class=\"et2\" style=\"width: 267.50pt;\" width=\"267\">Akzeptieren Sie OEM &amp; ODM, unterst\u00fctzen Sie freie Probe<\/td>\n<\/tr>\n<\/tbody>\n<\/table>\n<p>&nbsp;<\/p>\n<p>&nbsp;<\/p>","protected":false},"featured_media":2259,"comment_status":"closed","ping_status":"closed","template":"","meta":{"_acf_changed":false},"product_brand":[],"product_cat":[32,22],"product_tag":[],"class_list":{"0":"post-2255","1":"product","2":"type-product","3":"status-publish","4":"has-post-thumbnail","6":"product_cat-spout-pouch-manufacturer","7":"product_cat-shaped-pouches-factory","8":"pa_non-food-packaging-cosmetic-packaging-pouches","10":"first","11":"instock","12":"shipping-taxable","13":"product-type-simple"},"acf":[],"_links":{"self":[{"href":"https:\/\/www.stanleypackage.com\/de\/wp-json\/wp\/v2\/product\/2255","targetHints":{"allow":["GET"]}}],"collection":[{"href":"https:\/\/www.stanleypackage.com\/de\/wp-json\/wp\/v2\/product"}],"about":[{"href":"https:\/\/www.stanleypackage.com\/de\/wp-json\/wp\/v2\/types\/product"}],"replies":[{"embeddable":true,"href":"https:\/\/www.stanleypackage.com\/de\/wp-json\/wp\/v2\/comments?post=2255"}],"wp:featuredmedia":[{"embeddable":true,"href":"https:\/\/www.stanleypackage.com\/de\/wp-json\/wp\/v2\/media\/2259"}],"wp:attachment":[{"href":"https:\/\/www.stanleypackage.com\/de\/wp-json\/wp\/v2\/media?parent=2255"}],"wp:term":[{"taxonomy":"product_brand","embeddable":true,"href":"https:\/\/www.stanleypackage.com\/de\/wp-json\/wp\/v2\/product_brand?post=2255"},{"taxonomy":"product_cat","embeddable":true,"href":"https:\/\/www.stanleypackage.com\/de\/wp-json\/wp\/v2\/product_cat?post=2255"},{"taxonomy":"product_tag","embeddable":true,"href":"https:\/\/www.stanleypackage.com\/de\/wp-json\/wp\/v2\/product_tag?post=2255"}],"curies":[{"name":"wp","href":"https:\/\/api.w.org\/{rel}","templated":true}]}}