{"id":2276,"date":"2025-06-18T09:46:44","date_gmt":"2025-06-18T09:46:44","guid":{"rendered":"https:\/\/www.stanleypackage.com\/?post_type=product&#038;p=2276"},"modified":"2025-09-06T01:59:12","modified_gmt":"2025-09-06T01:59:12","slug":"wholesale-spout-pouch-packaging","status":"publish","type":"product","link":"https:\/\/www.stanleypackage.com\/de\/product\/wholesale-spout-pouch-packaging\/","title":{"rendered":"Mono-Material Gro\u00dfhandel T\u00fclle Beutel Verpackung f\u00fcr K\u00f6rperlotion"},"content":{"rendered":"<div class=\"wp-block-columns is-layout-flex wp-container-core-columns-is-layout-9d6595d7 wp-block-columns-is-layout-flex\">\n<div class=\"wp-block-column is-layout-flow wp-block-column-is-layout-flow\">\n<h2 class=\"wp-block-heading\">Merkmale des Gro\u00dfhandels Spout Pouch Verpackung<\/h2>\n\n\n\n<ul class=\"wp-block-list\">\n<li><strong>Recycelbares Material: <\/strong>Diese Gro\u00dfhandelsverpackung f\u00fcr T\u00fcllenbeutel besteht aus einem einzigen PE-Material, das vollst\u00e4ndig recycelbar ist, den Umweltschutzgesetzen entspricht, die Plastikverschmutzung reduziert und der Marke einen gr\u00fcnen und umweltfreundlichen Eindruck verleiht.<\/li>\n\n\n\n<li><strong>Saugd\u00fcsendesign, pr\u00e4zise Anwendung: <\/strong>Diese kundenspezifischen Beutelverpackungen verf\u00fcgen \u00fcber eine Saugd\u00fcse, mit der die Kunden die Auftragsmenge genau kontrollieren k\u00f6nnen, was den Abfall minimiert und die Kundenerfahrung verbessert.<\/li>\n\n\n\n<li><strong>Bodenbef\u00fcllung, bequem und effizient: <\/strong>Die Bodenbef\u00fcllung dieser Gro\u00dfhandelsbeutelverpackungen sorgt f\u00fcr eine gleichm\u00e4\u00dfige Bef\u00fcllung mit Fl\u00fcssigkeit, reduziert den Luftraum in der Produktion, verbessert die Verpackungseffizienz und erh\u00e4lt die Frische des Produkts.<\/li>\n\n\n\n<li><strong>Leicht und tragbar, spart Platz:<\/strong> Diese kundenspezifische Beutelverpackung ist leicht und tragbar, spart mehr Lagerplatz als herk\u00f6mmliche Flaschen und eignet sich f\u00fcr den Verkauf im E-Commerce und den t\u00e4glichen Gebrauch.<\/li>\n\n\n\n<li><strong>Geeignet f\u00fcr eine Vielzahl von Hautpflegeprodukten mit breiter Marktanwendung: <\/strong>Diese Gro\u00dfhandelsverpackungen mit Ausgie\u00dfer eignen sich f\u00fcr fl\u00fcssige oder past\u00f6se Hautpflegeprodukte wie Lotionen und Cremes. Sie erf\u00fcllen die Verpackungsanforderungen verschiedener Hautpflegemarken und verbessern die Wettbewerbsf\u00e4higkeit der Produkte auf dem Markt.<\/li>\n<\/ul>\n\n\n\n<div class=\"wp-block-columns is-layout-flex wp-container-core-columns-is-layout-9d6595d7 wp-block-columns-is-layout-flex\">\n<div class=\"wp-block-column is-layout-flow wp-block-column-is-layout-flow\">\n<figure class=\"wp-block-image size-full\"><img decoding=\"async\" width=\"750\" height=\"750\" src=\"https:\/\/www.stanleypackage.com\/wp-content\/uploads\/2025\/06\/Mono-Material-Wholesale-Spout-Pouch-Packaging-For-Body-Lotion-2.webp\" alt=\"Mono-Material Gro\u00dfhandel Spout Pouch Verpackung f\u00fcr K\u00f6rperlotion-2\" class=\"wp-image-2278\" srcset=\"https:\/\/www.stanleypackage.com\/wp-content\/uploads\/2025\/06\/Mono-Material-Wholesale-Spout-Pouch-Packaging-For-Body-Lotion-2.webp 750w, https:\/\/www.stanleypackage.com\/wp-content\/uploads\/2025\/06\/Mono-Material-Wholesale-Spout-Pouch-Packaging-For-Body-Lotion-2-300x300.webp 300w, https:\/\/www.stanleypackage.com\/wp-content\/uploads\/2025\/06\/Mono-Material-Wholesale-Spout-Pouch-Packaging-For-Body-Lotion-2-150x150.webp 150w, https:\/\/www.stanleypackage.com\/wp-content\/uploads\/2025\/06\/Mono-Material-Wholesale-Spout-Pouch-Packaging-For-Body-Lotion-2-12x12.webp 12w, https:\/\/www.stanleypackage.com\/wp-content\/uploads\/2025\/06\/Mono-Material-Wholesale-Spout-Pouch-Packaging-For-Body-Lotion-2-600x600.webp 600w, https:\/\/www.stanleypackage.com\/wp-content\/uploads\/2025\/06\/Mono-Material-Wholesale-Spout-Pouch-Packaging-For-Body-Lotion-2-100x100.webp 100w\" sizes=\"(max-width: 750px) 100vw, 750px\" \/><\/figure>\n<\/div>\n\n\n\n<div class=\"wp-block-column is-layout-flow wp-block-column-is-layout-flow\">\n<figure class=\"wp-block-image size-full\"><img decoding=\"async\" width=\"750\" height=\"750\" src=\"https:\/\/www.stanleypackage.com\/wp-content\/uploads\/2025\/06\/Mono-Material-Wholesale-Spout-Pouch-Packaging-For-Body-Lotion-4.webp\" alt=\"Mono-Material Gro\u00dfhandel Spout Pouch Verpackung f\u00fcr K\u00f6rperlotion-4\" class=\"wp-image-2280\" srcset=\"https:\/\/www.stanleypackage.com\/wp-content\/uploads\/2025\/06\/Mono-Material-Wholesale-Spout-Pouch-Packaging-For-Body-Lotion-4.webp 750w, https:\/\/www.stanleypackage.com\/wp-content\/uploads\/2025\/06\/Mono-Material-Wholesale-Spout-Pouch-Packaging-For-Body-Lotion-4-300x300.webp 300w, https:\/\/www.stanleypackage.com\/wp-content\/uploads\/2025\/06\/Mono-Material-Wholesale-Spout-Pouch-Packaging-For-Body-Lotion-4-150x150.webp 150w, https:\/\/www.stanleypackage.com\/wp-content\/uploads\/2025\/06\/Mono-Material-Wholesale-Spout-Pouch-Packaging-For-Body-Lotion-4-12x12.webp 12w, https:\/\/www.stanleypackage.com\/wp-content\/uploads\/2025\/06\/Mono-Material-Wholesale-Spout-Pouch-Packaging-For-Body-Lotion-4-600x600.webp 600w, https:\/\/www.stanleypackage.com\/wp-content\/uploads\/2025\/06\/Mono-Material-Wholesale-Spout-Pouch-Packaging-For-Body-Lotion-4-100x100.webp 100w\" sizes=\"(max-width: 750px) 100vw, 750px\" \/><\/figure>\n<\/div>\n<\/div>\n<\/div>\n<\/div>","protected":false},"excerpt":{"rendered":"<p>Willkommen zum Kauf von Fl\u00fcssigwaschmittelverpackungen. Diese Standbodenbeutel Gro\u00dfhandel mit Ausgie\u00dfer verwendet hohe Barriere Verbundwerkstoff, der gute Kompression Widerstand und auslaufsicher Leistung hat. Es ist speziell f\u00fcr fl\u00fcssige Produkte wie Fl\u00fcssigwaschmittel, Fl\u00fcssigseifen, Shampoos, etc. konzipiert und unterst\u00fctzt kundenspezifische Druck.<\/p>\n<table style=\"border-collapse: collapse; width: 365.02pt;\" border=\"0\" width=\"365\" cellspacing=\"0\" cellpadding=\"0\">\n<tbody>\n<tr style=\"height: 16.00pt;\">\n<td class=\"et2\" style=\"height: 16.00pt; width: 97.50pt;\" width=\"97\" height=\"16\">Hersteller<\/td>\n<td class=\"et2\" style=\"width: 267.50pt;\" width=\"267\">Stanley<\/td>\n<\/tr>\n<tr style=\"height: 16.00pt;\">\n<td class=\"et2\" style=\"height: 16.00pt; width: 97.50pt;\" width=\"97\" height=\"16\">Arten von Beuteln<\/td>\n<td class=\"et3\">Ausgie\u00dferbeutel<\/td>\n<\/tr>\n<tr style=\"height: 16.00pt;\">\n<td class=\"et2\" style=\"height: 16.00pt; width: 97.50pt;\" width=\"97\" height=\"16\">Material<\/td>\n<td class=\"et2\" style=\"width: 267.50pt;\" width=\"267\">PE (Mono-Material)<\/td>\n<\/tr>\n<tr style=\"height: 16.00pt;\">\n<td class=\"et2\" style=\"height: 16.00pt; width: 97.50pt;\" width=\"97\" height=\"16\">Besonderes Merkmal<\/td>\n<td class=\"et2\" style=\"width: 267.50pt;\" width=\"267\">D\u00fcse, Bef\u00fcllung von unten, wiederverwertbar<\/td>\n<\/tr>\n<tr style=\"height: 16.00pt;\">\n<td class=\"et2\" style=\"height: 16.00pt; width: 97.50pt;\" width=\"97\" height=\"16\">Handhabung der Oberfl\u00e4che<\/td>\n<td class=\"et2\" style=\"width: 267.50pt;\" width=\"267\">Tiefdruck<\/td>\n<\/tr>\n<tr style=\"height: 16.00pt;\">\n<td class=\"et2\" style=\"height: 16.00pt; width: 97.50pt;\" width=\"97\" height=\"16\">Farbe<\/td>\n<td class=\"et2\" style=\"width: 267.50pt;\" width=\"267\">Doppelseitiger Druck, bis zu 10 Farben<\/td>\n<\/tr>\n<tr style=\"height: 16.00pt;\">\n<td class=\"et2\" style=\"height: 16.00pt; width: 97.50pt;\" width=\"97\" height=\"16\">Verwendung<\/td>\n<td class=\"et2\" style=\"width: 267.50pt;\" width=\"267\">Creme, Lotion, Kosmetika<\/td>\n<\/tr>\n<tr style=\"height: 16.00pt;\">\n<td class=\"et2\" style=\"height: 16.00pt; width: 97.50pt;\" width=\"97\" height=\"16\">MOQ<\/td>\n<td class=\"et2\" style=\"width: 267.50pt;\" width=\"267\">50.000 St\u00fcck<\/td>\n<\/tr>\n<tr style=\"height: 16.00pt;\">\n<td class=\"et2\" style=\"height: 16.00pt; width: 97.50pt;\" width=\"97\" height=\"16\">Individuelle Bestellung<\/td>\n<td class=\"et2\" style=\"width: 267.50pt;\" width=\"267\">Akzeptieren Sie OEM &amp; ODM, unterst\u00fctzen Sie freie Probe<\/td>\n<\/tr>\n<\/tbody>\n<\/table>","protected":false},"featured_media":2277,"comment_status":"closed","ping_status":"closed","template":"","meta":{"_acf_changed":false},"product_brand":[],"product_cat":[32],"product_tag":[],"class_list":{"0":"post-2276","1":"product","2":"type-product","3":"status-publish","4":"has-post-thumbnail","6":"product_cat-spout-pouch-manufacturer","7":"pa_material-mono-material","8":"pa_non-food-packaging-cosmetic-packaging-pouches","10":"first","11":"instock","12":"shipping-taxable","13":"product-type-simple"},"acf":[],"_links":{"self":[{"href":"https:\/\/www.stanleypackage.com\/de\/wp-json\/wp\/v2\/product\/2276","targetHints":{"allow":["GET"]}}],"collection":[{"href":"https:\/\/www.stanleypackage.com\/de\/wp-json\/wp\/v2\/product"}],"about":[{"href":"https:\/\/www.stanleypackage.com\/de\/wp-json\/wp\/v2\/types\/product"}],"replies":[{"embeddable":true,"href":"https:\/\/www.stanleypackage.com\/de\/wp-json\/wp\/v2\/comments?post=2276"}],"wp:featuredmedia":[{"embeddable":true,"href":"https:\/\/www.stanleypackage.com\/de\/wp-json\/wp\/v2\/media\/2277"}],"wp:attachment":[{"href":"https:\/\/www.stanleypackage.com\/de\/wp-json\/wp\/v2\/media?parent=2276"}],"wp:term":[{"taxonomy":"product_brand","embeddable":true,"href":"https:\/\/www.stanleypackage.com\/de\/wp-json\/wp\/v2\/product_brand?post=2276"},{"taxonomy":"product_cat","embeddable":true,"href":"https:\/\/www.stanleypackage.com\/de\/wp-json\/wp\/v2\/product_cat?post=2276"},{"taxonomy":"product_tag","embeddable":true,"href":"https:\/\/www.stanleypackage.com\/de\/wp-json\/wp\/v2\/product_tag?post=2276"}],"curies":[{"name":"wp","href":"https:\/\/api.w.org\/{rel}","templated":true}]}}