{"id":2283,"date":"2025-06-19T01:44:12","date_gmt":"2025-06-19T01:44:12","guid":{"rendered":"https:\/\/www.stanleypackage.com\/?post_type=product&#038;p=2283"},"modified":"2025-06-19T02:17:12","modified_gmt":"2025-06-19T02:17:12","slug":"flat-bottom-spout-pouch-wholesale","status":"publish","type":"product","link":"https:\/\/www.stanleypackage.com\/de\/product\/flat-bottom-spout-pouch-wholesale\/","title":{"rendered":"Flacher Boden T\u00fclle Beutel Gro\u00dfhandel, Sachet Beutel f\u00fcr Creme"},"content":{"rendered":"<div class=\"wp-block-columns is-layout-flex wp-container-core-columns-is-layout-9d6595d7 wp-block-columns-is-layout-flex\">\n<div class=\"wp-block-column is-layout-flow wp-block-column-is-layout-flow\">\n<h2 class=\"wp-block-heading\">Merkmale von Flachbodenauslaufbeutel Gro\u00dfhandel<\/h2>\n\n\n\n<ul class=\"wp-block-list\">\n<li><strong>Flaches Bodendesign, stabile Anzeige: <\/strong>Die flache Bodenstruktur dieser flachen Boden Ausgie\u00dfer Beutel Gro\u00dfhandel erh\u00f6ht die Stabilit\u00e4t des Beutels, die unabh\u00e4ngig stehen kann, geeignet f\u00fcr Regal Display und Terminal Display, und verbessern die visuelle Wirkung der Marke.<\/li>\n\n\n\n<li><strong>Dreischichtiges Barrierematerial, sch\u00fctzt die Produktaktivit\u00e4t:<\/strong> Die PET15\/AL7\/PE100-Struktur dieses kundenspezifischen Kosmetikbeutels weist eine ausgezeichnete Feuchtigkeits- und Oxidationsbest\u00e4ndigkeit auf, wodurch die Haltbarkeit von Cremes, Lotionen und anderen Produkten effektiv verl\u00e4ngert wird.<\/li>\n\n\n\n<li><strong>D\u00fcsenkonstruktion, einfach zu bedienen und zu reinigen: <\/strong>Diese flache Boden Auslaufbeutel Gro\u00dfhandel ist bequem, die Menge der Nutzung zu kontrollieren, zu vermeiden, Abfall und Verschmutzung, verbessern die Erfahrung der Verbraucher.<\/li>\n\n\n\n<li><strong>Seitliche Abdichtung, kompakte und solide Bauweise: <\/strong>Dieser kundenspezifische Kosmetikbeutel mit Ausgie\u00dfer verwendet eine seitliche Versiegelung, um die Dichtigkeit und Druckbest\u00e4ndigkeit des Beutels zu erh\u00f6hen, ein Auslaufen zu verhindern und die Sicherheit beim Transport und im t\u00e4glichen Gebrauch zu gew\u00e4hrleisten.<\/li>\n\n\n\n<li><strong>Geeignet f\u00fcr eine breite Palette von Hautpflegeprodukten, flexible Anwendung: <\/strong>Unsere Flachbodenbeutel im Gro\u00dfhandel eignen sich f\u00fcr Cremes, Lotionen, Seren und andere fl\u00fcssige oder halbfl\u00fcssige kosmetische Produkte, um die unterschiedlichen Verpackungsanforderungen verschiedener Marken zu erf\u00fcllen.<\/li>\n<\/ul>\n\n\n\n<div class=\"wp-block-columns is-layout-flex wp-container-core-columns-is-layout-9d6595d7 wp-block-columns-is-layout-flex\">\n<div class=\"wp-block-column is-layout-flow wp-block-column-is-layout-flow\">\n<figure class=\"wp-block-image size-full\"><img decoding=\"async\" width=\"750\" height=\"750\" src=\"https:\/\/www.stanleypackage.com\/wp-content\/uploads\/2025\/06\/Flat-Bottom-Spout-Pouch-Wholesale-Sachet-Pouch-for-Cream-6.webp\" alt=\"Flacher Boden Ausgie\u00dfer Beutel Gro\u00dfhandel, Sachet Beutel f\u00fcr Creme-6\" class=\"wp-image-2289\" srcset=\"https:\/\/www.stanleypackage.com\/wp-content\/uploads\/2025\/06\/Flat-Bottom-Spout-Pouch-Wholesale-Sachet-Pouch-for-Cream-6.webp 750w, https:\/\/www.stanleypackage.com\/wp-content\/uploads\/2025\/06\/Flat-Bottom-Spout-Pouch-Wholesale-Sachet-Pouch-for-Cream-6-300x300.webp 300w, https:\/\/www.stanleypackage.com\/wp-content\/uploads\/2025\/06\/Flat-Bottom-Spout-Pouch-Wholesale-Sachet-Pouch-for-Cream-6-150x150.webp 150w, https:\/\/www.stanleypackage.com\/wp-content\/uploads\/2025\/06\/Flat-Bottom-Spout-Pouch-Wholesale-Sachet-Pouch-for-Cream-6-12x12.webp 12w, https:\/\/www.stanleypackage.com\/wp-content\/uploads\/2025\/06\/Flat-Bottom-Spout-Pouch-Wholesale-Sachet-Pouch-for-Cream-6-600x600.webp 600w, https:\/\/www.stanleypackage.com\/wp-content\/uploads\/2025\/06\/Flat-Bottom-Spout-Pouch-Wholesale-Sachet-Pouch-for-Cream-6-100x100.webp 100w\" sizes=\"(max-width: 750px) 100vw, 750px\" \/><\/figure>\n<\/div>\n\n\n\n<div class=\"wp-block-column is-layout-flow wp-block-column-is-layout-flow\">\n<figure class=\"wp-block-image size-full\"><img decoding=\"async\" width=\"750\" height=\"750\" src=\"https:\/\/www.stanleypackage.com\/wp-content\/uploads\/2025\/06\/Flat-Bottom-Spout-Pouch-Wholesale-Sachet-Pouch-for-Cream-1.webp\" alt=\"Flacher Boden Ausgie\u00dfer Beutel Gro\u00dfhandel, Sachet Beutel f\u00fcr Creme-1\" class=\"wp-image-2284\" srcset=\"https:\/\/www.stanleypackage.com\/wp-content\/uploads\/2025\/06\/Flat-Bottom-Spout-Pouch-Wholesale-Sachet-Pouch-for-Cream-1.webp 750w, https:\/\/www.stanleypackage.com\/wp-content\/uploads\/2025\/06\/Flat-Bottom-Spout-Pouch-Wholesale-Sachet-Pouch-for-Cream-1-300x300.webp 300w, https:\/\/www.stanleypackage.com\/wp-content\/uploads\/2025\/06\/Flat-Bottom-Spout-Pouch-Wholesale-Sachet-Pouch-for-Cream-1-150x150.webp 150w, https:\/\/www.stanleypackage.com\/wp-content\/uploads\/2025\/06\/Flat-Bottom-Spout-Pouch-Wholesale-Sachet-Pouch-for-Cream-1-12x12.webp 12w, https:\/\/www.stanleypackage.com\/wp-content\/uploads\/2025\/06\/Flat-Bottom-Spout-Pouch-Wholesale-Sachet-Pouch-for-Cream-1-600x600.webp 600w, https:\/\/www.stanleypackage.com\/wp-content\/uploads\/2025\/06\/Flat-Bottom-Spout-Pouch-Wholesale-Sachet-Pouch-for-Cream-1-100x100.webp 100w\" sizes=\"(max-width: 750px) 100vw, 750px\" \/><\/figure>\n<\/div>\n<\/div>\n<\/div>\n<\/div>","protected":false},"excerpt":{"rendered":"<p>Dieser flache Boden T\u00fclle Beutel Gro\u00dfhandel hat eine gute Stabilit\u00e4t und Abdichtung, mit seitlichen Siegelrand und D\u00fcse, geeignet f\u00fcr Creme, Lotion und andere Arten von Kosmetika.<\/p>\n<table style=\"border-collapse: collapse; width: 365.02pt;\" border=\"0\" width=\"365\" cellspacing=\"0\" cellpadding=\"0\">\n<tbody>\n<tr style=\"height: 16.00pt;\">\n<td class=\"et2\" style=\"height: 16.00pt; width: 97.50pt;\" width=\"97\" height=\"16\">Hersteller<\/td>\n<td class=\"et2\" style=\"width: 267.50pt;\" width=\"267\">Stanley<\/td>\n<\/tr>\n<tr style=\"height: 16.00pt;\">\n<td class=\"et2\" style=\"height: 16.00pt; width: 97.50pt;\" width=\"97\" height=\"16\">Arten von Beuteln<\/td>\n<td class=\"et3\">Ausgie\u00dfertasche, Stand Up Pouch<\/td>\n<\/tr>\n<tr style=\"height: 16.00pt;\">\n<td class=\"et2\" style=\"height: 16.00pt; width: 97.50pt;\" width=\"97\" height=\"16\">Material<\/td>\n<td class=\"et2\" style=\"width: 267.50pt;\" width=\"267\">PET15\/AL7\/PE100<\/td>\n<\/tr>\n<tr style=\"height: 16.00pt;\">\n<td class=\"et2\" style=\"height: 16.00pt; width: 97.50pt;\" width=\"97\" height=\"16\">Besonderes Merkmal<\/td>\n<td class=\"et2\" style=\"width: 267.50pt;\" width=\"267\">D\u00fcse, stehender Boden, Seitendichtung<\/td>\n<\/tr>\n<tr style=\"height: 16.00pt;\">\n<td class=\"et2\" style=\"height: 16.00pt; width: 97.50pt;\" width=\"97\" height=\"16\">Handhabung der Oberfl\u00e4che<\/td>\n<td class=\"et2\" style=\"width: 267.50pt;\" width=\"267\">Tiefdruck<\/td>\n<\/tr>\n<tr style=\"height: 16.00pt;\">\n<td class=\"et2\" style=\"height: 16.00pt; width: 97.50pt;\" width=\"97\" height=\"16\">Farbe<\/td>\n<td class=\"et2\" style=\"width: 267.50pt;\" width=\"267\">Doppelseitiger Druck, bis zu 10 Farben<\/td>\n<\/tr>\n<tr style=\"height: 16.00pt;\">\n<td class=\"et2\" style=\"height: 16.00pt; width: 97.50pt;\" width=\"97\" height=\"16\">Verwendung<\/td>\n<td class=\"et2\" style=\"width: 267.50pt;\" width=\"267\">Creme, Lotion, Kosmetika<\/td>\n<\/tr>\n<tr style=\"height: 16.00pt;\">\n<td class=\"et2\" style=\"height: 16.00pt; width: 97.50pt;\" width=\"97\" height=\"16\">MOQ<\/td>\n<td class=\"et2\" style=\"width: 267.50pt;\" width=\"267\">50.000 St\u00fcck<\/td>\n<\/tr>\n<tr style=\"height: 16.00pt;\">\n<td class=\"et2\" style=\"height: 16.00pt; width: 97.50pt;\" width=\"97\" height=\"16\">Individuelle Bestellung<\/td>\n<td class=\"et2\" style=\"width: 267.50pt;\" width=\"267\">Akzeptieren Sie OEM &amp; ODM, unterst\u00fctzen Sie freie Probe<\/td>\n<\/tr>\n<\/tbody>\n<\/table>","protected":false},"featured_media":2290,"comment_status":"closed","ping_status":"closed","template":"","meta":{"_acf_changed":false},"product_brand":[],"product_cat":[32,30],"product_tag":[],"class_list":{"0":"post-2283","1":"product","2":"type-product","3":"status-publish","4":"has-post-thumbnail","6":"product_cat-spout-pouch-manufacturer","7":"product_cat-stand-up-pouch-manufacturer","8":"pa_non-food-packaging-cosmetic-packaging-pouches","10":"first","11":"instock","12":"shipping-taxable","13":"product-type-simple"},"acf":[],"_links":{"self":[{"href":"https:\/\/www.stanleypackage.com\/de\/wp-json\/wp\/v2\/product\/2283","targetHints":{"allow":["GET"]}}],"collection":[{"href":"https:\/\/www.stanleypackage.com\/de\/wp-json\/wp\/v2\/product"}],"about":[{"href":"https:\/\/www.stanleypackage.com\/de\/wp-json\/wp\/v2\/types\/product"}],"replies":[{"embeddable":true,"href":"https:\/\/www.stanleypackage.com\/de\/wp-json\/wp\/v2\/comments?post=2283"}],"wp:featuredmedia":[{"embeddable":true,"href":"https:\/\/www.stanleypackage.com\/de\/wp-json\/wp\/v2\/media\/2290"}],"wp:attachment":[{"href":"https:\/\/www.stanleypackage.com\/de\/wp-json\/wp\/v2\/media?parent=2283"}],"wp:term":[{"taxonomy":"product_brand","embeddable":true,"href":"https:\/\/www.stanleypackage.com\/de\/wp-json\/wp\/v2\/product_brand?post=2283"},{"taxonomy":"product_cat","embeddable":true,"href":"https:\/\/www.stanleypackage.com\/de\/wp-json\/wp\/v2\/product_cat?post=2283"},{"taxonomy":"product_tag","embeddable":true,"href":"https:\/\/www.stanleypackage.com\/de\/wp-json\/wp\/v2\/product_tag?post=2283"}],"curies":[{"name":"wp","href":"https:\/\/api.w.org\/{rel}","templated":true}]}}