{"id":2292,"date":"2025-06-19T02:21:31","date_gmt":"2025-06-19T02:21:31","guid":{"rendered":"https:\/\/www.stanleypackage.com\/?post_type=product&#038;p=2292"},"modified":"2025-09-03T09:17:31","modified_gmt":"2025-09-03T09:17:31","slug":"china-frozen-food-pouches-wholesale","status":"publish","type":"product","link":"https:\/\/www.stanleypackage.com\/de\/product\/china-frozen-food-pouches-wholesale\/","title":{"rendered":"China Tiefk\u00fchlkostbeutel Gro\u00dfhandel, Stand Up Zipper Pouch"},"content":{"rendered":"<div class=\"wp-block-columns is-layout-flex wp-container-core-columns-is-layout-9d6595d7 wp-block-columns-is-layout-flex\">\n<div class=\"wp-block-column is-layout-flow wp-block-column-is-layout-flow\">\n<h2 class=\"wp-block-heading\">Eigenschaften von China Tiefk\u00fchlkostbeutel Gro\u00dfhandel<\/h2>\n\n\n\n<ul class=\"wp-block-list\">\n<li><strong>Standbodenbeutel, leicht zu pr\u00e4sentieren und aufzubewahren: <\/strong>Diese Tiefk\u00fchlbeutel aus China haben eine glatte Standbodenstruktur, die die Pr\u00e4sentation im Regal verbessert, Lagerplatz spart und den Endverkauf erleichtert.<\/li>\n\n\n\n<li><strong>Hochwertiges Material, best\u00e4ndig gegen niedrige Temperaturen und Feuchtigkeit:<\/strong> Dieser kundenspezifische Standbeutel mit Rei\u00dfverschluss verwendet PET12\/PET12\/PE115-Verbundmaterial, das sich an die gefrorene Umgebung anpasst, rei\u00dffest und feuchtigkeitsresistent ist und die Frische der Lebensmittel sch\u00fctzt.<\/li>\n\n\n\n<li><strong>Rei\u00dfverschluss-Design, wiederholte Abdichtung ist bequemer: <\/strong>Unsere Porzellan-Tiefk\u00fchlbeutel sind mit einem versiegelten Rei\u00dfverschluss ausgestattet, der es erm\u00f6glicht, die Beutel mehrmals zu \u00f6ffnen und zu schlie\u00dfen, so dass der Inhalt hygienisch und frisch bleibt und die Verbrauchererfahrung verbessert wird.<\/li>\n\n\n\n<li><strong>Leicht zu rei\u00dfendes Design, leicht zu \u00f6ffnen:<\/strong> Unsere ma\u00dfgefertigten Rei\u00dfverschlusstaschen sind mit einer Aufrei\u00dflinie ausgestattet, die es dem Benutzer erleichtert, die Verpackungen ohne Werkzeug zu \u00f6ffnen, was die Praktikabilit\u00e4t erh\u00f6ht.<\/li>\n\n\n\n<li><strong>Geeignet f\u00fcr viele Arten von Lebensmitteln, breite Palette von Anwendungen: <\/strong>Diese Tiefk\u00fchlbeutel aus China k\u00f6nnen f\u00fcr Tiefk\u00fchlkost, So\u00dfen, Dressings und andere Produkte verwendet werden und sind eine zuverl\u00e4ssige Verpackungsl\u00f6sung f\u00fcr Lebensmittelverarbeiter und Markeninhaber.<\/li>\n<\/ul>\n\n\n\n<div class=\"wp-block-columns is-layout-flex wp-container-core-columns-is-layout-9d6595d7 wp-block-columns-is-layout-flex\">\n<div class=\"wp-block-column is-layout-flow wp-block-column-is-layout-flow\">\n<figure class=\"wp-block-image size-full\"><img decoding=\"async\" width=\"750\" height=\"750\" src=\"https:\/\/www.stanleypackage.com\/wp-content\/uploads\/2025\/06\/China-Frozen-Food-Pouches-Wholesale-Stand-Up-Zipper-Pouch-2.webp\" alt=\"China Tiefk\u00fchlkostbeutel Gro\u00dfhandel, Stand Up Zipper Pouch-2\" class=\"wp-image-2294\" srcset=\"https:\/\/www.stanleypackage.com\/wp-content\/uploads\/2025\/06\/China-Frozen-Food-Pouches-Wholesale-Stand-Up-Zipper-Pouch-2.webp 750w, https:\/\/www.stanleypackage.com\/wp-content\/uploads\/2025\/06\/China-Frozen-Food-Pouches-Wholesale-Stand-Up-Zipper-Pouch-2-300x300.webp 300w, https:\/\/www.stanleypackage.com\/wp-content\/uploads\/2025\/06\/China-Frozen-Food-Pouches-Wholesale-Stand-Up-Zipper-Pouch-2-150x150.webp 150w, https:\/\/www.stanleypackage.com\/wp-content\/uploads\/2025\/06\/China-Frozen-Food-Pouches-Wholesale-Stand-Up-Zipper-Pouch-2-12x12.webp 12w, https:\/\/www.stanleypackage.com\/wp-content\/uploads\/2025\/06\/China-Frozen-Food-Pouches-Wholesale-Stand-Up-Zipper-Pouch-2-600x600.webp 600w, https:\/\/www.stanleypackage.com\/wp-content\/uploads\/2025\/06\/China-Frozen-Food-Pouches-Wholesale-Stand-Up-Zipper-Pouch-2-100x100.webp 100w\" sizes=\"(max-width: 750px) 100vw, 750px\" \/><\/figure>\n<\/div>\n\n\n\n<div class=\"wp-block-column is-layout-flow wp-block-column-is-layout-flow\">\n<figure class=\"wp-block-image size-full\"><img decoding=\"async\" width=\"750\" height=\"750\" src=\"https:\/\/www.stanleypackage.com\/wp-content\/uploads\/2025\/06\/China-Frozen-Food-Pouches-Wholesale-Stand-Up-Zipper-Pouch-3.webp\" alt=\"China Tiefk\u00fchlkostbeutel Gro\u00dfhandel, Stand Up Zipper Pouch-3\" class=\"wp-image-2295\" srcset=\"https:\/\/www.stanleypackage.com\/wp-content\/uploads\/2025\/06\/China-Frozen-Food-Pouches-Wholesale-Stand-Up-Zipper-Pouch-3.webp 750w, https:\/\/www.stanleypackage.com\/wp-content\/uploads\/2025\/06\/China-Frozen-Food-Pouches-Wholesale-Stand-Up-Zipper-Pouch-3-300x300.webp 300w, https:\/\/www.stanleypackage.com\/wp-content\/uploads\/2025\/06\/China-Frozen-Food-Pouches-Wholesale-Stand-Up-Zipper-Pouch-3-150x150.webp 150w, https:\/\/www.stanleypackage.com\/wp-content\/uploads\/2025\/06\/China-Frozen-Food-Pouches-Wholesale-Stand-Up-Zipper-Pouch-3-12x12.webp 12w, https:\/\/www.stanleypackage.com\/wp-content\/uploads\/2025\/06\/China-Frozen-Food-Pouches-Wholesale-Stand-Up-Zipper-Pouch-3-600x600.webp 600w, https:\/\/www.stanleypackage.com\/wp-content\/uploads\/2025\/06\/China-Frozen-Food-Pouches-Wholesale-Stand-Up-Zipper-Pouch-3-100x100.webp 100w\" sizes=\"(max-width: 750px) 100vw, 750px\" \/><\/figure>\n<\/div>\n<\/div>\n<\/div>\n<\/div>","protected":false},"excerpt":{"rendered":"<p>Diese China Tiefk\u00fchlkostbeutel Gro\u00dfhandel kommt mit leicht zu rei\u00dfen Verschluss, versiegelte Rei\u00dfverschluss mit soliden selbst\u00e4ndigen Basis zu kaufen. Niedrige Temperatur und Feuchtigkeit resistent, unterst\u00fctzen kundenspezifische Druck.<\/p>\n<table style=\"border-collapse: collapse; width: 365.02pt;\" border=\"0\" width=\"365\" cellspacing=\"0\" cellpadding=\"0\">\n<tbody>\n<tr style=\"height: 16.00pt;\">\n<td class=\"et2\" style=\"height: 16.00pt; width: 97.50pt;\" width=\"97\" height=\"16\">Hersteller<\/td>\n<td class=\"et2\" style=\"width: 267.50pt;\" width=\"267\">Stanley<\/td>\n<\/tr>\n<tr style=\"height: 16.00pt;\">\n<td class=\"et2\" style=\"height: 16.00pt; width: 97.50pt;\" width=\"97\" height=\"16\">Arten von Beuteln<\/td>\n<td class=\"et3\">Stand Up Pouch, Zipper Pouch<\/td>\n<\/tr>\n<tr style=\"height: 16.00pt;\">\n<td class=\"et2\" style=\"height: 16.00pt; width: 97.50pt;\" width=\"97\" height=\"16\">Material<\/td>\n<td class=\"et2\" style=\"width: 267.50pt;\" width=\"267\">PET12\/PET12\/PE115<\/td>\n<\/tr>\n<tr style=\"height: 16.00pt;\">\n<td class=\"et2\" style=\"height: 16.00pt; width: 97.50pt;\" width=\"97\" height=\"16\">Besonderes Merkmal<\/td>\n<td class=\"et2\" style=\"width: 267.50pt;\" width=\"267\">Risskerbe, Rei\u00dfverschluss, Stehboden<\/td>\n<\/tr>\n<tr style=\"height: 16.00pt;\">\n<td class=\"et2\" style=\"height: 16.00pt; width: 97.50pt;\" width=\"97\" height=\"16\">Handhabung der Oberfl\u00e4che<\/td>\n<td class=\"et2\" style=\"width: 267.50pt;\" width=\"267\">Tiefdruck<\/td>\n<\/tr>\n<tr style=\"height: 16.00pt;\">\n<td class=\"et2\" style=\"height: 16.00pt; width: 97.50pt;\" width=\"97\" height=\"16\">Farbe<\/td>\n<td class=\"et2\" style=\"width: 267.50pt;\" width=\"267\">Doppelseitiger Druck, bis zu 10 Farben<\/td>\n<\/tr>\n<tr style=\"height: 16.00pt;\">\n<td class=\"et2\" style=\"height: 16.00pt; width: 97.50pt;\" width=\"97\" height=\"16\">Verwendung<\/td>\n<td class=\"et2\" style=\"width: 267.50pt;\" width=\"267\">Tiefk\u00fchlkost, Gew\u00fcrze<\/td>\n<\/tr>\n<tr style=\"height: 16.00pt;\">\n<td class=\"et2\" style=\"height: 16.00pt; width: 97.50pt;\" width=\"97\" height=\"16\">MOQ<\/td>\n<td class=\"et2\" style=\"width: 267.50pt;\" width=\"267\">50.000 St\u00fcck<\/td>\n<\/tr>\n<tr style=\"height: 16.00pt;\">\n<td class=\"et2\" style=\"height: 16.00pt; width: 97.50pt;\" width=\"97\" height=\"16\">Individuelle Bestellung<\/td>\n<td class=\"et2\" style=\"width: 267.50pt;\" width=\"267\">Akzeptieren Sie OEM &amp; ODM, unterst\u00fctzen Sie freie Probe<\/td>\n<\/tr>\n<\/tbody>\n<\/table>","protected":false},"featured_media":2293,"comment_status":"closed","ping_status":"closed","template":"","meta":{"_acf_changed":false},"product_brand":[],"product_cat":[18,30],"product_tag":[],"class_list":{"0":"post-2292","1":"product","2":"type-product","3":"status-publish","4":"has-post-thumbnail","6":"product_cat-zipper-pouch-manufacturer","7":"product_cat-stand-up-pouch-manufacturer","8":"pa_food-packaging-food-powder-packaging","9":"pa_food-packaging-sauce-condiment-pouches","10":"pa_food-packaging-frozen-food-pouch","12":"first","13":"instock","14":"shipping-taxable","15":"product-type-simple"},"acf":[],"_links":{"self":[{"href":"https:\/\/www.stanleypackage.com\/de\/wp-json\/wp\/v2\/product\/2292","targetHints":{"allow":["GET"]}}],"collection":[{"href":"https:\/\/www.stanleypackage.com\/de\/wp-json\/wp\/v2\/product"}],"about":[{"href":"https:\/\/www.stanleypackage.com\/de\/wp-json\/wp\/v2\/types\/product"}],"replies":[{"embeddable":true,"href":"https:\/\/www.stanleypackage.com\/de\/wp-json\/wp\/v2\/comments?post=2292"}],"wp:featuredmedia":[{"embeddable":true,"href":"https:\/\/www.stanleypackage.com\/de\/wp-json\/wp\/v2\/media\/2293"}],"wp:attachment":[{"href":"https:\/\/www.stanleypackage.com\/de\/wp-json\/wp\/v2\/media?parent=2292"}],"wp:term":[{"taxonomy":"product_brand","embeddable":true,"href":"https:\/\/www.stanleypackage.com\/de\/wp-json\/wp\/v2\/product_brand?post=2292"},{"taxonomy":"product_cat","embeddable":true,"href":"https:\/\/www.stanleypackage.com\/de\/wp-json\/wp\/v2\/product_cat?post=2292"},{"taxonomy":"product_tag","embeddable":true,"href":"https:\/\/www.stanleypackage.com\/de\/wp-json\/wp\/v2\/product_tag?post=2292"}],"curies":[{"name":"wp","href":"https:\/\/api.w.org\/{rel}","templated":true}]}}