{"id":2299,"date":"2025-06-19T02:37:27","date_gmt":"2025-06-19T02:37:27","guid":{"rendered":"https:\/\/www.stanleypackage.com\/?post_type=product&#038;p=2299"},"modified":"2025-06-28T09:29:29","modified_gmt":"2025-06-28T09:29:29","slug":"squeeze-pouches-wholesale","status":"publish","type":"product","link":"https:\/\/www.stanleypackage.com\/de\/product\/squeeze-pouches-wholesale\/","title":{"rendered":"Stand Up Squeeze Pouches Gro\u00dfhandel f\u00fcr Jelly Drink &amp; Baby P\u00fcree"},"content":{"rendered":"<div class=\"wp-block-columns is-layout-flex wp-container-core-columns-is-layout-9d6595d7 wp-block-columns-is-layout-flex\">\n<div class=\"wp-block-column is-layout-flow wp-block-column-is-layout-flow\">\n<h2 class=\"wp-block-heading\">Merkmale von Squeeze Pouches Gro\u00dfhandel<\/h2>\n\n\n\n<ul class=\"wp-block-list\">\n<li><strong>Kindersicherer Deckel mit Schluckschutz f\u00fcr Kinder: <\/strong>Diese Quetschbeutel Gro\u00dfhandel Anti-Schluck-Deckel f\u00fcr Babys und Kleinkinder effektiv reduzieren das Risiko von versehentlichem Verschlucken und erh\u00f6hen das Sicherheitsniveau der Verpackung.<\/li>\n\n\n\n<li><strong>Reines Aluminium Struktur, hohe Barriere Anti-Korrosion und Frische: <\/strong>Dieser kundenspezifische Geleegetr\u00e4nkebeutel besteht aus aluminiumhaltigem Verbundmaterial, das eine hervorragende Sauerstoff-, Feuchtigkeits- und Lichtbest\u00e4ndigkeit aufweist und daf\u00fcr sorgt, dass P\u00fcrees und Geleegetr\u00e4nke lange frisch bleiben.<\/li>\n\n\n\n<li><strong>Matte bedruckte Folie, zarte und hochwertige Textur: <\/strong>Die matte Au\u00dfenfolie unserer Quetschbeutel im Gro\u00dfhandel unterst\u00fctzt einen hochwertigen Druck, eine weichere Sicht und ein angenehmeres Gef\u00fchl, wodurch das hochwertige Image der Marke gest\u00e4rkt wird.<\/li>\n\n\n\n<li><strong>Weiche Tasche, einfach zu benutzen f\u00fcr Kinder: <\/strong>Die Squeeze-Pouch-Struktur dieses individuellen Gelee-Getr\u00e4nkebeutels ist f\u00fcr kleine H\u00e4nde geeignet, um leicht zu greifen und zu lutschen, was S\u00e4uglingen und Kleinkindern das selbstst\u00e4ndige Essen erleichtert.<\/li>\n\n\n\n<li><strong>Geeignet f\u00fcr P\u00fcrees, Geleegetr\u00e4nke und viele andere Produkte: <\/strong>Diese Quetschbeutel im Gro\u00dfhandel eignen sich f\u00fcr Babyp\u00fcrees, Geleegetr\u00e4nke f\u00fcr Kinder, Obst- und Gem\u00fcsesaucen und andere fl\u00fcssige oder halbfl\u00fcssige Lebensmittel, die auf dem Markt f\u00fcr Mutter- und Baby- und Reformkost weit verbreitet sind.<\/li>\n<\/ul>\n\n\n\n<div class=\"wp-block-columns is-layout-flex wp-container-core-columns-is-layout-9d6595d7 wp-block-columns-is-layout-flex\">\n<div class=\"wp-block-column is-layout-flow wp-block-column-is-layout-flow\">\n<figure class=\"wp-block-image size-full\"><img decoding=\"async\" width=\"750\" height=\"750\" src=\"https:\/\/www.stanleypackage.com\/wp-content\/uploads\/2025\/06\/Stand-Up-Squeeze-Pouches-Wholesale-For-Jelly-Drink-Baby-Puree-5.webp\" alt=\"Stehen Sie auf Squeeze-Beutel Gro\u00dfhandel f\u00fcr Jelly Drink &amp; Baby Puree-5\" class=\"wp-image-2304\" srcset=\"https:\/\/www.stanleypackage.com\/wp-content\/uploads\/2025\/06\/Stand-Up-Squeeze-Pouches-Wholesale-For-Jelly-Drink-Baby-Puree-5.webp 750w, https:\/\/www.stanleypackage.com\/wp-content\/uploads\/2025\/06\/Stand-Up-Squeeze-Pouches-Wholesale-For-Jelly-Drink-Baby-Puree-5-300x300.webp 300w, https:\/\/www.stanleypackage.com\/wp-content\/uploads\/2025\/06\/Stand-Up-Squeeze-Pouches-Wholesale-For-Jelly-Drink-Baby-Puree-5-150x150.webp 150w, https:\/\/www.stanleypackage.com\/wp-content\/uploads\/2025\/06\/Stand-Up-Squeeze-Pouches-Wholesale-For-Jelly-Drink-Baby-Puree-5-12x12.webp 12w, https:\/\/www.stanleypackage.com\/wp-content\/uploads\/2025\/06\/Stand-Up-Squeeze-Pouches-Wholesale-For-Jelly-Drink-Baby-Puree-5-600x600.webp 600w, https:\/\/www.stanleypackage.com\/wp-content\/uploads\/2025\/06\/Stand-Up-Squeeze-Pouches-Wholesale-For-Jelly-Drink-Baby-Puree-5-100x100.webp 100w\" sizes=\"(max-width: 750px) 100vw, 750px\" \/><\/figure>\n<\/div>\n\n\n\n<div class=\"wp-block-column is-layout-flow wp-block-column-is-layout-flow\">\n<figure class=\"wp-block-image size-full\"><img decoding=\"async\" width=\"750\" height=\"750\" src=\"https:\/\/www.stanleypackage.com\/wp-content\/uploads\/2025\/06\/Stand-Up-Squeeze-Pouches-Wholesale-For-Jelly-Drink-Baby-Puree-3.webp\" alt=\"Stand Up Squeeze Pouches Gro\u00dfhandel f\u00fcr Jelly Drink &amp; Baby Puree-3\" class=\"wp-image-2302\" srcset=\"https:\/\/www.stanleypackage.com\/wp-content\/uploads\/2025\/06\/Stand-Up-Squeeze-Pouches-Wholesale-For-Jelly-Drink-Baby-Puree-3.webp 750w, https:\/\/www.stanleypackage.com\/wp-content\/uploads\/2025\/06\/Stand-Up-Squeeze-Pouches-Wholesale-For-Jelly-Drink-Baby-Puree-3-300x300.webp 300w, https:\/\/www.stanleypackage.com\/wp-content\/uploads\/2025\/06\/Stand-Up-Squeeze-Pouches-Wholesale-For-Jelly-Drink-Baby-Puree-3-150x150.webp 150w, https:\/\/www.stanleypackage.com\/wp-content\/uploads\/2025\/06\/Stand-Up-Squeeze-Pouches-Wholesale-For-Jelly-Drink-Baby-Puree-3-12x12.webp 12w, https:\/\/www.stanleypackage.com\/wp-content\/uploads\/2025\/06\/Stand-Up-Squeeze-Pouches-Wholesale-For-Jelly-Drink-Baby-Puree-3-600x600.webp 600w, https:\/\/www.stanleypackage.com\/wp-content\/uploads\/2025\/06\/Stand-Up-Squeeze-Pouches-Wholesale-For-Jelly-Drink-Baby-Puree-3-100x100.webp 100w\" sizes=\"(max-width: 750px) 100vw, 750px\" \/><\/figure>\n<\/div>\n<\/div>\n<\/div>\n<\/div>","protected":false},"excerpt":{"rendered":"<p>Willkommen bei kundenspezifischen Geleegetr\u00e4nkebeutel zu kaufen, ist diese Squeeze-Beutel Gro\u00dfhandel f\u00fcr Geleegetr\u00e4nke und Baby reines, die innere Schicht ist aus reinem Aluminium, mit ausgezeichneten Barriereleistung und Licht-Blockierung, matte Druckfolie hebt die High-End-Textur.<\/p>\n<table style=\"border-collapse: collapse; width: 365.02pt;\" border=\"0\" width=\"365\" cellspacing=\"0\" cellpadding=\"0\">\n<tbody>\n<tr style=\"height: 16.00pt;\">\n<td class=\"et2\" style=\"height: 16.00pt; width: 97.50pt;\" width=\"97\" height=\"16\">Hersteller<\/td>\n<td class=\"et2\" style=\"width: 267.50pt;\" width=\"267\">Stanley<\/td>\n<\/tr>\n<tr style=\"height: 16.00pt;\">\n<td class=\"et2\" style=\"height: 16.00pt; width: 97.50pt;\" width=\"97\" height=\"16\">Arten von Beuteln<\/td>\n<td class=\"et3\">Stand Up Pouch, Squeeze Pouch, Spout Pouch<\/td>\n<\/tr>\n<tr style=\"height: 16.00pt;\">\n<td class=\"et2\" style=\"height: 16.00pt; width: 97.50pt;\" width=\"97\" height=\"16\">Material<\/td>\n<td class=\"et2\" style=\"width: 267.50pt;\" width=\"267\">PET12\/AL7\/BOPA15\/PE70<\/td>\n<\/tr>\n<tr style=\"height: 16.00pt;\">\n<td class=\"et2\" style=\"height: 16.00pt; width: 97.50pt;\" width=\"97\" height=\"16\">Besonderes Merkmal<\/td>\n<td class=\"et2\" style=\"width: 267.50pt;\" width=\"267\">Ausgie\u00dfer, kindersicherer Deckel, Stehboden<\/td>\n<\/tr>\n<tr style=\"height: 16.00pt;\">\n<td class=\"et2\" style=\"height: 16.00pt; width: 97.50pt;\" width=\"97\" height=\"16\">Handhabung der Oberfl\u00e4che<\/td>\n<td class=\"et2\" style=\"width: 267.50pt;\" width=\"267\">Tiefdruck<\/td>\n<\/tr>\n<tr style=\"height: 16.00pt;\">\n<td class=\"et2\" style=\"height: 16.00pt; width: 97.50pt;\" width=\"97\" height=\"16\">Farbe<\/td>\n<td class=\"et2\" style=\"width: 267.50pt;\" width=\"267\">Doppelseitiger Druck, bis zu 10 Farben<\/td>\n<\/tr>\n<tr style=\"height: 16.00pt;\">\n<td class=\"et2\" style=\"height: 16.00pt; width: 97.50pt;\" width=\"97\" height=\"16\">Verwendung<\/td>\n<td class=\"et2\" style=\"width: 267.50pt;\" width=\"267\">Getr\u00e4nk, Geleegetr\u00e4nk, Babybrei<\/td>\n<\/tr>\n<tr style=\"height: 16.00pt;\">\n<td class=\"et2\" style=\"height: 16.00pt; width: 97.50pt;\" width=\"97\" height=\"16\">MOQ<\/td>\n<td class=\"et2\" style=\"width: 267.50pt;\" width=\"267\">50.000 St\u00fcck<\/td>\n<\/tr>\n<tr style=\"height: 16.00pt;\">\n<td class=\"et2\" style=\"height: 16.00pt; width: 97.50pt;\" width=\"97\" height=\"16\">Individuelle Bestellung<\/td>\n<td class=\"et2\" style=\"width: 267.50pt;\" width=\"267\">Akzeptieren Sie OEM &amp; ODM, unterst\u00fctzen Sie freie Probe<\/td>\n<\/tr>\n<\/tbody>\n<\/table>","protected":false},"featured_media":2303,"comment_status":"closed","ping_status":"closed","template":"","meta":{"_acf_changed":false},"product_brand":[],"product_cat":[61,32,30],"product_tag":[],"class_list":{"0":"post-2299","1":"product","2":"type-product","3":"status-publish","4":"has-post-thumbnail","6":"product_cat-squeeze-pouch-manufacturer","7":"product_cat-spout-pouch-manufacturer","8":"product_cat-stand-up-pouch-manufacturer","9":"pa_food-packaging-baby-food-packaging","10":"pa_food-packaging-drink-beverage-pouch","12":"first","13":"instock","14":"shipping-taxable","15":"product-type-simple"},"acf":[],"_links":{"self":[{"href":"https:\/\/www.stanleypackage.com\/de\/wp-json\/wp\/v2\/product\/2299","targetHints":{"allow":["GET"]}}],"collection":[{"href":"https:\/\/www.stanleypackage.com\/de\/wp-json\/wp\/v2\/product"}],"about":[{"href":"https:\/\/www.stanleypackage.com\/de\/wp-json\/wp\/v2\/types\/product"}],"replies":[{"embeddable":true,"href":"https:\/\/www.stanleypackage.com\/de\/wp-json\/wp\/v2\/comments?post=2299"}],"wp:featuredmedia":[{"embeddable":true,"href":"https:\/\/www.stanleypackage.com\/de\/wp-json\/wp\/v2\/media\/2303"}],"wp:attachment":[{"href":"https:\/\/www.stanleypackage.com\/de\/wp-json\/wp\/v2\/media?parent=2299"}],"wp:term":[{"taxonomy":"product_brand","embeddable":true,"href":"https:\/\/www.stanleypackage.com\/de\/wp-json\/wp\/v2\/product_brand?post=2299"},{"taxonomy":"product_cat","embeddable":true,"href":"https:\/\/www.stanleypackage.com\/de\/wp-json\/wp\/v2\/product_cat?post=2299"},{"taxonomy":"product_tag","embeddable":true,"href":"https:\/\/www.stanleypackage.com\/de\/wp-json\/wp\/v2\/product_tag?post=2299"}],"curies":[{"name":"wp","href":"https:\/\/api.w.org\/{rel}","templated":true}]}}