{"id":2312,"date":"2025-06-28T08:57:57","date_gmt":"2025-06-28T08:57:57","guid":{"rendered":"https:\/\/www.stanleypackage.com\/?post_type=product&#038;p=2312"},"modified":"2025-09-06T01:58:36","modified_gmt":"2025-09-06T01:58:36","slug":"wholesale-spout-pouch","status":"publish","type":"product","link":"https:\/\/www.stanleypackage.com\/de\/product\/wholesale-spout-pouch\/","title":{"rendered":"Benutzerdefinierte Gro\u00dfhandel Spout Beutel, Mono-Material Lotion Beutel"},"content":{"rendered":"<div class=\"wp-block-columns is-layout-flex wp-container-core-columns-is-layout-9d6595d7 wp-block-columns-is-layout-flex\">\n<div class=\"wp-block-column is-layout-flow wp-block-column-is-layout-flow\">\n<h2 class=\"wp-block-heading\">Merkmale des Gro\u00dfhandels Spout Pouch<\/h2>\n\n\n\n<ul class=\"wp-block-list\">\n<li><strong>Umweltfreundlich und recycelbar, im Einklang mit nachhaltigen Trends: <\/strong>Dieser Gro\u00dfhandels-Ausgie\u00dferbeutel besteht aus einem einzigen PE-Material, das leicht zu recyceln ist und der Marktnachfrage nach gr\u00fcnem Umweltschutz und nachhaltiger Entwicklung entspricht.<\/li>\n\n\n\n<li><strong>Flaches Design f\u00fcr einfaches Ausdr\u00fccken des Inhalts:<\/strong> Die einfache und flache Beutelstruktur dieser kundenspezifischen Lotionst\u00fcten erm\u00f6glicht es den Benutzern, das Produkt w\u00e4hrend der Verwendung leicht aus dem Beutel herauszudr\u00fccken, was den Benutzungskomfort verbessert.<\/li>\n\n\n\n<li><strong>Untere F\u00fcllstruktur zur Verbesserung der F\u00fclleffizienz: <\/strong>Die Bodenbef\u00fcllung dieses Gro\u00dfhandels-Stutzenbeutels erm\u00f6glicht eine schnelle Bef\u00fcllung und eine feste Versiegelung der Produktionslinie, die f\u00fcr automatisierte Verpackungsprozesse geeignet ist.<\/li>\n\n\n\n<li><strong>Der D\u00fcsendeckel ist mit einem Verbindungsgurt versehen, um einen Verlust zu verhindern: <\/strong>Unsere kundenspezifischen Lotionst\u00fcllen haben einen Verbindungsgurt, der verhindert, dass sie bei der Benutzung verloren gehen oder herunterfallen. Das durchdachte Design verbessert das Benutzererlebnis.<\/li>\n\n\n\n<li><strong>Unterst\u00fctzung der Markenanpassung zur Erf\u00fcllung unterschiedlicher Verpackungsanforderungen: <\/strong>Unterst\u00fctzen Sie kundenspezifische Gro\u00dfhandelsausgie\u00dfer mit Aufdrucken, Mustern, Fassungsverm\u00f6gen und D\u00fcsenspezifikationen, um die einzigartigen Verpackungsanforderungen diverser Branchen zu erf\u00fcllen, wie z. B. Chemikalien des t\u00e4glichen Bedarfs, Kosmetika und K\u00f6rperpflegeprodukte.<\/li>\n<\/ul>\n\n\n\n<div class=\"wp-block-columns is-layout-flex wp-container-core-columns-is-layout-9d6595d7 wp-block-columns-is-layout-flex\">\n<div class=\"wp-block-column is-layout-flow wp-block-column-is-layout-flow\">\n<figure class=\"wp-block-image size-full\"><img decoding=\"async\" width=\"750\" height=\"750\" src=\"https:\/\/www.stanleypackage.com\/wp-content\/uploads\/2025\/06\/Custom-Wholesale-Spout-Pouch-Mono-Material-Lotion-Pouches-4.webp\" alt=\"Benutzerdefinierte Gro\u00dfhandel Spout Beutel, Mono-Material Lotion Beutel-4\" class=\"wp-image-2316\" srcset=\"https:\/\/www.stanleypackage.com\/wp-content\/uploads\/2025\/06\/Custom-Wholesale-Spout-Pouch-Mono-Material-Lotion-Pouches-4.webp 750w, https:\/\/www.stanleypackage.com\/wp-content\/uploads\/2025\/06\/Custom-Wholesale-Spout-Pouch-Mono-Material-Lotion-Pouches-4-300x300.webp 300w, https:\/\/www.stanleypackage.com\/wp-content\/uploads\/2025\/06\/Custom-Wholesale-Spout-Pouch-Mono-Material-Lotion-Pouches-4-150x150.webp 150w, https:\/\/www.stanleypackage.com\/wp-content\/uploads\/2025\/06\/Custom-Wholesale-Spout-Pouch-Mono-Material-Lotion-Pouches-4-12x12.webp 12w, https:\/\/www.stanleypackage.com\/wp-content\/uploads\/2025\/06\/Custom-Wholesale-Spout-Pouch-Mono-Material-Lotion-Pouches-4-600x600.webp 600w, https:\/\/www.stanleypackage.com\/wp-content\/uploads\/2025\/06\/Custom-Wholesale-Spout-Pouch-Mono-Material-Lotion-Pouches-4-100x100.webp 100w\" sizes=\"(max-width: 750px) 100vw, 750px\" \/><\/figure>\n<\/div>\n\n\n\n<div class=\"wp-block-column is-layout-flow wp-block-column-is-layout-flow\">\n<figure class=\"wp-block-image size-full\"><img decoding=\"async\" width=\"750\" height=\"750\" src=\"https:\/\/www.stanleypackage.com\/wp-content\/uploads\/2025\/06\/Custom-Wholesale-Spout-Pouch-Mono-Material-Lotion-Pouches-3.webp\" alt=\"Benutzerdefinierte Gro\u00dfhandel Spout Beutel, Mono-Material Lotion Beutel-3\" class=\"wp-image-2315\" srcset=\"https:\/\/www.stanleypackage.com\/wp-content\/uploads\/2025\/06\/Custom-Wholesale-Spout-Pouch-Mono-Material-Lotion-Pouches-3.webp 750w, https:\/\/www.stanleypackage.com\/wp-content\/uploads\/2025\/06\/Custom-Wholesale-Spout-Pouch-Mono-Material-Lotion-Pouches-3-300x300.webp 300w, https:\/\/www.stanleypackage.com\/wp-content\/uploads\/2025\/06\/Custom-Wholesale-Spout-Pouch-Mono-Material-Lotion-Pouches-3-150x150.webp 150w, https:\/\/www.stanleypackage.com\/wp-content\/uploads\/2025\/06\/Custom-Wholesale-Spout-Pouch-Mono-Material-Lotion-Pouches-3-12x12.webp 12w, https:\/\/www.stanleypackage.com\/wp-content\/uploads\/2025\/06\/Custom-Wholesale-Spout-Pouch-Mono-Material-Lotion-Pouches-3-600x600.webp 600w, https:\/\/www.stanleypackage.com\/wp-content\/uploads\/2025\/06\/Custom-Wholesale-Spout-Pouch-Mono-Material-Lotion-Pouches-3-100x100.webp 100w\" sizes=\"(max-width: 750px) 100vw, 750px\" \/><\/figure>\n<\/div>\n<\/div>\n<\/div>\n<\/div>","protected":false},"excerpt":{"rendered":"<p>Willkommen im Gro\u00dfhandel T\u00fcllenbeutel zu kaufen. Unsere benutzerdefinierten Lotionsbeutel aus Monomaterial sind flache Beutel mit einer Bodenf\u00fcllstruktur, die das Einf\u00fcllen des Produkts und das reibungslose Auspressen w\u00e4hrend des Gebrauchs erleichtert. Die T\u00fcllenabdeckung ist mit einem Gliederg\u00fcrtel ausgestattet, um zu verhindern, dass die Abdeckung verloren geht.<\/p>\n<table style=\"border-collapse: collapse; width: 365.02pt;\" border=\"0\" width=\"365\" cellspacing=\"0\" cellpadding=\"0\">\n<tbody>\n<tr style=\"height: 16.00pt;\">\n<td class=\"et2\" style=\"height: 16.00pt; width: 97.50pt;\" width=\"97\" height=\"16\">Hersteller<\/td>\n<td class=\"et2\" style=\"width: 267.50pt;\" width=\"267\">Stanley<\/td>\n<\/tr>\n<tr style=\"height: 16.00pt;\">\n<td class=\"et2\" style=\"height: 16.00pt; width: 97.50pt;\" width=\"97\" height=\"16\">Arten von Beuteln<\/td>\n<td class=\"et3\">Ausgie\u00dferbeutel<\/td>\n<\/tr>\n<tr style=\"height: 16.00pt;\">\n<td class=\"et2\" style=\"height: 16.00pt; width: 97.50pt;\" width=\"97\" height=\"16\">Material<\/td>\n<td class=\"et2\" style=\"width: 267.50pt;\" width=\"267\">PE (Mono-Material)<\/td>\n<\/tr>\n<tr style=\"height: 16.00pt;\">\n<td class=\"et2\" style=\"height: 16.00pt; width: 97.50pt;\" width=\"97\" height=\"16\">Besonderes Merkmal<\/td>\n<td class=\"et2\" style=\"width: 267.50pt;\" width=\"267\">Ausgie\u00dfer, Seitendichtung, Bodenbef\u00fcllung, recycelbar<\/td>\n<\/tr>\n<tr style=\"height: 16.00pt;\">\n<td class=\"et2\" style=\"height: 16.00pt; width: 97.50pt;\" width=\"97\" height=\"16\">Handhabung der Oberfl\u00e4che<\/td>\n<td class=\"et2\" style=\"width: 267.50pt;\" width=\"267\">Tiefdruck<\/td>\n<\/tr>\n<tr style=\"height: 16.00pt;\">\n<td class=\"et2\" style=\"height: 16.00pt; width: 97.50pt;\" width=\"97\" height=\"16\">Farbe<\/td>\n<td class=\"et2\" style=\"width: 267.50pt;\" width=\"267\">Doppelseitiger Druck, bis zu 10 Farben<\/td>\n<\/tr>\n<tr style=\"height: 16.00pt;\">\n<td class=\"et2\" style=\"height: 16.00pt; width: 97.50pt;\" width=\"97\" height=\"16\">Verwendung<\/td>\n<td class=\"et2\" style=\"width: 267.50pt;\" width=\"267\">Creme, Lotion, Kosmetikum<\/td>\n<\/tr>\n<tr style=\"height: 16.00pt;\">\n<td class=\"et2\" style=\"height: 16.00pt; width: 97.50pt;\" width=\"97\" height=\"16\">MOQ<\/td>\n<td class=\"et2\" style=\"width: 267.50pt;\" width=\"267\">50.000 St\u00fcck<\/td>\n<\/tr>\n<tr style=\"height: 16.00pt;\">\n<td class=\"et2\" style=\"height: 16.00pt; width: 97.50pt;\" width=\"97\" height=\"16\">Individuelle Bestellung<\/td>\n<td class=\"et2\" style=\"width: 267.50pt;\" width=\"267\">Akzeptieren Sie OEM &amp; ODM, unterst\u00fctzen Sie freie Probe<\/td>\n<\/tr>\n<\/tbody>\n<\/table>","protected":false},"featured_media":2313,"comment_status":"closed","ping_status":"closed","template":"","meta":{"_acf_changed":false},"product_brand":[],"product_cat":[32],"product_tag":[],"class_list":{"0":"post-2312","1":"product","2":"type-product","3":"status-publish","4":"has-post-thumbnail","6":"product_cat-spout-pouch-manufacturer","7":"pa_material-mono-material","8":"pa_non-food-packaging-cosmetic-packaging-pouches","9":"pa_non-food-packaging-hotel-supplies-packaging","11":"first","12":"instock","13":"shipping-taxable","14":"product-type-simple"},"acf":[],"_links":{"self":[{"href":"https:\/\/www.stanleypackage.com\/de\/wp-json\/wp\/v2\/product\/2312","targetHints":{"allow":["GET"]}}],"collection":[{"href":"https:\/\/www.stanleypackage.com\/de\/wp-json\/wp\/v2\/product"}],"about":[{"href":"https:\/\/www.stanleypackage.com\/de\/wp-json\/wp\/v2\/types\/product"}],"replies":[{"embeddable":true,"href":"https:\/\/www.stanleypackage.com\/de\/wp-json\/wp\/v2\/comments?post=2312"}],"wp:featuredmedia":[{"embeddable":true,"href":"https:\/\/www.stanleypackage.com\/de\/wp-json\/wp\/v2\/media\/2313"}],"wp:attachment":[{"href":"https:\/\/www.stanleypackage.com\/de\/wp-json\/wp\/v2\/media?parent=2312"}],"wp:term":[{"taxonomy":"product_brand","embeddable":true,"href":"https:\/\/www.stanleypackage.com\/de\/wp-json\/wp\/v2\/product_brand?post=2312"},{"taxonomy":"product_cat","embeddable":true,"href":"https:\/\/www.stanleypackage.com\/de\/wp-json\/wp\/v2\/product_cat?post=2312"},{"taxonomy":"product_tag","embeddable":true,"href":"https:\/\/www.stanleypackage.com\/de\/wp-json\/wp\/v2\/product_tag?post=2312"}],"curies":[{"name":"wp","href":"https:\/\/api.w.org\/{rel}","templated":true}]}}