{"id":2317,"date":"2025-06-28T09:18:19","date_gmt":"2025-06-28T09:18:19","guid":{"rendered":"https:\/\/www.stanleypackage.com\/?post_type=product&#038;p=2317"},"modified":"2025-06-28T09:28:57","modified_gmt":"2025-06-28T09:28:57","slug":"customized-spout-pouch","status":"publish","type":"product","link":"https:\/\/www.stanleypackage.com\/de\/product\/customized-spout-pouch\/","title":{"rendered":"Gro\u00dfhandel Customized Spout Pouch f\u00fcr Gew\u00fcrze &amp; Saucen"},"content":{"rendered":"<div class=\"wp-block-columns is-layout-flex wp-container-core-columns-is-layout-9d6595d7 wp-block-columns-is-layout-flex\">\n<div class=\"wp-block-column is-layout-flow wp-block-column-is-layout-flow\">\n<h2 class=\"wp-block-heading\">Merkmale von Customized Spout Pouch<\/h2>\n\n\n\n<ul class=\"wp-block-list\">\n<li><strong>Selbsttragende Tasche, bessere Pr\u00e4sentation im Regal: <\/strong>Die selbsttragende Struktur dieses ma\u00dfgeschneiderten Ausgie\u00dferbeutels sorgt daf\u00fcr, dass das Produkt fest im Regal steht, verbessert die Wirkung der Markenpr\u00e4sentation und erh\u00f6ht die Attraktivit\u00e4t des Endprodukts.<\/li>\n\n\n\n<li><strong>Untenliegende F\u00fcllstruktur, effizientere Bef\u00fcllung: <\/strong>Unsere Gro\u00dfhandelsbeutel mit Ausgie\u00dfer unterst\u00fctzen die Bef\u00fcllung von unten, eignen sich f\u00fcr automatisierte Produktionslinien und bieten einen festen Verschluss, der die Verpackungseffizienz und -sicherheit verbessert.<\/li>\n\n\n\n<li><strong>Hochbarrierematerial, verl\u00e4ngerte Lagerf\u00e4higkeit: <\/strong>Dieser ma\u00dfgeschneiderte Ausgie\u00dferbeutel besteht ausschlie\u00dflich aus BOPP28\/VMPET12\/PE65 mit ausgezeichneter Feuchtigkeits- und Oxidationsbest\u00e4ndigkeit, wodurch die Sauce frisch bleibt und die Haltbarkeit des Produkts verl\u00e4ngert wird.<\/li>\n\n\n\n<li><strong>Saugd\u00fcse Design, bequem und sauber zu verwenden: <\/strong>Unsere Gro\u00dfhandelsbeutel mit Ausgie\u00dfer sind leicht zu kontrollieren, einfach zu \u00f6ffnen und zu schlie\u00dfen und wiederzuverwenden. Sie eignen sich f\u00fcr eine Vielzahl von Anwendungsszenarien, z. B. zu Hause, in der Gastronomie und zum Mitnehmen.<\/li>\n\n\n\n<li><strong>Individuell anpassbarer Druck und Spezifikationen zur Verbesserung der Markendifferenzierung: <\/strong>Unser kundenspezifischer Ausgie\u00dferbeutel l\u00e4sst sich mehrfach anpassen, z. B. in Bezug auf Muster, Gr\u00f6\u00dfe, Ausgie\u00dferdurchmesser usw., um Kunden bei der Erstellung exklusiver Markenverpackungsl\u00f6sungen zu unterst\u00fctzen.<\/li>\n<\/ul>\n\n\n\n<div class=\"wp-block-columns is-layout-flex wp-container-core-columns-is-layout-9d6595d7 wp-block-columns-is-layout-flex\">\n<div class=\"wp-block-column is-layout-flow wp-block-column-is-layout-flow\">\n<figure class=\"wp-block-image size-full\"><img decoding=\"async\" width=\"750\" height=\"750\" src=\"https:\/\/www.stanleypackage.com\/wp-content\/uploads\/2025\/06\/Wholesale-Customized-Spout-Pouch-For-Condiments-Sauces-4.webp\" alt=\"Gro\u00dfhandel ma\u00dfgeschneiderte Spout Beutel f\u00fcr Gew\u00fcrze &amp; Saucen-4\" class=\"wp-image-2321\" srcset=\"https:\/\/www.stanleypackage.com\/wp-content\/uploads\/2025\/06\/Wholesale-Customized-Spout-Pouch-For-Condiments-Sauces-4.webp 750w, https:\/\/www.stanleypackage.com\/wp-content\/uploads\/2025\/06\/Wholesale-Customized-Spout-Pouch-For-Condiments-Sauces-4-300x300.webp 300w, https:\/\/www.stanleypackage.com\/wp-content\/uploads\/2025\/06\/Wholesale-Customized-Spout-Pouch-For-Condiments-Sauces-4-150x150.webp 150w, https:\/\/www.stanleypackage.com\/wp-content\/uploads\/2025\/06\/Wholesale-Customized-Spout-Pouch-For-Condiments-Sauces-4-12x12.webp 12w, https:\/\/www.stanleypackage.com\/wp-content\/uploads\/2025\/06\/Wholesale-Customized-Spout-Pouch-For-Condiments-Sauces-4-600x600.webp 600w, https:\/\/www.stanleypackage.com\/wp-content\/uploads\/2025\/06\/Wholesale-Customized-Spout-Pouch-For-Condiments-Sauces-4-100x100.webp 100w\" sizes=\"(max-width: 750px) 100vw, 750px\" \/><\/figure>\n<\/div>\n\n\n\n<div class=\"wp-block-column is-layout-flow wp-block-column-is-layout-flow\">\n<figure class=\"wp-block-image size-full\"><img decoding=\"async\" width=\"750\" height=\"750\" src=\"https:\/\/www.stanleypackage.com\/wp-content\/uploads\/2025\/06\/Wholesale-Customized-Spout-Pouch-For-Condiments-Sauces-1.webp\" alt=\"Gro\u00dfhandel ma\u00dfgeschneiderte Spout Beutel f\u00fcr Gew\u00fcrze &amp; Saucen-1\" class=\"wp-image-2318\" srcset=\"https:\/\/www.stanleypackage.com\/wp-content\/uploads\/2025\/06\/Wholesale-Customized-Spout-Pouch-For-Condiments-Sauces-1.webp 750w, https:\/\/www.stanleypackage.com\/wp-content\/uploads\/2025\/06\/Wholesale-Customized-Spout-Pouch-For-Condiments-Sauces-1-300x300.webp 300w, https:\/\/www.stanleypackage.com\/wp-content\/uploads\/2025\/06\/Wholesale-Customized-Spout-Pouch-For-Condiments-Sauces-1-150x150.webp 150w, https:\/\/www.stanleypackage.com\/wp-content\/uploads\/2025\/06\/Wholesale-Customized-Spout-Pouch-For-Condiments-Sauces-1-12x12.webp 12w, https:\/\/www.stanleypackage.com\/wp-content\/uploads\/2025\/06\/Wholesale-Customized-Spout-Pouch-For-Condiments-Sauces-1-600x600.webp 600w, https:\/\/www.stanleypackage.com\/wp-content\/uploads\/2025\/06\/Wholesale-Customized-Spout-Pouch-For-Condiments-Sauces-1-100x100.webp 100w\" sizes=\"(max-width: 750px) 100vw, 750px\" \/><\/figure>\n<\/div>\n<\/div>\n<\/div>\n<\/div>","protected":false},"excerpt":{"rendered":"<p>Willkommen im Gro\u00dfhandel T\u00fcllenbeutel zu kaufen. Dieser kundenspezifische Ausgie\u00dferbeutel f\u00fcr W\u00fcrzsaucen hat hervorragende Barriereeigenschaften und Haltbarkeit. Der Boden F\u00fcllung Design mit selbsttragenden Tasche Typ ist bequem f\u00fcr die Bef\u00fcllung, Transport und Display.<\/p>\n<table style=\"border-collapse: collapse; width: 365.02pt;\" border=\"0\" width=\"365\" cellspacing=\"0\" cellpadding=\"0\">\n<tbody>\n<tr style=\"height: 16.00pt;\">\n<td class=\"et2\" style=\"height: 16.00pt; width: 97.50pt;\" width=\"97\" height=\"16\">Hersteller<\/td>\n<td class=\"et2\" style=\"width: 267.50pt;\" width=\"267\">Stanley<\/td>\n<\/tr>\n<tr style=\"height: 16.00pt;\">\n<td class=\"et2\" style=\"height: 16.00pt; width: 97.50pt;\" width=\"97\" height=\"16\">Arten von Beuteln<\/td>\n<td class=\"et3\">Ausgie\u00dfertasche, Stand Up Pouch<\/td>\n<\/tr>\n<tr style=\"height: 16.00pt;\">\n<td class=\"et2\" style=\"height: 16.00pt; width: 97.50pt;\" width=\"97\" height=\"16\">Material<\/td>\n<td class=\"et2\" style=\"width: 267.50pt;\" width=\"267\">BOPP28\/VMPET12\/PE65<\/td>\n<\/tr>\n<tr style=\"height: 16.00pt;\">\n<td class=\"et2\" style=\"height: 16.00pt; width: 97.50pt;\" width=\"97\" height=\"16\">Besonderes Merkmal<\/td>\n<td class=\"et2\" style=\"width: 267.50pt;\" width=\"267\">Ausguss, Bodenbef\u00fcllung, selbsttragend<\/td>\n<\/tr>\n<tr style=\"height: 16.00pt;\">\n<td class=\"et2\" style=\"height: 16.00pt; width: 97.50pt;\" width=\"97\" height=\"16\">Handhabung der Oberfl\u00e4che<\/td>\n<td class=\"et2\" style=\"width: 267.50pt;\" width=\"267\">Tiefdruck<\/td>\n<\/tr>\n<tr style=\"height: 16.00pt;\">\n<td class=\"et2\" style=\"height: 16.00pt; width: 97.50pt;\" width=\"97\" height=\"16\">Farbe<\/td>\n<td class=\"et2\" style=\"width: 267.50pt;\" width=\"267\">Doppelseitiger Druck, bis zu 10 Farben<\/td>\n<\/tr>\n<tr style=\"height: 16.00pt;\">\n<td class=\"et2\" style=\"height: 16.00pt; width: 97.50pt;\" width=\"97\" height=\"16\">Verwendung<\/td>\n<td class=\"et2\" style=\"width: 267.50pt;\" width=\"267\">Gew\u00fcrze, Saucen, Getr\u00e4nkepulver<\/td>\n<\/tr>\n<tr style=\"height: 16.00pt;\">\n<td class=\"et2\" style=\"height: 16.00pt; width: 97.50pt;\" width=\"97\" height=\"16\">MOQ<\/td>\n<td class=\"et2\" style=\"width: 267.50pt;\" width=\"267\">50.000 St\u00fcck<\/td>\n<\/tr>\n<tr style=\"height: 16.00pt;\">\n<td class=\"et2\" style=\"height: 16.00pt; width: 97.50pt;\" width=\"97\" height=\"16\">Individuelle Bestellung<\/td>\n<td class=\"et2\" style=\"width: 267.50pt;\" width=\"267\">Akzeptieren Sie OEM &amp; ODM, unterst\u00fctzen Sie freie Probe<\/td>\n<\/tr>\n<\/tbody>\n<\/table>","protected":false},"featured_media":2322,"comment_status":"closed","ping_status":"closed","template":"","meta":{"_acf_changed":false},"product_brand":[],"product_cat":[32,30],"product_tag":[],"class_list":{"0":"post-2317","1":"product","2":"type-product","3":"status-publish","4":"has-post-thumbnail","6":"product_cat-spout-pouch-manufacturer","7":"product_cat-stand-up-pouch-manufacturer","8":"pa_food-packaging-sauce-condiment-pouches","10":"first","11":"instock","12":"shipping-taxable","13":"product-type-simple"},"acf":[],"_links":{"self":[{"href":"https:\/\/www.stanleypackage.com\/de\/wp-json\/wp\/v2\/product\/2317","targetHints":{"allow":["GET"]}}],"collection":[{"href":"https:\/\/www.stanleypackage.com\/de\/wp-json\/wp\/v2\/product"}],"about":[{"href":"https:\/\/www.stanleypackage.com\/de\/wp-json\/wp\/v2\/types\/product"}],"replies":[{"embeddable":true,"href":"https:\/\/www.stanleypackage.com\/de\/wp-json\/wp\/v2\/comments?post=2317"}],"wp:featuredmedia":[{"embeddable":true,"href":"https:\/\/www.stanleypackage.com\/de\/wp-json\/wp\/v2\/media\/2322"}],"wp:attachment":[{"href":"https:\/\/www.stanleypackage.com\/de\/wp-json\/wp\/v2\/media?parent=2317"}],"wp:term":[{"taxonomy":"product_brand","embeddable":true,"href":"https:\/\/www.stanleypackage.com\/de\/wp-json\/wp\/v2\/product_brand?post=2317"},{"taxonomy":"product_cat","embeddable":true,"href":"https:\/\/www.stanleypackage.com\/de\/wp-json\/wp\/v2\/product_cat?post=2317"},{"taxonomy":"product_tag","embeddable":true,"href":"https:\/\/www.stanleypackage.com\/de\/wp-json\/wp\/v2\/product_tag?post=2317"}],"curies":[{"name":"wp","href":"https:\/\/api.w.org\/{rel}","templated":true}]}}