{"id":2335,"date":"2025-07-02T02:40:23","date_gmt":"2025-07-02T02:40:23","guid":{"rendered":"https:\/\/www.stanleypackage.com\/?post_type=product&#038;p=2335"},"modified":"2025-09-06T02:03:21","modified_gmt":"2025-09-06T02:03:21","slug":"custom-printed-kraft-stand-up-pouches","status":"publish","type":"product","link":"https:\/\/www.stanleypackage.com\/de\/product\/custom-printed-kraft-stand-up-pouches\/","title":{"rendered":"Shampoo individuell bedruckte Kraft Stand Up Beutel mit Ausguss"},"content":{"rendered":"<div class=\"wp-block-columns is-layout-flex wp-container-core-columns-is-layout-9d6595d7 wp-block-columns-is-layout-flex\">\n<div class=\"wp-block-column is-layout-flow wp-block-column-is-layout-flow\">\n<h2 class=\"wp-block-heading\">Merkmale der individuell bedruckten Kraft Stand Up Pouches<\/h2>\n\n\n\n<ul class=\"wp-block-list\">\n<li><strong>Au\u00dfenschicht aus nat\u00fcrlichem Kraftpapier, verbessert die Umweltstruktur: <\/strong>Diese individuell bedruckten Kraft-Standbeutel aus gelbem Kraftpapier vermitteln ein nat\u00fcrliches und \u00f6kologisches Markenimage und sind auf dem gr\u00fcnen Verbrauchermarkt sehr beliebt.<\/li>\n\n\n\n<li><strong>Dreischichtige Verbundstruktur, \u00fcberlegene Hochbarriereleistung: <\/strong>Die Aluminiumfolie und die PE-Innenschicht unserer Kraft Standbeutel Gro\u00dfhandel bieten hervorragende feuchtigkeitsbest\u00e4ndig, lichtdicht, und Anti-Leck-Funktionen, wirksam zum Schutz der Qualit\u00e4t der Shampoo.<\/li>\n\n\n\n<li><strong>Saugd\u00fcse Design, bequem und hygienisch zu verwenden: <\/strong>Die Saugd\u00fcsenstruktur dieser individuell bedruckten Kraftstandbeutel ist bequem, um die Menge der Verwendung zu kontrollieren, Abfall zu vermeiden, und der Verschluss ist dicht, geeignet f\u00fcr mehrfaches \u00d6ffnen und Verschlie\u00dfen.<\/li>\n\n\n\n<li><strong>Selbsttragende Tasche, guter Display-Effekt: <\/strong>Der stabile Standboden dieser Gro\u00dfhandels-Kraftstoffbeutel eignet sich f\u00fcr die Auslage im Regal und erh\u00f6ht die Sichtbarkeit und Professionalit\u00e4t der Marke auf dem Terminalmarkt.<\/li>\n\n\n\n<li><strong>Unterst\u00fctzt individuellen Druck zur Erstellung exklusiver Verpackungen: <\/strong>Unsere individuell bedruckten Kraftstandbeutel k\u00f6nnen mit Mustern, Farben und Oberfl\u00e4chenverfahren (z. B. matt, gl\u00e4nzend usw.) entsprechend den Markenanforderungen angepasst werden, um den Wiedererkennungswert und die visuelle Attraktivit\u00e4t des Produkts zu erh\u00f6hen.<\/li>\n<\/ul>\n\n\n\n<div class=\"wp-block-columns is-layout-flex wp-container-core-columns-is-layout-9d6595d7 wp-block-columns-is-layout-flex\">\n<div class=\"wp-block-column is-layout-flow wp-block-column-is-layout-flow\">\n<figure class=\"wp-block-image size-full\"><img decoding=\"async\" width=\"750\" height=\"750\" src=\"https:\/\/www.stanleypackage.com\/wp-content\/uploads\/2025\/07\/Shampoo-Custom-Printed-Kraft-Stand-Up-Pouches-With-Spout-3.webp\" alt=\"Shampoo Custom gedruckt Kraft Stand Up Beutel mit T\u00fclle-3\" class=\"wp-image-2338\" srcset=\"https:\/\/www.stanleypackage.com\/wp-content\/uploads\/2025\/07\/Shampoo-Custom-Printed-Kraft-Stand-Up-Pouches-With-Spout-3.webp 750w, https:\/\/www.stanleypackage.com\/wp-content\/uploads\/2025\/07\/Shampoo-Custom-Printed-Kraft-Stand-Up-Pouches-With-Spout-3-300x300.webp 300w, https:\/\/www.stanleypackage.com\/wp-content\/uploads\/2025\/07\/Shampoo-Custom-Printed-Kraft-Stand-Up-Pouches-With-Spout-3-150x150.webp 150w, https:\/\/www.stanleypackage.com\/wp-content\/uploads\/2025\/07\/Shampoo-Custom-Printed-Kraft-Stand-Up-Pouches-With-Spout-3-12x12.webp 12w, https:\/\/www.stanleypackage.com\/wp-content\/uploads\/2025\/07\/Shampoo-Custom-Printed-Kraft-Stand-Up-Pouches-With-Spout-3-600x600.webp 600w, https:\/\/www.stanleypackage.com\/wp-content\/uploads\/2025\/07\/Shampoo-Custom-Printed-Kraft-Stand-Up-Pouches-With-Spout-3-100x100.webp 100w\" sizes=\"(max-width: 750px) 100vw, 750px\" \/><\/figure>\n<\/div>\n\n\n\n<div class=\"wp-block-column is-layout-flow wp-block-column-is-layout-flow\">\n<figure class=\"wp-block-image size-full\"><img decoding=\"async\" width=\"750\" height=\"750\" src=\"https:\/\/www.stanleypackage.com\/wp-content\/uploads\/2025\/07\/Shampoo-Custom-Printed-Kraft-Stand-Up-Pouches-With-Spout-2.webp\" alt=\"Shampoo Individuell bedruckte Kraft Stand Up Pouches mit Ausguss-2\" class=\"wp-image-2337\" srcset=\"https:\/\/www.stanleypackage.com\/wp-content\/uploads\/2025\/07\/Shampoo-Custom-Printed-Kraft-Stand-Up-Pouches-With-Spout-2.webp 750w, https:\/\/www.stanleypackage.com\/wp-content\/uploads\/2025\/07\/Shampoo-Custom-Printed-Kraft-Stand-Up-Pouches-With-Spout-2-300x300.webp 300w, https:\/\/www.stanleypackage.com\/wp-content\/uploads\/2025\/07\/Shampoo-Custom-Printed-Kraft-Stand-Up-Pouches-With-Spout-2-150x150.webp 150w, https:\/\/www.stanleypackage.com\/wp-content\/uploads\/2025\/07\/Shampoo-Custom-Printed-Kraft-Stand-Up-Pouches-With-Spout-2-12x12.webp 12w, https:\/\/www.stanleypackage.com\/wp-content\/uploads\/2025\/07\/Shampoo-Custom-Printed-Kraft-Stand-Up-Pouches-With-Spout-2-600x600.webp 600w, https:\/\/www.stanleypackage.com\/wp-content\/uploads\/2025\/07\/Shampoo-Custom-Printed-Kraft-Stand-Up-Pouches-With-Spout-2-100x100.webp 100w\" sizes=\"(max-width: 750px) 100vw, 750px\" \/><\/figure>\n<\/div>\n<\/div>\n<\/div>\n<\/div>","protected":false},"excerpt":{"rendered":"<p>Willkommen zum Kauf von individuell bedruckten Kraft Stand up Beutel. Unsere Kraft Stand up Beutel Gro\u00dfhandel nehmen eine dreischichtige Verbundmaterial Struktur, die nat\u00fcrliche Textur und starke Barriereeigenschaften kombiniert, geeignet f\u00fcr Shampoo, Duschgel, etc.<\/p>\n<table style=\"border-collapse: collapse; width: 365.02pt;\" border=\"0\" width=\"365\" cellspacing=\"0\" cellpadding=\"0\">\n<tbody>\n<tr style=\"height: 16.00pt;\">\n<td class=\"et2\" style=\"height: 16.00pt; width: 97.50pt;\" width=\"97\" height=\"16\">Hersteller<\/td>\n<td class=\"et2\" style=\"width: 267.50pt;\" width=\"267\">Stanley<\/td>\n<\/tr>\n<tr style=\"height: 16.00pt;\">\n<td class=\"et2\" style=\"height: 16.00pt; width: 97.50pt;\" width=\"97\" height=\"16\">Arten von Beuteln<\/td>\n<td class=\"et3\">Standbodenbeutel, Ausgie\u00dferbeutel, Kraftbeutel<\/td>\n<\/tr>\n<tr style=\"height: 16.00pt;\">\n<td class=\"et2\" style=\"height: 16.00pt; width: 97.50pt;\" width=\"97\" height=\"16\">Material<\/td>\n<td class=\"et2\" style=\"width: 267.50pt;\" width=\"267\">70g Kraftpapier \/ AL7 \/ PE100<\/td>\n<\/tr>\n<tr style=\"height: 16.00pt;\">\n<td class=\"et2\" style=\"height: 16.00pt; width: 97.50pt;\" width=\"97\" height=\"16\">Besonderes Merkmal<\/td>\n<td class=\"et2\" style=\"width: 267.50pt;\" width=\"267\">Ausguss, stehender Boden, hohe Barriere<\/td>\n<\/tr>\n<tr style=\"height: 16.00pt;\">\n<td class=\"et2\" style=\"height: 16.00pt; width: 97.50pt;\" width=\"97\" height=\"16\">Handhabung der Oberfl\u00e4che<\/td>\n<td class=\"et2\" style=\"width: 267.50pt;\" width=\"267\">Tiefdruck<\/td>\n<\/tr>\n<tr style=\"height: 16.00pt;\">\n<td class=\"et2\" style=\"height: 16.00pt; width: 97.50pt;\" width=\"97\" height=\"16\">Farbe<\/td>\n<td class=\"et2\" style=\"width: 267.50pt;\" width=\"267\">Doppelseitiger Druck, bis zu 10 Farben<\/td>\n<\/tr>\n<tr style=\"height: 16.00pt;\">\n<td class=\"et2\" style=\"height: 16.00pt; width: 97.50pt;\" width=\"97\" height=\"16\">Verwendung<\/td>\n<td class=\"et2\" style=\"width: 267.50pt;\" width=\"267\">Shampoo, Duschgel, Creme, Lotion<\/td>\n<\/tr>\n<tr style=\"height: 16.00pt;\">\n<td class=\"et2\" style=\"height: 16.00pt; width: 97.50pt;\" width=\"97\" height=\"16\">MOQ<\/td>\n<td class=\"et2\" style=\"width: 267.50pt;\" width=\"267\">50.000 St\u00fcck<\/td>\n<\/tr>\n<tr style=\"height: 16.00pt;\">\n<td class=\"et2\" style=\"height: 16.00pt; width: 97.50pt;\" width=\"97\" height=\"16\">Individuelle Bestellung<\/td>\n<td class=\"et2\" style=\"width: 267.50pt;\" width=\"267\">Akzeptieren Sie OEM &amp; ODM, unterst\u00fctzen Sie freie Probe<\/td>\n<\/tr>\n<\/tbody>\n<\/table>","protected":false},"featured_media":2339,"comment_status":"closed","ping_status":"closed","template":"","meta":{"_acf_changed":false},"product_brand":[],"product_cat":[32,30],"product_tag":[],"class_list":{"0":"post-2335","1":"product","2":"type-product","3":"status-publish","4":"has-post-thumbnail","6":"product_cat-spout-pouch-manufacturer","7":"product_cat-stand-up-pouch-manufacturer","8":"pa_material-kraft-paper","9":"pa_non-food-packaging-cosmetic-packaging-pouches","10":"pa_non-food-packaging-soap-detergent-pouches","12":"first","13":"instock","14":"shipping-taxable","15":"product-type-simple"},"acf":[],"_links":{"self":[{"href":"https:\/\/www.stanleypackage.com\/de\/wp-json\/wp\/v2\/product\/2335","targetHints":{"allow":["GET"]}}],"collection":[{"href":"https:\/\/www.stanleypackage.com\/de\/wp-json\/wp\/v2\/product"}],"about":[{"href":"https:\/\/www.stanleypackage.com\/de\/wp-json\/wp\/v2\/types\/product"}],"replies":[{"embeddable":true,"href":"https:\/\/www.stanleypackage.com\/de\/wp-json\/wp\/v2\/comments?post=2335"}],"wp:featuredmedia":[{"embeddable":true,"href":"https:\/\/www.stanleypackage.com\/de\/wp-json\/wp\/v2\/media\/2339"}],"wp:attachment":[{"href":"https:\/\/www.stanleypackage.com\/de\/wp-json\/wp\/v2\/media?parent=2335"}],"wp:term":[{"taxonomy":"product_brand","embeddable":true,"href":"https:\/\/www.stanleypackage.com\/de\/wp-json\/wp\/v2\/product_brand?post=2335"},{"taxonomy":"product_cat","embeddable":true,"href":"https:\/\/www.stanleypackage.com\/de\/wp-json\/wp\/v2\/product_cat?post=2335"},{"taxonomy":"product_tag","embeddable":true,"href":"https:\/\/www.stanleypackage.com\/de\/wp-json\/wp\/v2\/product_tag?post=2335"}],"curies":[{"name":"wp","href":"https:\/\/api.w.org\/{rel}","templated":true}]}}