{"id":2341,"date":"2025-07-02T03:14:41","date_gmt":"2025-07-02T03:14:41","guid":{"rendered":"https:\/\/www.stanleypackage.com\/?post_type=product&#038;p=2341"},"modified":"2025-09-06T01:41:45","modified_gmt":"2025-09-06T01:41:45","slug":"custom-shrink-sleeves","status":"publish","type":"product","link":"https:\/\/www.stanleypackage.com\/de\/product\/custom-shrink-sleeves\/","title":{"rendered":"Kundenspezifische Schrumpfh\u00fclsen, PET-Schrumpfh\u00fclsenfolie f\u00fcr Flaschen"},"content":{"rendered":"<div class=\"wp-block-columns is-layout-flex wp-container-core-columns-is-layout-9d6595d7 wp-block-columns-is-layout-flex\">\n<div class=\"wp-block-column is-layout-flow wp-block-column-is-layout-flow\">\n<h2 class=\"wp-block-heading\">Merkmale von kundenspezifischen Schrumpfschl\u00e4uchen<\/h2>\n\n\n\n<ul class=\"wp-block-list\">\n<li><strong>Hohe Schrumpfungsrate, dicht an der Flasche ohne Verformung:<\/strong> Diese kundenspezifische Schrumpfh\u00fclse besteht aus PET-Material mit einer seitlichen Schrumpfung von mehr als 70%. Sie eignet sich f\u00fcr speziell geformte und gew\u00f6lbte Flaschen, mit voller optischer Wirkung und Passform.<\/li>\n\n\n\n<li><strong>Hochaufl\u00f6sender Druck, starker Markenausdruck: <\/strong>Unsere Pet Shrink Sleeves Folie f\u00fcr Flaschen Gro\u00dfhandel unterst\u00fctzt Tiefdruck, mit hellen und klaren Mustern, optional matt, gl\u00e4nzend, teilweise UV und andere Oberfl\u00e4chenprozesse zur Verbesserung der Verpackungsqualit\u00e4t.<\/li>\n\n\n\n<li><strong>Umweltfreundliche Materialien, recycelbar:<\/strong> Unser PET-Material f\u00fcr kundenspezifische Schrumpfschl\u00e4uche enth\u00e4lt kein Chlor, entspricht den Umweltschutzbestimmungen, ist recycelbar und eignet sich f\u00fcr Exportm\u00e4rkte.<\/li>\n\n\n\n<li><strong>Sichere Verpackung, Unterst\u00fctzung der Anti-Manipulationsfunktion: <\/strong>Unsere Pet Shrink Sleeves Folie f\u00fcr Flaschen Gro\u00dfhandel kann mit Anti-F\u00e4lschungs-und Anti-Tampering-Design kombiniert werden, um das Produkt Anti-F\u00e4lschung Ebene und das Vertrauen der Verbraucher zu verbessern.<\/li>\n\n\n\n<li><strong>Kompatibel mit automatischen Etikettieranlagen, effiziente Produktion: <\/strong>Unsere kundenspezifischen Schrumpfschl\u00e4uche eignen sich f\u00fcr alle Arten von Hochgeschwindigkeits-Hei\u00dfluft-\/Dampf-Schrumpfetikettiermaschinen, mit sauberer Etikettierung und hoher Effizienz, geeignet f\u00fcr gro\u00dfe Produktionslinien.<\/li>\n<\/ul>\n\n\n\n<div class=\"wp-block-columns is-layout-flex wp-container-core-columns-is-layout-9d6595d7 wp-block-columns-is-layout-flex\">\n<div class=\"wp-block-column is-layout-flow wp-block-column-is-layout-flow\">\n<figure class=\"wp-block-image size-full\"><img decoding=\"async\" width=\"750\" height=\"750\" src=\"https:\/\/www.stanleypackage.com\/wp-content\/uploads\/2025\/07\/Custom-Shrink-Sleeves-PET-Shrink-Sleeves-Film-For-Bottle-4.webp\" alt=\"Kundenspezifische Schrumpfh\u00fclsen, PET-Schrumpfh\u00fclsenfolie f\u00fcr Flasche-4\" class=\"wp-image-2345\" srcset=\"https:\/\/www.stanleypackage.com\/wp-content\/uploads\/2025\/07\/Custom-Shrink-Sleeves-PET-Shrink-Sleeves-Film-For-Bottle-4.webp 750w, https:\/\/www.stanleypackage.com\/wp-content\/uploads\/2025\/07\/Custom-Shrink-Sleeves-PET-Shrink-Sleeves-Film-For-Bottle-4-300x300.webp 300w, https:\/\/www.stanleypackage.com\/wp-content\/uploads\/2025\/07\/Custom-Shrink-Sleeves-PET-Shrink-Sleeves-Film-For-Bottle-4-150x150.webp 150w, https:\/\/www.stanleypackage.com\/wp-content\/uploads\/2025\/07\/Custom-Shrink-Sleeves-PET-Shrink-Sleeves-Film-For-Bottle-4-12x12.webp 12w, https:\/\/www.stanleypackage.com\/wp-content\/uploads\/2025\/07\/Custom-Shrink-Sleeves-PET-Shrink-Sleeves-Film-For-Bottle-4-600x600.webp 600w, https:\/\/www.stanleypackage.com\/wp-content\/uploads\/2025\/07\/Custom-Shrink-Sleeves-PET-Shrink-Sleeves-Film-For-Bottle-4-100x100.webp 100w\" sizes=\"(max-width: 750px) 100vw, 750px\" \/><\/figure>\n<\/div>\n\n\n\n<div class=\"wp-block-column is-layout-flow wp-block-column-is-layout-flow\">\n<figure class=\"wp-block-image size-full\"><img decoding=\"async\" width=\"750\" height=\"750\" src=\"https:\/\/www.stanleypackage.com\/wp-content\/uploads\/2025\/07\/Custom-Shrink-Sleeves-PET-Shrink-Sleeves-Film-For-Bottle-6.webp\" alt=\"Kundenspezifische Schrumpfh\u00fclsen, PET-Schrumpfh\u00fclsenfolie f\u00fcr Flasche-6\" class=\"wp-image-2347\" srcset=\"https:\/\/www.stanleypackage.com\/wp-content\/uploads\/2025\/07\/Custom-Shrink-Sleeves-PET-Shrink-Sleeves-Film-For-Bottle-6.webp 750w, https:\/\/www.stanleypackage.com\/wp-content\/uploads\/2025\/07\/Custom-Shrink-Sleeves-PET-Shrink-Sleeves-Film-For-Bottle-6-300x300.webp 300w, https:\/\/www.stanleypackage.com\/wp-content\/uploads\/2025\/07\/Custom-Shrink-Sleeves-PET-Shrink-Sleeves-Film-For-Bottle-6-150x150.webp 150w, https:\/\/www.stanleypackage.com\/wp-content\/uploads\/2025\/07\/Custom-Shrink-Sleeves-PET-Shrink-Sleeves-Film-For-Bottle-6-12x12.webp 12w, https:\/\/www.stanleypackage.com\/wp-content\/uploads\/2025\/07\/Custom-Shrink-Sleeves-PET-Shrink-Sleeves-Film-For-Bottle-6-600x600.webp 600w, https:\/\/www.stanleypackage.com\/wp-content\/uploads\/2025\/07\/Custom-Shrink-Sleeves-PET-Shrink-Sleeves-Film-For-Bottle-6-100x100.webp 100w\" sizes=\"(max-width: 750px) 100vw, 750px\" \/><\/figure>\n<\/div>\n<\/div>\n<\/div>\n<\/div>","protected":false},"excerpt":{"rendered":"<p>Willkommen zu kaufen benutzerdefinierte schrumpfen \u00c4rmel. Unser Haustier schrumpfen \u00c4rmel Film f\u00fcr Flasche wholesa hat ausgezeichnete Schrumpfung Leistung, kann die Form der t\u00e4glichen chemischen Flaschen 360 \u00b0 passen, und erreichen hochwertige Marke Display und Produktschutz.<\/p>\n<table style=\"border-collapse: collapse; width: 365.02pt;\" border=\"0\" width=\"365\" cellspacing=\"0\" cellpadding=\"0\">\n<tbody>\n<tr style=\"height: 16.00pt;\">\n<td class=\"et2\" style=\"height: 16.00pt; width: 97.50pt;\" width=\"97\" height=\"16\">Hersteller<\/td>\n<td class=\"et2\" style=\"width: 267.50pt;\" width=\"267\">Stanley<\/td>\n<\/tr>\n<tr style=\"height: 16.00pt;\">\n<td class=\"et2\" style=\"height: 16.00pt; width: 97.50pt;\" width=\"97\" height=\"16\">Arten von Beuteln<\/td>\n<td class=\"et3\">Schrumpfschl\u00e4uche Folie<\/td>\n<\/tr>\n<tr style=\"height: 16.00pt;\">\n<td class=\"et2\" style=\"height: 16.00pt; width: 97.50pt;\" width=\"97\" height=\"16\">Material<\/td>\n<td class=\"et2\" style=\"width: 267.50pt;\" width=\"267\">PET<\/td>\n<\/tr>\n<tr style=\"height: 16.00pt;\">\n<td class=\"et2\" style=\"height: 16.00pt; width: 97.50pt;\" width=\"97\" height=\"16\">Besonderes Merkmal<\/td>\n<td class=\"et2\" style=\"width: 267.50pt;\" width=\"267\">360\u00b0-Abdeckung, starke Schrumpfungsleistung<\/td>\n<\/tr>\n<tr style=\"height: 16.00pt;\">\n<td class=\"et2\" style=\"height: 16.00pt; width: 97.50pt;\" width=\"97\" height=\"16\">Handhabung der Oberfl\u00e4che<\/td>\n<td class=\"et2\" style=\"width: 267.50pt;\" width=\"267\">Tiefdruck<\/td>\n<\/tr>\n<tr style=\"height: 16.00pt;\">\n<td class=\"et2\" style=\"height: 16.00pt; width: 97.50pt;\" width=\"97\" height=\"16\">Farbe<\/td>\n<td class=\"et2\" style=\"width: 267.50pt;\" width=\"267\">Bis zu 10 Farben<\/td>\n<\/tr>\n<tr style=\"height: 16.00pt;\">\n<td class=\"et2\" style=\"height: 16.00pt; width: 97.50pt;\" width=\"97\" height=\"16\">Verwendung<\/td>\n<td class=\"et2\" style=\"width: 267.50pt;\" width=\"267\">Shampoo, Duschgel, Lotion Flasche<\/td>\n<\/tr>\n<tr style=\"height: 16.00pt;\">\n<td class=\"et2\" style=\"height: 16.00pt; width: 97.50pt;\" width=\"97\" height=\"16\">MOQ<\/td>\n<td class=\"et2\" style=\"width: 267.50pt;\" width=\"267\">50.000 St\u00fcck<\/td>\n<\/tr>\n<tr style=\"height: 16.00pt;\">\n<td class=\"et2\" style=\"height: 16.00pt; width: 97.50pt;\" width=\"97\" height=\"16\">Individuelle Bestellung<\/td>\n<td class=\"et2\" style=\"width: 267.50pt;\" width=\"267\">Akzeptieren Sie OEM &amp; ODM, unterst\u00fctzen Sie freie Probe<\/td>\n<\/tr>\n<\/tbody>\n<\/table>","protected":false},"featured_media":2342,"comment_status":"closed","ping_status":"closed","template":"","meta":{"_acf_changed":false},"product_brand":[],"product_cat":[72,26],"product_tag":[],"class_list":{"0":"post-2341","1":"product","2":"type-product","3":"status-publish","4":"has-post-thumbnail","6":"product_cat-shrink-film-manufacturer","7":"product_cat-packaging-film-manufacturer","8":"pa_non-food-packaging-soap-detergent-pouches","10":"first","11":"instock","12":"shipping-taxable","13":"product-type-simple"},"acf":[],"_links":{"self":[{"href":"https:\/\/www.stanleypackage.com\/de\/wp-json\/wp\/v2\/product\/2341","targetHints":{"allow":["GET"]}}],"collection":[{"href":"https:\/\/www.stanleypackage.com\/de\/wp-json\/wp\/v2\/product"}],"about":[{"href":"https:\/\/www.stanleypackage.com\/de\/wp-json\/wp\/v2\/types\/product"}],"replies":[{"embeddable":true,"href":"https:\/\/www.stanleypackage.com\/de\/wp-json\/wp\/v2\/comments?post=2341"}],"wp:featuredmedia":[{"embeddable":true,"href":"https:\/\/www.stanleypackage.com\/de\/wp-json\/wp\/v2\/media\/2342"}],"wp:attachment":[{"href":"https:\/\/www.stanleypackage.com\/de\/wp-json\/wp\/v2\/media?parent=2341"}],"wp:term":[{"taxonomy":"product_brand","embeddable":true,"href":"https:\/\/www.stanleypackage.com\/de\/wp-json\/wp\/v2\/product_brand?post=2341"},{"taxonomy":"product_cat","embeddable":true,"href":"https:\/\/www.stanleypackage.com\/de\/wp-json\/wp\/v2\/product_cat?post=2341"},{"taxonomy":"product_tag","embeddable":true,"href":"https:\/\/www.stanleypackage.com\/de\/wp-json\/wp\/v2\/product_tag?post=2341"}],"curies":[{"name":"wp","href":"https:\/\/api.w.org\/{rel}","templated":true}]}}