{"id":2348,"date":"2025-07-02T03:49:19","date_gmt":"2025-07-02T03:49:19","guid":{"rendered":"https:\/\/www.stanleypackage.com\/?post_type=product&#038;p=2348"},"modified":"2025-09-06T01:41:31","modified_gmt":"2025-09-06T01:41:31","slug":"custom-shrink-sleeves-for-bottles","status":"publish","type":"product","link":"https:\/\/www.stanleypackage.com\/de\/product\/custom-shrink-sleeves-for-bottles\/","title":{"rendered":"Benutzerdefinierte Schrumpfh\u00fclsen f\u00fcr Flaschen, PET-Schrumpffolie Gro\u00dfhandel"},"content":{"rendered":"<div class=\"wp-block-columns is-layout-flex wp-container-core-columns-is-layout-9d6595d7 wp-block-columns-is-layout-flex\">\n<div class=\"wp-block-column is-layout-flow wp-block-column-is-layout-flow\">\n<h2 class=\"wp-block-heading\">Merkmale von kundenspezifischen Schrumpfschl\u00e4uchen f\u00fcr Flaschen<\/h2>\n\n\n\n<ul class=\"wp-block-list\">\n<li><strong>PET umweltfreundliches Material, klar und hell: <\/strong>Das Material dieser kundenspezifischen Schrumpfschl\u00e4uche f\u00fcr Flaschen ist recycelbar, hat eine gute Steifigkeit und Hitzebest\u00e4ndigkeit und entspricht dem weltweiten Trend zu umweltfreundlichen Verpackungen.<\/li>\n\n\n\n<li><strong>Auspuff-Loch-Design, Anti-Blasen und Anti-Falten: <\/strong>Diese Gro\u00dfhandels-Schrumpffolien verf\u00fcgen \u00fcber pr\u00e4zise angeordnete winzige Entl\u00fcftungsl\u00f6cher, die das w\u00e4hrend des Schrumpfvorgangs entstehende Gas wirksam ableiten und die Planlage des Etiketts verbessern k\u00f6nnen.<\/li>\n\n\n\n<li><strong>360\u00b0-Design mit voller Abdeckung, starke Markendarstellung:<\/strong> Unsere kundenspezifischen Schrumpfschl\u00e4uche f\u00fcr Flaschen k\u00f6nnen den Flaschenk\u00f6rper vollst\u00e4ndig umh\u00fcllen, die volle Darstellung von Mustern und Informationen erm\u00f6glichen und die Attraktivit\u00e4t der Regale erh\u00f6hen.<\/li>\n\n\n\n<li><strong>Stabile Schrumpfleistung, geeignet f\u00fcr verschiedene Flaschenformen:<\/strong> Unsere Gro\u00dfhandels-Schrumpffolien haben eine hohe seitliche Schrumpfungsrate, passen sich an speziell geformte und gew\u00f6lbte Flaschen an und eignen sich f\u00fcr eine Vielzahl von Verpackungsszenarien.<\/li>\n\n\n\n<li><strong>Unterst\u00fctzt kundenspezifische Drucke und Sonderanfertigungen:<\/strong> Unsere kundenspezifischen Schrumpfschl\u00e4uche f\u00fcr Flaschen k\u00f6nnen in Farbe, Muster und Oberfl\u00e4cheneffekt (matt, gl\u00e4nzend, teilweise UV, etc.) je nach Bedarf angepasst werden, um den pers\u00f6nlichen Ausdruck der Marke zu erf\u00fcllen.<\/li>\n<\/ul>\n\n\n\n<div class=\"wp-block-columns is-layout-flex wp-container-core-columns-is-layout-9d6595d7 wp-block-columns-is-layout-flex\">\n<div class=\"wp-block-column is-layout-flow wp-block-column-is-layout-flow\">\n<figure class=\"wp-block-image size-full\"><img decoding=\"async\" width=\"750\" height=\"750\" src=\"https:\/\/www.stanleypackage.com\/wp-content\/uploads\/2025\/07\/Custom-Shrink-Sleeves-For-Bottles-PET-Shrink-Film-Wholesale-5.webp\" alt=\"Benutzerdefinierte Schrumpfh\u00fclsen f\u00fcr Flaschen, PET-Schrumpffolie Gro\u00dfhandel-5\" class=\"wp-image-2353\" srcset=\"https:\/\/www.stanleypackage.com\/wp-content\/uploads\/2025\/07\/Custom-Shrink-Sleeves-For-Bottles-PET-Shrink-Film-Wholesale-5.webp 750w, https:\/\/www.stanleypackage.com\/wp-content\/uploads\/2025\/07\/Custom-Shrink-Sleeves-For-Bottles-PET-Shrink-Film-Wholesale-5-300x300.webp 300w, https:\/\/www.stanleypackage.com\/wp-content\/uploads\/2025\/07\/Custom-Shrink-Sleeves-For-Bottles-PET-Shrink-Film-Wholesale-5-150x150.webp 150w, https:\/\/www.stanleypackage.com\/wp-content\/uploads\/2025\/07\/Custom-Shrink-Sleeves-For-Bottles-PET-Shrink-Film-Wholesale-5-12x12.webp 12w, https:\/\/www.stanleypackage.com\/wp-content\/uploads\/2025\/07\/Custom-Shrink-Sleeves-For-Bottles-PET-Shrink-Film-Wholesale-5-600x600.webp 600w, https:\/\/www.stanleypackage.com\/wp-content\/uploads\/2025\/07\/Custom-Shrink-Sleeves-For-Bottles-PET-Shrink-Film-Wholesale-5-100x100.webp 100w\" sizes=\"(max-width: 750px) 100vw, 750px\" \/><\/figure>\n<\/div>\n\n\n\n<div class=\"wp-block-column is-layout-flow wp-block-column-is-layout-flow\">\n<figure class=\"wp-block-image size-full\"><img decoding=\"async\" width=\"750\" height=\"750\" src=\"https:\/\/www.stanleypackage.com\/wp-content\/uploads\/2025\/07\/Custom-Shrink-Sleeves-For-Bottles-PET-Shrink-Film-Wholesale-2.webp\" alt=\"Benutzerdefinierte Schrumpfh\u00fclsen f\u00fcr Flaschen, PET-Schrumpffolie Gro\u00dfhandel-2\" class=\"wp-image-2350\" srcset=\"https:\/\/www.stanleypackage.com\/wp-content\/uploads\/2025\/07\/Custom-Shrink-Sleeves-For-Bottles-PET-Shrink-Film-Wholesale-2.webp 750w, https:\/\/www.stanleypackage.com\/wp-content\/uploads\/2025\/07\/Custom-Shrink-Sleeves-For-Bottles-PET-Shrink-Film-Wholesale-2-300x300.webp 300w, https:\/\/www.stanleypackage.com\/wp-content\/uploads\/2025\/07\/Custom-Shrink-Sleeves-For-Bottles-PET-Shrink-Film-Wholesale-2-150x150.webp 150w, https:\/\/www.stanleypackage.com\/wp-content\/uploads\/2025\/07\/Custom-Shrink-Sleeves-For-Bottles-PET-Shrink-Film-Wholesale-2-12x12.webp 12w, https:\/\/www.stanleypackage.com\/wp-content\/uploads\/2025\/07\/Custom-Shrink-Sleeves-For-Bottles-PET-Shrink-Film-Wholesale-2-600x600.webp 600w, https:\/\/www.stanleypackage.com\/wp-content\/uploads\/2025\/07\/Custom-Shrink-Sleeves-For-Bottles-PET-Shrink-Film-Wholesale-2-100x100.webp 100w\" sizes=\"(max-width: 750px) 100vw, 750px\" \/><\/figure>\n<\/div>\n<\/div>\n<\/div>\n<\/div>","protected":false},"excerpt":{"rendered":"<p>Willkommen im Gro\u00dfhandel Schrumpffolien zu kaufen. Unsere kundenspezifischen Schrumpfschl\u00e4uche f\u00fcr Flaschen sind mit Entl\u00fcftungsl\u00f6chern ausgestattet, die Blasen oder Falten w\u00e4hrend des Schrumpfvorgangs effektiv verhindern und sicherstellen, dass das Etikett reibungslos passt.<\/p>\n<table style=\"border-collapse: collapse; width: 365.02pt;\" border=\"0\" width=\"365\" cellspacing=\"0\" cellpadding=\"0\">\n<tbody>\n<tr style=\"height: 16.00pt;\">\n<td class=\"et2\" style=\"height: 16.00pt; width: 97.50pt;\" width=\"97\" height=\"16\">Hersteller<\/td>\n<td class=\"et2\" style=\"width: 267.50pt;\" width=\"267\">Stanley<\/td>\n<\/tr>\n<tr style=\"height: 16.00pt;\">\n<td class=\"et2\" style=\"height: 16.00pt; width: 97.50pt;\" width=\"97\" height=\"16\">Arten von Beuteln<\/td>\n<td class=\"et3\">Schrumpfschl\u00e4uche Folie<\/td>\n<\/tr>\n<tr style=\"height: 16.00pt;\">\n<td class=\"et2\" style=\"height: 16.00pt; width: 97.50pt;\" width=\"97\" height=\"16\">Material<\/td>\n<td class=\"et2\" style=\"width: 267.50pt;\" width=\"267\">PET<\/td>\n<\/tr>\n<tr style=\"height: 31.00pt;\">\n<td class=\"et2\" style=\"height: 31.00pt; width: 97.50pt;\" width=\"97\" height=\"31\">Besonderes Merkmal<\/td>\n<td class=\"et2\" style=\"width: 267.50pt;\" width=\"267\">360\u00b0-Abdeckung, starkes Schrumpfverhalten, Auslassl\u00f6cher<\/td>\n<\/tr>\n<tr style=\"height: 16.00pt;\">\n<td class=\"et2\" style=\"height: 16.00pt; width: 97.50pt;\" width=\"97\" height=\"16\">Handhabung der Oberfl\u00e4che<\/td>\n<td class=\"et2\" style=\"width: 267.50pt;\" width=\"267\">Tiefdruck<\/td>\n<\/tr>\n<tr style=\"height: 16.00pt;\">\n<td class=\"et2\" style=\"height: 16.00pt; width: 97.50pt;\" width=\"97\" height=\"16\">Farbe<\/td>\n<td class=\"et2\" style=\"width: 267.50pt;\" width=\"267\">Bis zu 10 Farben<\/td>\n<\/tr>\n<tr style=\"height: 16.00pt;\">\n<td class=\"et2\" style=\"height: 16.00pt; width: 97.50pt;\" width=\"97\" height=\"16\">Verwendung<\/td>\n<td class=\"et2\" style=\"width: 267.50pt;\" width=\"267\">Shampoo, Duschgel, Lotion Flasche<\/td>\n<\/tr>\n<tr style=\"height: 16.00pt;\">\n<td class=\"et2\" style=\"height: 16.00pt; width: 97.50pt;\" width=\"97\" height=\"16\">MOQ<\/td>\n<td class=\"et2\" style=\"width: 267.50pt;\" width=\"267\">50.000 St\u00fcck<\/td>\n<\/tr>\n<tr style=\"height: 16.00pt;\">\n<td class=\"et2\" style=\"height: 16.00pt; width: 97.50pt;\" width=\"97\" height=\"16\">Individuelle Bestellung<\/td>\n<td class=\"et2\" style=\"width: 267.50pt;\" width=\"267\">Akzeptieren Sie OEM &amp; ODM, unterst\u00fctzen Sie freie Probe<\/td>\n<\/tr>\n<\/tbody>\n<\/table>","protected":false},"featured_media":2352,"comment_status":"closed","ping_status":"closed","template":"","meta":{"_acf_changed":false},"product_brand":[],"product_cat":[72,26],"product_tag":[],"class_list":{"0":"post-2348","1":"product","2":"type-product","3":"status-publish","4":"has-post-thumbnail","6":"product_cat-shrink-film-manufacturer","7":"product_cat-packaging-film-manufacturer","8":"pa_non-food-packaging-soap-detergent-pouches","10":"first","11":"instock","12":"shipping-taxable","13":"product-type-simple"},"acf":[],"_links":{"self":[{"href":"https:\/\/www.stanleypackage.com\/de\/wp-json\/wp\/v2\/product\/2348","targetHints":{"allow":["GET"]}}],"collection":[{"href":"https:\/\/www.stanleypackage.com\/de\/wp-json\/wp\/v2\/product"}],"about":[{"href":"https:\/\/www.stanleypackage.com\/de\/wp-json\/wp\/v2\/types\/product"}],"replies":[{"embeddable":true,"href":"https:\/\/www.stanleypackage.com\/de\/wp-json\/wp\/v2\/comments?post=2348"}],"wp:featuredmedia":[{"embeddable":true,"href":"https:\/\/www.stanleypackage.com\/de\/wp-json\/wp\/v2\/media\/2352"}],"wp:attachment":[{"href":"https:\/\/www.stanleypackage.com\/de\/wp-json\/wp\/v2\/media?parent=2348"}],"wp:term":[{"taxonomy":"product_brand","embeddable":true,"href":"https:\/\/www.stanleypackage.com\/de\/wp-json\/wp\/v2\/product_brand?post=2348"},{"taxonomy":"product_cat","embeddable":true,"href":"https:\/\/www.stanleypackage.com\/de\/wp-json\/wp\/v2\/product_cat?post=2348"},{"taxonomy":"product_tag","embeddable":true,"href":"https:\/\/www.stanleypackage.com\/de\/wp-json\/wp\/v2\/product_tag?post=2348"}],"curies":[{"name":"wp","href":"https:\/\/api.w.org\/{rel}","templated":true}]}}