{"id":2357,"date":"2025-07-12T03:20:25","date_gmt":"2025-07-12T03:20:25","guid":{"rendered":"https:\/\/www.stanleypackage.com\/?post_type=product&#038;p=2357"},"modified":"2025-07-12T03:58:20","modified_gmt":"2025-07-12T03:58:20","slug":"stand-up-pouch-wholesale","status":"publish","type":"product","link":"https:\/\/www.stanleypackage.com\/de\/product\/stand-up-pouch-wholesale\/","title":{"rendered":"Benutzerdefinierte Form Stand Up Pouch Gro\u00dfhandel f\u00fcr Getr\u00e4nk &amp; Snack"},"content":{"rendered":"<div class=\"wp-block-columns is-layout-flex wp-container-core-columns-is-layout-9d6595d7 wp-block-columns-is-layout-flex\">\n<div class=\"wp-block-column is-layout-flow wp-block-column-is-layout-flow\">\n<h2 class=\"wp-block-heading\">Eigenschaften von Custom Shape Stand Up Pouch Gro\u00dfhandel<\/h2>\n\n\n\n<ul class=\"wp-block-list\">\n<li><strong>Speziell geformtes Design, auff\u00e4llige Form: <\/strong>Unser Standbodenbeutel-Gro\u00dfhandel unterst\u00fctzt eine Vielzahl von kundenspezifischen Konturen und Beuteltypen, die die Beschr\u00e4nkungen traditioneller Verpackungen durchbrechen und den Wiedererkennungswert der Marke und die Attraktivit\u00e4t der Regale erh\u00f6hen.<\/li>\n\n\n\n<li><strong>Hochwertige Materialstruktur: <\/strong>F\u00fcr unsere kundenspezifischen Verpackungsbeutel verwenden wir das dreischichtige Verbundmaterial PET12\/BOPA15\/MBPE55, das \u00fcber gute Barriereeigenschaften, Durchsto\u00dffestigkeit und Hei\u00dfsiegelf\u00e4higkeit verf\u00fcgt, um die Frische und Sicherheit des Inhalts zu gew\u00e4hrleisten.<\/li>\n\n\n\n<li><strong>Leicht aufrei\u00dfbar, einfach zu \u00f6ffnen: <\/strong>Dieser Standbeutel im Gro\u00dfhandel ist mit einem Easy Tear Notch Design ausgestattet, das sich ohne Hilfsmittel leicht \u00f6ffnen l\u00e4sst und die Benutzerfreundlichkeit verbessert.<\/li>\n\n\n\n<li><strong>Kantenanleimtechnik, stabilere Struktur: <\/strong>Die Kantenbehandlung dieser kundenspezifischen Verpackungsbeutel erh\u00f6ht die Druckfestigkeit und Belastbarkeit des Beutelk\u00f6rpers, ist auslaufsicher und explosionssicher und eignet sich f\u00fcr eine Vielzahl von fl\u00fcssigen oder k\u00f6rnigen Produkten.<\/li>\n\n\n\n<li><strong>Stehendes Bodendesign, sch\u00f6nes Display: <\/strong>Die unten stehende Struktur dieses Standbeutels verbessert die Wirkung der Regalauslage und spart gleichzeitig Lagerfl\u00e4che. Er eignet sich sowohl f\u00fcr den Einzelhandel als auch f\u00fcr Online-Verkaufskan\u00e4le.<\/li>\n<\/ul>\n\n\n\n<div class=\"wp-block-columns is-layout-flex wp-container-core-columns-is-layout-9d6595d7 wp-block-columns-is-layout-flex\">\n<div class=\"wp-block-column is-layout-flow wp-block-column-is-layout-flow\">\n<figure class=\"wp-block-image size-full\"><img decoding=\"async\" width=\"750\" height=\"750\" src=\"https:\/\/www.stanleypackage.com\/wp-content\/uploads\/2025\/07\/Custom-Shape-Stand-Up-Pouch-Wholesale-For-Beverage-Snack-6.webp\" alt=\"Benutzerdefinierte Form Stand Up Pouch Gro\u00dfhandel f\u00fcr Getr\u00e4nk &amp; Snack-6\" class=\"wp-image-2363\" srcset=\"https:\/\/www.stanleypackage.com\/wp-content\/uploads\/2025\/07\/Custom-Shape-Stand-Up-Pouch-Wholesale-For-Beverage-Snack-6.webp 750w, https:\/\/www.stanleypackage.com\/wp-content\/uploads\/2025\/07\/Custom-Shape-Stand-Up-Pouch-Wholesale-For-Beverage-Snack-6-300x300.webp 300w, https:\/\/www.stanleypackage.com\/wp-content\/uploads\/2025\/07\/Custom-Shape-Stand-Up-Pouch-Wholesale-For-Beverage-Snack-6-150x150.webp 150w, https:\/\/www.stanleypackage.com\/wp-content\/uploads\/2025\/07\/Custom-Shape-Stand-Up-Pouch-Wholesale-For-Beverage-Snack-6-12x12.webp 12w, https:\/\/www.stanleypackage.com\/wp-content\/uploads\/2025\/07\/Custom-Shape-Stand-Up-Pouch-Wholesale-For-Beverage-Snack-6-600x600.webp 600w, https:\/\/www.stanleypackage.com\/wp-content\/uploads\/2025\/07\/Custom-Shape-Stand-Up-Pouch-Wholesale-For-Beverage-Snack-6-100x100.webp 100w\" sizes=\"(max-width: 750px) 100vw, 750px\" \/><\/figure>\n<\/div>\n\n\n\n<div class=\"wp-block-column is-layout-flow wp-block-column-is-layout-flow\">\n<figure class=\"wp-block-image size-full\"><img decoding=\"async\" width=\"750\" height=\"750\" src=\"https:\/\/www.stanleypackage.com\/wp-content\/uploads\/2025\/07\/Custom-Shape-Stand-Up-Pouch-Wholesale-For-Beverage-Snack-1.webp\" alt=\"Benutzerdefinierte Form Stand Up Pouch Gro\u00dfhandel f\u00fcr Getr\u00e4nk &amp; Snack-1\" class=\"wp-image-2358\" srcset=\"https:\/\/www.stanleypackage.com\/wp-content\/uploads\/2025\/07\/Custom-Shape-Stand-Up-Pouch-Wholesale-For-Beverage-Snack-1.webp 750w, https:\/\/www.stanleypackage.com\/wp-content\/uploads\/2025\/07\/Custom-Shape-Stand-Up-Pouch-Wholesale-For-Beverage-Snack-1-300x300.webp 300w, https:\/\/www.stanleypackage.com\/wp-content\/uploads\/2025\/07\/Custom-Shape-Stand-Up-Pouch-Wholesale-For-Beverage-Snack-1-150x150.webp 150w, https:\/\/www.stanleypackage.com\/wp-content\/uploads\/2025\/07\/Custom-Shape-Stand-Up-Pouch-Wholesale-For-Beverage-Snack-1-12x12.webp 12w, https:\/\/www.stanleypackage.com\/wp-content\/uploads\/2025\/07\/Custom-Shape-Stand-Up-Pouch-Wholesale-For-Beverage-Snack-1-600x600.webp 600w, https:\/\/www.stanleypackage.com\/wp-content\/uploads\/2025\/07\/Custom-Shape-Stand-Up-Pouch-Wholesale-For-Beverage-Snack-1-100x100.webp 100w\" sizes=\"(max-width: 750px) 100vw, 750px\" \/><\/figure>\n<\/div>\n<\/div>\n<\/div>\n<\/div>","protected":false},"excerpt":{"rendered":"<p>Willkommen bei der Bestellung von kundenspezifischen Verpackungsbeuteln. Dieser Standbodenbeutel Gro\u00dfhandel ist aus hochfestem Verbundmaterial mit ausgezeichneter Durchsto\u00dffestigkeit und Abdichtung Leistung, geeignet f\u00fcr alle Arten von Getr\u00e4nken und Snacks Verpackung.<\/p>\n<table style=\"border-collapse: collapse; width: 365.02pt;\" border=\"0\" width=\"365\" cellspacing=\"0\" cellpadding=\"0\">\n<tbody>\n<tr style=\"height: 16.00pt;\">\n<td class=\"et2\" style=\"height: 16.00pt; width: 97.50pt;\" width=\"97\" height=\"16\">Hersteller<\/td>\n<td class=\"et2\" style=\"width: 267.50pt;\" width=\"267\">Stanley<\/td>\n<\/tr>\n<tr style=\"height: 16.00pt;\">\n<td class=\"et2\" style=\"height: 16.00pt; width: 97.50pt;\" width=\"97\" height=\"16\">Arten von Beuteln<\/td>\n<td class=\"et3\">Stand Up Pouch, Sonderform Pouch<\/td>\n<\/tr>\n<tr style=\"height: 16.00pt;\">\n<td class=\"et2\" style=\"height: 16.00pt; width: 97.50pt;\" width=\"97\" height=\"16\">Material<\/td>\n<td class=\"et2\" style=\"width: 267.50pt;\" width=\"267\">PET12\/BOPA15\/MBPE55<\/td>\n<\/tr>\n<tr style=\"height: 31.00pt;\">\n<td class=\"et2\" style=\"height: 31.00pt; width: 97.50pt;\" width=\"97\" height=\"31\">Besonderes Merkmal<\/td>\n<td class=\"et2\" style=\"width: 267.50pt;\" width=\"267\">Kantenanleimer, Easy Tear Notch, Stehende Unterseite, Sonderform<\/td>\n<\/tr>\n<tr style=\"height: 16.00pt;\">\n<td class=\"et2\" style=\"height: 16.00pt; width: 97.50pt;\" width=\"97\" height=\"16\">Handhabung der Oberfl\u00e4che<\/td>\n<td class=\"et2\" style=\"width: 267.50pt;\" width=\"267\">Tiefdruck<\/td>\n<\/tr>\n<tr style=\"height: 16.00pt;\">\n<td class=\"et2\" style=\"height: 16.00pt; width: 97.50pt;\" width=\"97\" height=\"16\">Farbe<\/td>\n<td class=\"et2\" style=\"width: 267.50pt;\" width=\"267\">Bis zu 10 Farben<\/td>\n<\/tr>\n<tr style=\"height: 16.00pt;\">\n<td class=\"et2\" style=\"height: 16.00pt; width: 97.50pt;\" width=\"97\" height=\"16\">Verwendung<\/td>\n<td class=\"et2\" style=\"width: 267.50pt;\" width=\"267\">Getr\u00e4nk, Geleegetr\u00e4nk, mildes Getr\u00e4nk<\/td>\n<\/tr>\n<tr style=\"height: 16.00pt;\">\n<td class=\"et2\" style=\"height: 16.00pt; width: 97.50pt;\" width=\"97\" height=\"16\">MOQ<\/td>\n<td class=\"et2\" style=\"width: 267.50pt;\" width=\"267\">50.000 St\u00fcck<\/td>\n<\/tr>\n<tr style=\"height: 16.00pt;\">\n<td class=\"et2\" style=\"height: 16.00pt; width: 97.50pt;\" width=\"97\" height=\"16\">Individuelle Bestellung<\/td>\n<td class=\"et2\" style=\"width: 267.50pt;\" width=\"267\">Akzeptieren Sie OEM &amp; ODM, unterst\u00fctzen Sie freie Probe<\/td>\n<\/tr>\n<\/tbody>\n<\/table>","protected":false},"featured_media":2361,"comment_status":"closed","ping_status":"closed","template":"","meta":{"_acf_changed":false},"product_brand":[],"product_cat":[30,22],"product_tag":[],"class_list":{"0":"post-2357","1":"product","2":"type-product","3":"status-publish","4":"has-post-thumbnail","6":"product_cat-stand-up-pouch-manufacturer","7":"product_cat-shaped-pouches-factory","8":"pa_food-packaging-drink-beverage-pouch","10":"first","11":"instock","12":"shipping-taxable","13":"product-type-simple"},"acf":[],"_links":{"self":[{"href":"https:\/\/www.stanleypackage.com\/de\/wp-json\/wp\/v2\/product\/2357","targetHints":{"allow":["GET"]}}],"collection":[{"href":"https:\/\/www.stanleypackage.com\/de\/wp-json\/wp\/v2\/product"}],"about":[{"href":"https:\/\/www.stanleypackage.com\/de\/wp-json\/wp\/v2\/types\/product"}],"replies":[{"embeddable":true,"href":"https:\/\/www.stanleypackage.com\/de\/wp-json\/wp\/v2\/comments?post=2357"}],"wp:featuredmedia":[{"embeddable":true,"href":"https:\/\/www.stanleypackage.com\/de\/wp-json\/wp\/v2\/media\/2361"}],"wp:attachment":[{"href":"https:\/\/www.stanleypackage.com\/de\/wp-json\/wp\/v2\/media?parent=2357"}],"wp:term":[{"taxonomy":"product_brand","embeddable":true,"href":"https:\/\/www.stanleypackage.com\/de\/wp-json\/wp\/v2\/product_brand?post=2357"},{"taxonomy":"product_cat","embeddable":true,"href":"https:\/\/www.stanleypackage.com\/de\/wp-json\/wp\/v2\/product_cat?post=2357"},{"taxonomy":"product_tag","embeddable":true,"href":"https:\/\/www.stanleypackage.com\/de\/wp-json\/wp\/v2\/product_tag?post=2357"}],"curies":[{"name":"wp","href":"https:\/\/api.w.org\/{rel}","templated":true}]}}