{"id":2364,"date":"2025-07-12T04:03:27","date_gmt":"2025-07-12T04:03:27","guid":{"rendered":"https:\/\/www.stanleypackage.com\/?post_type=product&#038;p=2364"},"modified":"2025-07-12T04:13:25","modified_gmt":"2025-07-12T04:13:25","slug":"flat-bottom-spout-pouch-customized","status":"publish","type":"product","link":"https:\/\/www.stanleypackage.com\/de\/product\/flat-bottom-spout-pouch-customized\/","title":{"rendered":"Flacher Boden Auslaufbeutel angepasst, Shampoo-Beutel Gro\u00dfhandel"},"content":{"rendered":"<div class=\"wp-block-columns is-layout-flex wp-container-core-columns-is-layout-9d6595d7 wp-block-columns-is-layout-flex\">\n<div class=\"wp-block-column is-layout-flow wp-block-column-is-layout-flow\">\n<h2 class=\"wp-block-heading\">Merkmale von Flat Bottom Spout Pouch Customized<\/h2>\n\n\n\n<ul class=\"wp-block-list\">\n<li><strong>D\u00fcsendesign, leicht zu gie\u00dfen und wiederzuverwenden: <\/strong>Dieser Beutel mit flachem Boden und kundenspezifischer T\u00fclle ist mit einer versiegelten Ansaugd\u00fcse ausgestattet, die es den Verbrauchern erm\u00f6glicht, die Menge zu kontrollieren, die Tragbarkeit und die Benutzererfahrung zu verbessern, und die f\u00fcr fl\u00fcssige Wasch- und Pflegeprodukte geeignet ist.<\/li>\n\n\n\n<li><strong>Flacher Boden, stabiles Standdisplay:<\/strong> Das flache Bodendesign dieser Gro\u00dfhandelsshampoobeutel erh\u00f6ht die Stabilit\u00e4t des Beutels, so dass die Verpackung nat\u00fcrlich im Regal stehen kann, was die Sch\u00f6nheit der Pr\u00e4sentation und das Markenimage verbessert.<\/li>\n\n\n\n<li><strong>Spezielle, speziell geformte Struktur, unterst\u00fctzt die individuelle Form der Tasche: <\/strong>Unsere Flachbodenbeutel mit Ausgie\u00dfer sind in der Lage, einzigartige Beutelformen nach den Bed\u00fcrfnissen der Marke zu gestalten, ein differenziertes Erscheinungsbild zu schaffen und den Wiedererkennungswert und die visuelle Attraktivit\u00e4t zu erh\u00f6hen.<\/li>\n\n\n\n<li><strong>Dreischichtige Verbundstruktur mit hoher Barriere:<\/strong> Unsere Gro\u00dfhandelsshampoobeutel bestehen aus PET19\/BOPA15\/MBPE155 Materialien, die rei\u00dffest, druckfest und auslaufsicher sind und den Inhalt vor Licht, Sauerstoff und Feuchtigkeit sch\u00fctzen.<\/li>\n\n\n\n<li><strong>Tiefdruck mit bis zu 10 Farben, leuchtende und lang anhaltende Farben: <\/strong>Der ma\u00dfgeschneiderte Flachbodenbeutel unterst\u00fctzt den hochpr\u00e4zisen, individuellen Druck, stellt Markenmuster und visuelle Sprache perfekt wieder her und hilft dabei, Verpackungsl\u00f6sungen mit einem hochwertigen und professionellen Eindruck zu schaffen.<\/li>\n<\/ul>\n\n\n\n<div class=\"wp-block-columns is-layout-flex wp-container-core-columns-is-layout-9d6595d7 wp-block-columns-is-layout-flex\">\n<div class=\"wp-block-column is-layout-flow wp-block-column-is-layout-flow\">\n<figure class=\"wp-block-image size-full\"><img decoding=\"async\" width=\"750\" height=\"750\" src=\"https:\/\/www.stanleypackage.com\/wp-content\/uploads\/2025\/07\/Flat-Bottom-Spout-Pouch-Customized-Shampoo-Pouch-Wholesale-2.webp\" alt=\"Flacher Boden Auslauf Beutel angepasst, Shampoo Beutel Gro\u00dfhandel-2\" class=\"wp-image-2366\" srcset=\"https:\/\/www.stanleypackage.com\/wp-content\/uploads\/2025\/07\/Flat-Bottom-Spout-Pouch-Customized-Shampoo-Pouch-Wholesale-2.webp 750w, https:\/\/www.stanleypackage.com\/wp-content\/uploads\/2025\/07\/Flat-Bottom-Spout-Pouch-Customized-Shampoo-Pouch-Wholesale-2-300x300.webp 300w, https:\/\/www.stanleypackage.com\/wp-content\/uploads\/2025\/07\/Flat-Bottom-Spout-Pouch-Customized-Shampoo-Pouch-Wholesale-2-150x150.webp 150w, https:\/\/www.stanleypackage.com\/wp-content\/uploads\/2025\/07\/Flat-Bottom-Spout-Pouch-Customized-Shampoo-Pouch-Wholesale-2-12x12.webp 12w, https:\/\/www.stanleypackage.com\/wp-content\/uploads\/2025\/07\/Flat-Bottom-Spout-Pouch-Customized-Shampoo-Pouch-Wholesale-2-600x600.webp 600w, https:\/\/www.stanleypackage.com\/wp-content\/uploads\/2025\/07\/Flat-Bottom-Spout-Pouch-Customized-Shampoo-Pouch-Wholesale-2-100x100.webp 100w\" sizes=\"(max-width: 750px) 100vw, 750px\" \/><\/figure>\n<\/div>\n\n\n\n<div class=\"wp-block-column is-layout-flow wp-block-column-is-layout-flow\">\n<figure class=\"wp-block-image size-full\"><img decoding=\"async\" width=\"750\" height=\"750\" src=\"https:\/\/www.stanleypackage.com\/wp-content\/uploads\/2025\/07\/Flat-Bottom-Spout-Pouch-Customized-Shampoo-Pouch-Wholesale-4.webp\" alt=\"Flacher Boden Auslaufbeutel angepasst, Shampoo Beutel Gro\u00dfhandel-4\" class=\"wp-image-2368\" srcset=\"https:\/\/www.stanleypackage.com\/wp-content\/uploads\/2025\/07\/Flat-Bottom-Spout-Pouch-Customized-Shampoo-Pouch-Wholesale-4.webp 750w, https:\/\/www.stanleypackage.com\/wp-content\/uploads\/2025\/07\/Flat-Bottom-Spout-Pouch-Customized-Shampoo-Pouch-Wholesale-4-300x300.webp 300w, https:\/\/www.stanleypackage.com\/wp-content\/uploads\/2025\/07\/Flat-Bottom-Spout-Pouch-Customized-Shampoo-Pouch-Wholesale-4-150x150.webp 150w, https:\/\/www.stanleypackage.com\/wp-content\/uploads\/2025\/07\/Flat-Bottom-Spout-Pouch-Customized-Shampoo-Pouch-Wholesale-4-12x12.webp 12w, https:\/\/www.stanleypackage.com\/wp-content\/uploads\/2025\/07\/Flat-Bottom-Spout-Pouch-Customized-Shampoo-Pouch-Wholesale-4-600x600.webp 600w, https:\/\/www.stanleypackage.com\/wp-content\/uploads\/2025\/07\/Flat-Bottom-Spout-Pouch-Customized-Shampoo-Pouch-Wholesale-4-100x100.webp 100w\" sizes=\"(max-width: 750px) 100vw, 750px\" \/><\/figure>\n<\/div>\n<\/div>\n<\/div>\n<\/div>","protected":false},"excerpt":{"rendered":"<p>Willkommen im Gro\u00dfhandel Shampoo-Beutel zu kaufen. Diese flachen Boden T\u00fclle Beutel angepasst f\u00fcr Shampoo, Duschgel, Conditioner und andere fl\u00fcssige Produkte hat ausgezeichnete Druckfestigkeit und Abdichtung.<\/p>\n<table style=\"border-collapse: collapse; width: 365.02pt;\" border=\"0\" width=\"365\" cellspacing=\"0\" cellpadding=\"0\">\n<tbody>\n<tr style=\"height: 16.00pt;\">\n<td class=\"et2\" style=\"height: 16.00pt; width: 97.50pt;\" width=\"97\" height=\"16\">Hersteller<\/td>\n<td class=\"et2\" style=\"width: 267.50pt;\" width=\"267\">Stanley<\/td>\n<\/tr>\n<tr style=\"height: 16.00pt;\">\n<td class=\"et2\" style=\"height: 16.00pt; width: 97.50pt;\" width=\"97\" height=\"16\">Arten von Beuteln<\/td>\n<td class=\"et3\">Stand Up Pouch, Spout Pouch, Shaped Pouch<\/td>\n<\/tr>\n<tr style=\"height: 16.00pt;\">\n<td class=\"et2\" style=\"height: 16.00pt; width: 97.50pt;\" width=\"97\" height=\"16\">Material<\/td>\n<td class=\"et2\" style=\"width: 267.50pt;\" width=\"267\">PET19\/BOPA15\/MBPE155<\/td>\n<\/tr>\n<tr style=\"height: 16.00pt;\">\n<td class=\"et2\" style=\"height: 16.00pt; width: 97.50pt;\" width=\"97\" height=\"16\">Besonderes Merkmal<\/td>\n<td class=\"et2\" style=\"width: 267.50pt;\" width=\"267\">Ausguss, stehender Boden, Sonderform<\/td>\n<\/tr>\n<tr style=\"height: 16.00pt;\">\n<td class=\"et2\" style=\"height: 16.00pt; width: 97.50pt;\" width=\"97\" height=\"16\">Handhabung der Oberfl\u00e4che<\/td>\n<td class=\"et2\" style=\"width: 267.50pt;\" width=\"267\">Tiefdruck<\/td>\n<\/tr>\n<tr style=\"height: 16.00pt;\">\n<td class=\"et2\" style=\"height: 16.00pt; width: 97.50pt;\" width=\"97\" height=\"16\">Farbe<\/td>\n<td class=\"et2\" style=\"width: 267.50pt;\" width=\"267\">Bis zu 10 Farben<\/td>\n<\/tr>\n<tr style=\"height: 16.00pt;\">\n<td class=\"et2\" style=\"height: 16.00pt; width: 97.50pt;\" width=\"97\" height=\"16\">Verwendung<\/td>\n<td class=\"et2\" style=\"width: 267.50pt;\" width=\"267\">Shampoo, K\u00f6rperw\u00e4sche, Handw\u00e4sche, Pflegemittel<\/td>\n<\/tr>\n<tr style=\"height: 16.00pt;\">\n<td class=\"et2\" style=\"height: 16.00pt; width: 97.50pt;\" width=\"97\" height=\"16\">MOQ<\/td>\n<td class=\"et2\" style=\"width: 267.50pt;\" width=\"267\">50.000 St\u00fcck<\/td>\n<\/tr>\n<tr style=\"height: 16.00pt;\">\n<td class=\"et2\" style=\"height: 16.00pt; width: 97.50pt;\" width=\"97\" height=\"16\">Individuelle Bestellung<\/td>\n<td class=\"et2\" style=\"width: 267.50pt;\" width=\"267\">Akzeptieren Sie OEM &amp; ODM, unterst\u00fctzen Sie freie Probe<\/td>\n<\/tr>\n<\/tbody>\n<\/table>","protected":false},"featured_media":2367,"comment_status":"closed","ping_status":"closed","template":"","meta":{"_acf_changed":false},"product_brand":[],"product_cat":[30,32,22],"product_tag":[],"class_list":{"0":"post-2364","1":"product","2":"type-product","3":"status-publish","4":"has-post-thumbnail","6":"product_cat-stand-up-pouch-manufacturer","7":"product_cat-spout-pouch-manufacturer","8":"product_cat-shaped-pouches-factory","9":"pa_non-food-packaging-soap-detergent-pouches","11":"first","12":"instock","13":"shipping-taxable","14":"product-type-simple"},"acf":[],"_links":{"self":[{"href":"https:\/\/www.stanleypackage.com\/de\/wp-json\/wp\/v2\/product\/2364","targetHints":{"allow":["GET"]}}],"collection":[{"href":"https:\/\/www.stanleypackage.com\/de\/wp-json\/wp\/v2\/product"}],"about":[{"href":"https:\/\/www.stanleypackage.com\/de\/wp-json\/wp\/v2\/types\/product"}],"replies":[{"embeddable":true,"href":"https:\/\/www.stanleypackage.com\/de\/wp-json\/wp\/v2\/comments?post=2364"}],"wp:featuredmedia":[{"embeddable":true,"href":"https:\/\/www.stanleypackage.com\/de\/wp-json\/wp\/v2\/media\/2367"}],"wp:attachment":[{"href":"https:\/\/www.stanleypackage.com\/de\/wp-json\/wp\/v2\/media?parent=2364"}],"wp:term":[{"taxonomy":"product_brand","embeddable":true,"href":"https:\/\/www.stanleypackage.com\/de\/wp-json\/wp\/v2\/product_brand?post=2364"},{"taxonomy":"product_cat","embeddable":true,"href":"https:\/\/www.stanleypackage.com\/de\/wp-json\/wp\/v2\/product_cat?post=2364"},{"taxonomy":"product_tag","embeddable":true,"href":"https:\/\/www.stanleypackage.com\/de\/wp-json\/wp\/v2\/product_tag?post=2364"}],"curies":[{"name":"wp","href":"https:\/\/api.w.org\/{rel}","templated":true}]}}