{"id":2371,"date":"2025-07-12T06:17:35","date_gmt":"2025-07-12T06:17:35","guid":{"rendered":"https:\/\/www.stanleypackage.com\/?post_type=product&#038;p=2371"},"modified":"2025-07-12T06:27:32","modified_gmt":"2025-07-12T06:27:32","slug":"shampoo-pouch-wholesale","status":"publish","type":"product","link":"https:\/\/www.stanleypackage.com\/de\/product\/shampoo-pouch-wholesale\/","title":{"rendered":"Benutzerdefinierte Shampoo-Beutel Gro\u00dfhandel, Stehend Beutel mit Ausguss"},"content":{"rendered":"<div class=\"wp-block-columns is-layout-flex wp-container-core-columns-is-layout-9d6595d7 wp-block-columns-is-layout-flex\">\n<div class=\"wp-block-column is-layout-flow wp-block-column-is-layout-flow\">\n<h2 class=\"wp-block-heading\">Eigenschaften von Shampoo Pouch Gro\u00dfhandel<\/h2>\n\n\n\n<ul class=\"wp-block-list\">\n<li><strong>D\u00fcsendesign, tragbar und einfach zu bedienen: <\/strong>Dieser Shampoo-Beutel im Gro\u00dfhandel hat eine eingebaute versiegelte D\u00fcse, die bequemer zu benutzen ist und mehrfach ge\u00f6ffnet und geschlossen werden kann. Es ist geeignet f\u00fcr den t\u00e4glichen Gebrauch zu Hause und auf Reisen, die Verbesserung der Benutzerfreundlichkeit.<\/li>\n\n\n\n<li><strong>Stehende Bodenstruktur, stabiles Display: <\/strong>Das Design dieses ma\u00dfgeschneiderten Standbeutels erm\u00f6glicht es, das Produkt auf dem Regal oder der Sp\u00fcle zu platzieren, was die Wirkung der Pr\u00e4sentation und die Raumnutzung verbessert.<\/li>\n\n\n\n<li><strong>Hochbarrierematerial zum Schutz des Inhalts: <\/strong>Dieser Shampoobeutel f\u00fcr den Gro\u00dfhandel besteht aus einer dreischichtigen Verbundstruktur aus PET12\/VMPET12\/PE95 mit ausgezeichneten feuchtigkeitsbest\u00e4ndigen und oxidationshemmenden Eigenschaften, die daf\u00fcr sorgen, dass die Waschprodukte lange frisch und frei von Verschmutzung bleiben.<\/li>\n\n\n\n<li><strong>Unterst\u00fctzung von Anpassungen zur Verbesserung des Markenimages: <\/strong>Unsere kundenspezifischen Standbodenbeutel k\u00f6nnen in Gr\u00f6\u00dfe, Farbe, Druckmuster und LOGO den Kundenw\u00fcnschen entsprechend angepasst werden, um eine einzigartige, markenexklusive Verpackung zu schaffen.<\/li>\n\n\n\n<li><strong>Geeignet f\u00fcr eine Vielzahl von Wasch- und Pflegemitteln: <\/strong>Diese Shampoo-Beutel Gro\u00dfhandel kann weit in Shampoo, Conditioner, Duschgel, K\u00f6rperlotion und andere fl\u00fcssige t\u00e4gliche chemische Produkte verwendet werden. Es ist eine ideale Wahl f\u00fcr Einzelhandel, Promotion und E-Commerce-Verpackung.<\/li>\n<\/ul>\n\n\n\n<div class=\"wp-block-columns is-layout-flex wp-container-core-columns-is-layout-9d6595d7 wp-block-columns-is-layout-flex\">\n<div class=\"wp-block-column is-layout-flow wp-block-column-is-layout-flow\">\n<figure class=\"wp-block-image size-full\"><img decoding=\"async\" width=\"750\" height=\"750\" src=\"https:\/\/www.stanleypackage.com\/wp-content\/uploads\/2025\/07\/Custom-Shampoo-Pouch-Wholesale-Standing-Pouch-With-Spout-2.webp\" alt=\"Benutzerdefinierte Shampoo Beutel Gro\u00dfhandel, Stehend Beutel mit Spout-2\" class=\"wp-image-2373\" srcset=\"https:\/\/www.stanleypackage.com\/wp-content\/uploads\/2025\/07\/Custom-Shampoo-Pouch-Wholesale-Standing-Pouch-With-Spout-2.webp 750w, https:\/\/www.stanleypackage.com\/wp-content\/uploads\/2025\/07\/Custom-Shampoo-Pouch-Wholesale-Standing-Pouch-With-Spout-2-300x300.webp 300w, https:\/\/www.stanleypackage.com\/wp-content\/uploads\/2025\/07\/Custom-Shampoo-Pouch-Wholesale-Standing-Pouch-With-Spout-2-150x150.webp 150w, https:\/\/www.stanleypackage.com\/wp-content\/uploads\/2025\/07\/Custom-Shampoo-Pouch-Wholesale-Standing-Pouch-With-Spout-2-12x12.webp 12w, https:\/\/www.stanleypackage.com\/wp-content\/uploads\/2025\/07\/Custom-Shampoo-Pouch-Wholesale-Standing-Pouch-With-Spout-2-600x600.webp 600w, https:\/\/www.stanleypackage.com\/wp-content\/uploads\/2025\/07\/Custom-Shampoo-Pouch-Wholesale-Standing-Pouch-With-Spout-2-100x100.webp 100w\" sizes=\"(max-width: 750px) 100vw, 750px\" \/><\/figure>\n<\/div>\n\n\n\n<div class=\"wp-block-column is-layout-flow wp-block-column-is-layout-flow\">\n<figure class=\"wp-block-image size-full\"><img decoding=\"async\" width=\"750\" height=\"750\" src=\"https:\/\/www.stanleypackage.com\/wp-content\/uploads\/2025\/07\/Custom-Shampoo-Pouch-Wholesale-Standing-Pouch-With-Spout-3.webp\" alt=\"Benutzerdefinierte Shampoo-Beutel Gro\u00dfhandel, Stehend Beutel mit Spout-3\" class=\"wp-image-2374\" srcset=\"https:\/\/www.stanleypackage.com\/wp-content\/uploads\/2025\/07\/Custom-Shampoo-Pouch-Wholesale-Standing-Pouch-With-Spout-3.webp 750w, https:\/\/www.stanleypackage.com\/wp-content\/uploads\/2025\/07\/Custom-Shampoo-Pouch-Wholesale-Standing-Pouch-With-Spout-3-300x300.webp 300w, https:\/\/www.stanleypackage.com\/wp-content\/uploads\/2025\/07\/Custom-Shampoo-Pouch-Wholesale-Standing-Pouch-With-Spout-3-150x150.webp 150w, https:\/\/www.stanleypackage.com\/wp-content\/uploads\/2025\/07\/Custom-Shampoo-Pouch-Wholesale-Standing-Pouch-With-Spout-3-12x12.webp 12w, https:\/\/www.stanleypackage.com\/wp-content\/uploads\/2025\/07\/Custom-Shampoo-Pouch-Wholesale-Standing-Pouch-With-Spout-3-600x600.webp 600w, https:\/\/www.stanleypackage.com\/wp-content\/uploads\/2025\/07\/Custom-Shampoo-Pouch-Wholesale-Standing-Pouch-With-Spout-3-100x100.webp 100w\" sizes=\"(max-width: 750px) 100vw, 750px\" \/><\/figure>\n<\/div>\n<\/div>\n<\/div>\n<\/div>","protected":false},"excerpt":{"rendered":"<p>Willkommen bei der Anpassung von Beuteln mit aufstehendem Ausguss. Diese Shampoo-Beutel Gro\u00dfhandel hat ausgezeichnete Barriere-Eigenschaften und Druckfestigkeit, geeignet f\u00fcr die Verpackung aller Arten von Shampoo, Conditioner und andere fl\u00fcssige Toilettenartikel.<\/p>\n<table style=\"border-collapse: collapse; width: 334.02pt;\" border=\"0\" width=\"334\" cellspacing=\"0\" cellpadding=\"0\">\n<tbody>\n<tr style=\"height: 16.00pt;\">\n<td class=\"et2\" style=\"height: 16.00pt; width: 97.50pt;\" width=\"97\" height=\"16\">Hersteller<\/td>\n<td class=\"et2\" style=\"width: 236.80pt;\" width=\"236\">Stanley<\/td>\n<\/tr>\n<tr style=\"height: 16.00pt;\">\n<td class=\"et2\" style=\"height: 16.00pt; width: 97.50pt;\" width=\"97\" height=\"16\">Arten von Beuteln<\/td>\n<td class=\"et3\">Stand Up Pouch, Spout Pouch<\/td>\n<\/tr>\n<tr style=\"height: 16.00pt;\">\n<td class=\"et2\" style=\"height: 16.00pt; width: 97.50pt;\" width=\"97\" height=\"16\">Material<\/td>\n<td class=\"et2\" style=\"width: 236.80pt;\" width=\"236\">PET12\/VMPET12\/PE95<\/td>\n<\/tr>\n<tr style=\"height: 16.00pt;\">\n<td class=\"et2\" style=\"height: 16.00pt; width: 97.50pt;\" width=\"97\" height=\"16\">Besonderes Merkmal<\/td>\n<td class=\"et2\" style=\"width: 236.80pt;\" width=\"236\">Ausguss, Stehend unten,<\/td>\n<\/tr>\n<tr style=\"height: 16.00pt;\">\n<td class=\"et2\" style=\"height: 16.00pt; width: 97.50pt;\" width=\"97\" height=\"16\">Handhabung der Oberfl\u00e4che<\/td>\n<td class=\"et2\" style=\"width: 236.80pt;\" width=\"236\">Tiefdruck<\/td>\n<\/tr>\n<tr style=\"height: 16.00pt;\">\n<td class=\"et2\" style=\"height: 16.00pt; width: 97.50pt;\" width=\"97\" height=\"16\">Farbe<\/td>\n<td class=\"et2\" style=\"width: 236.80pt;\" width=\"236\">Bis zu 10 Farben<\/td>\n<\/tr>\n<tr style=\"height: 16.00pt;\">\n<td class=\"et2\" style=\"height: 16.00pt; width: 97.50pt;\" width=\"97\" height=\"16\">Verwendung<\/td>\n<td class=\"et3\">Shampoo, K\u00f6rperpflege, Conditioner<\/td>\n<\/tr>\n<tr style=\"height: 16.00pt;\">\n<td class=\"et2\" style=\"height: 16.00pt; width: 97.50pt;\" width=\"97\" height=\"16\">MOQ<\/td>\n<td class=\"et2\" style=\"width: 236.80pt;\" width=\"236\">50.000 St\u00fcck<\/td>\n<\/tr>\n<tr style=\"height: 16.00pt;\">\n<td class=\"et2\" style=\"height: 16.00pt; width: 97.50pt;\" width=\"97\" height=\"16\">Individuelle Bestellung<\/td>\n<td class=\"et2\" style=\"width: 236.80pt;\" width=\"236\">Akzeptieren Sie OEM &amp; ODM, unterst\u00fctzen Sie freie Probe<\/td>\n<\/tr>\n<\/tbody>\n<\/table>","protected":false},"featured_media":2372,"comment_status":"closed","ping_status":"closed","template":"","meta":{"_acf_changed":false},"product_brand":[],"product_cat":[30,32],"product_tag":[],"class_list":{"0":"post-2371","1":"product","2":"type-product","3":"status-publish","4":"has-post-thumbnail","6":"product_cat-stand-up-pouch-manufacturer","7":"product_cat-spout-pouch-manufacturer","8":"pa_non-food-packaging-soap-detergent-pouches","10":"first","11":"instock","12":"shipping-taxable","13":"product-type-simple"},"acf":[],"_links":{"self":[{"href":"https:\/\/www.stanleypackage.com\/de\/wp-json\/wp\/v2\/product\/2371","targetHints":{"allow":["GET"]}}],"collection":[{"href":"https:\/\/www.stanleypackage.com\/de\/wp-json\/wp\/v2\/product"}],"about":[{"href":"https:\/\/www.stanleypackage.com\/de\/wp-json\/wp\/v2\/types\/product"}],"replies":[{"embeddable":true,"href":"https:\/\/www.stanleypackage.com\/de\/wp-json\/wp\/v2\/comments?post=2371"}],"wp:featuredmedia":[{"embeddable":true,"href":"https:\/\/www.stanleypackage.com\/de\/wp-json\/wp\/v2\/media\/2372"}],"wp:attachment":[{"href":"https:\/\/www.stanleypackage.com\/de\/wp-json\/wp\/v2\/media?parent=2371"}],"wp:term":[{"taxonomy":"product_brand","embeddable":true,"href":"https:\/\/www.stanleypackage.com\/de\/wp-json\/wp\/v2\/product_brand?post=2371"},{"taxonomy":"product_cat","embeddable":true,"href":"https:\/\/www.stanleypackage.com\/de\/wp-json\/wp\/v2\/product_cat?post=2371"},{"taxonomy":"product_tag","embeddable":true,"href":"https:\/\/www.stanleypackage.com\/de\/wp-json\/wp\/v2\/product_tag?post=2371"}],"curies":[{"name":"wp","href":"https:\/\/api.w.org\/{rel}","templated":true}]}}