{"id":2378,"date":"2025-07-12T06:30:36","date_gmt":"2025-07-12T06:30:36","guid":{"rendered":"https:\/\/www.stanleypackage.com\/?post_type=product&#038;p=2378"},"modified":"2025-07-12T06:42:04","modified_gmt":"2025-07-12T06:42:04","slug":"cosmetic-packaging-wholesale","status":"publish","type":"product","link":"https:\/\/www.stanleypackage.com\/de\/product\/cosmetic-packaging-wholesale\/","title":{"rendered":"Kundenspezifische flexible Kosmetikverpackungen im Gro\u00dfhandel mit B\u00fcrste"},"content":{"rendered":"<div class=\"wp-block-columns is-layout-flex wp-container-core-columns-is-layout-9d6595d7 wp-block-columns-is-layout-flex\">\n<div class=\"wp-block-column is-layout-flow wp-block-column-is-layout-flow\">\n<h2 class=\"wp-block-heading\">Merkmale von Kosmetikverpackungen Gro\u00dfhandel<\/h2>\n\n\n\n<ul class=\"wp-block-list\">\n<li><strong>Integrierter B\u00fcrstenkopf f\u00fcr eine einfache Anwendung: <\/strong>Die D\u00fcse dieser kosmetischen Verpackung Gro\u00dfhandel ist mit dem weichen Pinselkopf verbunden, keine zus\u00e4tzlichen Werkzeuge erforderlich sind, die f\u00fcr pr\u00e4zise Make-up Anwendung bequem ist, und erh\u00f6ht die Bequemlichkeit und Professionalit\u00e4t der Verbraucher.<\/li>\n\n\n\n<li><strong>Hochbarriere-Verbundmaterial zum Schutz der Aktivit\u00e4t der Formel: <\/strong>Unsere ma\u00dfgefertigten Sonnenmilchbeutel bestehen aus dem Material PET12\/VMPET12\/PE115, das eine hervorragende licht-, sauerstoff- und wasserdichte Leistung bietet, die Haltbarkeit von Kosmetika effektiv verl\u00e4ngert und die Oxidation oder den Verfall von Inhaltsstoffen verhindert.<\/li>\n\n\n\n<li><strong>Flexibles Material f\u00fcr einfache Extrusion: <\/strong>Die Verpackung dieser Kosmetikverpackung im Gro\u00dfhandel ist weich und extrudierbar, geeignet f\u00fcr Pasten, Fl\u00fcssigkeiten und Emulsionen und hilft dem Benutzer, den Produktinhalt besser zu nutzen.<\/li>\n\n\n\n<li><strong>Flexible Anpassung an die Bed\u00fcrfnisse mehrerer Marken: <\/strong>Unsere ma\u00dfgefertigten Sonnenmilchbeutel k\u00f6nnen umfassend angepasst werden, einschlie\u00dflich der Form des B\u00fcrstenkopfes, des Farbdrucks, der Auswahl des Fassungsverm\u00f6gens usw., und eignen sich f\u00fcr eine Vielzahl von Verpackungsl\u00f6sungen f\u00fcr Kosmetik- und Hautpflegeprodukte.<\/li>\n\n\n\n<li><strong>Leicht und tragbar, geeignet f\u00fcr E-Commerce und Geschenkboxen:<\/strong> Unsere Kosmetikverpackungen f\u00fcr den Gro\u00dfhandel sind leicht und einfach zu lagern und eignen sich besonders f\u00fcr mobile Make-up-Szenen, Probepackungen, E-Commerce-Sets und Reiseverpackungsl\u00f6sungen, um den Produktmehrwert zu erh\u00f6hen.<\/li>\n<\/ul>\n\n\n\n<div class=\"wp-block-columns is-layout-flex wp-container-core-columns-is-layout-9d6595d7 wp-block-columns-is-layout-flex\">\n<div class=\"wp-block-column is-layout-flow wp-block-column-is-layout-flow\">\n<figure class=\"wp-block-image size-full\"><img decoding=\"async\" width=\"750\" height=\"750\" src=\"https:\/\/www.stanleypackage.com\/wp-content\/uploads\/2025\/07\/Custom-Flexible-Cosmetic-Packaging-Wholesale-With-Brush-5.webp\" alt=\"\" class=\"wp-image-2383\" srcset=\"https:\/\/www.stanleypackage.com\/wp-content\/uploads\/2025\/07\/Custom-Flexible-Cosmetic-Packaging-Wholesale-With-Brush-5.webp 750w, https:\/\/www.stanleypackage.com\/wp-content\/uploads\/2025\/07\/Custom-Flexible-Cosmetic-Packaging-Wholesale-With-Brush-5-300x300.webp 300w, https:\/\/www.stanleypackage.com\/wp-content\/uploads\/2025\/07\/Custom-Flexible-Cosmetic-Packaging-Wholesale-With-Brush-5-150x150.webp 150w, https:\/\/www.stanleypackage.com\/wp-content\/uploads\/2025\/07\/Custom-Flexible-Cosmetic-Packaging-Wholesale-With-Brush-5-12x12.webp 12w, https:\/\/www.stanleypackage.com\/wp-content\/uploads\/2025\/07\/Custom-Flexible-Cosmetic-Packaging-Wholesale-With-Brush-5-600x600.webp 600w, https:\/\/www.stanleypackage.com\/wp-content\/uploads\/2025\/07\/Custom-Flexible-Cosmetic-Packaging-Wholesale-With-Brush-5-100x100.webp 100w\" sizes=\"(max-width: 750px) 100vw, 750px\" \/><\/figure>\n<\/div>\n\n\n\n<div class=\"wp-block-column is-layout-flow wp-block-column-is-layout-flow\">\n<figure class=\"wp-block-image size-full\"><img decoding=\"async\" width=\"750\" height=\"750\" src=\"https:\/\/www.stanleypackage.com\/wp-content\/uploads\/2025\/07\/Custom-Flexible-Cosmetic-Packaging-Wholesale-With-Brush-6.webp\" alt=\"Benutzerdefinierte flexible kosmetische Verpackung Gro\u00dfhandel mit Pinsel-6\" class=\"wp-image-2384\" srcset=\"https:\/\/www.stanleypackage.com\/wp-content\/uploads\/2025\/07\/Custom-Flexible-Cosmetic-Packaging-Wholesale-With-Brush-6.webp 750w, https:\/\/www.stanleypackage.com\/wp-content\/uploads\/2025\/07\/Custom-Flexible-Cosmetic-Packaging-Wholesale-With-Brush-6-300x300.webp 300w, https:\/\/www.stanleypackage.com\/wp-content\/uploads\/2025\/07\/Custom-Flexible-Cosmetic-Packaging-Wholesale-With-Brush-6-150x150.webp 150w, https:\/\/www.stanleypackage.com\/wp-content\/uploads\/2025\/07\/Custom-Flexible-Cosmetic-Packaging-Wholesale-With-Brush-6-12x12.webp 12w, https:\/\/www.stanleypackage.com\/wp-content\/uploads\/2025\/07\/Custom-Flexible-Cosmetic-Packaging-Wholesale-With-Brush-6-600x600.webp 600w, https:\/\/www.stanleypackage.com\/wp-content\/uploads\/2025\/07\/Custom-Flexible-Cosmetic-Packaging-Wholesale-With-Brush-6-100x100.webp 100w\" sizes=\"(max-width: 750px) 100vw, 750px\" \/><\/figure>\n<\/div>\n<\/div>\n<\/div>\n<\/div>","protected":false},"excerpt":{"rendered":"<p>Willkommen bei kosmetischen Verpackungen Gro\u00dfhandel anpassen. Diese benutzerdefinierte Sonnencreme Beutel hat hervorragende Barriereeigenschaften und Flexibilit\u00e4t, geeignet f\u00fcr fl\u00fcssige Make-up wie Sonnencreme, Lippenglanz, Concealer, etc.<\/p>\n<table style=\"border-collapse: collapse; width: 334.02pt;\" border=\"0\" width=\"334\" cellspacing=\"0\" cellpadding=\"0\">\n<tbody>\n<tr style=\"height: 16.00pt;\">\n<td class=\"et2\" style=\"height: 16.00pt; width: 97.50pt;\" width=\"97\" height=\"16\">Hersteller<\/td>\n<td class=\"et2\" style=\"width: 236.80pt;\" width=\"236\">Stanley<\/td>\n<\/tr>\n<tr style=\"height: 16.00pt;\">\n<td class=\"et2\" style=\"height: 16.00pt; width: 97.50pt;\" width=\"97\" height=\"16\">Arten von Beuteln<\/td>\n<td class=\"et3\">Ausgie\u00dferbeutel, Formbeutel<\/td>\n<\/tr>\n<tr style=\"height: 16.00pt;\">\n<td class=\"et2\" style=\"height: 16.00pt; width: 97.50pt;\" width=\"97\" height=\"16\">Material<\/td>\n<td class=\"et2\" style=\"width: 236.80pt;\" width=\"236\">PET12\/VMPET12\/PE115<\/td>\n<\/tr>\n<tr style=\"height: 16.00pt;\">\n<td class=\"et2\" style=\"height: 16.00pt; width: 97.50pt;\" width=\"97\" height=\"16\">Besonderes Merkmal<\/td>\n<td class=\"et2\" style=\"width: 236.80pt;\" width=\"236\">T\u00fclle, B\u00fcrste<\/td>\n<\/tr>\n<tr style=\"height: 16.00pt;\">\n<td class=\"et2\" style=\"height: 16.00pt; width: 97.50pt;\" width=\"97\" height=\"16\">Handhabung der Oberfl\u00e4che<\/td>\n<td class=\"et2\" style=\"width: 236.80pt;\" width=\"236\">Tiefdruck<\/td>\n<\/tr>\n<tr style=\"height: 16.00pt;\">\n<td class=\"et2\" style=\"height: 16.00pt; width: 97.50pt;\" width=\"97\" height=\"16\">Farbe<\/td>\n<td class=\"et2\" style=\"width: 236.80pt;\" width=\"236\">Bis zu 10 Farben<\/td>\n<\/tr>\n<tr style=\"height: 16.00pt;\">\n<td class=\"et2\" style=\"height: 16.00pt; width: 97.50pt;\" width=\"97\" height=\"16\">Verwendung<\/td>\n<td class=\"et3\">Kosmetika, Fl\u00fcssig-Lippenstift, Creme, Lotion<\/td>\n<\/tr>\n<tr style=\"height: 16.00pt;\">\n<td class=\"et2\" style=\"height: 16.00pt; width: 97.50pt;\" width=\"97\" height=\"16\">MOQ<\/td>\n<td class=\"et2\" style=\"width: 236.80pt;\" width=\"236\">50.000 St\u00fcck<\/td>\n<\/tr>\n<tr style=\"height: 16.00pt;\">\n<td class=\"et2\" style=\"height: 16.00pt; width: 97.50pt;\" width=\"97\" height=\"16\">Individuelle Bestellung<\/td>\n<td class=\"et2\" style=\"width: 236.80pt;\" width=\"236\">Akzeptieren Sie OEM &amp; ODM, unterst\u00fctzen Sie freie Probe<\/td>\n<\/tr>\n<\/tbody>\n<\/table>","protected":false},"featured_media":2379,"comment_status":"closed","ping_status":"closed","template":"","meta":{"_acf_changed":false},"product_brand":[],"product_cat":[32,22],"product_tag":[],"class_list":{"0":"post-2378","1":"product","2":"type-product","3":"status-publish","4":"has-post-thumbnail","6":"product_cat-spout-pouch-manufacturer","7":"product_cat-shaped-pouches-factory","8":"pa_non-food-packaging-cosmetic-packaging-pouches","10":"first","11":"instock","12":"shipping-taxable","13":"product-type-simple"},"acf":[],"_links":{"self":[{"href":"https:\/\/www.stanleypackage.com\/de\/wp-json\/wp\/v2\/product\/2378","targetHints":{"allow":["GET"]}}],"collection":[{"href":"https:\/\/www.stanleypackage.com\/de\/wp-json\/wp\/v2\/product"}],"about":[{"href":"https:\/\/www.stanleypackage.com\/de\/wp-json\/wp\/v2\/types\/product"}],"replies":[{"embeddable":true,"href":"https:\/\/www.stanleypackage.com\/de\/wp-json\/wp\/v2\/comments?post=2378"}],"wp:featuredmedia":[{"embeddable":true,"href":"https:\/\/www.stanleypackage.com\/de\/wp-json\/wp\/v2\/media\/2379"}],"wp:attachment":[{"href":"https:\/\/www.stanleypackage.com\/de\/wp-json\/wp\/v2\/media?parent=2378"}],"wp:term":[{"taxonomy":"product_brand","embeddable":true,"href":"https:\/\/www.stanleypackage.com\/de\/wp-json\/wp\/v2\/product_brand?post=2378"},{"taxonomy":"product_cat","embeddable":true,"href":"https:\/\/www.stanleypackage.com\/de\/wp-json\/wp\/v2\/product_cat?post=2378"},{"taxonomy":"product_tag","embeddable":true,"href":"https:\/\/www.stanleypackage.com\/de\/wp-json\/wp\/v2\/product_tag?post=2378"}],"curies":[{"name":"wp","href":"https:\/\/api.w.org\/{rel}","templated":true}]}}