{"id":2385,"date":"2025-07-12T06:44:39","date_gmt":"2025-07-12T06:44:39","guid":{"rendered":"https:\/\/www.stanleypackage.com\/?post_type=product&#038;p=2385"},"modified":"2025-07-12T06:53:43","modified_gmt":"2025-07-12T06:53:43","slug":"wholesale-flat-bottom-spout-pouch","status":"publish","type":"product","link":"https:\/\/www.stanleypackage.com\/de\/product\/wholesale-flat-bottom-spout-pouch\/","title":{"rendered":"Gro\u00dfhandel flachen Boden Auslauf Beutel, Waschmittel fl\u00fcssigen Beutel"},"content":{"rendered":"<div class=\"wp-block-columns is-layout-flex wp-container-core-columns-is-layout-9d6595d7 wp-block-columns-is-layout-flex\">\n<div class=\"wp-block-column is-layout-flow wp-block-column-is-layout-flow\">\n<h2 class=\"wp-block-heading\">Eigenschaften von Gro\u00dfhandel Flachboden Auslaufbeutel<\/h2>\n\n\n\n<ul class=\"wp-block-list\">\n<li><strong>Dreischichtige Struktur mit hoher Barriere zum Schutz der Fl\u00fcssigkeitsqualit\u00e4t: <\/strong>Dieser Gro\u00dfhandel flachen Boden Auslauf Beutel nimmt PET12\/VMPET12\/MBPE120 Verbundwerkstoff, die wirksam in feuchtigkeitsbest\u00e4ndig, sauerstoffdicht und auslaufsicher ist, gew\u00e4hrleistet eine stabile Lagerung und Transport Sicherheit von Waschmittel.<\/li>\n\n\n\n<li><strong>Flaches Bodendesign, stabiler selbsttragend: <\/strong>Das verbreiterte Bodendesign dieses kundenspezifischen Fl\u00fcssigwaschmittelbeutels erh\u00f6ht die Stabilit\u00e4t des Beutels, was f\u00fcr die Auslage im Regal und die Lagerung zu Hause praktisch ist und den Effekt der Markendarstellung verst\u00e4rkt.<\/li>\n\n\n\n<li><strong>Bef\u00fcllung von oben + seitliche Ansaugd\u00fcse, einfach zu bedienen: <\/strong>Das Design dieses Gro\u00dfhandelsbeutels mit flachem Boden ist praktisch f\u00fcr die automatische Bef\u00fcllung in der Produktionslinie, und das Design der seitlichen Saugd\u00fcse erleichtert den Verbrauchern die Verwendung und die Kontrolle des Gie\u00dfflusses.<\/li>\n\n\n\n<li><strong>Sparen Sie Verpackungs- und Transportkosten:<\/strong> Im Vergleich zu herk\u00f6mmlichen Plastikflaschenverpackungen ist unsere kundenspezifische L\u00f6sung f\u00fcr Fl\u00fcssigwaschmittel in Beuteln leichter, nimmt weniger Platz ein und reduziert die Transport- und Lagerkosten.<\/li>\n\n\n\n<li><strong>Unterst\u00fctzung von kundenspezifischem Druck und strukturellem Design:<\/strong> Unsere Gro\u00dfhandelsbeutel mit flachem Boden k\u00f6nnen je nach Kundenwunsch in Bezug auf Fassungsverm\u00f6gen (z. B. 500ml-5L), Art der D\u00fcse und Vollfarbdruck angepasst werden, um die Marketinganforderungen der Markendifferenzierung zu erf\u00fcllen.<\/li>\n<\/ul>\n\n\n\n<div class=\"wp-block-columns is-layout-flex wp-container-core-columns-is-layout-9d6595d7 wp-block-columns-is-layout-flex\">\n<div class=\"wp-block-column is-layout-flow wp-block-column-is-layout-flow\">\n<figure class=\"wp-block-image size-full\"><img decoding=\"async\" width=\"750\" height=\"750\" src=\"https:\/\/www.stanleypackage.com\/wp-content\/uploads\/2025\/07\/Wholesale-Flat-Bottom-Spout-Pouch-Detergent-Liquid-Pouch-2.webp\" alt=\"Gro\u00dfhandel flachen Boden Auslauf Beutel, Waschmittel fl\u00fcssig Pouch-2\" class=\"wp-image-2387\" srcset=\"https:\/\/www.stanleypackage.com\/wp-content\/uploads\/2025\/07\/Wholesale-Flat-Bottom-Spout-Pouch-Detergent-Liquid-Pouch-2.webp 750w, https:\/\/www.stanleypackage.com\/wp-content\/uploads\/2025\/07\/Wholesale-Flat-Bottom-Spout-Pouch-Detergent-Liquid-Pouch-2-300x300.webp 300w, https:\/\/www.stanleypackage.com\/wp-content\/uploads\/2025\/07\/Wholesale-Flat-Bottom-Spout-Pouch-Detergent-Liquid-Pouch-2-150x150.webp 150w, https:\/\/www.stanleypackage.com\/wp-content\/uploads\/2025\/07\/Wholesale-Flat-Bottom-Spout-Pouch-Detergent-Liquid-Pouch-2-12x12.webp 12w, https:\/\/www.stanleypackage.com\/wp-content\/uploads\/2025\/07\/Wholesale-Flat-Bottom-Spout-Pouch-Detergent-Liquid-Pouch-2-600x600.webp 600w, https:\/\/www.stanleypackage.com\/wp-content\/uploads\/2025\/07\/Wholesale-Flat-Bottom-Spout-Pouch-Detergent-Liquid-Pouch-2-100x100.webp 100w\" sizes=\"(max-width: 750px) 100vw, 750px\" \/><\/figure>\n<\/div>\n\n\n\n<div class=\"wp-block-column is-layout-flow wp-block-column-is-layout-flow\">\n<figure class=\"wp-block-image size-full\"><img decoding=\"async\" width=\"750\" height=\"750\" src=\"https:\/\/www.stanleypackage.com\/wp-content\/uploads\/2025\/07\/Wholesale-Flat-Bottom-Spout-Pouch-Detergent-Liquid-Pouch-3.webp\" alt=\"Gro\u00dfhandel flacher Boden Auslauf Beutel, Waschmittel fl\u00fcssig Pouch-3\" class=\"wp-image-2388\" srcset=\"https:\/\/www.stanleypackage.com\/wp-content\/uploads\/2025\/07\/Wholesale-Flat-Bottom-Spout-Pouch-Detergent-Liquid-Pouch-3.webp 750w, https:\/\/www.stanleypackage.com\/wp-content\/uploads\/2025\/07\/Wholesale-Flat-Bottom-Spout-Pouch-Detergent-Liquid-Pouch-3-300x300.webp 300w, https:\/\/www.stanleypackage.com\/wp-content\/uploads\/2025\/07\/Wholesale-Flat-Bottom-Spout-Pouch-Detergent-Liquid-Pouch-3-150x150.webp 150w, https:\/\/www.stanleypackage.com\/wp-content\/uploads\/2025\/07\/Wholesale-Flat-Bottom-Spout-Pouch-Detergent-Liquid-Pouch-3-12x12.webp 12w, https:\/\/www.stanleypackage.com\/wp-content\/uploads\/2025\/07\/Wholesale-Flat-Bottom-Spout-Pouch-Detergent-Liquid-Pouch-3-600x600.webp 600w, https:\/\/www.stanleypackage.com\/wp-content\/uploads\/2025\/07\/Wholesale-Flat-Bottom-Spout-Pouch-Detergent-Liquid-Pouch-3-100x100.webp 100w\" sizes=\"(max-width: 750px) 100vw, 750px\" \/><\/figure>\n<\/div>\n<\/div>\n<\/div>\n<\/div>","protected":false},"excerpt":{"rendered":"<p>Willkommen im Gro\u00dfhandel flachen Boden Auslaufbeutel kaufen. Diese benutzerdefinierte Reinigungsmittel fl\u00fcssigen Beutel hat ausgezeichnete Durchsto\u00dffestigkeit, Abdichtung und Druckbest\u00e4ndigkeit. Top-F\u00fcllung, Seite Saugd\u00fcse Design, selbsttragende Bodenstruktur.<\/p>\n<table style=\"border-collapse: collapse; width: 334.02pt;\" border=\"0\" width=\"334\" cellspacing=\"0\" cellpadding=\"0\">\n<tbody>\n<tr style=\"height: 16.00pt;\">\n<td class=\"et2\" style=\"height: 16.00pt; width: 97.50pt;\" width=\"97\" height=\"16\">Hersteller<\/td>\n<td class=\"et2\" style=\"width: 236.80pt;\" width=\"236\">Stanley<\/td>\n<\/tr>\n<tr style=\"height: 16.00pt;\">\n<td class=\"et2\" style=\"height: 16.00pt; width: 97.50pt;\" width=\"97\" height=\"16\">Arten von Beuteln<\/td>\n<td class=\"et3\">Ausgie\u00dfertasche, Stand Up Pouch<\/td>\n<\/tr>\n<tr style=\"height: 16.00pt;\">\n<td class=\"et2\" style=\"height: 16.00pt; width: 97.50pt;\" width=\"97\" height=\"16\">Material<\/td>\n<td class=\"et2\" style=\"width: 236.80pt;\" width=\"236\">PET12\/VMPET12\/MBPE120<\/td>\n<\/tr>\n<tr style=\"height: 16.00pt;\">\n<td class=\"et2\" style=\"height: 16.00pt; width: 97.50pt;\" width=\"97\" height=\"16\">Besonderes Merkmal<\/td>\n<td class=\"et2\" style=\"width: 236.80pt;\" width=\"236\">Bef\u00fcllung von oben, seitlicher Auslauf, selbsttragend<\/td>\n<\/tr>\n<tr style=\"height: 16.00pt;\">\n<td class=\"et2\" style=\"height: 16.00pt; width: 97.50pt;\" width=\"97\" height=\"16\">Handhabung der Oberfl\u00e4che<\/td>\n<td class=\"et2\" style=\"width: 236.80pt;\" width=\"236\">Tiefdruck<\/td>\n<\/tr>\n<tr style=\"height: 16.00pt;\">\n<td class=\"et2\" style=\"height: 16.00pt; width: 97.50pt;\" width=\"97\" height=\"16\">Farbe<\/td>\n<td class=\"et2\" style=\"width: 236.80pt;\" width=\"236\">Bis zu 10 Farben<\/td>\n<\/tr>\n<tr style=\"height: 16.00pt;\">\n<td class=\"et2\" style=\"height: 16.00pt; width: 97.50pt;\" width=\"97\" height=\"16\">Verwendung<\/td>\n<td>Waschmittel, Shampoo, Handseife<\/td>\n<\/tr>\n<tr style=\"height: 16.00pt;\">\n<td class=\"et2\" style=\"height: 16.00pt; width: 97.50pt;\" width=\"97\" height=\"16\">MOQ<\/td>\n<td class=\"et2\" style=\"width: 236.80pt;\" width=\"236\">50.000 St\u00fcck<\/td>\n<\/tr>\n<tr style=\"height: 16.00pt;\">\n<td class=\"et2\" style=\"height: 16.00pt; width: 97.50pt;\" width=\"97\" height=\"16\">Individuelle Bestellung<\/td>\n<td class=\"et2\" style=\"width: 236.80pt;\" width=\"236\">Akzeptieren Sie OEM &amp; ODM, unterst\u00fctzen Sie freie Probe<\/td>\n<\/tr>\n<\/tbody>\n<\/table>","protected":false},"featured_media":2390,"comment_status":"closed","ping_status":"closed","template":"","meta":{"_acf_changed":false},"product_brand":[],"product_cat":[30,32],"product_tag":[],"class_list":{"0":"post-2385","1":"product","2":"type-product","3":"status-publish","4":"has-post-thumbnail","6":"product_cat-stand-up-pouch-manufacturer","7":"product_cat-spout-pouch-manufacturer","8":"pa_non-food-packaging-soap-detergent-pouches","10":"first","11":"instock","12":"shipping-taxable","13":"product-type-simple"},"acf":[],"_links":{"self":[{"href":"https:\/\/www.stanleypackage.com\/de\/wp-json\/wp\/v2\/product\/2385","targetHints":{"allow":["GET"]}}],"collection":[{"href":"https:\/\/www.stanleypackage.com\/de\/wp-json\/wp\/v2\/product"}],"about":[{"href":"https:\/\/www.stanleypackage.com\/de\/wp-json\/wp\/v2\/types\/product"}],"replies":[{"embeddable":true,"href":"https:\/\/www.stanleypackage.com\/de\/wp-json\/wp\/v2\/comments?post=2385"}],"wp:featuredmedia":[{"embeddable":true,"href":"https:\/\/www.stanleypackage.com\/de\/wp-json\/wp\/v2\/media\/2390"}],"wp:attachment":[{"href":"https:\/\/www.stanleypackage.com\/de\/wp-json\/wp\/v2\/media?parent=2385"}],"wp:term":[{"taxonomy":"product_brand","embeddable":true,"href":"https:\/\/www.stanleypackage.com\/de\/wp-json\/wp\/v2\/product_brand?post=2385"},{"taxonomy":"product_cat","embeddable":true,"href":"https:\/\/www.stanleypackage.com\/de\/wp-json\/wp\/v2\/product_cat?post=2385"},{"taxonomy":"product_tag","embeddable":true,"href":"https:\/\/www.stanleypackage.com\/de\/wp-json\/wp\/v2\/product_tag?post=2385"}],"curies":[{"name":"wp","href":"https:\/\/api.w.org\/{rel}","templated":true}]}}