{"id":2395,"date":"2025-07-15T09:16:29","date_gmt":"2025-07-15T09:16:29","guid":{"rendered":"https:\/\/www.stanleypackage.com\/?post_type=product&#038;p=2395"},"modified":"2025-09-06T01:27:44","modified_gmt":"2025-09-06T01:27:44","slug":"custom-design-cosmetic-packaging","status":"publish","type":"product","link":"https:\/\/www.stanleypackage.com\/de\/product\/custom-design-cosmetic-packaging\/","title":{"rendered":"Kosmetische Verpackungen nach Ma\u00df, Bulk Sachet Spout Pouch"},"content":{"rendered":"<div class=\"wp-block-columns is-layout-flex wp-container-core-columns-is-layout-9d6595d7 wp-block-columns-is-layout-flex\">\n<div class=\"wp-block-column is-layout-flow wp-block-column-is-layout-flow\">\n<h2 class=\"wp-block-heading\">Merkmale von individuell gestalteten Kosmetikverpackungen<\/h2>\n\n\n\n<ul class=\"wp-block-list\">\n<li><strong>Hochwertiger, mehrschichtiger Materialaufbau zum Schutz des Innenmaterials f\u00fcr eine l\u00e4ngere Zeit: <\/strong>F\u00fcr diese kundenspezifische Kosmetikverpackung wird mattes PET15\/AL7\/PE100-Verbundmaterial verwendet, das eine hervorragende Barrierewirkung in Bezug auf Wasserdichtigkeit, Oxidationsschutz und Geruchsneutralit\u00e4t aufweist.<\/li>\n\n\n\n<li><strong>Matte Oberfl\u00e4chentextur zur Verbesserung der Markenqualit\u00e4t der Verpackung: <\/strong>Unser Gro\u00dfhandel Beutel Ausgie\u00dfer Beutel hochwertige matte PET Au\u00dfenschicht macht die Verpackung optisch weicher und f\u00fchlt sich besser, geeignet f\u00fcr High-End-Kosmetik Marktpositionierung.<\/li>\n\n\n\n<li><strong>D\u00fcse + Seitendichtung f\u00fcr einfache Bef\u00fcllung und Verwendung: <\/strong>Unsere individuell gestalteten Kosmetikverpackungen sind mit einer D\u00fcse und einer seitlichen Versiegelung ausgestattet, die eine pr\u00e4zise Anwendung erm\u00f6glicht, Abfall vermeidet und die Benutzererfahrung verbessert.<\/li>\n\n\n\n<li><strong>Unterst\u00fctzung von personalisiertem Druck und Anpassung der Spezifikationen: <\/strong>Unsere Gro\u00dfhandelsbeutel mit Ausgie\u00dfer k\u00f6nnen Muster, Gr\u00f6\u00dfen, D\u00fcsenfarben und Positionen entsprechend den Markenanforderungen anpassen, um den unterschiedlichen Marktanforderungen gerecht zu werden.<\/li>\n\n\n\n<li><strong>Geeignet f\u00fcr verschiedene Arten von Kosmetikverpackungen:<\/strong> Diese individuell gestaltete Kosmetikverpackung eignet sich f\u00fcr die Verpackung von Lotionen, Gesichtsmasken, Shampoos, K\u00f6rperlotionen und anderen fl\u00fcssigen oder past\u00f6sen Produkten. Es ist weit verbreitet und bequem f\u00fcr den Vertrieb und Promotion-Aktivit\u00e4ten.<\/li>\n<\/ul>\n\n\n\n<div class=\"wp-block-columns is-layout-flex wp-container-core-columns-is-layout-9d6595d7 wp-block-columns-is-layout-flex\">\n<div class=\"wp-block-column is-layout-flow wp-block-column-is-layout-flow\">\n<figure class=\"wp-block-image size-full\"><img decoding=\"async\" width=\"750\" height=\"750\" src=\"https:\/\/www.stanleypackage.com\/wp-content\/uploads\/2025\/07\/Custom-Design-Cosmetic-Packaging-Bulk-Sachet-Spout-Pouch-2.webp\" alt=\"Benutzerdefinierte Design Kosmetikverpackungen, Bulk Sachet Spout Pouch-2\" class=\"wp-image-2397\" srcset=\"https:\/\/www.stanleypackage.com\/wp-content\/uploads\/2025\/07\/Custom-Design-Cosmetic-Packaging-Bulk-Sachet-Spout-Pouch-2.webp 750w, https:\/\/www.stanleypackage.com\/wp-content\/uploads\/2025\/07\/Custom-Design-Cosmetic-Packaging-Bulk-Sachet-Spout-Pouch-2-300x300.webp 300w, https:\/\/www.stanleypackage.com\/wp-content\/uploads\/2025\/07\/Custom-Design-Cosmetic-Packaging-Bulk-Sachet-Spout-Pouch-2-150x150.webp 150w, https:\/\/www.stanleypackage.com\/wp-content\/uploads\/2025\/07\/Custom-Design-Cosmetic-Packaging-Bulk-Sachet-Spout-Pouch-2-12x12.webp 12w, https:\/\/www.stanleypackage.com\/wp-content\/uploads\/2025\/07\/Custom-Design-Cosmetic-Packaging-Bulk-Sachet-Spout-Pouch-2-600x600.webp 600w, https:\/\/www.stanleypackage.com\/wp-content\/uploads\/2025\/07\/Custom-Design-Cosmetic-Packaging-Bulk-Sachet-Spout-Pouch-2-100x100.webp 100w\" sizes=\"(max-width: 750px) 100vw, 750px\" \/><\/figure>\n<\/div>\n\n\n\n<div class=\"wp-block-column is-layout-flow wp-block-column-is-layout-flow\">\n<figure class=\"wp-block-image size-full\"><img decoding=\"async\" width=\"750\" height=\"750\" src=\"https:\/\/www.stanleypackage.com\/wp-content\/uploads\/2025\/07\/Custom-Design-Cosmetic-Packaging-Bulk-Sachet-Spout-Pouch-3.webp\" alt=\"Benutzerdefinierte Design Kosmetikverpackungen, Bulk Sachet Spout Pouch-3\" class=\"wp-image-2398\" srcset=\"https:\/\/www.stanleypackage.com\/wp-content\/uploads\/2025\/07\/Custom-Design-Cosmetic-Packaging-Bulk-Sachet-Spout-Pouch-3.webp 750w, https:\/\/www.stanleypackage.com\/wp-content\/uploads\/2025\/07\/Custom-Design-Cosmetic-Packaging-Bulk-Sachet-Spout-Pouch-3-300x300.webp 300w, https:\/\/www.stanleypackage.com\/wp-content\/uploads\/2025\/07\/Custom-Design-Cosmetic-Packaging-Bulk-Sachet-Spout-Pouch-3-150x150.webp 150w, https:\/\/www.stanleypackage.com\/wp-content\/uploads\/2025\/07\/Custom-Design-Cosmetic-Packaging-Bulk-Sachet-Spout-Pouch-3-12x12.webp 12w, https:\/\/www.stanleypackage.com\/wp-content\/uploads\/2025\/07\/Custom-Design-Cosmetic-Packaging-Bulk-Sachet-Spout-Pouch-3-600x600.webp 600w, https:\/\/www.stanleypackage.com\/wp-content\/uploads\/2025\/07\/Custom-Design-Cosmetic-Packaging-Bulk-Sachet-Spout-Pouch-3-100x100.webp 100w\" sizes=\"(max-width: 750px) 100vw, 750px\" \/><\/figure>\n<\/div>\n<\/div>\n<\/div>\n<\/div>","protected":false},"excerpt":{"rendered":"<p>Willkommen im Gro\u00dfhandel Beutel T\u00fclle Beutel zu kaufen. Diese ma\u00dfgeschneiderte Kosmetikverpackung hat eine hochwertige Textur und starke Barriereeigenschaften. Es ist mit einer D\u00fcse und Seitendichtung Struktur ausgestattet, geeignet f\u00fcr die Verpackung von fl\u00fcssigen Kosmetika wie Lotionen und Essenzen.<\/p>\n<table style=\"border-collapse: collapse; width: 334.02pt;\" border=\"0\" width=\"334\" cellspacing=\"0\" cellpadding=\"0\">\n<tbody>\n<tr style=\"height: 16.00pt;\">\n<td class=\"et2\" style=\"height: 16.00pt; width: 97.50pt;\" width=\"97\" height=\"16\">Hersteller<\/td>\n<td class=\"et2\" style=\"width: 236.80pt;\" width=\"236\">Stanley<\/td>\n<\/tr>\n<tr style=\"height: 16.00pt;\">\n<td class=\"et2\" style=\"height: 16.00pt; width: 97.50pt;\" width=\"97\" height=\"16\">Arten von Beuteln<\/td>\n<td class=\"et3\">Ausgie\u00dferbeutel, Flachlegebeutel<\/td>\n<\/tr>\n<tr style=\"height: 16.00pt;\">\n<td class=\"et2\" style=\"height: 16.00pt; width: 97.50pt;\" width=\"97\" height=\"16\">Material<\/td>\n<td class=\"et2\" style=\"width: 236.80pt;\" width=\"236\">Mattes PET15\/AL7\/PE100<\/td>\n<\/tr>\n<tr style=\"height: 16.00pt;\">\n<td class=\"et2\" style=\"height: 16.00pt; width: 97.50pt;\" width=\"97\" height=\"16\">Besonderes Merkmal<\/td>\n<td class=\"et2\" style=\"width: 236.80pt;\" width=\"236\">Ausguss, Seitendichtung<\/td>\n<\/tr>\n<tr style=\"height: 16.00pt;\">\n<td class=\"et2\" style=\"height: 16.00pt; width: 97.50pt;\" width=\"97\" height=\"16\">Handhabung der Oberfl\u00e4che<\/td>\n<td class=\"et2\" style=\"width: 236.80pt;\" width=\"236\">Tiefdruck<\/td>\n<\/tr>\n<tr style=\"height: 16.00pt;\">\n<td class=\"et2\" style=\"height: 16.00pt; width: 97.50pt;\" width=\"97\" height=\"16\">Farbe<\/td>\n<td class=\"et2\" style=\"width: 236.80pt;\" width=\"236\">Bis zu 10 Farben<\/td>\n<\/tr>\n<tr style=\"height: 16.00pt;\">\n<td class=\"et2\" style=\"height: 16.00pt; width: 97.50pt;\" width=\"97\" height=\"16\">Verwendung<\/td>\n<td>Creme, Lotion\uff0cGrundierung, Sonnenschutzmittel<\/td>\n<\/tr>\n<tr style=\"height: 16.00pt;\">\n<td class=\"et2\" style=\"height: 16.00pt; width: 97.50pt;\" width=\"97\" height=\"16\">MOQ<\/td>\n<td class=\"et2\" style=\"width: 236.80pt;\" width=\"236\">50.000 St\u00fcck<\/td>\n<\/tr>\n<tr style=\"height: 16.00pt;\">\n<td class=\"et2\" style=\"height: 16.00pt; width: 97.50pt;\" width=\"97\" height=\"16\">Individuelle Bestellung<\/td>\n<td class=\"et2\" style=\"width: 236.80pt;\" width=\"236\">Akzeptieren Sie OEM &amp; ODM, unterst\u00fctzen Sie freie Probe<\/td>\n<\/tr>\n<\/tbody>\n<\/table>","protected":false},"featured_media":2401,"comment_status":"closed","ping_status":"closed","template":"","meta":{"_acf_changed":false},"product_brand":[],"product_cat":[32],"product_tag":[],"class_list":{"0":"post-2395","1":"product","2":"type-product","3":"status-publish","4":"has-post-thumbnail","6":"product_cat-spout-pouch-manufacturer","7":"pa_non-food-packaging-cosmetic-packaging-pouches","9":"first","10":"instock","11":"shipping-taxable","12":"product-type-simple"},"acf":[],"_links":{"self":[{"href":"https:\/\/www.stanleypackage.com\/de\/wp-json\/wp\/v2\/product\/2395","targetHints":{"allow":["GET"]}}],"collection":[{"href":"https:\/\/www.stanleypackage.com\/de\/wp-json\/wp\/v2\/product"}],"about":[{"href":"https:\/\/www.stanleypackage.com\/de\/wp-json\/wp\/v2\/types\/product"}],"replies":[{"embeddable":true,"href":"https:\/\/www.stanleypackage.com\/de\/wp-json\/wp\/v2\/comments?post=2395"}],"wp:featuredmedia":[{"embeddable":true,"href":"https:\/\/www.stanleypackage.com\/de\/wp-json\/wp\/v2\/media\/2401"}],"wp:attachment":[{"href":"https:\/\/www.stanleypackage.com\/de\/wp-json\/wp\/v2\/media?parent=2395"}],"wp:term":[{"taxonomy":"product_brand","embeddable":true,"href":"https:\/\/www.stanleypackage.com\/de\/wp-json\/wp\/v2\/product_brand?post=2395"},{"taxonomy":"product_cat","embeddable":true,"href":"https:\/\/www.stanleypackage.com\/de\/wp-json\/wp\/v2\/product_cat?post=2395"},{"taxonomy":"product_tag","embeddable":true,"href":"https:\/\/www.stanleypackage.com\/de\/wp-json\/wp\/v2\/product_tag?post=2395"}],"curies":[{"name":"wp","href":"https:\/\/api.w.org\/{rel}","templated":true}]}}