{"id":2402,"date":"2025-07-15T09:38:07","date_gmt":"2025-07-15T09:38:07","guid":{"rendered":"https:\/\/www.stanleypackage.com\/?post_type=product&#038;p=2402"},"modified":"2025-07-15T09:44:28","modified_gmt":"2025-07-15T09:44:28","slug":"custom-printed-cosmetic-packaging","status":"publish","type":"product","link":"https:\/\/www.stanleypackage.com\/de\/product\/custom-printed-cosmetic-packaging\/","title":{"rendered":"Individuell bedruckte Kosmetikverpackungen, Ausgie\u00dferbeutel Gro\u00dfhandel"},"content":{"rendered":"<div class=\"wp-block-columns is-layout-flex wp-container-core-columns-is-layout-9d6595d7 wp-block-columns-is-layout-flex\">\n<div class=\"wp-block-column is-layout-flow wp-block-column-is-layout-flow\">\n<h2 class=\"wp-block-heading\">Merkmale von individuell bedruckten Kosmetikverpackungen<\/h2>\n\n\n\n<ul class=\"wp-block-list\">\n<li><strong>Hochwertiger, mehrschichtiger Materialaufbau zum Schutz des Innenmaterials f\u00fcr eine l\u00e4ngere Zeit: <\/strong>F\u00fcr diese individuell bedruckte Kosmetikverpackung wird mattes PET15\/AL7\/PE100-Verbundmaterial verwendet, das eine hervorragende Barrierewirkung in Bezug auf Wasserdichtigkeit, Oxidationsschutz und Geruchsneutralit\u00e4t aufweist.<\/li>\n\n\n\n<li><strong>Matte Oberfl\u00e4chentextur zur Verbesserung der Markenqualit\u00e4t der Verpackung: <\/strong>Unser Ausgie\u00dferbeutel Gro\u00dfhandel hochwertige matte PET Au\u00dfenschicht macht die Verpackung optisch weicher und f\u00fchlt sich besser, geeignet f\u00fcr High-End-Kosmetik Marktpositionierung.<\/li>\n\n\n\n<li><strong>Ansaugstutzen + Seitendichtung + Standboden-Design f\u00fcr einfache Verwendung und Pr\u00e4sentation: <\/strong>Unsere individuell bedruckten Kosmetikverpackungen sind mit einem Saugstutzen und einem Stehboden ausgestattet, der das Bef\u00fcllen, Tragen und Ausstellen im Regal erleichtert.<\/li>\n\n\n\n<li><strong>Unterst\u00fctzung von personalisiertem Druck und Anpassung der Spezifikationen: <\/strong>Unsere T\u00fcllenbeutel im Gro\u00dfhandel k\u00f6nnen das Muster, die Gr\u00f6\u00dfe, die Farbe der Saugd\u00fcse und die Position entsprechend den Anforderungen der Marke anpassen, um die verschiedenen Marktanforderungen zu erf\u00fcllen.<\/li>\n\n\n\n<li><strong>Das leuchtend blaue Aussehen erregt die Aufmerksamkeit der Verbraucher: <\/strong>Diese individuell bedruckte Kosmetikverpackung hat einen leuchtend blauen Aufdruck, der es leichter macht, im Regal aufzufallen, die Markenwiedererkennung zu steigern und die Kauflust zu erh\u00f6hen.<\/li>\n<\/ul>\n\n\n\n<div class=\"wp-block-columns is-layout-flex wp-container-core-columns-is-layout-9d6595d7 wp-block-columns-is-layout-flex\">\n<div class=\"wp-block-column is-layout-flow wp-block-column-is-layout-flow\">\n<figure class=\"wp-block-image size-full\"><img decoding=\"async\" width=\"750\" height=\"750\" src=\"https:\/\/www.stanleypackage.com\/wp-content\/uploads\/2025\/07\/Custom-Printed-Cosmetic-Packaging-Spout-Pouch-Wholesale-1.webp\" alt=\"Individuell bedruckte Kosmetikverpackungen, Ausgie\u00dferbeutel Gro\u00dfhandel-1\" class=\"wp-image-2403\" srcset=\"https:\/\/www.stanleypackage.com\/wp-content\/uploads\/2025\/07\/Custom-Printed-Cosmetic-Packaging-Spout-Pouch-Wholesale-1.webp 750w, https:\/\/www.stanleypackage.com\/wp-content\/uploads\/2025\/07\/Custom-Printed-Cosmetic-Packaging-Spout-Pouch-Wholesale-1-300x300.webp 300w, https:\/\/www.stanleypackage.com\/wp-content\/uploads\/2025\/07\/Custom-Printed-Cosmetic-Packaging-Spout-Pouch-Wholesale-1-150x150.webp 150w, https:\/\/www.stanleypackage.com\/wp-content\/uploads\/2025\/07\/Custom-Printed-Cosmetic-Packaging-Spout-Pouch-Wholesale-1-12x12.webp 12w, https:\/\/www.stanleypackage.com\/wp-content\/uploads\/2025\/07\/Custom-Printed-Cosmetic-Packaging-Spout-Pouch-Wholesale-1-600x600.webp 600w, https:\/\/www.stanleypackage.com\/wp-content\/uploads\/2025\/07\/Custom-Printed-Cosmetic-Packaging-Spout-Pouch-Wholesale-1-100x100.webp 100w\" sizes=\"(max-width: 750px) 100vw, 750px\" \/><\/figure>\n<\/div>\n\n\n\n<div class=\"wp-block-column is-layout-flow wp-block-column-is-layout-flow\">\n<figure class=\"wp-block-image size-full\"><img decoding=\"async\" width=\"750\" height=\"750\" src=\"https:\/\/www.stanleypackage.com\/wp-content\/uploads\/2025\/07\/Custom-Printed-Cosmetic-Packaging-Spout-Pouch-Wholesale-2.webp\" alt=\"Individuell bedruckte Kosmetikverpackungen, Ausgie\u00dfertasche Gro\u00dfhandel-2\" class=\"wp-image-2404\" srcset=\"https:\/\/www.stanleypackage.com\/wp-content\/uploads\/2025\/07\/Custom-Printed-Cosmetic-Packaging-Spout-Pouch-Wholesale-2.webp 750w, https:\/\/www.stanleypackage.com\/wp-content\/uploads\/2025\/07\/Custom-Printed-Cosmetic-Packaging-Spout-Pouch-Wholesale-2-300x300.webp 300w, https:\/\/www.stanleypackage.com\/wp-content\/uploads\/2025\/07\/Custom-Printed-Cosmetic-Packaging-Spout-Pouch-Wholesale-2-150x150.webp 150w, https:\/\/www.stanleypackage.com\/wp-content\/uploads\/2025\/07\/Custom-Printed-Cosmetic-Packaging-Spout-Pouch-Wholesale-2-12x12.webp 12w, https:\/\/www.stanleypackage.com\/wp-content\/uploads\/2025\/07\/Custom-Printed-Cosmetic-Packaging-Spout-Pouch-Wholesale-2-600x600.webp 600w, https:\/\/www.stanleypackage.com\/wp-content\/uploads\/2025\/07\/Custom-Printed-Cosmetic-Packaging-Spout-Pouch-Wholesale-2-100x100.webp 100w\" sizes=\"(max-width: 750px) 100vw, 750px\" \/><\/figure>\n<\/div>\n<\/div>\n<\/div>\n<\/div>","protected":false},"excerpt":{"rendered":"<p>Willkommen zum Kauf Ausgie\u00dfer Beutel Gro\u00dfhandel. Diese benutzerdefinierte bedruckte Kosmetikverpackungen hat einen Stand-up-Design an der Unterseite, mit einem hellen blauen Aussehen, die sowohl praktisch und optisch attraktiv ist.<\/p>\n<table style=\"border-collapse: collapse; width: 334.02pt;\" border=\"0\" width=\"334\" cellspacing=\"0\" cellpadding=\"0\">\n<tbody>\n<tr style=\"height: 16.00pt;\">\n<td class=\"et2\" style=\"height: 16.00pt; width: 97.50pt;\" width=\"97\" height=\"16\">Hersteller<\/td>\n<td class=\"et2\" style=\"width: 236.80pt;\" width=\"236\">Stanley<\/td>\n<\/tr>\n<tr style=\"height: 16.00pt;\">\n<td class=\"et2\" style=\"height: 16.00pt; width: 97.50pt;\" width=\"97\" height=\"16\">Arten von Beuteln<\/td>\n<td class=\"et3\">Ausgie\u00dfertasche, Stand Up Pouch<\/td>\n<\/tr>\n<tr style=\"height: 16.00pt;\">\n<td class=\"et2\" style=\"height: 16.00pt; width: 97.50pt;\" width=\"97\" height=\"16\">Material<\/td>\n<td class=\"et2\" style=\"width: 236.80pt;\" width=\"236\">Mattes PET15\/AL7\/PE100<\/td>\n<\/tr>\n<tr style=\"height: 16.00pt;\">\n<td class=\"et2\" style=\"height: 16.00pt; width: 97.50pt;\" width=\"97\" height=\"16\">Besonderes Merkmal<\/td>\n<td class=\"et2\" style=\"width: 236.80pt;\" width=\"236\">Ausguss, selbststehender Boden<\/td>\n<\/tr>\n<tr style=\"height: 16.00pt;\">\n<td class=\"et2\" style=\"height: 16.00pt; width: 97.50pt;\" width=\"97\" height=\"16\">Handhabung der Oberfl\u00e4che<\/td>\n<td class=\"et2\" style=\"width: 236.80pt;\" width=\"236\">Tiefdruck<\/td>\n<\/tr>\n<tr style=\"height: 16.00pt;\">\n<td class=\"et2\" style=\"height: 16.00pt; width: 97.50pt;\" width=\"97\" height=\"16\">Farbe<\/td>\n<td class=\"et2\" style=\"width: 236.80pt;\" width=\"236\">Bis zu 10 Farben<\/td>\n<\/tr>\n<tr style=\"height: 16.00pt;\">\n<td class=\"et2\" style=\"height: 16.00pt; width: 97.50pt;\" width=\"97\" height=\"16\">Verwendung<\/td>\n<td>Creme, Lotion\uff0cGrundierung, Sonnenschutzmittel<\/td>\n<\/tr>\n<tr style=\"height: 16.00pt;\">\n<td class=\"et2\" style=\"height: 16.00pt; width: 97.50pt;\" width=\"97\" height=\"16\">MOQ<\/td>\n<td class=\"et2\" style=\"width: 236.80pt;\" width=\"236\">50.000 St\u00fcck<\/td>\n<\/tr>\n<tr style=\"height: 16.00pt;\">\n<td class=\"et2\" style=\"height: 16.00pt; width: 97.50pt;\" width=\"97\" height=\"16\">Individuelle Bestellung<\/td>\n<td class=\"et2\" style=\"width: 236.80pt;\" width=\"236\">Akzeptieren Sie OEM &amp; ODM, unterst\u00fctzen Sie freie Probe<\/td>\n<\/tr>\n<\/tbody>\n<\/table>","protected":false},"featured_media":2408,"comment_status":"closed","ping_status":"closed","template":"","meta":{"_acf_changed":false},"product_brand":[],"product_cat":[32,30],"product_tag":[],"class_list":{"0":"post-2402","1":"product","2":"type-product","3":"status-publish","4":"has-post-thumbnail","6":"product_cat-spout-pouch-manufacturer","7":"product_cat-stand-up-pouch-manufacturer","8":"pa_non-food-packaging-cosmetic-packaging-pouches","10":"first","11":"instock","12":"shipping-taxable","13":"product-type-simple"},"acf":[],"_links":{"self":[{"href":"https:\/\/www.stanleypackage.com\/de\/wp-json\/wp\/v2\/product\/2402","targetHints":{"allow":["GET"]}}],"collection":[{"href":"https:\/\/www.stanleypackage.com\/de\/wp-json\/wp\/v2\/product"}],"about":[{"href":"https:\/\/www.stanleypackage.com\/de\/wp-json\/wp\/v2\/types\/product"}],"replies":[{"embeddable":true,"href":"https:\/\/www.stanleypackage.com\/de\/wp-json\/wp\/v2\/comments?post=2402"}],"wp:featuredmedia":[{"embeddable":true,"href":"https:\/\/www.stanleypackage.com\/de\/wp-json\/wp\/v2\/media\/2408"}],"wp:attachment":[{"href":"https:\/\/www.stanleypackage.com\/de\/wp-json\/wp\/v2\/media?parent=2402"}],"wp:term":[{"taxonomy":"product_brand","embeddable":true,"href":"https:\/\/www.stanleypackage.com\/de\/wp-json\/wp\/v2\/product_brand?post=2402"},{"taxonomy":"product_cat","embeddable":true,"href":"https:\/\/www.stanleypackage.com\/de\/wp-json\/wp\/v2\/product_cat?post=2402"},{"taxonomy":"product_tag","embeddable":true,"href":"https:\/\/www.stanleypackage.com\/de\/wp-json\/wp\/v2\/product_tag?post=2402"}],"curies":[{"name":"wp","href":"https:\/\/api.w.org\/{rel}","templated":true}]}}