{"id":2409,"date":"2025-07-15T09:44:47","date_gmt":"2025-07-15T09:44:47","guid":{"rendered":"https:\/\/www.stanleypackage.com\/?post_type=product&#038;p=2409"},"modified":"2025-07-15T09:52:29","modified_gmt":"2025-07-15T09:52:29","slug":"custom-stand-up-pouch-bags","status":"publish","type":"product","link":"https:\/\/www.stanleypackage.com\/de\/product\/custom-stand-up-pouch-bags\/","title":{"rendered":"Benutzerdefinierte Stand Up Pouch Taschen, Gro\u00dfhandel Shampoo Spout Pouch"},"content":{"rendered":"<div class=\"wp-block-columns is-layout-flex wp-container-core-columns-is-layout-9d6595d7 wp-block-columns-is-layout-flex\">\n<div class=\"wp-block-column is-layout-flow wp-block-column-is-layout-flow\">\n<h2 class=\"wp-block-heading\">Merkmale der individuellen Stand Up Pouch Bags<\/h2>\n\n\n\n<ul class=\"wp-block-list\">\n<li><strong>Mehrschichtiger, hochfester Aufbau f\u00fcr die sichere Verpackung von Fl\u00fcssigkeiten: <\/strong>Unsere ma\u00dfgefertigten Standbodenbeutel werden aus PET12\/PET12\/MBPE85-Verbundmaterial hergestellt, das dehnungs- und auslaufsicher ist und sich f\u00fcr hochviskose Wasch- und Pflegeprodukte eignet.<\/li>\n\n\n\n<li><strong>D\u00fcse + Seitendichtung + selbst\u00e4ndiges Bodendesign, gute Nutzungserfahrung: <\/strong>Die Struktur dieses Gro\u00dfhandelsshampoonierbeutels ist leicht auszudr\u00fccken und zu verwenden, und der vertikale Boden ist leicht zu pr\u00e4sentieren und erh\u00f6ht die Attraktivit\u00e4t des Terminals.<\/li>\n\n\n\n<li><strong>Hochwertiges goldenes Aussehen unterstreicht die Markentextur:<\/strong> Diese goldenen, individuell gestalteten Standbodenbeutel sind ein optischer Blickfang, werten das Produkt auf und eignen sich f\u00fcr die Imagepositionierung von Wasch- und Pflegemarken im mittleren bis oberen Preissegment.<\/li>\n\n\n\n<li><strong>Unterst\u00fctzt kundenspezifische Druck- und Gr\u00f6\u00dfenangaben:<\/strong> Dieser Gro\u00dfhandel Shampoo Auslaufbeutel kann das Muster, Logo, Gr\u00f6\u00dfe und D\u00fcse Position nach Kundenwunsch anpassen, um OEM \/ ODM-Projekte zu erf\u00fcllen.<\/li>\n\n\n\n<li><strong>Geeignet f\u00fcr eine Vielzahl von fl\u00fcssigen Reinigungsprodukten: <\/strong>Unsere ma\u00dfgefertigten Standbodenbeutel eignen sich f\u00fcr die Verpackung von fl\u00fcssigen Chemikalien des t\u00e4glichen Bedarfs wie Shampoo, Sp\u00fclung, Duschgel usw. und werden h\u00e4ufig in Superm\u00e4rkten und Sch\u00f6nheitskan\u00e4len verwendet.<\/li>\n<\/ul>\n\n\n\n<div class=\"wp-block-columns is-layout-flex wp-container-core-columns-is-layout-9d6595d7 wp-block-columns-is-layout-flex\">\n<div class=\"wp-block-column is-layout-flow wp-block-column-is-layout-flow\">\n<figure class=\"wp-block-image size-full\"><img decoding=\"async\" width=\"750\" height=\"750\" src=\"https:\/\/www.stanleypackage.com\/wp-content\/uploads\/2025\/07\/Custom-Stand-Up-Pouch-Bags-Wholesale-Shampoo-Spout-Pouch-2.webp\" alt=\"Benutzerdefinierte Stand Up Pouch Taschen, Gro\u00dfhandel Shampoo Spout Pouch-2\" class=\"wp-image-2411\" srcset=\"https:\/\/www.stanleypackage.com\/wp-content\/uploads\/2025\/07\/Custom-Stand-Up-Pouch-Bags-Wholesale-Shampoo-Spout-Pouch-2.webp 750w, https:\/\/www.stanleypackage.com\/wp-content\/uploads\/2025\/07\/Custom-Stand-Up-Pouch-Bags-Wholesale-Shampoo-Spout-Pouch-2-300x300.webp 300w, https:\/\/www.stanleypackage.com\/wp-content\/uploads\/2025\/07\/Custom-Stand-Up-Pouch-Bags-Wholesale-Shampoo-Spout-Pouch-2-150x150.webp 150w, https:\/\/www.stanleypackage.com\/wp-content\/uploads\/2025\/07\/Custom-Stand-Up-Pouch-Bags-Wholesale-Shampoo-Spout-Pouch-2-12x12.webp 12w, https:\/\/www.stanleypackage.com\/wp-content\/uploads\/2025\/07\/Custom-Stand-Up-Pouch-Bags-Wholesale-Shampoo-Spout-Pouch-2-600x600.webp 600w, https:\/\/www.stanleypackage.com\/wp-content\/uploads\/2025\/07\/Custom-Stand-Up-Pouch-Bags-Wholesale-Shampoo-Spout-Pouch-2-100x100.webp 100w\" sizes=\"(max-width: 750px) 100vw, 750px\" \/><\/figure>\n<\/div>\n\n\n\n<div class=\"wp-block-column is-layout-flow wp-block-column-is-layout-flow\">\n<figure class=\"wp-block-image size-full\"><img decoding=\"async\" width=\"750\" height=\"750\" src=\"https:\/\/www.stanleypackage.com\/wp-content\/uploads\/2025\/07\/Custom-Stand-Up-Pouch-Bags-Wholesale-Shampoo-Spout-Pouch-4.webp\" alt=\"Benutzerdefinierte Stand Up Pouch Taschen, Gro\u00dfhandel Shampoo Spout Pouch-4\" class=\"wp-image-2413\" srcset=\"https:\/\/www.stanleypackage.com\/wp-content\/uploads\/2025\/07\/Custom-Stand-Up-Pouch-Bags-Wholesale-Shampoo-Spout-Pouch-4.webp 750w, https:\/\/www.stanleypackage.com\/wp-content\/uploads\/2025\/07\/Custom-Stand-Up-Pouch-Bags-Wholesale-Shampoo-Spout-Pouch-4-300x300.webp 300w, https:\/\/www.stanleypackage.com\/wp-content\/uploads\/2025\/07\/Custom-Stand-Up-Pouch-Bags-Wholesale-Shampoo-Spout-Pouch-4-150x150.webp 150w, https:\/\/www.stanleypackage.com\/wp-content\/uploads\/2025\/07\/Custom-Stand-Up-Pouch-Bags-Wholesale-Shampoo-Spout-Pouch-4-12x12.webp 12w, https:\/\/www.stanleypackage.com\/wp-content\/uploads\/2025\/07\/Custom-Stand-Up-Pouch-Bags-Wholesale-Shampoo-Spout-Pouch-4-600x600.webp 600w, https:\/\/www.stanleypackage.com\/wp-content\/uploads\/2025\/07\/Custom-Stand-Up-Pouch-Bags-Wholesale-Shampoo-Spout-Pouch-4-100x100.webp 100w\" sizes=\"(max-width: 750px) 100vw, 750px\" \/><\/figure>\n<\/div>\n<\/div>\n<\/div>\n<\/div>","protected":false},"excerpt":{"rendered":"<p>Willkommen im Gro\u00dfhandel Shampoo Auslaufbeutel kaufen. Diese benutzerdefinierte Stand-up-Beutel Taschen hat eine ausgezeichnete Haltbarkeit und Abdichtung. Die selbststehende Bodenstruktur mit D\u00fcse und Seitendichtung Design ist einfach zu bedienen und hat eine gute Display-Effekt.<\/p>\n<table style=\"border-collapse: collapse; width: 334.02pt;\" border=\"0\" width=\"334\" cellspacing=\"0\" cellpadding=\"0\">\n<tbody>\n<tr style=\"height: 16.00pt;\">\n<td class=\"et2\" style=\"height: 16.00pt; width: 97.50pt;\" width=\"97\" height=\"16\">Hersteller<\/td>\n<td class=\"et2\" style=\"width: 236.80pt;\" width=\"236\">Stanley<\/td>\n<\/tr>\n<tr style=\"height: 16.00pt;\">\n<td class=\"et2\" style=\"height: 16.00pt; width: 97.50pt;\" width=\"97\" height=\"16\">Arten von Beuteln<\/td>\n<td class=\"et3\">Ausgie\u00dfertasche, Stand Up Pouch<\/td>\n<\/tr>\n<tr style=\"height: 16.00pt;\">\n<td class=\"et2\" style=\"height: 16.00pt; width: 97.50pt;\" width=\"97\" height=\"16\">Material<\/td>\n<td class=\"et2\" style=\"width: 236.80pt;\" width=\"236\">PET12\/PET12\/MBPE85<\/td>\n<\/tr>\n<tr style=\"height: 16.00pt;\">\n<td class=\"et2\" style=\"height: 16.00pt; width: 97.50pt;\" width=\"97\" height=\"16\">Besonderes Merkmal<\/td>\n<td class=\"et2\" style=\"width: 236.80pt;\" width=\"236\">Ausguss, Seitendichtung, selbststehender Boden<\/td>\n<\/tr>\n<tr style=\"height: 16.00pt;\">\n<td class=\"et2\" style=\"height: 16.00pt; width: 97.50pt;\" width=\"97\" height=\"16\">Handhabung der Oberfl\u00e4che<\/td>\n<td class=\"et2\" style=\"width: 236.80pt;\" width=\"236\">Tiefdruck<\/td>\n<\/tr>\n<tr style=\"height: 16.00pt;\">\n<td class=\"et2\" style=\"height: 16.00pt; width: 97.50pt;\" width=\"97\" height=\"16\">Farbe<\/td>\n<td class=\"et2\" style=\"width: 236.80pt;\" width=\"236\">Bis zu 10 Farben<\/td>\n<\/tr>\n<tr style=\"height: 16.00pt;\">\n<td class=\"et2\" style=\"height: 16.00pt; width: 97.50pt;\" width=\"97\" height=\"16\">Verwendung<\/td>\n<td>Shampoo, Duschgel, Creme, Lotion<\/td>\n<\/tr>\n<tr style=\"height: 16.00pt;\">\n<td class=\"et2\" style=\"height: 16.00pt; width: 97.50pt;\" width=\"97\" height=\"16\">MOQ<\/td>\n<td class=\"et2\" style=\"width: 236.80pt;\" width=\"236\">50.000 St\u00fcck<\/td>\n<\/tr>\n<tr style=\"height: 16.00pt;\">\n<td class=\"et2\" style=\"height: 16.00pt; width: 97.50pt;\" width=\"97\" height=\"16\">Individuelle Bestellung<\/td>\n<td class=\"et2\" style=\"width: 236.80pt;\" width=\"236\">Akzeptieren Sie OEM &amp; ODM, unterst\u00fctzen Sie freie Probe<\/td>\n<\/tr>\n<\/tbody>\n<\/table>","protected":false},"featured_media":2410,"comment_status":"closed","ping_status":"closed","template":"","meta":{"_acf_changed":false},"product_brand":[],"product_cat":[32,30],"product_tag":[],"class_list":{"0":"post-2409","1":"product","2":"type-product","3":"status-publish","4":"has-post-thumbnail","6":"product_cat-spout-pouch-manufacturer","7":"product_cat-stand-up-pouch-manufacturer","8":"pa_non-food-packaging-soap-detergent-pouches","10":"first","11":"instock","12":"shipping-taxable","13":"product-type-simple"},"acf":[],"_links":{"self":[{"href":"https:\/\/www.stanleypackage.com\/de\/wp-json\/wp\/v2\/product\/2409","targetHints":{"allow":["GET"]}}],"collection":[{"href":"https:\/\/www.stanleypackage.com\/de\/wp-json\/wp\/v2\/product"}],"about":[{"href":"https:\/\/www.stanleypackage.com\/de\/wp-json\/wp\/v2\/types\/product"}],"replies":[{"embeddable":true,"href":"https:\/\/www.stanleypackage.com\/de\/wp-json\/wp\/v2\/comments?post=2409"}],"wp:featuredmedia":[{"embeddable":true,"href":"https:\/\/www.stanleypackage.com\/de\/wp-json\/wp\/v2\/media\/2410"}],"wp:attachment":[{"href":"https:\/\/www.stanleypackage.com\/de\/wp-json\/wp\/v2\/media?parent=2409"}],"wp:term":[{"taxonomy":"product_brand","embeddable":true,"href":"https:\/\/www.stanleypackage.com\/de\/wp-json\/wp\/v2\/product_brand?post=2409"},{"taxonomy":"product_cat","embeddable":true,"href":"https:\/\/www.stanleypackage.com\/de\/wp-json\/wp\/v2\/product_cat?post=2409"},{"taxonomy":"product_tag","embeddable":true,"href":"https:\/\/www.stanleypackage.com\/de\/wp-json\/wp\/v2\/product_tag?post=2409"}],"curies":[{"name":"wp","href":"https:\/\/api.w.org\/{rel}","templated":true}]}}