{"id":2415,"date":"2025-07-15T09:54:00","date_gmt":"2025-07-15T09:54:00","guid":{"rendered":"https:\/\/www.stanleypackage.com\/?post_type=product&#038;p=2415"},"modified":"2025-07-15T10:02:58","modified_gmt":"2025-07-15T10:02:58","slug":"customized-stand-up-pouches","status":"publish","type":"product","link":"https:\/\/www.stanleypackage.com\/de\/product\/customized-stand-up-pouches\/","title":{"rendered":"Gro\u00dfhandel kleine ma\u00dfgeschneiderte Stand Up Beutel f\u00fcr Duschgels"},"content":{"rendered":"<div class=\"wp-block-columns is-layout-flex wp-container-core-columns-is-layout-9d6595d7 wp-block-columns-is-layout-flex\">\n<div class=\"wp-block-column is-layout-flow wp-block-column-is-layout-flow\">\n<h2 class=\"wp-block-heading\">Merkmale von kundenspezifischen Stand Up Pouches<\/h2>\n\n\n\n<ul class=\"wp-block-list\">\n<li><strong>Dreischichtige Verbundstruktur, stabile Verpackung und nicht leicht zu brechen: <\/strong>Unsere ma\u00dfgeschneiderten Standbeutel werden aus dem Material PET12\/PET12\/MBPE85 hergestellt, das auslaufsicher und quetschfest ist und sich f\u00fcr die langfristige Lagerung von fl\u00fcssigen Produkten eignet.<\/li>\n\n\n\n<li><strong>Saugd\u00fcsendesign, bequemer Zugang und kein Abfall: <\/strong>Die D\u00fcse Design dieser Gro\u00dfhandel Verpackung Beutel ist bequem f\u00fcr die genaue Kontrolle der Dosierung, geeignet f\u00fcr den t\u00e4glichen Gebrauch und Durchf\u00fchrung.<\/li>\n\n\n\n<li><strong>Selbststehender Boden, einfach zu platzieren und auszustellen:<\/strong> Der Boden dieser ma\u00dfgeschneiderten Standbodenbeutel kann sich aufrichten, die Wirkung der Regalpr\u00e4sentation verbessern und das Markenimage st\u00e4rken.<\/li>\n\n\n\n<li><strong>Farbverl\u00e4ufe, die den visuellen Reiz erh\u00f6hen: <\/strong>Unsere Gro\u00dfhandelsverpackungsbeutel haben ein beliebtes Farbverlaufsdesign, das moderner ist und dazu beitr\u00e4gt, dass sich das Produkt von der gleichen Kategorie abhebt.<\/li>\n\n\n\n<li><strong>Unterst\u00fctzt kundenspezifisches Drucken und die Anpassung an kleine Formate: <\/strong>Unsere ma\u00dfgeschneiderten Standbodenbeutel k\u00f6nnen mit Mustern, Fassungsverm\u00f6gen und D\u00fcsenspezifikationen entsprechend den Anforderungen der Marke angepasst werden, um verschiedene Marktpositionen und Anwendungsszenarien zu erf\u00fcllen.<\/li>\n<\/ul>\n\n\n\n<div class=\"wp-block-columns is-layout-flex wp-container-core-columns-is-layout-9d6595d7 wp-block-columns-is-layout-flex\">\n<div class=\"wp-block-column is-layout-flow wp-block-column-is-layout-flow\">\n<figure class=\"wp-block-image size-full\"><img decoding=\"async\" width=\"750\" height=\"750\" src=\"https:\/\/www.stanleypackage.com\/wp-content\/uploads\/2025\/07\/Wholesale-Small-Customized-Stand-Up-Pouches-for-Shower-Gels-5.webp\" alt=\"Gro\u00dfhandel kleine ma\u00dfgeschneiderte Stand Up Beutel f\u00fcr Duschgels-5\" class=\"wp-image-2420\" srcset=\"https:\/\/www.stanleypackage.com\/wp-content\/uploads\/2025\/07\/Wholesale-Small-Customized-Stand-Up-Pouches-for-Shower-Gels-5.webp 750w, https:\/\/www.stanleypackage.com\/wp-content\/uploads\/2025\/07\/Wholesale-Small-Customized-Stand-Up-Pouches-for-Shower-Gels-5-300x300.webp 300w, https:\/\/www.stanleypackage.com\/wp-content\/uploads\/2025\/07\/Wholesale-Small-Customized-Stand-Up-Pouches-for-Shower-Gels-5-150x150.webp 150w, https:\/\/www.stanleypackage.com\/wp-content\/uploads\/2025\/07\/Wholesale-Small-Customized-Stand-Up-Pouches-for-Shower-Gels-5-12x12.webp 12w, https:\/\/www.stanleypackage.com\/wp-content\/uploads\/2025\/07\/Wholesale-Small-Customized-Stand-Up-Pouches-for-Shower-Gels-5-600x600.webp 600w, https:\/\/www.stanleypackage.com\/wp-content\/uploads\/2025\/07\/Wholesale-Small-Customized-Stand-Up-Pouches-for-Shower-Gels-5-100x100.webp 100w\" sizes=\"(max-width: 750px) 100vw, 750px\" \/><\/figure>\n<\/div>\n\n\n\n<div class=\"wp-block-column is-layout-flow wp-block-column-is-layout-flow\">\n<figure class=\"wp-block-image size-full\"><img decoding=\"async\" width=\"750\" height=\"750\" src=\"https:\/\/www.stanleypackage.com\/wp-content\/uploads\/2025\/07\/Wholesale-Small-Customized-Stand-Up-Pouches-for-Shower-Gels-4.webp\" alt=\"Gro\u00dfhandel kleine ma\u00dfgeschneiderte Stand Up Beutel f\u00fcr Dusche Gels-4\" class=\"wp-image-2419\" srcset=\"https:\/\/www.stanleypackage.com\/wp-content\/uploads\/2025\/07\/Wholesale-Small-Customized-Stand-Up-Pouches-for-Shower-Gels-4.webp 750w, https:\/\/www.stanleypackage.com\/wp-content\/uploads\/2025\/07\/Wholesale-Small-Customized-Stand-Up-Pouches-for-Shower-Gels-4-300x300.webp 300w, https:\/\/www.stanleypackage.com\/wp-content\/uploads\/2025\/07\/Wholesale-Small-Customized-Stand-Up-Pouches-for-Shower-Gels-4-150x150.webp 150w, https:\/\/www.stanleypackage.com\/wp-content\/uploads\/2025\/07\/Wholesale-Small-Customized-Stand-Up-Pouches-for-Shower-Gels-4-12x12.webp 12w, https:\/\/www.stanleypackage.com\/wp-content\/uploads\/2025\/07\/Wholesale-Small-Customized-Stand-Up-Pouches-for-Shower-Gels-4-600x600.webp 600w, https:\/\/www.stanleypackage.com\/wp-content\/uploads\/2025\/07\/Wholesale-Small-Customized-Stand-Up-Pouches-for-Shower-Gels-4-100x100.webp 100w\" sizes=\"(max-width: 750px) 100vw, 750px\" \/><\/figure>\n<\/div>\n<\/div>\n<\/div>\n<\/div>","protected":false},"excerpt":{"rendered":"<p>Willkommen im Gro\u00dfhandel Verpackungsbeutel zu kaufen. Unsere ma\u00dfgeschneiderten Standbodenbeutel sind langlebig, gut versiegelt und haben einen selbststehenden Boden mit einer D\u00fcsenstruktur, die einfach zu verwenden und zu platzieren ist. Das Farbverlaufsdesign ist modisch und auffallend.<\/p>\n<table style=\"border-collapse: collapse; width: 334.02pt;\" border=\"0\" width=\"334\" cellspacing=\"0\" cellpadding=\"0\">\n<tbody>\n<tr style=\"height: 16.00pt;\">\n<td class=\"et2\" style=\"height: 16.00pt; width: 97.50pt;\" width=\"97\" height=\"16\">Hersteller<\/td>\n<td class=\"et2\" style=\"width: 236.80pt;\" width=\"236\">Stanley<\/td>\n<\/tr>\n<tr style=\"height: 16.00pt;\">\n<td class=\"et2\" style=\"height: 16.00pt; width: 97.50pt;\" width=\"97\" height=\"16\">Arten von Beuteln<\/td>\n<td class=\"et3\">Ausgie\u00dfertasche, Stand Up Pouch<\/td>\n<\/tr>\n<tr style=\"height: 16.00pt;\">\n<td class=\"et2\" style=\"height: 16.00pt; width: 97.50pt;\" width=\"97\" height=\"16\">Material<\/td>\n<td class=\"et2\" style=\"width: 236.80pt;\" width=\"236\">PET12\/PET12\/MBPE85<\/td>\n<\/tr>\n<tr style=\"height: 16.00pt;\">\n<td class=\"et2\" style=\"height: 16.00pt; width: 97.50pt;\" width=\"97\" height=\"16\">Besonderes Merkmal<\/td>\n<td class=\"et2\" style=\"width: 236.80pt;\" width=\"236\">Ausguss, selbststehender Boden<\/td>\n<\/tr>\n<tr style=\"height: 16.00pt;\">\n<td class=\"et2\" style=\"height: 16.00pt; width: 97.50pt;\" width=\"97\" height=\"16\">Handhabung der Oberfl\u00e4che<\/td>\n<td class=\"et2\" style=\"width: 236.80pt;\" width=\"236\">Tiefdruck<\/td>\n<\/tr>\n<tr style=\"height: 16.00pt;\">\n<td class=\"et2\" style=\"height: 16.00pt; width: 97.50pt;\" width=\"97\" height=\"16\">Farbe<\/td>\n<td class=\"et2\" style=\"width: 236.80pt;\" width=\"236\">Bis zu 10 Farben<\/td>\n<\/tr>\n<tr style=\"height: 16.00pt;\">\n<td class=\"et2\" style=\"height: 16.00pt; width: 97.50pt;\" width=\"97\" height=\"16\">Verwendung<\/td>\n<td class=\"et3\">Waschmittel, Shampoo, Handseife<\/td>\n<\/tr>\n<tr style=\"height: 16.00pt;\">\n<td class=\"et2\" style=\"height: 16.00pt; width: 97.50pt;\" width=\"97\" height=\"16\">MOQ<\/td>\n<td class=\"et2\" style=\"width: 236.80pt;\" width=\"236\">50.000 St\u00fcck<\/td>\n<\/tr>\n<tr style=\"height: 16.00pt;\">\n<td class=\"et2\" style=\"height: 16.00pt; width: 97.50pt;\" width=\"97\" height=\"16\">Individuelle Bestellung<\/td>\n<td class=\"et2\" style=\"width: 236.80pt;\" width=\"236\">Akzeptieren Sie OEM &amp; ODM, unterst\u00fctzen Sie freie Probe<\/td>\n<\/tr>\n<\/tbody>\n<\/table>","protected":false},"featured_media":2416,"comment_status":"closed","ping_status":"closed","template":"","meta":{"_acf_changed":false},"product_brand":[],"product_cat":[32,30],"product_tag":[],"class_list":{"0":"post-2415","1":"product","2":"type-product","3":"status-publish","4":"has-post-thumbnail","6":"product_cat-spout-pouch-manufacturer","7":"product_cat-stand-up-pouch-manufacturer","8":"pa_non-food-packaging-soap-detergent-pouches","10":"first","11":"instock","12":"shipping-taxable","13":"product-type-simple"},"acf":[],"_links":{"self":[{"href":"https:\/\/www.stanleypackage.com\/de\/wp-json\/wp\/v2\/product\/2415","targetHints":{"allow":["GET"]}}],"collection":[{"href":"https:\/\/www.stanleypackage.com\/de\/wp-json\/wp\/v2\/product"}],"about":[{"href":"https:\/\/www.stanleypackage.com\/de\/wp-json\/wp\/v2\/types\/product"}],"replies":[{"embeddable":true,"href":"https:\/\/www.stanleypackage.com\/de\/wp-json\/wp\/v2\/comments?post=2415"}],"wp:featuredmedia":[{"embeddable":true,"href":"https:\/\/www.stanleypackage.com\/de\/wp-json\/wp\/v2\/media\/2416"}],"wp:attachment":[{"href":"https:\/\/www.stanleypackage.com\/de\/wp-json\/wp\/v2\/media?parent=2415"}],"wp:term":[{"taxonomy":"product_brand","embeddable":true,"href":"https:\/\/www.stanleypackage.com\/de\/wp-json\/wp\/v2\/product_brand?post=2415"},{"taxonomy":"product_cat","embeddable":true,"href":"https:\/\/www.stanleypackage.com\/de\/wp-json\/wp\/v2\/product_cat?post=2415"},{"taxonomy":"product_tag","embeddable":true,"href":"https:\/\/www.stanleypackage.com\/de\/wp-json\/wp\/v2\/product_tag?post=2415"}],"curies":[{"name":"wp","href":"https:\/\/api.w.org\/{rel}","templated":true}]}}