{"id":2440,"date":"2025-07-21T03:57:12","date_gmt":"2025-07-21T03:57:12","guid":{"rendered":"https:\/\/www.stanleypackage.com\/?post_type=product&#038;p=2440"},"modified":"2025-07-21T06:11:07","modified_gmt":"2025-07-21T06:11:07","slug":"cosmetic-packaging-pouches-wholesale","status":"publish","type":"product","link":"https:\/\/www.stanleypackage.com\/de\/product\/cosmetic-packaging-pouches-wholesale\/","title":{"rendered":"Ausgie\u00dfer Kosmetische Verpackung Beutel Gro\u00dfhandel f\u00fcr Aloe Vera Gel"},"content":{"rendered":"<div class=\"wp-block-columns is-layout-flex wp-container-core-columns-is-layout-9d6595d7 wp-block-columns-is-layout-flex\">\n<div class=\"wp-block-column is-layout-flow wp-block-column-is-layout-flow\">\n<h2 class=\"wp-block-heading\">Eigenschaften von Kosmetikverpackungen Beutel Gro\u00dfhandel<\/h2>\n\n\n\n<ul class=\"wp-block-list\">\n<li><strong>Klar Transparentes Design: <\/strong>Unsere Gro\u00dfhandelsverpackungen f\u00fcr Kosmetika sind transparent, so dass Farbe und Beschaffenheit des Inhalts gut sichtbar sind, was die Attraktivit\u00e4t des Produkts erh\u00f6ht und das Vertrauen der Verbraucher st\u00e4rkt.<\/li>\n\n\n\n<li><strong>Dauerhaftes mehrschichtiges Material: <\/strong>Diese kundenspezifischen Ausgie\u00dferbeutel haben eine mehrschichtige Struktur aus MOPP25\/PET12\/PE70 mit ausgezeichneten auslaufsicheren, feuchtigkeitsbest\u00e4ndigen und rei\u00dffesten Eigenschaften und eignen sich f\u00fcr eine Vielzahl von Verpackungen f\u00fcr viskose Fl\u00fcssigkeiten.<\/li>\n\n\n\n<li><strong>Ideal f\u00fcr Gel, Creme und Lotion: <\/strong>Unsere Kosmetikverpackungsbeutel im Gro\u00dfhandel sind speziell f\u00fcr halbfl\u00fcssige Hautpflegeprodukte wie Aloe Vera Gel, Creme, Lotion usw. konzipiert, einfach zu verwenden und f\u00fcr eine Vielzahl von Abf\u00fcllanlagen und Vertriebsmethoden geeignet.<\/li>\n\n\n\n<li><strong>Sicherer Auslaufverschluss:<\/strong> Unsere ma\u00dfgefertigten Ausgie\u00dferbeutel haben eine starke Verschlussstruktur und sind leicht zu \u00f6ffnen und zu schlie\u00dfen, wodurch Verschmutzung und Abfall vermieden und die Benutzerfreundlichkeit verbessert wird.<\/li>\n\n\n\n<li><strong>Gro\u00dfhandel und kundenspezifische Anpassung verf\u00fcgbar: <\/strong>Unsere Kosmetikverpackungen im Gro\u00dfhandel k\u00f6nnen mit Druckmustern, Spezifikationen und Gr\u00f6\u00dfen, LOGO und Verpackungsdesign angepasst werden, um die pers\u00f6nlichen Bed\u00fcrfnisse der Marke zu erf\u00fcllen.<\/li>\n<\/ul>\n\n\n\n<div class=\"wp-block-columns is-layout-flex wp-container-core-columns-is-layout-9d6595d7 wp-block-columns-is-layout-flex\">\n<div class=\"wp-block-column is-layout-flow wp-block-column-is-layout-flow\">\n<figure class=\"wp-block-image size-full\"><img decoding=\"async\" width=\"750\" height=\"750\" src=\"https:\/\/www.stanleypackage.com\/wp-content\/uploads\/2025\/07\/Spout-Cosmetic-Packaging-Pouches-Wholesale-For-Aloe-Vera-Gel-1.webp\" alt=\"Ausgie\u00dfer Kosmetische Verpackung Beutel Gro\u00dfhandel f\u00fcr Aloe Vera Gel-1\" class=\"wp-image-2441\" srcset=\"https:\/\/www.stanleypackage.com\/wp-content\/uploads\/2025\/07\/Spout-Cosmetic-Packaging-Pouches-Wholesale-For-Aloe-Vera-Gel-1.webp 750w, https:\/\/www.stanleypackage.com\/wp-content\/uploads\/2025\/07\/Spout-Cosmetic-Packaging-Pouches-Wholesale-For-Aloe-Vera-Gel-1-300x300.webp 300w, https:\/\/www.stanleypackage.com\/wp-content\/uploads\/2025\/07\/Spout-Cosmetic-Packaging-Pouches-Wholesale-For-Aloe-Vera-Gel-1-150x150.webp 150w, https:\/\/www.stanleypackage.com\/wp-content\/uploads\/2025\/07\/Spout-Cosmetic-Packaging-Pouches-Wholesale-For-Aloe-Vera-Gel-1-12x12.webp 12w, https:\/\/www.stanleypackage.com\/wp-content\/uploads\/2025\/07\/Spout-Cosmetic-Packaging-Pouches-Wholesale-For-Aloe-Vera-Gel-1-600x600.webp 600w, https:\/\/www.stanleypackage.com\/wp-content\/uploads\/2025\/07\/Spout-Cosmetic-Packaging-Pouches-Wholesale-For-Aloe-Vera-Gel-1-100x100.webp 100w\" sizes=\"(max-width: 750px) 100vw, 750px\" \/><\/figure>\n<\/div>\n\n\n\n<div class=\"wp-block-column is-layout-flow wp-block-column-is-layout-flow\">\n<figure class=\"wp-block-image size-full\"><img decoding=\"async\" width=\"750\" height=\"750\" src=\"https:\/\/www.stanleypackage.com\/wp-content\/uploads\/2025\/07\/Spout-Cosmetic-Packaging-Pouches-Wholesale-For-Aloe-Vera-Gel-2.webp\" alt=\"Ausgie\u00dfer Kosmetische Verpackung Beutel Gro\u00dfhandel f\u00fcr Aloe Vera Gel-2\" class=\"wp-image-2442\" srcset=\"https:\/\/www.stanleypackage.com\/wp-content\/uploads\/2025\/07\/Spout-Cosmetic-Packaging-Pouches-Wholesale-For-Aloe-Vera-Gel-2.webp 750w, https:\/\/www.stanleypackage.com\/wp-content\/uploads\/2025\/07\/Spout-Cosmetic-Packaging-Pouches-Wholesale-For-Aloe-Vera-Gel-2-300x300.webp 300w, https:\/\/www.stanleypackage.com\/wp-content\/uploads\/2025\/07\/Spout-Cosmetic-Packaging-Pouches-Wholesale-For-Aloe-Vera-Gel-2-150x150.webp 150w, https:\/\/www.stanleypackage.com\/wp-content\/uploads\/2025\/07\/Spout-Cosmetic-Packaging-Pouches-Wholesale-For-Aloe-Vera-Gel-2-12x12.webp 12w, https:\/\/www.stanleypackage.com\/wp-content\/uploads\/2025\/07\/Spout-Cosmetic-Packaging-Pouches-Wholesale-For-Aloe-Vera-Gel-2-600x600.webp 600w, https:\/\/www.stanleypackage.com\/wp-content\/uploads\/2025\/07\/Spout-Cosmetic-Packaging-Pouches-Wholesale-For-Aloe-Vera-Gel-2-100x100.webp 100w\" sizes=\"(max-width: 750px) 100vw, 750px\" \/><\/figure>\n<\/div>\n<\/div>\n<\/div>\n<\/div>","protected":false},"excerpt":{"rendered":"<p>Willkommen bei kundenspezifischen Beuteln. Unsere transparenten Kosmetikverpackungsbeutel Gro\u00dfhandel sind sowohl flexibel und luftdicht, geeignet f\u00fcr alle Arten von halbfl\u00fcssigen Produkten wie Aloe Vera Gel, Creme, Lotion, etc. Unterst\u00fctzung volle Anpassung.<\/p>\n<table style=\"border-collapse: collapse; width: 334.02pt;\" border=\"0\" width=\"334\" cellspacing=\"0\" cellpadding=\"0\">\n<tbody>\n<tr style=\"height: 16.00pt;\">\n<td class=\"et2\" style=\"height: 16.00pt; width: 97.50pt;\" width=\"97\" height=\"16\">Hersteller<\/td>\n<td class=\"et2\" style=\"width: 236.80pt;\" width=\"236\">Stanley<\/td>\n<\/tr>\n<tr style=\"height: 16.00pt;\">\n<td class=\"et2\" style=\"height: 16.00pt; width: 97.50pt;\" width=\"97\" height=\"16\">Arten von Beuteln<\/td>\n<td class=\"et3\">Ausgie\u00dferbeutel<\/td>\n<\/tr>\n<tr style=\"height: 16.00pt;\">\n<td class=\"et2\" style=\"height: 16.00pt; width: 97.50pt;\" width=\"97\" height=\"16\">Material<\/td>\n<td class=\"et2\" style=\"width: 236.80pt;\" width=\"236\">MOPP25\/PET12\/PE70<\/td>\n<\/tr>\n<tr style=\"height: 16.00pt;\">\n<td class=\"et2\" style=\"height: 16.00pt; width: 97.50pt;\" width=\"97\" height=\"16\">Besonderes Merkmal<\/td>\n<td class=\"et2\" style=\"width: 236.80pt;\" width=\"236\">Ausgie\u00dfer<\/td>\n<\/tr>\n<tr style=\"height: 16.00pt;\">\n<td class=\"et2\" style=\"height: 16.00pt; width: 97.50pt;\" width=\"97\" height=\"16\">Handhabung der Oberfl\u00e4che<\/td>\n<td class=\"et2\" style=\"width: 236.80pt;\" width=\"236\">Tiefdruck<\/td>\n<\/tr>\n<tr style=\"height: 16.00pt;\">\n<td class=\"et2\" style=\"height: 16.00pt; width: 97.50pt;\" width=\"97\" height=\"16\">Farbe<\/td>\n<td class=\"et2\" style=\"width: 236.80pt;\" width=\"236\">Bis zu 10 Farben<\/td>\n<\/tr>\n<tr style=\"height: 16.00pt;\">\n<td class=\"et2\" style=\"height: 16.00pt; width: 97.50pt;\" width=\"97\" height=\"16\">Verwendung<\/td>\n<td class=\"et3\">Gel, Creme, Lotion<\/td>\n<\/tr>\n<tr style=\"height: 16.00pt;\">\n<td class=\"et2\" style=\"height: 16.00pt; width: 97.50pt;\" width=\"97\" height=\"16\">MOQ<\/td>\n<td class=\"et2\" style=\"width: 236.80pt;\" width=\"236\">50.000 St\u00fcck<\/td>\n<\/tr>\n<tr style=\"height: 16.00pt;\">\n<td class=\"et2\" style=\"height: 16.00pt; width: 97.50pt;\" width=\"97\" height=\"16\">Individuelle Bestellung<\/td>\n<td class=\"et2\" style=\"width: 236.80pt;\" width=\"236\">Akzeptieren Sie OEM &amp; ODM, unterst\u00fctzen Sie freie Probe<\/td>\n<\/tr>\n<\/tbody>\n<\/table>","protected":false},"featured_media":2444,"comment_status":"closed","ping_status":"closed","template":"","meta":{"_acf_changed":false},"product_brand":[],"product_cat":[32],"product_tag":[],"class_list":{"0":"post-2440","1":"product","2":"type-product","3":"status-publish","4":"has-post-thumbnail","6":"product_cat-spout-pouch-manufacturer","7":"pa_non-food-packaging-cosmetic-packaging-pouches","9":"first","10":"instock","11":"shipping-taxable","12":"product-type-simple"},"acf":[],"_links":{"self":[{"href":"https:\/\/www.stanleypackage.com\/de\/wp-json\/wp\/v2\/product\/2440","targetHints":{"allow":["GET"]}}],"collection":[{"href":"https:\/\/www.stanleypackage.com\/de\/wp-json\/wp\/v2\/product"}],"about":[{"href":"https:\/\/www.stanleypackage.com\/de\/wp-json\/wp\/v2\/types\/product"}],"replies":[{"embeddable":true,"href":"https:\/\/www.stanleypackage.com\/de\/wp-json\/wp\/v2\/comments?post=2440"}],"wp:featuredmedia":[{"embeddable":true,"href":"https:\/\/www.stanleypackage.com\/de\/wp-json\/wp\/v2\/media\/2444"}],"wp:attachment":[{"href":"https:\/\/www.stanleypackage.com\/de\/wp-json\/wp\/v2\/media?parent=2440"}],"wp:term":[{"taxonomy":"product_brand","embeddable":true,"href":"https:\/\/www.stanleypackage.com\/de\/wp-json\/wp\/v2\/product_brand?post=2440"},{"taxonomy":"product_cat","embeddable":true,"href":"https:\/\/www.stanleypackage.com\/de\/wp-json\/wp\/v2\/product_cat?post=2440"},{"taxonomy":"product_tag","embeddable":true,"href":"https:\/\/www.stanleypackage.com\/de\/wp-json\/wp\/v2\/product_tag?post=2440"}],"curies":[{"name":"wp","href":"https:\/\/api.w.org\/{rel}","templated":true}]}}