{"id":2446,"date":"2025-07-21T06:13:26","date_gmt":"2025-07-21T06:13:26","guid":{"rendered":"https:\/\/www.stanleypackage.com\/?post_type=product&#038;p=2446"},"modified":"2025-09-06T01:27:34","modified_gmt":"2025-09-06T01:27:34","slug":"spout-bags-wholesale","status":"publish","type":"product","link":"https:\/\/www.stanleypackage.com\/de\/product\/spout-bags-wholesale\/","title":{"rendered":"Benutzerdefinierte Druck T\u00fclle Taschen Gro\u00dfhandel, Cosmetic Pouch Packaging"},"content":{"rendered":"<div class=\"wp-block-columns is-layout-flex wp-container-core-columns-is-layout-9d6595d7 wp-block-columns-is-layout-flex\">\n<div class=\"wp-block-column is-layout-flow wp-block-column-is-layout-flow\">\n<h2 class=\"wp-block-heading\">Merkmale von Kosmetiktaschen mit Ausguss im Gro\u00dfhandel<\/h2>\n\n\n\n<ul class=\"wp-block-list\">\n<li><strong>Mattes Premium-Aluminium-Finish:<\/strong> Diese Ausgie\u00dfer Taschen Gro\u00dfhandel haben reines Aluminium matten Druck Film Oberfl\u00e4che, die zarte Hand Gef\u00fchl und High-End-Textur, die der Marke ein professionelles Image und die Verbesserung der Produktqualit\u00e4t hat.<\/li>\n\n\n\n<li><strong>Ausgezeichnete Barriereleistung:<\/strong> Die Aluminiumschicht dieser kundenspezifischen Kosmetiktaschenverpackung hat hervorragende licht- und feuchtigkeitsbest\u00e4ndige sowie oxidationshemmende Eigenschaften, die den Inhalt vollst\u00e4ndig sch\u00fctzen und die Haltbarkeit des Produkts verl\u00e4ngern.<\/li>\n\n\n\n<li><strong>Ideal f\u00fcr Gel, Creme und Lotion: <\/strong>Unsere T\u00fcllenbeutel Gro\u00dfhandel sind geeignet f\u00fcr halbfl\u00fcssige Produkte wie Aloe Vera Gel, Gesichtscreme, K\u00f6rperlotion, etc. Die T\u00fclle Struktur ist bequem f\u00fcr die Bef\u00fcllung und Verwendung, und die Benutzererfahrung ist freundlich.<\/li>\n\n\n\n<li><strong>Langlebige, mehrschichtige Struktur: <\/strong>Unsere ma\u00dfgeschneiderten Kosmetiktaschenverpackungen haben eine MOPP25\/AL7\/PET12\/PE70-Struktur, die druckfest, rei\u00dffest und auslaufsicher ist und sich f\u00fcr alle Arten von Hautpflegeproduktverpackungen und Transportanforderungen eignet.<\/li>\n\n\n\n<li><strong>Individueller Druck f\u00fcr das Branding: <\/strong>Unsere Ausgie\u00dfer Taschen Gro\u00dfhandel unterst\u00fctzt Vollfarbdruck angepasst, und LOGO, Muster und Text kann genau dargestellt werden, um Marke visuelle Kommunikation zu helfen.<\/li>\n<\/ul>\n\n\n\n<div class=\"wp-block-columns is-layout-flex wp-container-core-columns-is-layout-9d6595d7 wp-block-columns-is-layout-flex\">\n<div class=\"wp-block-column is-layout-flow wp-block-column-is-layout-flow\">\n<figure class=\"wp-block-image size-full\"><img decoding=\"async\" width=\"750\" height=\"750\" src=\"https:\/\/www.stanleypackage.com\/wp-content\/uploads\/2025\/07\/Custom-Print-Spout-Bags-Wholesale-Cosmetic-Pouch-Packaging-3.webp\" alt=\"Benutzerdefinierte Druck T\u00fclle Taschen Gro\u00dfhandel, Kosmetikbeutel Verpackung-3\" class=\"wp-image-2449\" srcset=\"https:\/\/www.stanleypackage.com\/wp-content\/uploads\/2025\/07\/Custom-Print-Spout-Bags-Wholesale-Cosmetic-Pouch-Packaging-3.webp 750w, https:\/\/www.stanleypackage.com\/wp-content\/uploads\/2025\/07\/Custom-Print-Spout-Bags-Wholesale-Cosmetic-Pouch-Packaging-3-300x300.webp 300w, https:\/\/www.stanleypackage.com\/wp-content\/uploads\/2025\/07\/Custom-Print-Spout-Bags-Wholesale-Cosmetic-Pouch-Packaging-3-150x150.webp 150w, https:\/\/www.stanleypackage.com\/wp-content\/uploads\/2025\/07\/Custom-Print-Spout-Bags-Wholesale-Cosmetic-Pouch-Packaging-3-12x12.webp 12w, https:\/\/www.stanleypackage.com\/wp-content\/uploads\/2025\/07\/Custom-Print-Spout-Bags-Wholesale-Cosmetic-Pouch-Packaging-3-600x600.webp 600w, https:\/\/www.stanleypackage.com\/wp-content\/uploads\/2025\/07\/Custom-Print-Spout-Bags-Wholesale-Cosmetic-Pouch-Packaging-3-100x100.webp 100w\" sizes=\"(max-width: 750px) 100vw, 750px\" \/><\/figure>\n<\/div>\n\n\n\n<div class=\"wp-block-column is-layout-flow wp-block-column-is-layout-flow\">\n<figure class=\"wp-block-image size-full\"><img decoding=\"async\" width=\"750\" height=\"750\" src=\"https:\/\/www.stanleypackage.com\/wp-content\/uploads\/2025\/07\/Custom-Print-Spout-Bags-Wholesale-Cosmetic-Pouch-Packaging-4.webp\" alt=\"Benutzerdefinierte Druck T\u00fclle Taschen Gro\u00dfhandel, Kosmetikbeutel Verpackung-4\" class=\"wp-image-2450\" srcset=\"https:\/\/www.stanleypackage.com\/wp-content\/uploads\/2025\/07\/Custom-Print-Spout-Bags-Wholesale-Cosmetic-Pouch-Packaging-4.webp 750w, https:\/\/www.stanleypackage.com\/wp-content\/uploads\/2025\/07\/Custom-Print-Spout-Bags-Wholesale-Cosmetic-Pouch-Packaging-4-300x300.webp 300w, https:\/\/www.stanleypackage.com\/wp-content\/uploads\/2025\/07\/Custom-Print-Spout-Bags-Wholesale-Cosmetic-Pouch-Packaging-4-150x150.webp 150w, https:\/\/www.stanleypackage.com\/wp-content\/uploads\/2025\/07\/Custom-Print-Spout-Bags-Wholesale-Cosmetic-Pouch-Packaging-4-12x12.webp 12w, https:\/\/www.stanleypackage.com\/wp-content\/uploads\/2025\/07\/Custom-Print-Spout-Bags-Wholesale-Cosmetic-Pouch-Packaging-4-600x600.webp 600w, https:\/\/www.stanleypackage.com\/wp-content\/uploads\/2025\/07\/Custom-Print-Spout-Bags-Wholesale-Cosmetic-Pouch-Packaging-4-100x100.webp 100w\" sizes=\"(max-width: 750px) 100vw, 750px\" \/><\/figure>\n<\/div>\n<\/div>\n<\/div>\n<\/div>","protected":false},"excerpt":{"rendered":"<p>Willkommen zum Kauf von T\u00fcllenbeutel Gro\u00dfhandel. Diese ma\u00dfgeschneiderte Kosmetikbeutel Verpackung nimmt reines Aluminium matte Druckfolie, die hochwertige Textur und hervorragende Barriere Leistung hat. Unterst\u00fctzen Sie ma\u00dfgeschneiderte Druckservice.<\/p>\n<table style=\"border-collapse: collapse; width: 334.02pt;\" border=\"0\" width=\"334\" cellspacing=\"0\" cellpadding=\"0\">\n<tbody>\n<tr style=\"height: 16.00pt;\">\n<td class=\"et2\" style=\"height: 16.00pt; width: 97.50pt;\" width=\"97\" height=\"16\">Hersteller<\/td>\n<td class=\"et2\" style=\"width: 236.80pt;\" width=\"236\">Stanley<\/td>\n<\/tr>\n<tr style=\"height: 16.00pt;\">\n<td class=\"et2\" style=\"height: 16.00pt; width: 97.50pt;\" width=\"97\" height=\"16\">Arten von Beuteln<\/td>\n<td class=\"et3\">Ausgie\u00dferbeutel, Flachlegebeutel<\/td>\n<\/tr>\n<tr style=\"height: 16.00pt;\">\n<td class=\"et2\" style=\"height: 16.00pt; width: 97.50pt;\" width=\"97\" height=\"16\">Material<\/td>\n<td class=\"et2\" style=\"width: 236.80pt;\" width=\"236\">MOPP25\/AL7\/PET12\/PE70<\/td>\n<\/tr>\n<tr style=\"height: 16.00pt;\">\n<td class=\"et2\" style=\"height: 16.00pt; width: 97.50pt;\" width=\"97\" height=\"16\">Besonderes Merkmal<\/td>\n<td class=\"et2\" style=\"width: 236.80pt;\" width=\"236\">Ausguss, Bodenbef\u00fcllung<\/td>\n<\/tr>\n<tr style=\"height: 16.00pt;\">\n<td class=\"et2\" style=\"height: 16.00pt; width: 97.50pt;\" width=\"97\" height=\"16\">Handhabung der Oberfl\u00e4che<\/td>\n<td class=\"et2\" style=\"width: 236.80pt;\" width=\"236\">Tiefdruck<\/td>\n<\/tr>\n<tr style=\"height: 16.00pt;\">\n<td class=\"et2\" style=\"height: 16.00pt; width: 97.50pt;\" width=\"97\" height=\"16\">Farbe<\/td>\n<td class=\"et2\" style=\"width: 236.80pt;\" width=\"236\">Bis zu 10 Farben<\/td>\n<\/tr>\n<tr style=\"height: 16.00pt;\">\n<td class=\"et2\" style=\"height: 16.00pt; width: 97.50pt;\" width=\"97\" height=\"16\">Verwendung<\/td>\n<td class=\"et3\">Gel, Creme, Lotion<\/td>\n<\/tr>\n<tr style=\"height: 16.00pt;\">\n<td class=\"et2\" style=\"height: 16.00pt; width: 97.50pt;\" width=\"97\" height=\"16\">MOQ<\/td>\n<td class=\"et2\" style=\"width: 236.80pt;\" width=\"236\">50.000 St\u00fcck<\/td>\n<\/tr>\n<tr style=\"height: 16.00pt;\">\n<td class=\"et2\" style=\"height: 16.00pt; width: 97.50pt;\" width=\"97\" height=\"16\">Individuelle Bestellung<\/td>\n<td class=\"et2\" style=\"width: 236.80pt;\" width=\"236\">Akzeptieren Sie OEM &amp; ODM, unterst\u00fctzen Sie freie Probe<\/td>\n<\/tr>\n<\/tbody>\n<\/table>","protected":false},"featured_media":2451,"comment_status":"closed","ping_status":"closed","template":"","meta":{"_acf_changed":false},"product_brand":[],"product_cat":[32],"product_tag":[],"class_list":{"0":"post-2446","1":"product","2":"type-product","3":"status-publish","4":"has-post-thumbnail","6":"product_cat-spout-pouch-manufacturer","7":"pa_non-food-packaging-cosmetic-packaging-pouches","9":"first","10":"instock","11":"shipping-taxable","12":"product-type-simple"},"acf":[],"_links":{"self":[{"href":"https:\/\/www.stanleypackage.com\/de\/wp-json\/wp\/v2\/product\/2446","targetHints":{"allow":["GET"]}}],"collection":[{"href":"https:\/\/www.stanleypackage.com\/de\/wp-json\/wp\/v2\/product"}],"about":[{"href":"https:\/\/www.stanleypackage.com\/de\/wp-json\/wp\/v2\/types\/product"}],"replies":[{"embeddable":true,"href":"https:\/\/www.stanleypackage.com\/de\/wp-json\/wp\/v2\/comments?post=2446"}],"wp:featuredmedia":[{"embeddable":true,"href":"https:\/\/www.stanleypackage.com\/de\/wp-json\/wp\/v2\/media\/2451"}],"wp:attachment":[{"href":"https:\/\/www.stanleypackage.com\/de\/wp-json\/wp\/v2\/media?parent=2446"}],"wp:term":[{"taxonomy":"product_brand","embeddable":true,"href":"https:\/\/www.stanleypackage.com\/de\/wp-json\/wp\/v2\/product_brand?post=2446"},{"taxonomy":"product_cat","embeddable":true,"href":"https:\/\/www.stanleypackage.com\/de\/wp-json\/wp\/v2\/product_cat?post=2446"},{"taxonomy":"product_tag","embeddable":true,"href":"https:\/\/www.stanleypackage.com\/de\/wp-json\/wp\/v2\/product_tag?post=2446"}],"curies":[{"name":"wp","href":"https:\/\/api.w.org\/{rel}","templated":true}]}}