{"id":2453,"date":"2025-07-21T06:24:41","date_gmt":"2025-07-21T06:24:41","guid":{"rendered":"https:\/\/www.stanleypackage.com\/?post_type=product&#038;p=2453"},"modified":"2025-07-21T06:33:14","modified_gmt":"2025-07-21T06:33:14","slug":"custom-printed-stand-up-pouch","status":"publish","type":"product","link":"https:\/\/www.stanleypackage.com\/de\/product\/custom-printed-stand-up-pouch\/","title":{"rendered":"Bulk benutzerdefinierte gedruckt Stand Up Pouch mit T\u00fclle f\u00fcr Handcreme"},"content":{"rendered":"<div class=\"wp-block-columns is-layout-flex wp-container-core-columns-is-layout-9d6595d7 wp-block-columns-is-layout-flex\">\n<div class=\"wp-block-column is-layout-flow wp-block-column-is-layout-flow\">\n<h2 class=\"wp-block-heading\">Merkmale der individuell bedruckten Stand Up Pouch<\/h2>\n\n\n\n<ul class=\"wp-block-list\">\n<li><strong>Mattes Aluminium Druckoberfl\u00e4che: <\/strong>Die \u00e4u\u00dfere Schicht dieses individuell bedruckten Standbeutels besteht aus einer matten, bedruckten Folie aus reinem Aluminium, die eine weiche visuelle Textur und ein zartes Gef\u00fchl hat und sich f\u00fcr die Darstellung eines hochwertigen Markenimages eignet.<\/li>\n\n\n\n<li><strong>Dreilagiges Material mit hoher Barriere: <\/strong>Diese Beutel mit stehendem Ausguss verwenden im Gro\u00dfhandel die PET15\/AL7\/PE100-Struktur, um Licht, Luft und Feuchtigkeit wirksam zu blockieren und die Produktstabilit\u00e4t und Haltbarkeit zu gew\u00e4hrleisten.<\/li>\n\n\n\n<li><strong>Perfekt f\u00fcr Handcremeverpackungen: <\/strong>Dieser individuell bedruckte Standbeutel ist f\u00fcr z\u00e4hfl\u00fcssige Fl\u00fcssigkeiten wie Handcreme geeignet. Die T\u00fclle l\u00e4sst sich leicht und pr\u00e4zise herausdr\u00fccken, und die Form des Beutels ist stabil und eignet sich f\u00fcr Pr\u00e4sentation und Verkauf.<\/li>\n\n\n\n<li><strong>Stehendes Design f\u00fcr Regalwirkung: <\/strong>Die selbsttragende Beutelstruktur unserer Stehbeutel im Gro\u00dfhandel ist im Regal stabil, was die Wirkung der Auslage verbessert und die Aufmerksamkeit der Verbraucher auf sich zieht.<\/li>\n\n\n\n<li><strong>Gro\u00dfbestellungen und vollst\u00e4ndige Personalisierung: <\/strong>Wir bieten einen Massenanpassungsservice f\u00fcr individuell bedruckte Standbodenbeutel an, der zahlreiche personalisierte Anforderungen wie LOGO, Muster, Fassungsverm\u00f6gen, Farbe der T\u00fcllen usw. unterst\u00fctzt. Kostenlose Proofing hilft Marke F\u00f6rderung.<\/li>\n<\/ul>\n\n\n\n<div class=\"wp-block-columns is-layout-flex wp-container-core-columns-is-layout-9d6595d7 wp-block-columns-is-layout-flex\">\n<div class=\"wp-block-column is-layout-flow wp-block-column-is-layout-flow\">\n<figure class=\"wp-block-image size-full\"><img decoding=\"async\" width=\"750\" height=\"750\" src=\"https:\/\/www.stanleypackage.com\/wp-content\/uploads\/2025\/07\/Bulk-Custom-Printed-Stand-Up-Pouch-With-Spout-for-Hand-Cream-2.webp\" alt=\"Bulk benutzerdefinierte gedruckt Stand Up Pouch mit T\u00fclle f\u00fcr Handcreme-2\" class=\"wp-image-2455\" srcset=\"https:\/\/www.stanleypackage.com\/wp-content\/uploads\/2025\/07\/Bulk-Custom-Printed-Stand-Up-Pouch-With-Spout-for-Hand-Cream-2.webp 750w, https:\/\/www.stanleypackage.com\/wp-content\/uploads\/2025\/07\/Bulk-Custom-Printed-Stand-Up-Pouch-With-Spout-for-Hand-Cream-2-300x300.webp 300w, https:\/\/www.stanleypackage.com\/wp-content\/uploads\/2025\/07\/Bulk-Custom-Printed-Stand-Up-Pouch-With-Spout-for-Hand-Cream-2-150x150.webp 150w, https:\/\/www.stanleypackage.com\/wp-content\/uploads\/2025\/07\/Bulk-Custom-Printed-Stand-Up-Pouch-With-Spout-for-Hand-Cream-2-12x12.webp 12w, https:\/\/www.stanleypackage.com\/wp-content\/uploads\/2025\/07\/Bulk-Custom-Printed-Stand-Up-Pouch-With-Spout-for-Hand-Cream-2-600x600.webp 600w, https:\/\/www.stanleypackage.com\/wp-content\/uploads\/2025\/07\/Bulk-Custom-Printed-Stand-Up-Pouch-With-Spout-for-Hand-Cream-2-100x100.webp 100w\" sizes=\"(max-width: 750px) 100vw, 750px\" \/><\/figure>\n<\/div>\n\n\n\n<div class=\"wp-block-column is-layout-flow wp-block-column-is-layout-flow\">\n<figure class=\"wp-block-image size-full\"><img decoding=\"async\" width=\"750\" height=\"750\" src=\"https:\/\/www.stanleypackage.com\/wp-content\/uploads\/2025\/07\/Bulk-Custom-Printed-Stand-Up-Pouch-With-Spout-for-Hand-Cream-1.webp\" alt=\"Bulk benutzerdefinierte gedruckt Stand Up Pouch mit T\u00fclle f\u00fcr Handcreme-1\" class=\"wp-image-2454\" srcset=\"https:\/\/www.stanleypackage.com\/wp-content\/uploads\/2025\/07\/Bulk-Custom-Printed-Stand-Up-Pouch-With-Spout-for-Hand-Cream-1.webp 750w, https:\/\/www.stanleypackage.com\/wp-content\/uploads\/2025\/07\/Bulk-Custom-Printed-Stand-Up-Pouch-With-Spout-for-Hand-Cream-1-300x300.webp 300w, https:\/\/www.stanleypackage.com\/wp-content\/uploads\/2025\/07\/Bulk-Custom-Printed-Stand-Up-Pouch-With-Spout-for-Hand-Cream-1-150x150.webp 150w, https:\/\/www.stanleypackage.com\/wp-content\/uploads\/2025\/07\/Bulk-Custom-Printed-Stand-Up-Pouch-With-Spout-for-Hand-Cream-1-12x12.webp 12w, https:\/\/www.stanleypackage.com\/wp-content\/uploads\/2025\/07\/Bulk-Custom-Printed-Stand-Up-Pouch-With-Spout-for-Hand-Cream-1-600x600.webp 600w, https:\/\/www.stanleypackage.com\/wp-content\/uploads\/2025\/07\/Bulk-Custom-Printed-Stand-Up-Pouch-With-Spout-for-Hand-Cream-1-100x100.webp 100w\" sizes=\"(max-width: 750px) 100vw, 750px\" \/><\/figure>\n<\/div>\n<\/div>\n<\/div>\n<\/div>","protected":false},"excerpt":{"rendered":"<p>Willkommen im Gro\u00dfhandel mit Standbodenbeuteln. Dieser individuell bedruckte Standbodenbeutel hat eine hochwertige Textur und starke lichtabschirmende Eigenschaften und ist f\u00fcr halbfl\u00fcssige Hautpflegeprodukte wie Handcreme konzipiert. Unterst\u00fctzt Massen benutzerdefinierten Druck.<\/p>\n<table style=\"border-collapse: collapse; width: 334.02pt;\" border=\"0\" width=\"334\" cellspacing=\"0\" cellpadding=\"0\">\n<tbody>\n<tr style=\"height: 16.00pt;\">\n<td class=\"et2\" style=\"height: 16.00pt; width: 97.50pt;\" width=\"97\" height=\"16\">Hersteller<\/td>\n<td class=\"et2\" style=\"width: 236.80pt;\" width=\"236\">Stanley<\/td>\n<\/tr>\n<tr style=\"height: 16.00pt;\">\n<td class=\"et2\" style=\"height: 16.00pt; width: 97.50pt;\" width=\"97\" height=\"16\">Arten von Beuteln<\/td>\n<td class=\"et3\">Ausgie\u00dfertasche, Stand Up Pouch<\/td>\n<\/tr>\n<tr style=\"height: 16.00pt;\">\n<td class=\"et2\" style=\"height: 16.00pt; width: 97.50pt;\" width=\"97\" height=\"16\">Material<\/td>\n<td class=\"et2\" style=\"width: 236.80pt;\" width=\"236\">PET15\/AL7\/PE100<\/td>\n<\/tr>\n<tr style=\"height: 16.00pt;\">\n<td class=\"et2\" style=\"height: 16.00pt; width: 97.50pt;\" width=\"97\" height=\"16\">Besonderes Merkmal<\/td>\n<td class=\"et2\" style=\"width: 236.80pt;\" width=\"236\">Ausguss, selbststehender Boden<\/td>\n<\/tr>\n<tr style=\"height: 16.00pt;\">\n<td class=\"et2\" style=\"height: 16.00pt; width: 97.50pt;\" width=\"97\" height=\"16\">Handhabung der Oberfl\u00e4che<\/td>\n<td class=\"et2\" style=\"width: 236.80pt;\" width=\"236\">Tiefdruck<\/td>\n<\/tr>\n<tr style=\"height: 16.00pt;\">\n<td class=\"et2\" style=\"height: 16.00pt; width: 97.50pt;\" width=\"97\" height=\"16\">Farbe<\/td>\n<td class=\"et2\" style=\"width: 236.80pt;\" width=\"236\">Bis zu 10 Farben<\/td>\n<\/tr>\n<tr style=\"height: 16.00pt;\">\n<td class=\"et2\" style=\"height: 16.00pt; width: 97.50pt;\" width=\"97\" height=\"16\">Verwendung<\/td>\n<td class=\"et3\">Handcreme, Gesichtscreme, K\u00f6rperlotion<\/td>\n<\/tr>\n<tr style=\"height: 16.00pt;\">\n<td class=\"et2\" style=\"height: 16.00pt; width: 97.50pt;\" width=\"97\" height=\"16\">MOQ<\/td>\n<td class=\"et2\" style=\"width: 236.80pt;\" width=\"236\">50.000 St\u00fcck<\/td>\n<\/tr>\n<tr style=\"height: 16.00pt;\">\n<td class=\"et2\" style=\"height: 16.00pt; width: 97.50pt;\" width=\"97\" height=\"16\">Individuelle Bestellung<\/td>\n<td class=\"et2\" style=\"width: 236.80pt;\" width=\"236\">Akzeptieren Sie OEM &amp; ODM, unterst\u00fctzen Sie freie Probe<\/td>\n<\/tr>\n<\/tbody>\n<\/table>\n<p>&nbsp;<\/p>","protected":false},"featured_media":2458,"comment_status":"closed","ping_status":"closed","template":"","meta":{"_acf_changed":false},"product_brand":[],"product_cat":[32,30],"product_tag":[],"class_list":{"0":"post-2453","1":"product","2":"type-product","3":"status-publish","4":"has-post-thumbnail","6":"product_cat-spout-pouch-manufacturer","7":"product_cat-stand-up-pouch-manufacturer","8":"pa_non-food-packaging-cosmetic-packaging-pouches","10":"first","11":"instock","12":"shipping-taxable","13":"product-type-simple"},"acf":[],"_links":{"self":[{"href":"https:\/\/www.stanleypackage.com\/de\/wp-json\/wp\/v2\/product\/2453","targetHints":{"allow":["GET"]}}],"collection":[{"href":"https:\/\/www.stanleypackage.com\/de\/wp-json\/wp\/v2\/product"}],"about":[{"href":"https:\/\/www.stanleypackage.com\/de\/wp-json\/wp\/v2\/types\/product"}],"replies":[{"embeddable":true,"href":"https:\/\/www.stanleypackage.com\/de\/wp-json\/wp\/v2\/comments?post=2453"}],"wp:featuredmedia":[{"embeddable":true,"href":"https:\/\/www.stanleypackage.com\/de\/wp-json\/wp\/v2\/media\/2458"}],"wp:attachment":[{"href":"https:\/\/www.stanleypackage.com\/de\/wp-json\/wp\/v2\/media?parent=2453"}],"wp:term":[{"taxonomy":"product_brand","embeddable":true,"href":"https:\/\/www.stanleypackage.com\/de\/wp-json\/wp\/v2\/product_brand?post=2453"},{"taxonomy":"product_cat","embeddable":true,"href":"https:\/\/www.stanleypackage.com\/de\/wp-json\/wp\/v2\/product_cat?post=2453"},{"taxonomy":"product_tag","embeddable":true,"href":"https:\/\/www.stanleypackage.com\/de\/wp-json\/wp\/v2\/product_tag?post=2453"}],"curies":[{"name":"wp","href":"https:\/\/api.w.org\/{rel}","templated":true}]}}