{"id":2460,"date":"2025-07-21T06:35:50","date_gmt":"2025-07-21T06:35:50","guid":{"rendered":"https:\/\/www.stanleypackage.com\/?post_type=product&#038;p=2460"},"modified":"2025-07-21T06:42:45","modified_gmt":"2025-07-21T06:42:45","slug":"stand-up-pouches-bulk","status":"publish","type":"product","link":"https:\/\/www.stanleypackage.com\/de\/product\/stand-up-pouches-bulk\/","title":{"rendered":"Standbeutel mit Ausgie\u00dfer Bulk, individuelle Handcreme-Verpackungen"},"content":{"rendered":"<div class=\"wp-block-columns is-layout-flex wp-container-core-columns-is-layout-9d6595d7 wp-block-columns-is-layout-flex\">\n<div class=\"wp-block-column is-layout-flow wp-block-column-is-layout-flow\">\n<h2 class=\"wp-block-heading\">Merkmale der individuell bedruckten Stand Up Pouch<\/h2>\n\n\n\n<ul class=\"wp-block-list\">\n<li><strong>Matte Oberfl\u00e4che mit Farbverlaufsdruck: <\/strong>Der matte Farbverlaufsdruck dieser l\u00f6ffelf\u00f6rmigen Standbeutel sorgt f\u00fcr ein weiches und fortschrittliches visuelles Erlebnis, steigert die Markenwiedererkennung und schafft eine Hautpflegeverpackung mit hohem Wiedererkennungswert.<\/li>\n\n\n\n<li><strong>Dreischichtiges Material mit hoher Barriere: <\/strong>Dieser kundenspezifische Handcremebeutel besteht aus PET15\/AL7\/PE100, das Luft, Feuchtigkeit und Licht wirksam abschirmt, um die Frische und Stabilit\u00e4t von Produkten wie Handcreme zu gew\u00e4hrleisten.<\/li>\n\n\n\n<li><strong>Benutzerfreundliches Auslaufdesign: <\/strong>Die D\u00fcsenstruktur dieser Standbodenbeutel ist f\u00fcr die Verbraucher bequem und genau zu entnehmen, und das auslaufsichere Design verbessert die Bequemlichkeit, was f\u00fcr die t\u00e4gliche Hautpflege geeignet ist.<\/li>\n\n\n\n<li><strong>Stabile, aufrechte Struktur: <\/strong>Das selbststehende Design unserer kundenspezifischen Handcremebeutel ist praktisch f\u00fcr die Auslage im Regal und hat einen guten Display-Effekt, der f\u00fcr Einzelhandelskan\u00e4le und Online-Verk\u00e4ufe geeignet ist.<\/li>\n\n\n\n<li><strong>Lieferung in gro\u00dfen Mengen und vollst\u00e4ndige Personalisierung: <\/strong>Unsere l\u00f6ffelf\u00f6rmigen Standbodenbeutel k\u00f6nnen in gro\u00dfen Mengen gekauft und vollst\u00e4ndig individuell gestaltet werden, einschlie\u00dflich Druckmuster, LOGO, Gr\u00f6\u00dfe und T\u00fcllenarten, um die individuellen Bed\u00fcrfnisse verschiedener Marken zu erf\u00fcllen.<\/li>\n<\/ul>\n\n\n\n<div class=\"wp-block-columns is-layout-flex wp-container-core-columns-is-layout-9d6595d7 wp-block-columns-is-layout-flex\">\n<div class=\"wp-block-column is-layout-flow wp-block-column-is-layout-flow\">\n<figure class=\"wp-block-image size-full\"><img decoding=\"async\" width=\"750\" height=\"750\" src=\"https:\/\/www.stanleypackage.com\/wp-content\/uploads\/2025\/07\/Spouted-Stand-Up-Pouches-Bulk-Custom-Hand-Cream-Packaging-2.webp\" alt=\"Ausgest\u00fclpte Standbeutel Bulk, individuelle Handcreme-Verpackungen-2\" class=\"wp-image-2462\" srcset=\"https:\/\/www.stanleypackage.com\/wp-content\/uploads\/2025\/07\/Spouted-Stand-Up-Pouches-Bulk-Custom-Hand-Cream-Packaging-2.webp 750w, https:\/\/www.stanleypackage.com\/wp-content\/uploads\/2025\/07\/Spouted-Stand-Up-Pouches-Bulk-Custom-Hand-Cream-Packaging-2-300x300.webp 300w, https:\/\/www.stanleypackage.com\/wp-content\/uploads\/2025\/07\/Spouted-Stand-Up-Pouches-Bulk-Custom-Hand-Cream-Packaging-2-150x150.webp 150w, https:\/\/www.stanleypackage.com\/wp-content\/uploads\/2025\/07\/Spouted-Stand-Up-Pouches-Bulk-Custom-Hand-Cream-Packaging-2-12x12.webp 12w, https:\/\/www.stanleypackage.com\/wp-content\/uploads\/2025\/07\/Spouted-Stand-Up-Pouches-Bulk-Custom-Hand-Cream-Packaging-2-600x600.webp 600w, https:\/\/www.stanleypackage.com\/wp-content\/uploads\/2025\/07\/Spouted-Stand-Up-Pouches-Bulk-Custom-Hand-Cream-Packaging-2-100x100.webp 100w\" sizes=\"(max-width: 750px) 100vw, 750px\" \/><\/figure>\n<\/div>\n\n\n\n<div class=\"wp-block-column is-layout-flow wp-block-column-is-layout-flow\">\n<figure class=\"wp-block-image size-full\"><img decoding=\"async\" width=\"750\" height=\"750\" src=\"https:\/\/www.stanleypackage.com\/wp-content\/uploads\/2025\/07\/Spouted-Stand-Up-Pouches-Bulk-Custom-Hand-Cream-Packaging-4.webp\" alt=\"Ausgest\u00fclpte Standbodenbeutel Bulk, individuelle Handcreme-Verpackungen-4\" class=\"wp-image-2464\" srcset=\"https:\/\/www.stanleypackage.com\/wp-content\/uploads\/2025\/07\/Spouted-Stand-Up-Pouches-Bulk-Custom-Hand-Cream-Packaging-4.webp 750w, https:\/\/www.stanleypackage.com\/wp-content\/uploads\/2025\/07\/Spouted-Stand-Up-Pouches-Bulk-Custom-Hand-Cream-Packaging-4-300x300.webp 300w, https:\/\/www.stanleypackage.com\/wp-content\/uploads\/2025\/07\/Spouted-Stand-Up-Pouches-Bulk-Custom-Hand-Cream-Packaging-4-150x150.webp 150w, https:\/\/www.stanleypackage.com\/wp-content\/uploads\/2025\/07\/Spouted-Stand-Up-Pouches-Bulk-Custom-Hand-Cream-Packaging-4-12x12.webp 12w, https:\/\/www.stanleypackage.com\/wp-content\/uploads\/2025\/07\/Spouted-Stand-Up-Pouches-Bulk-Custom-Hand-Cream-Packaging-4-600x600.webp 600w, https:\/\/www.stanleypackage.com\/wp-content\/uploads\/2025\/07\/Spouted-Stand-Up-Pouches-Bulk-Custom-Hand-Cream-Packaging-4-100x100.webp 100w\" sizes=\"(max-width: 750px) 100vw, 750px\" \/><\/figure>\n<\/div>\n<\/div>\n<\/div>\n<\/div>","protected":false},"excerpt":{"rendered":"<p>Willkommen zum Kauf von l\u00f6ffelf\u00f6rmigen Standbodenbeuteln in gro\u00dfen Mengen. Dieser Handcremebeutel mit mattem Farbverlauf hat eine weiche Textur und einen starken visuellen Reiz. Es unterst\u00fctzt die Massenanpassung und kombiniert Praktikabilit\u00e4t mit Markenausdruck.<\/p>\n<table style=\"border-collapse: collapse; width: 334.02pt;\" border=\"0\" width=\"334\" cellspacing=\"0\" cellpadding=\"0\">\n<tbody>\n<tr style=\"height: 16.00pt;\">\n<td class=\"et2\" style=\"height: 16.00pt; width: 97.50pt;\" width=\"97\" height=\"16\">Hersteller<\/td>\n<td class=\"et2\" style=\"width: 236.80pt;\" width=\"236\">Stanley<\/td>\n<\/tr>\n<tr style=\"height: 16.00pt;\">\n<td class=\"et2\" style=\"height: 16.00pt; width: 97.50pt;\" width=\"97\" height=\"16\">Arten von Beuteln<\/td>\n<td class=\"et3\">Ausgie\u00dfertasche, Stand Up Pouch<\/td>\n<\/tr>\n<tr style=\"height: 16.00pt;\">\n<td class=\"et2\" style=\"height: 16.00pt; width: 97.50pt;\" width=\"97\" height=\"16\">Material<\/td>\n<td class=\"et2\" style=\"width: 236.80pt;\" width=\"236\">PET15\/AL7\/PE100<\/td>\n<\/tr>\n<tr style=\"height: 16.00pt;\">\n<td class=\"et2\" style=\"height: 16.00pt; width: 97.50pt;\" width=\"97\" height=\"16\">Besonderes Merkmal<\/td>\n<td class=\"et2\" style=\"width: 236.80pt;\" width=\"236\">Ausguss, selbststehender Boden<\/td>\n<\/tr>\n<tr style=\"height: 16.00pt;\">\n<td class=\"et2\" style=\"height: 16.00pt; width: 97.50pt;\" width=\"97\" height=\"16\">Handhabung der Oberfl\u00e4che<\/td>\n<td class=\"et2\" style=\"width: 236.80pt;\" width=\"236\">Tiefdruck<\/td>\n<\/tr>\n<tr style=\"height: 16.00pt;\">\n<td class=\"et2\" style=\"height: 16.00pt; width: 97.50pt;\" width=\"97\" height=\"16\">Farbe<\/td>\n<td class=\"et2\" style=\"width: 236.80pt;\" width=\"236\">Bis zu 10 Farben<\/td>\n<\/tr>\n<tr style=\"height: 16.00pt;\">\n<td class=\"et2\" style=\"height: 16.00pt; width: 97.50pt;\" width=\"97\" height=\"16\">Verwendung<\/td>\n<td class=\"et3\">Handcreme, Gesichtscreme, K\u00f6rperlotion<\/td>\n<\/tr>\n<tr style=\"height: 16.00pt;\">\n<td class=\"et2\" style=\"height: 16.00pt; width: 97.50pt;\" width=\"97\" height=\"16\">MOQ<\/td>\n<td class=\"et2\" style=\"width: 236.80pt;\" width=\"236\">50.000 St\u00fcck<\/td>\n<\/tr>\n<tr style=\"height: 16.00pt;\">\n<td class=\"et2\" style=\"height: 16.00pt; width: 97.50pt;\" width=\"97\" height=\"16\">Individuelle Bestellung<\/td>\n<td class=\"et2\" style=\"width: 236.80pt;\" width=\"236\">Akzeptieren Sie OEM &amp; ODM, unterst\u00fctzen Sie freie Probe<\/td>\n<\/tr>\n<\/tbody>\n<\/table>","protected":false},"featured_media":2461,"comment_status":"closed","ping_status":"closed","template":"","meta":{"_acf_changed":false},"product_brand":[],"product_cat":[32,30],"product_tag":[],"class_list":{"0":"post-2460","1":"product","2":"type-product","3":"status-publish","4":"has-post-thumbnail","6":"product_cat-spout-pouch-manufacturer","7":"product_cat-stand-up-pouch-manufacturer","8":"pa_non-food-packaging-cosmetic-packaging-pouches","10":"first","11":"instock","12":"shipping-taxable","13":"product-type-simple"},"acf":[],"_links":{"self":[{"href":"https:\/\/www.stanleypackage.com\/de\/wp-json\/wp\/v2\/product\/2460","targetHints":{"allow":["GET"]}}],"collection":[{"href":"https:\/\/www.stanleypackage.com\/de\/wp-json\/wp\/v2\/product"}],"about":[{"href":"https:\/\/www.stanleypackage.com\/de\/wp-json\/wp\/v2\/types\/product"}],"replies":[{"embeddable":true,"href":"https:\/\/www.stanleypackage.com\/de\/wp-json\/wp\/v2\/comments?post=2460"}],"wp:featuredmedia":[{"embeddable":true,"href":"https:\/\/www.stanleypackage.com\/de\/wp-json\/wp\/v2\/media\/2461"}],"wp:attachment":[{"href":"https:\/\/www.stanleypackage.com\/de\/wp-json\/wp\/v2\/media?parent=2460"}],"wp:term":[{"taxonomy":"product_brand","embeddable":true,"href":"https:\/\/www.stanleypackage.com\/de\/wp-json\/wp\/v2\/product_brand?post=2460"},{"taxonomy":"product_cat","embeddable":true,"href":"https:\/\/www.stanleypackage.com\/de\/wp-json\/wp\/v2\/product_cat?post=2460"},{"taxonomy":"product_tag","embeddable":true,"href":"https:\/\/www.stanleypackage.com\/de\/wp-json\/wp\/v2\/product_tag?post=2460"}],"curies":[{"name":"wp","href":"https:\/\/api.w.org\/{rel}","templated":true}]}}