{"id":2466,"date":"2025-07-21T06:44:27","date_gmt":"2025-07-21T06:44:27","guid":{"rendered":"https:\/\/www.stanleypackage.com\/?post_type=product&#038;p=2466"},"modified":"2025-07-21T06:55:46","modified_gmt":"2025-07-21T06:55:46","slug":"wholesale-liquid-pouch-packaging","status":"publish","type":"product","link":"https:\/\/www.stanleypackage.com\/de\/product\/wholesale-liquid-pouch-packaging\/","title":{"rendered":"Gro\u00dfhandel Fl\u00fcssigkeit Beutel Verpackung, benutzerdefinierte Shampoo-Beutel"},"content":{"rendered":"<div class=\"wp-block-columns is-layout-flex wp-container-core-columns-is-layout-9d6595d7 wp-block-columns-is-layout-flex\">\n<div class=\"wp-block-column is-layout-flow wp-block-column-is-layout-flow\">\n<h2 class=\"wp-block-heading\">Merkmale der Gro\u00dfhandel Fl\u00fcssigkeit Beutel Verpackung<\/h2>\n\n\n\n<ul class=\"wp-block-list\">\n<li><strong>Luxuri\u00f6ses Finish mit gl\u00e4nzendem Erscheinungsbild: <\/strong>Die hochgl\u00e4nzende Oberfl\u00e4che dieser Gro\u00dfhandelsverpackung f\u00fcr Fl\u00fcssigkeitsbeutel verleiht der Verpackung einen brillanten Glanz, eine gute visuelle Anziehungskraft, eine verbesserte Regalpr\u00e4senz und eine hervorgehobene Luxusqualit\u00e4t.<\/li>\n\n\n\n<li><strong>Auff\u00e4llige goldene T\u00fclle und Kappe: <\/strong>Diese kundenspezifischen Shampoo-Beutel sind mit einer goldenen T\u00fclle und einem goldenen Verschluss ausgestattet, was das Gesamtbild der Verpackung aufwertet und den ersten Eindruck der Verbraucher verbessert.<\/li>\n\n\n\n<li><strong>Einzigartiges flaschenf\u00f6rmiges Design: <\/strong>Unsere Gro\u00dfhandels-Fl\u00fcssigkeitsbeutelverpackungen haben eine unregelm\u00e4\u00dfige Flaschenstruktur, die mit dem traditionellen Erscheinungsbild von Beuteln bricht und sowohl erkennbar als auch leicht zu greifen und zu verwenden ist.<\/li>\n\n\n\n<li><strong>Strapazierf\u00e4higes mehrschichtiges Material: <\/strong>Die dreischichtige Struktur (PET12\/PET12\/MBPE85) dieses kundenspezifischen Shampoo-Beutels hat eine gute Steifigkeit, Haltbarkeit und Versiegelung und eignet sich f\u00fcr mittel- und hochviskose Fl\u00fcssigkeiten wie Shampoo und Duschgel.<\/li>\n\n\n\n<li><strong>Anpassbar und f\u00fcr den Gro\u00dfhandel geeignet: <\/strong>Unsere Gro\u00dfhandels-Fl\u00fcssigkeitsbeutelverpackungen unterst\u00fctzen kundenspezifische Druckmuster, LOGO, Fassungsverm\u00f6gen und strukturelle Details, die f\u00fcr die Massenproduktion geeignet sind und Marken helfen, personalisierte Verpackungsl\u00f6sungen zu schaffen.<\/li>\n<\/ul>\n\n\n\n<div class=\"wp-block-columns is-layout-flex wp-container-core-columns-is-layout-9d6595d7 wp-block-columns-is-layout-flex\">\n<div class=\"wp-block-column is-layout-flow wp-block-column-is-layout-flow\">\n<figure class=\"wp-block-image size-full\"><img decoding=\"async\" width=\"750\" height=\"750\" src=\"https:\/\/www.stanleypackage.com\/wp-content\/uploads\/2025\/07\/Wholesale-Liquid-Pouch-Packaging-Custom-Shampoo-Pouches-4.webp\" alt=\"Gro\u00dfhandel Fl\u00fcssigkeit Beutel Verpackung, benutzerdefinierte Shampoo-Beutel-4\" class=\"wp-image-2470\" srcset=\"https:\/\/www.stanleypackage.com\/wp-content\/uploads\/2025\/07\/Wholesale-Liquid-Pouch-Packaging-Custom-Shampoo-Pouches-4.webp 750w, https:\/\/www.stanleypackage.com\/wp-content\/uploads\/2025\/07\/Wholesale-Liquid-Pouch-Packaging-Custom-Shampoo-Pouches-4-300x300.webp 300w, https:\/\/www.stanleypackage.com\/wp-content\/uploads\/2025\/07\/Wholesale-Liquid-Pouch-Packaging-Custom-Shampoo-Pouches-4-150x150.webp 150w, https:\/\/www.stanleypackage.com\/wp-content\/uploads\/2025\/07\/Wholesale-Liquid-Pouch-Packaging-Custom-Shampoo-Pouches-4-12x12.webp 12w, https:\/\/www.stanleypackage.com\/wp-content\/uploads\/2025\/07\/Wholesale-Liquid-Pouch-Packaging-Custom-Shampoo-Pouches-4-600x600.webp 600w, https:\/\/www.stanleypackage.com\/wp-content\/uploads\/2025\/07\/Wholesale-Liquid-Pouch-Packaging-Custom-Shampoo-Pouches-4-100x100.webp 100w\" sizes=\"(max-width: 750px) 100vw, 750px\" \/><\/figure>\n<\/div>\n\n\n\n<div class=\"wp-block-column is-layout-flow wp-block-column-is-layout-flow\">\n<figure class=\"wp-block-image size-full\"><img decoding=\"async\" width=\"750\" height=\"750\" src=\"https:\/\/www.stanleypackage.com\/wp-content\/uploads\/2025\/07\/Wholesale-Liquid-Pouch-Packaging-Custom-Shampoo-Pouches-2.webp\" alt=\"Gro\u00dfhandel Fl\u00fcssigkeit Beutel Verpackung, benutzerdefinierte Shampoo Beutel-2\" class=\"wp-image-2468\" srcset=\"https:\/\/www.stanleypackage.com\/wp-content\/uploads\/2025\/07\/Wholesale-Liquid-Pouch-Packaging-Custom-Shampoo-Pouches-2.webp 750w, https:\/\/www.stanleypackage.com\/wp-content\/uploads\/2025\/07\/Wholesale-Liquid-Pouch-Packaging-Custom-Shampoo-Pouches-2-300x300.webp 300w, https:\/\/www.stanleypackage.com\/wp-content\/uploads\/2025\/07\/Wholesale-Liquid-Pouch-Packaging-Custom-Shampoo-Pouches-2-150x150.webp 150w, https:\/\/www.stanleypackage.com\/wp-content\/uploads\/2025\/07\/Wholesale-Liquid-Pouch-Packaging-Custom-Shampoo-Pouches-2-12x12.webp 12w, https:\/\/www.stanleypackage.com\/wp-content\/uploads\/2025\/07\/Wholesale-Liquid-Pouch-Packaging-Custom-Shampoo-Pouches-2-600x600.webp 600w, https:\/\/www.stanleypackage.com\/wp-content\/uploads\/2025\/07\/Wholesale-Liquid-Pouch-Packaging-Custom-Shampoo-Pouches-2-100x100.webp 100w\" sizes=\"(max-width: 750px) 100vw, 750px\" \/><\/figure>\n<\/div>\n<\/div>\n<\/div>\n<\/div>","protected":false},"excerpt":{"rendered":"<p>Willkommen im Gro\u00dfhandel Fl\u00fcssigkeit Beutel Verpackung zu kaufen. Diese benutzerdefinierte Shampoo-Beutel ist mit einer goldenen D\u00fcse und Flaschendeckel ausgestattet, und die gesamte unregelm\u00e4\u00dfige Flasche Design ist einzigartig und leicht zu tragen. Unterst\u00fctzt volle Anpassung.<\/p>\n<table style=\"border-collapse: collapse; width: 334.02pt;\" border=\"0\" width=\"334\" cellspacing=\"0\" cellpadding=\"0\">\n<tbody>\n<tr style=\"height: 16.00pt;\">\n<td class=\"et2\" style=\"height: 16.00pt; width: 97.50pt;\" width=\"97\" height=\"16\">Hersteller<\/td>\n<td class=\"et2\" style=\"width: 236.80pt;\" width=\"236\">Stanley<\/td>\n<\/tr>\n<tr style=\"height: 16.00pt;\">\n<td class=\"et2\" style=\"height: 16.00pt; width: 97.50pt;\" width=\"97\" height=\"16\">Arten von Beuteln<\/td>\n<td class=\"et3\">Ausgie\u00dferbeutel, Standbeutel, geformter Beutel<\/td>\n<\/tr>\n<tr style=\"height: 16.00pt;\">\n<td class=\"et2\" style=\"height: 16.00pt; width: 97.50pt;\" width=\"97\" height=\"16\">Material<\/td>\n<td class=\"et2\" style=\"width: 236.80pt;\" width=\"236\">PET12\/PET12\/MBPE85<\/td>\n<\/tr>\n<tr style=\"height: 16.00pt;\">\n<td class=\"et2\" style=\"height: 16.00pt; width: 97.50pt;\" width=\"97\" height=\"16\">Besonderes Merkmal<\/td>\n<td class=\"et2\" style=\"width: 236.80pt;\" width=\"236\">Ausguss, selbststehender Boden, unregelm\u00e4\u00dfige Form<\/td>\n<\/tr>\n<tr style=\"height: 16.00pt;\">\n<td class=\"et2\" style=\"height: 16.00pt; width: 97.50pt;\" width=\"97\" height=\"16\">Handhabung der Oberfl\u00e4che<\/td>\n<td class=\"et2\" style=\"width: 236.80pt;\" width=\"236\">Tiefdruck<\/td>\n<\/tr>\n<tr style=\"height: 16.00pt;\">\n<td class=\"et2\" style=\"height: 16.00pt; width: 97.50pt;\" width=\"97\" height=\"16\">Farbe<\/td>\n<td class=\"et2\" style=\"width: 236.80pt;\" width=\"236\">Bis zu 10 Farben<\/td>\n<\/tr>\n<tr style=\"height: 16.00pt;\">\n<td class=\"et2\" style=\"height: 16.00pt; width: 97.50pt;\" width=\"97\" height=\"16\">Verwendung<\/td>\n<td class=\"et2\" style=\"width: 236.80pt;\" width=\"236\">Shampoo, K\u00f6rperw\u00e4sche, Handw\u00e4sche, Pflegemittel<\/td>\n<\/tr>\n<tr style=\"height: 16.00pt;\">\n<td class=\"et2\" style=\"height: 16.00pt; width: 97.50pt;\" width=\"97\" height=\"16\">MOQ<\/td>\n<td class=\"et2\" style=\"width: 236.80pt;\" width=\"236\">50.000 St\u00fcck<\/td>\n<\/tr>\n<tr style=\"height: 16.00pt;\">\n<td class=\"et2\" style=\"height: 16.00pt; width: 97.50pt;\" width=\"97\" height=\"16\">Individuelle Bestellung<\/td>\n<td class=\"et2\" style=\"width: 236.80pt;\" width=\"236\">Akzeptieren Sie OEM &amp; ODM, unterst\u00fctzen Sie freie Probe<\/td>\n<\/tr>\n<\/tbody>\n<\/table>\n<p>&nbsp;<\/p>","protected":false},"featured_media":2467,"comment_status":"closed","ping_status":"closed","template":"","meta":{"_acf_changed":false},"product_brand":[],"product_cat":[32,30,22],"product_tag":[],"class_list":{"0":"post-2466","1":"product","2":"type-product","3":"status-publish","4":"has-post-thumbnail","6":"product_cat-spout-pouch-manufacturer","7":"product_cat-stand-up-pouch-manufacturer","8":"product_cat-shaped-pouches-factory","9":"pa_non-food-packaging-soap-detergent-pouches","11":"first","12":"instock","13":"shipping-taxable","14":"product-type-simple"},"acf":[],"_links":{"self":[{"href":"https:\/\/www.stanleypackage.com\/de\/wp-json\/wp\/v2\/product\/2466","targetHints":{"allow":["GET"]}}],"collection":[{"href":"https:\/\/www.stanleypackage.com\/de\/wp-json\/wp\/v2\/product"}],"about":[{"href":"https:\/\/www.stanleypackage.com\/de\/wp-json\/wp\/v2\/types\/product"}],"replies":[{"embeddable":true,"href":"https:\/\/www.stanleypackage.com\/de\/wp-json\/wp\/v2\/comments?post=2466"}],"wp:featuredmedia":[{"embeddable":true,"href":"https:\/\/www.stanleypackage.com\/de\/wp-json\/wp\/v2\/media\/2467"}],"wp:attachment":[{"href":"https:\/\/www.stanleypackage.com\/de\/wp-json\/wp\/v2\/media?parent=2466"}],"wp:term":[{"taxonomy":"product_brand","embeddable":true,"href":"https:\/\/www.stanleypackage.com\/de\/wp-json\/wp\/v2\/product_brand?post=2466"},{"taxonomy":"product_cat","embeddable":true,"href":"https:\/\/www.stanleypackage.com\/de\/wp-json\/wp\/v2\/product_cat?post=2466"},{"taxonomy":"product_tag","embeddable":true,"href":"https:\/\/www.stanleypackage.com\/de\/wp-json\/wp\/v2\/product_tag?post=2466"}],"curies":[{"name":"wp","href":"https:\/\/api.w.org\/{rel}","templated":true}]}}