{"id":2485,"date":"2025-07-26T09:09:30","date_gmt":"2025-07-26T09:09:30","guid":{"rendered":"https:\/\/www.stanleypackage.com\/?post_type=product&#038;p=2485"},"modified":"2025-07-26T09:28:32","modified_gmt":"2025-07-26T09:28:32","slug":"custom-plastic-pouch-with-spout","status":"publish","type":"product","link":"https:\/\/www.stanleypackage.com\/de\/product\/custom-plastic-pouch-with-spout\/","title":{"rendered":"Individueller Kunststoffbeutel mit Ausguss und Aufh\u00e4ngeloch f\u00fcr Sonnencreme"},"content":{"rendered":"<div class=\"wp-block-columns is-layout-flex wp-container-core-columns-is-layout-9d6595d7 wp-block-columns-is-layout-flex\">\n<div class=\"wp-block-column is-layout-flow wp-block-column-is-layout-flow\">\n<h2 class=\"wp-block-heading\">Merkmale von Custom Plastic Pouch mit Ausgie\u00dfer<\/h2>\n\n\n\n<ul class=\"wp-block-list\">\n<li><strong>Innovatives Design mit rundem Boden:<\/strong> Das einzigartige runde Bodendesign dieses kundenspezifischen Kunststoffbeutels mit Ausgie\u00dfer sorgt f\u00fcr einen stabileren Stand und gew\u00e4hrleistet, dass das Produkt in verschiedenen Umgebungen fest platziert werden kann.<\/li>\n\n\n\n<li><strong>Funktion der D\u00fcse und des Aufh\u00e4ngelochs:<\/strong> Die Aufh\u00e4ngelochfunktion dieser Gro\u00dfhandelsbeutelverpackung erm\u00f6glicht es, das Produkt einfach und platzsparend aufzuh\u00e4ngen, und ist praktisch f\u00fcr die Pr\u00e4sentation und Lagerung.<\/li>\n\n\n\n<li><strong>Hochwertige Materialien PET19 und MBPE90: <\/strong>Unsere kundenspezifischen Kunststoffbeutel mit Ausgie\u00dfer werden aus umweltfreundlichen und hochwertigen PET19- und MBPE90-Materialien hergestellt, die eine hohe Druck- und Rei\u00dffestigkeit aufweisen und den Inhalt wirksam sch\u00fctzen.<\/li>\n\n\n\n<li><strong>Ma\u00dfgeschneiderte Formen und Gr\u00f6\u00dfen: <\/strong>Unser Gro\u00dfhandel T\u00fcllenbeutel Verpackung kann eine Vielzahl von ma\u00dfgeschneiderten Formen und Gr\u00f6\u00dfen nach Kundenwunsch, um die Verpackung Bed\u00fcrfnisse der verschiedenen Produkte zu erf\u00fcllen.<\/li>\n\n\n\n<li><strong>Geeignet f\u00fcr alle Arten der t\u00e4glichen Pflege und Kosmetik:<\/strong> Unsere ma\u00dfgefertigten Kunststoffbeutel mit Ausgie\u00dfer sind nicht nur sch\u00f6n, sondern auch praktisch und erf\u00fcllen perfekt die Verpackungsanforderungen f\u00fcr t\u00e4gliche Hautpflegeprodukte.<\/li>\n<\/ul>\n\n\n\n<div class=\"wp-block-columns is-layout-flex wp-container-core-columns-is-layout-9d6595d7 wp-block-columns-is-layout-flex\">\n<div class=\"wp-block-column is-layout-flow wp-block-column-is-layout-flow\">\n<figure class=\"wp-block-image size-full\"><img decoding=\"async\" width=\"750\" height=\"750\" src=\"https:\/\/www.stanleypackage.com\/wp-content\/uploads\/2025\/07\/Custom-Plastic-Pouch-With-Spout-and-Hang-Hole-for-Sunscreen-3.webp\" alt=\"\" class=\"wp-image-2493\" srcset=\"https:\/\/www.stanleypackage.com\/wp-content\/uploads\/2025\/07\/Custom-Plastic-Pouch-With-Spout-and-Hang-Hole-for-Sunscreen-3.webp 750w, https:\/\/www.stanleypackage.com\/wp-content\/uploads\/2025\/07\/Custom-Plastic-Pouch-With-Spout-and-Hang-Hole-for-Sunscreen-3-300x300.webp 300w, https:\/\/www.stanleypackage.com\/wp-content\/uploads\/2025\/07\/Custom-Plastic-Pouch-With-Spout-and-Hang-Hole-for-Sunscreen-3-150x150.webp 150w, https:\/\/www.stanleypackage.com\/wp-content\/uploads\/2025\/07\/Custom-Plastic-Pouch-With-Spout-and-Hang-Hole-for-Sunscreen-3-12x12.webp 12w, https:\/\/www.stanleypackage.com\/wp-content\/uploads\/2025\/07\/Custom-Plastic-Pouch-With-Spout-and-Hang-Hole-for-Sunscreen-3-600x600.webp 600w, https:\/\/www.stanleypackage.com\/wp-content\/uploads\/2025\/07\/Custom-Plastic-Pouch-With-Spout-and-Hang-Hole-for-Sunscreen-3-100x100.webp 100w\" sizes=\"(max-width: 750px) 100vw, 750px\" \/><\/figure>\n<\/div>\n\n\n\n<div class=\"wp-block-column is-layout-flow wp-block-column-is-layout-flow\">\n<figure class=\"wp-block-image size-full\"><img decoding=\"async\" width=\"750\" height=\"750\" src=\"https:\/\/www.stanleypackage.com\/wp-content\/uploads\/2025\/07\/Custom-Plastic-Pouch-With-Spout-and-Hang-Hole-for-Sunscreen-2.webp\" alt=\"Individueller Kunststoffbeutel mit Ausguss und Aufh\u00e4ngeloch f\u00fcr Sonnencreme-2\" class=\"wp-image-2492\" srcset=\"https:\/\/www.stanleypackage.com\/wp-content\/uploads\/2025\/07\/Custom-Plastic-Pouch-With-Spout-and-Hang-Hole-for-Sunscreen-2.webp 750w, https:\/\/www.stanleypackage.com\/wp-content\/uploads\/2025\/07\/Custom-Plastic-Pouch-With-Spout-and-Hang-Hole-for-Sunscreen-2-300x300.webp 300w, https:\/\/www.stanleypackage.com\/wp-content\/uploads\/2025\/07\/Custom-Plastic-Pouch-With-Spout-and-Hang-Hole-for-Sunscreen-2-150x150.webp 150w, https:\/\/www.stanleypackage.com\/wp-content\/uploads\/2025\/07\/Custom-Plastic-Pouch-With-Spout-and-Hang-Hole-for-Sunscreen-2-12x12.webp 12w, https:\/\/www.stanleypackage.com\/wp-content\/uploads\/2025\/07\/Custom-Plastic-Pouch-With-Spout-and-Hang-Hole-for-Sunscreen-2-600x600.webp 600w, https:\/\/www.stanleypackage.com\/wp-content\/uploads\/2025\/07\/Custom-Plastic-Pouch-With-Spout-and-Hang-Hole-for-Sunscreen-2-100x100.webp 100w\" sizes=\"(max-width: 750px) 100vw, 750px\" \/><\/figure>\n<\/div>\n<\/div>\n<\/div>\n<\/div>","protected":false},"excerpt":{"rendered":"<p>Willkommen im Gro\u00dfhandel Spout Pouch Verpackung zu kaufen. Diese benutzerdefinierte Kunststoffbeutel mit Ausgie\u00dfer ist speziell f\u00fcr Sonnencreme, mit ausgezeichneten Lagerung und h\u00e4ngen Bequemlichkeit, so dass es eine ideale Wahl f\u00fcr Sonnenschutzmittel Verpackung konzipiert.<\/p>\n<table style=\"border-collapse: collapse; width: 334.02pt;\" border=\"0\" width=\"334\" cellspacing=\"0\" cellpadding=\"0\">\n<tbody>\n<tr style=\"height: 16.00pt;\">\n<td class=\"et2\" style=\"height: 16.00pt; width: 97.50pt;\" width=\"97\" height=\"16\">Hersteller<\/td>\n<td class=\"et2\" style=\"width: 236.80pt;\" width=\"236\">Stanley<\/td>\n<\/tr>\n<tr style=\"height: 16.00pt;\">\n<td class=\"et2\" style=\"height: 16.00pt; width: 97.50pt;\" width=\"97\" height=\"16\">Arten von Beuteln<\/td>\n<td class=\"et3\">Ausgie\u00dferbeutel, Formbeutel<\/td>\n<\/tr>\n<tr style=\"height: 16.00pt;\">\n<td class=\"et2\" style=\"height: 16.00pt; width: 97.50pt;\" width=\"97\" height=\"16\">Material<\/td>\n<td class=\"et2\" style=\"width: 236.80pt;\" width=\"236\">PET19\/MBPE90<\/td>\n<\/tr>\n<tr style=\"height: 16.00pt;\">\n<td class=\"et2\" style=\"height: 16.00pt; width: 97.50pt;\" width=\"97\" height=\"16\">Besonderes Merkmal<\/td>\n<td class=\"et2\" style=\"width: 236.80pt;\" width=\"236\">Ausguss, unregelm\u00e4\u00dfige Form, Aufh\u00e4ngeloch<\/td>\n<\/tr>\n<tr style=\"height: 16.00pt;\">\n<td class=\"et2\" style=\"height: 16.00pt; width: 97.50pt;\" width=\"97\" height=\"16\">Handhabung der Oberfl\u00e4che<\/td>\n<td class=\"et2\" style=\"width: 236.80pt;\" width=\"236\">Tiefdruck<\/td>\n<\/tr>\n<tr style=\"height: 16.00pt;\">\n<td class=\"et2\" style=\"height: 16.00pt; width: 97.50pt;\" width=\"97\" height=\"16\">Farbe<\/td>\n<td class=\"et2\" style=\"width: 236.80pt;\" width=\"236\">Bis zu 10 Farben<\/td>\n<\/tr>\n<tr style=\"height: 16.00pt;\">\n<td class=\"et2\" style=\"height: 16.00pt; width: 97.50pt;\" width=\"97\" height=\"16\">Verwendung<\/td>\n<td>Shampoo, Duschgel, Creme, Lotion<\/td>\n<\/tr>\n<tr style=\"height: 16.00pt;\">\n<td class=\"et2\" style=\"height: 16.00pt; width: 97.50pt;\" width=\"97\" height=\"16\">MOQ<\/td>\n<td class=\"et2\" style=\"width: 236.80pt;\" width=\"236\">50.000 St\u00fcck<\/td>\n<\/tr>\n<tr style=\"height: 16.00pt;\">\n<td class=\"et2\" style=\"height: 16.00pt; width: 97.50pt;\" width=\"97\" height=\"16\">Individuelle Bestellung<\/td>\n<td class=\"et2\" style=\"width: 236.80pt;\" width=\"236\">Akzeptieren Sie OEM &amp; ODM, unterst\u00fctzen Sie freie Probe<\/td>\n<\/tr>\n<\/tbody>\n<\/table>\n<p>&nbsp;<\/p>","protected":false},"featured_media":2494,"comment_status":"closed","ping_status":"closed","template":"","meta":{"_acf_changed":false},"product_brand":[],"product_cat":[32,22],"product_tag":[],"class_list":{"0":"post-2485","1":"product","2":"type-product","3":"status-publish","4":"has-post-thumbnail","6":"product_cat-spout-pouch-manufacturer","7":"product_cat-shaped-pouches-factory","8":"pa_non-food-packaging-cosmetic-packaging-pouches","10":"first","11":"instock","12":"shipping-taxable","13":"product-type-simple"},"acf":[],"_links":{"self":[{"href":"https:\/\/www.stanleypackage.com\/de\/wp-json\/wp\/v2\/product\/2485","targetHints":{"allow":["GET"]}}],"collection":[{"href":"https:\/\/www.stanleypackage.com\/de\/wp-json\/wp\/v2\/product"}],"about":[{"href":"https:\/\/www.stanleypackage.com\/de\/wp-json\/wp\/v2\/types\/product"}],"replies":[{"embeddable":true,"href":"https:\/\/www.stanleypackage.com\/de\/wp-json\/wp\/v2\/comments?post=2485"}],"wp:featuredmedia":[{"embeddable":true,"href":"https:\/\/www.stanleypackage.com\/de\/wp-json\/wp\/v2\/media\/2494"}],"wp:attachment":[{"href":"https:\/\/www.stanleypackage.com\/de\/wp-json\/wp\/v2\/media?parent=2485"}],"wp:term":[{"taxonomy":"product_brand","embeddable":true,"href":"https:\/\/www.stanleypackage.com\/de\/wp-json\/wp\/v2\/product_brand?post=2485"},{"taxonomy":"product_cat","embeddable":true,"href":"https:\/\/www.stanleypackage.com\/de\/wp-json\/wp\/v2\/product_cat?post=2485"},{"taxonomy":"product_tag","embeddable":true,"href":"https:\/\/www.stanleypackage.com\/de\/wp-json\/wp\/v2\/product_tag?post=2485"}],"curies":[{"name":"wp","href":"https:\/\/api.w.org\/{rel}","templated":true}]}}