{"id":2496,"date":"2025-07-26T09:28:54","date_gmt":"2025-07-26T09:28:54","guid":{"rendered":"https:\/\/www.stanleypackage.com\/?post_type=product&#038;p=2496"},"modified":"2025-07-26T09:42:24","modified_gmt":"2025-07-26T09:42:24","slug":"bulk-stand-up-pouches","status":"publish","type":"product","link":"https:\/\/www.stanleypackage.com\/de\/product\/bulk-stand-up-pouches\/","title":{"rendered":"Bulk Stand Up Pouches mit Ausgie\u00dfer, Reise-Shampoo-Verpackungen"},"content":{"rendered":"<div class=\"wp-block-columns is-layout-flex wp-container-core-columns-is-layout-9d6595d7 wp-block-columns-is-layout-flex\">\n<div class=\"wp-block-column is-layout-flow wp-block-column-is-layout-flow\">\n<h2 class=\"wp-block-heading\">Merkmale von Bulk Stand Up Pouches<\/h2>\n\n\n\n<ul class=\"wp-block-list\">\n<li><strong>Langlebiger und umweltfreundlicher Verbundwerkstoff:<\/strong> Diese Standbodenbeutel verwenden das dreischichtige Verbundmaterial Matte PET15\/AL7\/PE100, das feuchtigkeitsbest\u00e4ndig, lichtbest\u00e4ndig und langlebig ist und die Fl\u00fcssigkeit im Inneren wirksam vor der \u00e4u\u00dferen Umgebung sch\u00fctzt.<\/li>\n\n\n\n<li><strong>Das Design der D\u00fcse ist bequem zu bedienen: <\/strong>Das D\u00fcsendesign dieses ma\u00dfgeschneiderten Standbeutels erm\u00f6glicht eine genaue Kontrolle der jeweils verbrauchten Menge, wodurch Abfall vermieden wird und die Hygiene verbessert wird.<\/li>\n\n\n\n<li><strong>Das Design der Standtasche spart Platz: <\/strong>Diese gro\u00dfen Standbeutel lassen sich leicht ausstellen, aufbewahren und transportieren und eignen sich besonders f\u00fcr Reisen und den Einzelhandel.<\/li>\n\n\n\n<li><strong>Ma\u00dfgeschneiderter Service erf\u00fcllt Bed\u00fcrfnisse:<\/strong> Wir bieten eine Vielzahl von Anpassungsm\u00f6glichkeiten f\u00fcr kundenspezifische Ausgie\u00dferbeutel und k\u00f6nnen verschiedene Formen, Gr\u00f6\u00dfen und Druckmuster entsprechend den Kundenbed\u00fcrfnissen entwerfen, um die Personalisierung der Marke und die Wettbewerbsf\u00e4higkeit auf dem Markt zu verbessern.<\/li>\n\n\n\n<li><strong>Geeignet f\u00fcr eine Vielzahl von fl\u00fcssigen Pflegeprodukten:<\/strong> Unsere gro\u00dfvolumigen Standbeutel mit Ausgie\u00dfer eignen sich f\u00fcr den Verpackungsbedarf von Reise-, Hotel- und t\u00e4glichen Pflegeprodukten.<\/li>\n<\/ul>\n\n\n\n<div class=\"wp-block-columns is-layout-flex wp-container-core-columns-is-layout-9d6595d7 wp-block-columns-is-layout-flex\">\n<div class=\"wp-block-column is-layout-flow wp-block-column-is-layout-flow\">\n<figure class=\"wp-block-image size-full\"><img decoding=\"async\" width=\"750\" height=\"750\" src=\"https:\/\/www.stanleypackage.com\/wp-content\/uploads\/2025\/07\/Bulk-Stand-Up-Pouches-with-Spout-Travel-Shampoo-Packaging-1.webp\" alt=\"Bulk Stand Up Pouches mit Ausgie\u00dfer, Travel Shampoo Packaging-1\" class=\"wp-image-2497\" srcset=\"https:\/\/www.stanleypackage.com\/wp-content\/uploads\/2025\/07\/Bulk-Stand-Up-Pouches-with-Spout-Travel-Shampoo-Packaging-1.webp 750w, https:\/\/www.stanleypackage.com\/wp-content\/uploads\/2025\/07\/Bulk-Stand-Up-Pouches-with-Spout-Travel-Shampoo-Packaging-1-300x300.webp 300w, https:\/\/www.stanleypackage.com\/wp-content\/uploads\/2025\/07\/Bulk-Stand-Up-Pouches-with-Spout-Travel-Shampoo-Packaging-1-150x150.webp 150w, https:\/\/www.stanleypackage.com\/wp-content\/uploads\/2025\/07\/Bulk-Stand-Up-Pouches-with-Spout-Travel-Shampoo-Packaging-1-12x12.webp 12w, https:\/\/www.stanleypackage.com\/wp-content\/uploads\/2025\/07\/Bulk-Stand-Up-Pouches-with-Spout-Travel-Shampoo-Packaging-1-600x600.webp 600w, https:\/\/www.stanleypackage.com\/wp-content\/uploads\/2025\/07\/Bulk-Stand-Up-Pouches-with-Spout-Travel-Shampoo-Packaging-1-100x100.webp 100w\" sizes=\"(max-width: 750px) 100vw, 750px\" \/><\/figure>\n<\/div>\n\n\n\n<div class=\"wp-block-column is-layout-flow wp-block-column-is-layout-flow\">\n<figure class=\"wp-block-image size-full\"><img decoding=\"async\" width=\"750\" height=\"750\" src=\"https:\/\/www.stanleypackage.com\/wp-content\/uploads\/2025\/07\/Bulk-Stand-Up-Pouches-with-Spout-Travel-Shampoo-Packaging-2.webp\" alt=\"Bulk Stand Up Pouches mit Ausgie\u00dfer, Travel Shampoo Packaging-2\" class=\"wp-image-2498\" srcset=\"https:\/\/www.stanleypackage.com\/wp-content\/uploads\/2025\/07\/Bulk-Stand-Up-Pouches-with-Spout-Travel-Shampoo-Packaging-2.webp 750w, https:\/\/www.stanleypackage.com\/wp-content\/uploads\/2025\/07\/Bulk-Stand-Up-Pouches-with-Spout-Travel-Shampoo-Packaging-2-300x300.webp 300w, https:\/\/www.stanleypackage.com\/wp-content\/uploads\/2025\/07\/Bulk-Stand-Up-Pouches-with-Spout-Travel-Shampoo-Packaging-2-150x150.webp 150w, https:\/\/www.stanleypackage.com\/wp-content\/uploads\/2025\/07\/Bulk-Stand-Up-Pouches-with-Spout-Travel-Shampoo-Packaging-2-12x12.webp 12w, https:\/\/www.stanleypackage.com\/wp-content\/uploads\/2025\/07\/Bulk-Stand-Up-Pouches-with-Spout-Travel-Shampoo-Packaging-2-600x600.webp 600w, https:\/\/www.stanleypackage.com\/wp-content\/uploads\/2025\/07\/Bulk-Stand-Up-Pouches-with-Spout-Travel-Shampoo-Packaging-2-100x100.webp 100w\" sizes=\"(max-width: 750px) 100vw, 750px\" \/><\/figure>\n<\/div>\n<\/div>\n<\/div>\n<\/div>","protected":false},"excerpt":{"rendered":"<p>Willkommen zum Kauf von Standbodenbeuteln in gro\u00dfen Mengen. Diese benutzerdefinierte Standbodenbeutel mit T\u00fclle Design ist f\u00fcr Reisegr\u00f6\u00dfe Shampoo, Duschgel und Conditioner und andere fl\u00fcssige Pflegeprodukte, die bequem zu bedienen und leicht zu tragen ist konzipiert.<\/p>\n<table style=\"border-collapse: collapse; width: 334.02pt;\" border=\"0\" width=\"334\" cellspacing=\"0\" cellpadding=\"0\">\n<tbody>\n<tr style=\"height: 16.00pt;\">\n<td class=\"et2\" style=\"height: 16.00pt; width: 97.50pt;\" width=\"97\" height=\"16\">Hersteller<\/td>\n<td class=\"et2\" style=\"width: 236.80pt;\" width=\"236\">Stanley<\/td>\n<\/tr>\n<tr style=\"height: 16.00pt;\">\n<td class=\"et2\" style=\"height: 16.00pt; width: 97.50pt;\" width=\"97\" height=\"16\">Arten von Beuteln<\/td>\n<td class=\"et3\">Ausgie\u00dfertasche, Stand Up Pouch<\/td>\n<\/tr>\n<tr style=\"height: 16.00pt;\">\n<td class=\"et2\" style=\"height: 16.00pt; width: 97.50pt;\" width=\"97\" height=\"16\">Material<\/td>\n<td class=\"et2\" style=\"width: 236.80pt;\" width=\"236\">Mattes PET15\/AL7\/PE100<\/td>\n<\/tr>\n<tr style=\"height: 16.00pt;\">\n<td class=\"et2\" style=\"height: 16.00pt; width: 97.50pt;\" width=\"97\" height=\"16\">Besonderes Merkmal<\/td>\n<td class=\"et2\" style=\"width: 236.80pt;\" width=\"236\">Ausguss, stehender Boden<\/td>\n<\/tr>\n<tr style=\"height: 16.00pt;\">\n<td class=\"et2\" style=\"height: 16.00pt; width: 97.50pt;\" width=\"97\" height=\"16\">Handhabung der Oberfl\u00e4che<\/td>\n<td class=\"et2\" style=\"width: 236.80pt;\" width=\"236\">Tiefdruck<\/td>\n<\/tr>\n<tr style=\"height: 16.00pt;\">\n<td class=\"et2\" style=\"height: 16.00pt; width: 97.50pt;\" width=\"97\" height=\"16\">Farbe<\/td>\n<td class=\"et2\" style=\"width: 236.80pt;\" width=\"236\">Bis zu 10 Farben<\/td>\n<\/tr>\n<tr style=\"height: 16.00pt;\">\n<td class=\"et2\" style=\"height: 16.00pt; width: 97.50pt;\" width=\"97\" height=\"16\">Verwendung<\/td>\n<td>Shampoo, Duschgel, Creme, Lotion<\/td>\n<\/tr>\n<tr style=\"height: 16.00pt;\">\n<td class=\"et2\" style=\"height: 16.00pt; width: 97.50pt;\" width=\"97\" height=\"16\">MOQ<\/td>\n<td class=\"et2\" style=\"width: 236.80pt;\" width=\"236\">50.000 St\u00fcck<\/td>\n<\/tr>\n<tr style=\"height: 16.00pt;\">\n<td class=\"et2\" style=\"height: 16.00pt; width: 97.50pt;\" width=\"97\" height=\"16\">Individuelle Bestellung<\/td>\n<td class=\"et2\" style=\"width: 236.80pt;\" width=\"236\">Akzeptieren Sie OEM &amp; ODM, unterst\u00fctzen Sie freie Probe<\/td>\n<\/tr>\n<\/tbody>\n<\/table>\n<p>&nbsp;<\/p>","protected":false},"featured_media":2502,"comment_status":"closed","ping_status":"closed","template":"","meta":{"_acf_changed":false},"product_brand":[],"product_cat":[32,30],"product_tag":[],"class_list":{"0":"post-2496","1":"product","2":"type-product","3":"status-publish","4":"has-post-thumbnail","6":"product_cat-spout-pouch-manufacturer","7":"product_cat-stand-up-pouch-manufacturer","8":"pa_non-food-packaging-soap-detergent-pouches","9":"pa_non-food-packaging-hotel-supplies-packaging","11":"first","12":"instock","13":"shipping-taxable","14":"product-type-simple"},"acf":[],"_links":{"self":[{"href":"https:\/\/www.stanleypackage.com\/de\/wp-json\/wp\/v2\/product\/2496","targetHints":{"allow":["GET"]}}],"collection":[{"href":"https:\/\/www.stanleypackage.com\/de\/wp-json\/wp\/v2\/product"}],"about":[{"href":"https:\/\/www.stanleypackage.com\/de\/wp-json\/wp\/v2\/types\/product"}],"replies":[{"embeddable":true,"href":"https:\/\/www.stanleypackage.com\/de\/wp-json\/wp\/v2\/comments?post=2496"}],"wp:featuredmedia":[{"embeddable":true,"href":"https:\/\/www.stanleypackage.com\/de\/wp-json\/wp\/v2\/media\/2502"}],"wp:attachment":[{"href":"https:\/\/www.stanleypackage.com\/de\/wp-json\/wp\/v2\/media?parent=2496"}],"wp:term":[{"taxonomy":"product_brand","embeddable":true,"href":"https:\/\/www.stanleypackage.com\/de\/wp-json\/wp\/v2\/product_brand?post=2496"},{"taxonomy":"product_cat","embeddable":true,"href":"https:\/\/www.stanleypackage.com\/de\/wp-json\/wp\/v2\/product_cat?post=2496"},{"taxonomy":"product_tag","embeddable":true,"href":"https:\/\/www.stanleypackage.com\/de\/wp-json\/wp\/v2\/product_tag?post=2496"}],"curies":[{"name":"wp","href":"https:\/\/api.w.org\/{rel}","templated":true}]}}