{"id":2511,"date":"2025-08-12T01:24:45","date_gmt":"2025-08-12T01:24:45","guid":{"rendered":"https:\/\/www.stanleypackage.com\/?post_type=product&#038;p=2511"},"modified":"2025-08-12T01:36:24","modified_gmt":"2025-08-12T01:36:24","slug":"stand-up-zip-pouches-wholesale","status":"publish","type":"product","link":"https:\/\/www.stanleypackage.com\/de\/product\/stand-up-zip-pouches-wholesale\/","title":{"rendered":"Stand Up Zip Pouches Gro\u00dfhandel, benutzerdefinierte Haferflocken Verpackung Tasche"},"content":{"rendered":"<div class=\"wp-block-columns is-layout-flex wp-container-core-columns-is-layout-9d6595d7 wp-block-columns-is-layout-flex\">\n<div class=\"wp-block-column is-layout-flow wp-block-column-is-layout-flow\">\n<h2 class=\"wp-block-heading\">Eigenschaften von Stand Up Zip Pouches Gro\u00dfhandel<\/h2>\n\n\n\n<ul class=\"wp-block-list\">\n<li><strong>Hohe Standards f\u00fcr die Lebensmittelsicherheit: <\/strong>Unsere Standbodenbeutel mit Rei\u00dfverschluss im Gro\u00dfhandel bestehen aus einer mehrschichtigen Verbundstruktur aus PET12\/AL7\/PE88, die ausgezeichnete feuchtigkeits-, oxidations- und lichtdichte Eigenschaften aufweist. Sie isolieren effektiv Luft und Feuchtigkeit und verl\u00e4ngern so die Haltbarkeit von Lebensmitteln.<\/li>\n\n\n\n<li><strong>Hochwertige, matte Oberfl\u00e4che: <\/strong>Diese individuelle Haferflockenverpackung hat eine matte Oberfl\u00e4che, die an die Positionierung Ihrer Marke angepasst werden kann und die Premiumqualit\u00e4t hervorhebt, w\u00e4hrend sie sich nahtlos in das Verpackungsdesign einf\u00fcgt.<\/li>\n\n\n\n<li><strong>Benutzerfreundliches Design: <\/strong>Diese Standbeutel mit Rei\u00dfverschluss im Gro\u00dfhandel passen problemlos in Regale. Der Rei\u00dfverschluss erm\u00f6glicht ein wiederholtes \u00d6ffnen und Schlie\u00dfen und bewahrt die Frische des Inhalts. Die leicht zu \u00f6ffnende Kerbe erm\u00f6glicht ein einfaches \u00d6ffnen und verbessert die Benutzerfreundlichkeit.<\/li>\n\n\n\n<li><strong>Unterst\u00fctzt mehrfarbigen benutzerdefinierten Druck: <\/strong>Unsere individuellen Haferflocken-Verpackungst\u00fcten k\u00f6nnen in bis zu 10 Farben bedruckt werden, die sich an komplexe Muster und Farbverl\u00e4ufe anpassen und die Verpackung zu einem leistungsstarken Werbetr\u00e4ger f\u00fcr Ihre Marke machen.<\/li>\n\n\n\n<li><strong>Multi-Szenario-Anwendungen:<\/strong> Neben Haferflocken eignen sich diese Standbodenbeutel mit Rei\u00dfverschluss im Gro\u00dfhandel auch f\u00fcr N\u00fcsse, Trockenfr\u00fcchte, Tee, Kaffeebohnen, S\u00fc\u00dfigkeiten, Snacks und mehr. So k\u00f6nnen H\u00e4ndler ihr Produktsortiment mit derselben Verpackung erweitern, die Kosten senken und gleichzeitig ein einheitliches Markenimage aufrechterhalten.<\/li>\n<\/ul>\n\n\n\n<div class=\"wp-block-columns is-layout-flex wp-container-core-columns-is-layout-9d6595d7 wp-block-columns-is-layout-flex\">\n<div class=\"wp-block-column is-layout-flow wp-block-column-is-layout-flow\">\n<figure class=\"wp-block-image size-full\"><img decoding=\"async\" width=\"750\" height=\"750\" src=\"https:\/\/www.stanleypackage.com\/wp-content\/uploads\/2025\/08\/Customized-Stand-Up-Pouch-with-zipper-Sachet-Packaging-Bags-02.webp\" alt=\"Stand Up Zip Pouches Gro\u00dfhandel, benutzerdefinierte Haferflocken Verpackung Tasche-5\" class=\"wp-image-2604\" srcset=\"https:\/\/www.stanleypackage.com\/wp-content\/uploads\/2025\/08\/Customized-Stand-Up-Pouch-with-zipper-Sachet-Packaging-Bags-02.webp 750w, https:\/\/www.stanleypackage.com\/wp-content\/uploads\/2025\/08\/Customized-Stand-Up-Pouch-with-zipper-Sachet-Packaging-Bags-02-300x300.webp 300w, https:\/\/www.stanleypackage.com\/wp-content\/uploads\/2025\/08\/Customized-Stand-Up-Pouch-with-zipper-Sachet-Packaging-Bags-02-150x150.webp 150w, https:\/\/www.stanleypackage.com\/wp-content\/uploads\/2025\/08\/Customized-Stand-Up-Pouch-with-zipper-Sachet-Packaging-Bags-02-12x12.webp 12w, https:\/\/www.stanleypackage.com\/wp-content\/uploads\/2025\/08\/Customized-Stand-Up-Pouch-with-zipper-Sachet-Packaging-Bags-02-600x600.webp 600w, https:\/\/www.stanleypackage.com\/wp-content\/uploads\/2025\/08\/Customized-Stand-Up-Pouch-with-zipper-Sachet-Packaging-Bags-02-100x100.webp 100w\" sizes=\"(max-width: 750px) 100vw, 750px\" \/><\/figure>\n<\/div>\n\n\n\n<div class=\"wp-block-column is-layout-flow wp-block-column-is-layout-flow\">\n<figure class=\"wp-block-image size-full\"><img decoding=\"async\" width=\"750\" height=\"750\" src=\"https:\/\/www.stanleypackage.com\/wp-content\/uploads\/2025\/08\/Customized-Stand-Up-Pouch-with-zipper-Sachet-Packaging-Bags-04.webp\" alt=\"\" class=\"wp-image-2606\" srcset=\"https:\/\/www.stanleypackage.com\/wp-content\/uploads\/2025\/08\/Customized-Stand-Up-Pouch-with-zipper-Sachet-Packaging-Bags-04.webp 750w, https:\/\/www.stanleypackage.com\/wp-content\/uploads\/2025\/08\/Customized-Stand-Up-Pouch-with-zipper-Sachet-Packaging-Bags-04-300x300.webp 300w, https:\/\/www.stanleypackage.com\/wp-content\/uploads\/2025\/08\/Customized-Stand-Up-Pouch-with-zipper-Sachet-Packaging-Bags-04-150x150.webp 150w, https:\/\/www.stanleypackage.com\/wp-content\/uploads\/2025\/08\/Customized-Stand-Up-Pouch-with-zipper-Sachet-Packaging-Bags-04-12x12.webp 12w, https:\/\/www.stanleypackage.com\/wp-content\/uploads\/2025\/08\/Customized-Stand-Up-Pouch-with-zipper-Sachet-Packaging-Bags-04-600x600.webp 600w, https:\/\/www.stanleypackage.com\/wp-content\/uploads\/2025\/08\/Customized-Stand-Up-Pouch-with-zipper-Sachet-Packaging-Bags-04-100x100.webp 100w\" sizes=\"(max-width: 750px) 100vw, 750px\" \/><\/figure>\n<\/div>\n<\/div>\n<\/div>\n<\/div>","protected":false},"excerpt":{"rendered":"<p>Willkommen auf benutzerdefinierte Haferflocken Verpackung Taschen. Unsere lebensmittelechten Stand-up-Zip-Beutel Gro\u00dfhandel sind aus Verbundwerkstoff mit einer matten Oberfl\u00e4che hergestellt. Die selbsttragende Boden Design mit versiegelten Rei\u00dfverschluss und eine leicht zu rei\u00dfen Kerbe ist bequem f\u00fcr die Lagerung und wiederholte Verwendung.<\/p>\n<table style=\"border-collapse: collapse; width: 312.77pt;\" border=\"0\" width=\"417\" cellspacing=\"0\" cellpadding=\"0\">\n<tbody>\n<tr style=\"height: 12.75pt;\">\n<td class=\"et2\" style=\"height: 12.75pt; width: 91.40pt;\" width=\"121\" height=\"17\">Hersteller<\/td>\n<td class=\"et2\" style=\"width: 222.00pt;\" width=\"296\">Stanley<\/td>\n<\/tr>\n<tr style=\"height: 12.75pt;\">\n<td class=\"et2\" style=\"height: 12.75pt; width: 91.40pt;\" width=\"121\" height=\"17\">Arten von Beuteln<\/td>\n<td class=\"et3\">Stand Up Pouch, Zipper Pouch<\/td>\n<\/tr>\n<tr style=\"height: 12.75pt;\">\n<td class=\"et2\" style=\"height: 12.75pt; width: 91.40pt;\" width=\"121\" height=\"17\">Material<\/td>\n<td class=\"et2\" style=\"width: 222.00pt;\" width=\"296\">PET12\/AL7\/PE88 (heller Matteffekt)<\/td>\n<\/tr>\n<tr style=\"height: 25.50pt;\">\n<td class=\"et2\" style=\"height: 25.50pt; width: 91.40pt;\" width=\"121\" height=\"34\">Besonderes Merkmal<\/td>\n<td class=\"et2\" style=\"width: 222.00pt;\" width=\"296\">Stehendes Unterteil, Rei\u00dfverschluss, leicht zu rei\u00dfende Kerbe<\/td>\n<\/tr>\n<tr style=\"height: 12.75pt;\">\n<td class=\"et2\" style=\"height: 12.75pt; width: 91.40pt;\" width=\"121\" height=\"17\">Handhabung der Oberfl\u00e4che<\/td>\n<td class=\"et2\" style=\"width: 222.00pt;\" width=\"296\">Tiefdruck<\/td>\n<\/tr>\n<tr style=\"height: 12.75pt;\">\n<td class=\"et2\" style=\"height: 12.75pt; width: 91.40pt;\" width=\"121\" height=\"17\">Farbe<\/td>\n<td class=\"et2\" style=\"width: 222.00pt;\" width=\"296\">Bis zu 10 Farben<\/td>\n<\/tr>\n<tr style=\"height: 12.75pt;\">\n<td class=\"et2\" style=\"height: 12.75pt; width: 91.40pt;\" width=\"121\" height=\"17\">Verwendung<\/td>\n<td class=\"et3\">Kaffee, <span class=\"font1\">O<\/span><span class=\"font0\">Mahlzeit, Snack<\/span><\/td>\n<\/tr>\n<tr style=\"height: 12.75pt;\">\n<td class=\"et2\" style=\"height: 12.75pt; width: 91.40pt;\" width=\"121\" height=\"17\">MOQ<\/td>\n<td class=\"et2\" style=\"width: 222.00pt;\" width=\"296\">50.000 St\u00fcck<\/td>\n<\/tr>\n<tr style=\"height: 12.75pt;\">\n<td class=\"et2\" style=\"height: 12.75pt; width: 91.40pt;\" width=\"121\" height=\"17\">Individuelle Bestellung<\/td>\n<td class=\"et2\" style=\"width: 222.00pt;\" width=\"296\">Akzeptieren Sie OEM, unterst\u00fctzen Sie freie Probe<\/td>\n<\/tr>\n<\/tbody>\n<\/table>\n<p>&nbsp;<\/p>","protected":false},"featured_media":2605,"comment_status":"closed","ping_status":"closed","template":"","meta":{"_acf_changed":false},"product_brand":[],"product_cat":[30,18],"product_tag":[],"class_list":{"0":"post-2511","1":"product","2":"type-product","3":"status-publish","4":"has-post-thumbnail","6":"product_cat-stand-up-pouch-manufacturer","7":"product_cat-zipper-pouch-manufacturer","8":"pa_food-packaging-oatmeal-pouch","9":"pa_food-packaging-coffee-packaging-pouch","10":"pa_food-packaging-snack-food-pouch","11":"pa_food-packaging-baby-food-packaging","13":"first","14":"instock","15":"shipping-taxable","16":"product-type-simple"},"acf":[],"_links":{"self":[{"href":"https:\/\/www.stanleypackage.com\/de\/wp-json\/wp\/v2\/product\/2511","targetHints":{"allow":["GET"]}}],"collection":[{"href":"https:\/\/www.stanleypackage.com\/de\/wp-json\/wp\/v2\/product"}],"about":[{"href":"https:\/\/www.stanleypackage.com\/de\/wp-json\/wp\/v2\/types\/product"}],"replies":[{"embeddable":true,"href":"https:\/\/www.stanleypackage.com\/de\/wp-json\/wp\/v2\/comments?post=2511"}],"wp:featuredmedia":[{"embeddable":true,"href":"https:\/\/www.stanleypackage.com\/de\/wp-json\/wp\/v2\/media\/2605"}],"wp:attachment":[{"href":"https:\/\/www.stanleypackage.com\/de\/wp-json\/wp\/v2\/media?parent=2511"}],"wp:term":[{"taxonomy":"product_brand","embeddable":true,"href":"https:\/\/www.stanleypackage.com\/de\/wp-json\/wp\/v2\/product_brand?post=2511"},{"taxonomy":"product_cat","embeddable":true,"href":"https:\/\/www.stanleypackage.com\/de\/wp-json\/wp\/v2\/product_cat?post=2511"},{"taxonomy":"product_tag","embeddable":true,"href":"https:\/\/www.stanleypackage.com\/de\/wp-json\/wp\/v2\/product_tag?post=2511"}],"curies":[{"name":"wp","href":"https:\/\/api.w.org\/{rel}","templated":true}]}}