{"id":2516,"date":"2025-09-03T09:56:25","date_gmt":"2025-09-03T09:56:25","guid":{"rendered":"https:\/\/www.stanleypackage.com\/?post_type=product&#038;p=2516"},"modified":"2025-09-03T09:56:31","modified_gmt":"2025-09-03T09:56:31","slug":"custom-liquid-pouch-bag-with-spout","status":"publish","type":"product","link":"https:\/\/www.stanleypackage.com\/de\/product\/custom-liquid-pouch-bag-with-spout\/","title":{"rendered":"Individueller Fl\u00fcssigkeitsbeutel mit Ausguss f\u00fcr Seife und Waschmittel"},"content":{"rendered":"<div class=\"wp-block-columns is-layout-flex wp-container-core-columns-is-layout-9d6595d7 wp-block-columns-is-layout-flex\">\n<div class=\"wp-block-column is-layout-flow wp-block-column-is-layout-flow\">\n<h2 class=\"wp-block-heading\">Merkmale von Custom Liquid Pouch Bag mit Ausgie\u00dfer<\/h2>\n\n\n\n<ul class=\"wp-block-list\">\n<li><strong>Hochwertiges Kompositmaterial, sicher und langlebig:<\/strong> Dieser kundenspezifische Fl\u00fcssigkeitsbeutel mit Ausgie\u00dfer besteht aus einem Verbundmaterial aus PET12\/gekochtem Aluminium, das mit VMPET12\/MBPE120 beschichtet ist. Er bietet eine ausgezeichnete Dichtigkeit und chemische Best\u00e4ndigkeit und gew\u00e4hrleistet die sichere Aufbewahrung von Fl\u00fcssigkeiten wie Seife und Reinigungsmittel.<\/li>\n\n\n\n<li><strong>Einfaches Gie\u00dfverfahren:<\/strong> Diese ma\u00dfgeschneiderten Fl\u00fcssigseifenbeutel f\u00fcr den Gro\u00dfhandel sind mit einem Ausgie\u00dfer versehen, der das Ausgie\u00dfen erleichtert, ein Versch\u00fctten verhindert und die Bequemlichkeit erh\u00f6ht, wodurch sie sowohl f\u00fcr den privaten als auch f\u00fcr den gewerblichen Gebrauch geeignet sind.<\/li>\n\n\n\n<li><strong>Stabiler freistehender Sockel:<\/strong> Der Standboden dieses Beutels mit Ausgie\u00dfer erm\u00f6glicht es, dass er auf dem Boden steht, was Platz spart und ein ordentliches und \u00e4sthetisch ansprechendes Aussehen gew\u00e4hrleistet.<\/li>\n\n\n\n<li><strong>Hochpr\u00e4ziser Druck verbessert das Markenimage: <\/strong>Dieser individuelle Beutel mit Ausgie\u00dfer f\u00fcr Fl\u00fcssigkeiten wird im Tiefdruckverfahren bedruckt, was zu klaren und lebendigen Grafiken f\u00fchrt. Eine Metallic-Oberfl\u00e4che verbessert die Qualit\u00e4t der Verpackung und verleiht ihr einen hochwertigen Charakter.<\/li>\n\n\n\n<li><strong>Flexible Anpassung an unterschiedliche Bed\u00fcrfnisse:<\/strong> Unsere kundenspezifischen, flexiblen Verpackungsbeutel k\u00f6nnen in Bezug auf Beutelform, Volumen und Aufdruck angepasst werden und eignen sich f\u00fcr fl\u00fcssige Produkte mit unterschiedlichen Spezifikationen, wodurch Marken differenzierte Verpackungsl\u00f6sungen erhalten.<\/li>\n<\/ul>\n\n\n\n<div class=\"wp-block-columns is-layout-flex wp-container-core-columns-is-layout-9d6595d7 wp-block-columns-is-layout-flex\">\n<div class=\"wp-block-column is-layout-flow wp-block-column-is-layout-flow\">\n<figure class=\"wp-block-image size-full\"><img decoding=\"async\" width=\"750\" height=\"750\" src=\"https:\/\/www.stanleypackage.com\/wp-content\/uploads\/2025\/08\/Bulk-Stand-Up-pouches-with-spout-on-the-side-for-detergent-02.webp\" alt=\"Kundenspezifischer Fl\u00fcssigkeitsbeutel mit Ausguss f\u00fcr Seife &amp; Waschmittel-2\" class=\"wp-image-2518\" srcset=\"https:\/\/www.stanleypackage.com\/wp-content\/uploads\/2025\/08\/Bulk-Stand-Up-pouches-with-spout-on-the-side-for-detergent-02.webp 750w, https:\/\/www.stanleypackage.com\/wp-content\/uploads\/2025\/08\/Bulk-Stand-Up-pouches-with-spout-on-the-side-for-detergent-02-300x300.webp 300w, https:\/\/www.stanleypackage.com\/wp-content\/uploads\/2025\/08\/Bulk-Stand-Up-pouches-with-spout-on-the-side-for-detergent-02-150x150.webp 150w, https:\/\/www.stanleypackage.com\/wp-content\/uploads\/2025\/08\/Bulk-Stand-Up-pouches-with-spout-on-the-side-for-detergent-02-12x12.webp 12w, https:\/\/www.stanleypackage.com\/wp-content\/uploads\/2025\/08\/Bulk-Stand-Up-pouches-with-spout-on-the-side-for-detergent-02-600x600.webp 600w, https:\/\/www.stanleypackage.com\/wp-content\/uploads\/2025\/08\/Bulk-Stand-Up-pouches-with-spout-on-the-side-for-detergent-02-100x100.webp 100w\" sizes=\"(max-width: 750px) 100vw, 750px\" \/><\/figure>\n<\/div>\n\n\n\n<div class=\"wp-block-column is-layout-flow wp-block-column-is-layout-flow\">\n<figure class=\"wp-block-image size-full\"><img decoding=\"async\" width=\"750\" height=\"750\" src=\"https:\/\/www.stanleypackage.com\/wp-content\/uploads\/2025\/08\/Bulk-Stand-Up-pouches-with-spout-on-the-side-for-detergent.webp\" alt=\"\" class=\"wp-image-2517\" srcset=\"https:\/\/www.stanleypackage.com\/wp-content\/uploads\/2025\/08\/Bulk-Stand-Up-pouches-with-spout-on-the-side-for-detergent.webp 750w, https:\/\/www.stanleypackage.com\/wp-content\/uploads\/2025\/08\/Bulk-Stand-Up-pouches-with-spout-on-the-side-for-detergent-300x300.webp 300w, https:\/\/www.stanleypackage.com\/wp-content\/uploads\/2025\/08\/Bulk-Stand-Up-pouches-with-spout-on-the-side-for-detergent-150x150.webp 150w, https:\/\/www.stanleypackage.com\/wp-content\/uploads\/2025\/08\/Bulk-Stand-Up-pouches-with-spout-on-the-side-for-detergent-12x12.webp 12w, https:\/\/www.stanleypackage.com\/wp-content\/uploads\/2025\/08\/Bulk-Stand-Up-pouches-with-spout-on-the-side-for-detergent-600x600.webp 600w, https:\/\/www.stanleypackage.com\/wp-content\/uploads\/2025\/08\/Bulk-Stand-Up-pouches-with-spout-on-the-side-for-detergent-100x100.webp 100w\" sizes=\"(max-width: 750px) 100vw, 750px\" \/><\/figure>\n<\/div>\n<\/div>\n<\/div>\n<\/div>\n\n\n\n<p><\/p>","protected":false},"excerpt":{"rendered":"<p>Willkommen zur Bestellung von ma\u00dfgeschneiderten flexiblen Verpackungsbeuteln im Gro\u00dfhandel. Dieser hochwertige, kundenspezifische Fl\u00fcssigkeitsbeutel mit Ausgie\u00dfer verf\u00fcgt \u00fcber einen selbsttragenden Verbundboden und einen Metallic-Druck f\u00fcr ein erstklassiges Gef\u00fchl. Er kann in Bezug auf Fassungsverm\u00f6gen und Muster angepasst werden und ist die perfekte Verpackung f\u00fcr Fl\u00fcssigseife und Reinigungsmittel.<\/p>\n<table style=\"border-collapse: collapse; width: 312.77pt;\" border=\"0\" width=\"417\" cellspacing=\"0\" cellpadding=\"0\">\n<tbody>\n<tr style=\"height: 12.75pt;\">\n<td class=\"et2\" style=\"height: 12.75pt; width: 91.40pt;\" width=\"121\" height=\"17\">Hersteller<\/td>\n<td class=\"et2\" style=\"width: 222.00pt;\" width=\"296\">Stanley<\/td>\n<\/tr>\n<tr style=\"height: 12.75pt;\">\n<td class=\"et2\" style=\"height: 12.75pt; width: 91.40pt;\" width=\"121\" height=\"17\">Arten von Beuteln<\/td>\n<td class=\"et3\">Ausgie\u00dfertasche, Stand Up Pouch<\/td>\n<\/tr>\n<tr style=\"height: 12.75pt;\">\n<td class=\"et2\" style=\"height: 12.75pt; width: 91.40pt;\" width=\"121\" height=\"17\">Material<\/td>\n<td class=\"et2\" style=\"width: 222.00pt;\" width=\"296\">PET12\/\u6c34\u716e\u9540\u94ddVMPET12\/MBPE120<\/td>\n<\/tr>\n<tr style=\"height: 12.75pt;\">\n<td class=\"et2\" style=\"height: 12.75pt; width: 91.40pt;\" width=\"121\" height=\"17\">Besonderes Merkmal<\/td>\n<td class=\"et2\" style=\"width: 222.00pt;\" width=\"296\">Ausguss, stehender Boden<\/td>\n<\/tr>\n<tr style=\"height: 12.75pt;\">\n<td class=\"et2\" style=\"height: 12.75pt; width: 91.40pt;\" width=\"121\" height=\"17\">Handhabung der Oberfl\u00e4che<\/td>\n<td class=\"et2\" style=\"width: 222.00pt;\" width=\"296\">Tiefdruck<\/td>\n<\/tr>\n<tr style=\"height: 12.75pt;\">\n<td class=\"et2\" style=\"height: 12.75pt; width: 91.40pt;\" width=\"121\" height=\"17\">Farbe<\/td>\n<td class=\"et2\" style=\"width: 222.00pt;\" width=\"296\">Bis zu 10 Farben<\/td>\n<\/tr>\n<tr style=\"height: 12.75pt;\">\n<td class=\"et2\" style=\"height: 12.75pt; width: 91.40pt;\" width=\"121\" height=\"17\">Verwendung<\/td>\n<td class=\"et3\">Waschmittel, Fl\u00fcssigseife, Geschirrsp\u00fcler<\/td>\n<\/tr>\n<tr style=\"height: 12.75pt;\">\n<td class=\"et2\" style=\"height: 12.75pt; width: 91.40pt;\" width=\"121\" height=\"17\">MOQ<\/td>\n<td class=\"et2\" style=\"width: 222.00pt;\" width=\"296\">50.000 St\u00fcck<\/td>\n<\/tr>\n<tr style=\"height: 12.75pt;\">\n<td class=\"et2\" style=\"height: 12.75pt; width: 91.40pt;\" width=\"121\" height=\"17\">Individuelle Bestellung<\/td>\n<td class=\"et2\" style=\"width: 222.00pt;\" width=\"296\">Akzeptieren Sie OEM, unterst\u00fctzen Sie freie Probe<\/td>\n<\/tr>\n<\/tbody>\n<\/table>\n<p>&nbsp;<\/p>","protected":false},"featured_media":2521,"comment_status":"closed","ping_status":"closed","template":"","meta":{"_acf_changed":false},"product_brand":[],"product_cat":[32,30],"product_tag":[],"class_list":{"0":"post-2516","1":"product","2":"type-product","3":"status-publish","4":"has-post-thumbnail","6":"product_cat-spout-pouch-manufacturer","7":"product_cat-stand-up-pouch-manufacturer","8":"pa_non-food-packaging-soap-detergent-pouches","10":"first","11":"instock","12":"shipping-taxable","13":"product-type-simple"},"acf":[],"_links":{"self":[{"href":"https:\/\/www.stanleypackage.com\/de\/wp-json\/wp\/v2\/product\/2516","targetHints":{"allow":["GET"]}}],"collection":[{"href":"https:\/\/www.stanleypackage.com\/de\/wp-json\/wp\/v2\/product"}],"about":[{"href":"https:\/\/www.stanleypackage.com\/de\/wp-json\/wp\/v2\/types\/product"}],"replies":[{"embeddable":true,"href":"https:\/\/www.stanleypackage.com\/de\/wp-json\/wp\/v2\/comments?post=2516"}],"wp:featuredmedia":[{"embeddable":true,"href":"https:\/\/www.stanleypackage.com\/de\/wp-json\/wp\/v2\/media\/2521"}],"wp:attachment":[{"href":"https:\/\/www.stanleypackage.com\/de\/wp-json\/wp\/v2\/media?parent=2516"}],"wp:term":[{"taxonomy":"product_brand","embeddable":true,"href":"https:\/\/www.stanleypackage.com\/de\/wp-json\/wp\/v2\/product_brand?post=2516"},{"taxonomy":"product_cat","embeddable":true,"href":"https:\/\/www.stanleypackage.com\/de\/wp-json\/wp\/v2\/product_cat?post=2516"},{"taxonomy":"product_tag","embeddable":true,"href":"https:\/\/www.stanleypackage.com\/de\/wp-json\/wp\/v2\/product_tag?post=2516"}],"curies":[{"name":"wp","href":"https:\/\/api.w.org\/{rel}","templated":true}]}}