{"id":2526,"date":"2025-09-15T07:15:38","date_gmt":"2025-09-15T07:15:38","guid":{"rendered":"https:\/\/www.stanleypackage.com\/?post_type=product&#038;p=2526"},"modified":"2025-09-15T07:15:44","modified_gmt":"2025-09-15T07:15:44","slug":"custom-food-pouch-packaging","status":"publish","type":"product","link":"https:\/\/www.stanleypackage.com\/de\/product\/custom-food-pouch-packaging\/","title":{"rendered":"Kundenspezifische Lebensmittelbeutelverpackungen, Snack Standing Zipper Pouch"},"content":{"rendered":"<h2 class=\"wp-block-heading\">Merkmale von kundenspezifischen Lebensmittelverpackungen in Beuteln<\/h2>\n\n\n\n<ul class=\"wp-block-list\">\n<li><strong>Speziell geformtes Design, auff\u00e4llige Form: <\/strong>Unsere kundenspezifischen Standbodenbeutelverpackungen f\u00fcr Lebensmittel bieten eine Vielzahl von kundenspezifischen Konturen und Beuteltypen, die die Beschr\u00e4nkungen herk\u00f6mmlicher Verpackungen aufheben und die Markenerkennung und die Attraktivit\u00e4t der Regale erh\u00f6hen.<\/li>\n\n\n\n<li><strong>Hochwertige Materialstruktur:<\/strong> Unsere kundenspezifischen Snack-Verpackungsbeutel verwenden das dreischichtige Verbundmaterial PET12\/BOPA15\/MBPE55, das gute Barriereeigenschaften, Durchsto\u00dffestigkeit und Hei\u00dfsiegelleistung aufweist, um die Frische und Sicherheit des Inhalts zu gew\u00e4hrleisten.<\/li>\n\n\n\n<li><strong>Leicht abrei\u00dfbares Design, einfach zu \u00f6ffnen: <\/strong>Diese kundenspezifischen Lebensmittelbeutelverpackungen sind mit einer Aufrei\u00dfkerbe versehen, die sich ohne Hilfsmittel leicht \u00f6ffnen l\u00e4sst, was die Benutzerfreundlichkeit erh\u00f6ht.<\/li>\n\n\n\n<li><strong>Kantenanleimtechnik, stabilere Struktur:<\/strong> Die Kantenbehandlung dieser kundenspezifischen Snack-Verpackungsbeutel erh\u00f6ht die Druckfestigkeit und Belastbarkeit des Beutelk\u00f6rpers, ist auslaufsicher und explosionssicher und eignet sich f\u00fcr eine Vielzahl von fl\u00fcssigen oder k\u00f6rnigen Produkten.<\/li>\n\n\n\n<li><strong>Stehendes Bodendesign, sch\u00f6nes Display: <\/strong>Die Bodenstruktur dieser ma\u00dfgeschneiderten Lebensmittelbeutelverpackung verbessert die Wirkung der Regalpr\u00e4sentation und spart gleichzeitig Lagerplatz. Sie eignet sich sowohl f\u00fcr den Einzelhandel als auch f\u00fcr Online-Vertriebskan\u00e4le.<\/li>\n<\/ul>\n\n\n\n<div class=\"wp-block-columns is-layout-flex wp-container-core-columns-is-layout-9d6595d7 wp-block-columns-is-layout-flex\">\n<div class=\"wp-block-column is-layout-flow wp-block-column-is-layout-flow\">\n<figure class=\"wp-block-image size-full\"><img decoding=\"async\" width=\"750\" height=\"750\" src=\"https:\/\/www.stanleypackage.com\/wp-content\/uploads\/2025\/08\/\u5f00\u7a97\u81ea\u7acb\u62c9\u94fe\u888b.jpg\" alt=\"\" class=\"wp-image-2531\" srcset=\"https:\/\/www.stanleypackage.com\/wp-content\/uploads\/2025\/08\/\u5f00\u7a97\u81ea\u7acb\u62c9\u94fe\u888b.jpg 750w, https:\/\/www.stanleypackage.com\/wp-content\/uploads\/2025\/08\/\u5f00\u7a97\u81ea\u7acb\u62c9\u94fe\u888b-300x300.jpg 300w, https:\/\/www.stanleypackage.com\/wp-content\/uploads\/2025\/08\/\u5f00\u7a97\u81ea\u7acb\u62c9\u94fe\u888b-150x150.jpg 150w, https:\/\/www.stanleypackage.com\/wp-content\/uploads\/2025\/08\/\u5f00\u7a97\u81ea\u7acb\u62c9\u94fe\u888b-12x12.jpg 12w, https:\/\/www.stanleypackage.com\/wp-content\/uploads\/2025\/08\/\u5f00\u7a97\u81ea\u7acb\u62c9\u94fe\u888b-600x600.jpg 600w, https:\/\/www.stanleypackage.com\/wp-content\/uploads\/2025\/08\/\u5f00\u7a97\u81ea\u7acb\u62c9\u94fe\u888b-100x100.jpg 100w\" sizes=\"(max-width: 750px) 100vw, 750px\" \/><\/figure>\n<\/div>\n\n\n\n<div class=\"wp-block-column is-layout-flow wp-block-column-is-layout-flow\">\n<figure class=\"wp-block-image size-full\"><img decoding=\"async\" width=\"750\" height=\"750\" src=\"https:\/\/www.stanleypackage.com\/wp-content\/uploads\/2025\/09\/Custom-Food-Pouch-Packaging-Snack-Standing-Zipper-Pouch-1.webp\" alt=\"Benutzerdefinierte Lebensmittelbeutel-Verpackung, Snack Standing Zipper Pouch-1\" class=\"wp-image-3113\" srcset=\"https:\/\/www.stanleypackage.com\/wp-content\/uploads\/2025\/09\/Custom-Food-Pouch-Packaging-Snack-Standing-Zipper-Pouch-1.webp 750w, https:\/\/www.stanleypackage.com\/wp-content\/uploads\/2025\/09\/Custom-Food-Pouch-Packaging-Snack-Standing-Zipper-Pouch-1-300x300.webp 300w, https:\/\/www.stanleypackage.com\/wp-content\/uploads\/2025\/09\/Custom-Food-Pouch-Packaging-Snack-Standing-Zipper-Pouch-1-150x150.webp 150w, https:\/\/www.stanleypackage.com\/wp-content\/uploads\/2025\/09\/Custom-Food-Pouch-Packaging-Snack-Standing-Zipper-Pouch-1-12x12.webp 12w, https:\/\/www.stanleypackage.com\/wp-content\/uploads\/2025\/09\/Custom-Food-Pouch-Packaging-Snack-Standing-Zipper-Pouch-1-600x600.webp 600w, https:\/\/www.stanleypackage.com\/wp-content\/uploads\/2025\/09\/Custom-Food-Pouch-Packaging-Snack-Standing-Zipper-Pouch-1-100x100.webp 100w\" sizes=\"(max-width: 750px) 100vw, 750px\" \/><\/figure>\n<\/div>\n<\/div>\n\n\n\n<p><\/p>","protected":false},"excerpt":{"rendered":"<p>Willkommen bei der Bestellung kundenspezifischer Beutelverpackungen f\u00fcr Lebensmittel. Unsere ma\u00dfgeschneiderten Stehbeutel mit Rei\u00dfverschluss eignen sich f\u00fcr S\u00fc\u00dfigkeiten, N\u00fcsse, Trockenfr\u00fcchte, Snacks f\u00fcr Haustiere usw. Wir unterst\u00fctzen die Anpassung von Gr\u00f6\u00dfe, Material und Druckmustern, um Ihre Markenanforderungen zu erf\u00fcllen.<\/p>\n<table style=\"border-collapse: collapse; width: 327.77pt;\" border=\"0\" width=\"437\" cellspacing=\"0\" cellpadding=\"0\">\n<tbody>\n<tr style=\"height: 12.75pt;\">\n<td class=\"et2\" style=\"height: 12.75pt; width: 91.40pt;\" width=\"121\" height=\"17\">Hersteller<\/td>\n<td class=\"et2\" style=\"width: 237.00pt;\" width=\"316\">Stanley<\/td>\n<\/tr>\n<tr style=\"height: 12.75pt;\">\n<td class=\"et2\" style=\"height: 12.75pt; width: 91.40pt;\" width=\"121\" height=\"17\">Arten von Beuteln<\/td>\n<td class=\"et3\">Stehbeutel, Rei\u00dfverschlusstasche, geformter Beutel<\/td>\n<\/tr>\n<tr style=\"height: 12.75pt;\">\n<td class=\"et2\" style=\"height: 12.75pt; width: 91.40pt;\" width=\"121\" height=\"17\">Material<\/td>\n<td class=\"et2\" style=\"width: 237.00pt;\" width=\"316\">PET12\/BOPA15\/MBPE55<\/td>\n<\/tr>\n<tr style=\"height: 12.75pt;\">\n<td class=\"et2\" style=\"height: 12.75pt; width: 91.40pt;\" width=\"121\" height=\"17\">Besonderes Merkmal<\/td>\n<td class=\"et2\" style=\"width: 237.00pt;\" width=\"316\">Stehboden, leichte Aufrei\u00dfkerbe, Klarsichtfenster<\/td>\n<\/tr>\n<tr style=\"height: 12.75pt;\">\n<td class=\"et2\" style=\"height: 12.75pt; width: 91.40pt;\" width=\"121\" height=\"17\">Handhabung der Oberfl\u00e4che<\/td>\n<td class=\"et2\" style=\"width: 237.00pt;\" width=\"316\">Tiefdruck<\/td>\n<\/tr>\n<tr style=\"height: 12.75pt;\">\n<td class=\"et2\" style=\"height: 12.75pt; width: 91.40pt;\" width=\"121\" height=\"17\">Farbe<\/td>\n<td class=\"et2\" style=\"width: 237.00pt;\" width=\"316\">Bis zu 10 Farben<\/td>\n<\/tr>\n<tr style=\"height: 12.75pt;\">\n<td class=\"et2\" style=\"height: 12.75pt; width: 91.40pt;\" width=\"121\" height=\"17\">Verwendung<\/td>\n<td class=\"et3\">S\u00fc\u00dfigkeiten, N\u00fcsse, Knabberartikel, Trockenfr\u00fcchte<\/td>\n<\/tr>\n<tr style=\"height: 12.75pt;\">\n<td class=\"et2\" style=\"height: 12.75pt; width: 91.40pt;\" width=\"121\" height=\"17\">MOQ<\/td>\n<td class=\"et2\" style=\"width: 237.00pt;\" width=\"316\">50.000 St\u00fcck<\/td>\n<\/tr>\n<tr style=\"height: 12.75pt;\">\n<td class=\"et2\" style=\"height: 12.75pt; width: 91.40pt;\" width=\"121\" height=\"17\">Individuelle Bestellung<\/td>\n<td class=\"et2\" style=\"width: 237.00pt;\" width=\"316\">Akzeptieren Sie OEM, unterst\u00fctzen Sie freie Probe<\/td>\n<\/tr>\n<\/tbody>\n<\/table>","protected":false},"featured_media":3115,"comment_status":"closed","ping_status":"closed","template":"","meta":{"_acf_changed":false},"product_brand":[],"product_cat":[22,30,18],"product_tag":[],"class_list":{"0":"post-2526","1":"product","2":"type-product","3":"status-publish","4":"has-post-thumbnail","6":"product_cat-shaped-pouches-factory","7":"product_cat-stand-up-pouch-manufacturer","8":"product_cat-zipper-pouch-manufacturer","9":"pa_food-packaging-snack-food-pouch","11":"first","12":"instock","13":"shipping-taxable","14":"product-type-simple"},"acf":[],"_links":{"self":[{"href":"https:\/\/www.stanleypackage.com\/de\/wp-json\/wp\/v2\/product\/2526","targetHints":{"allow":["GET"]}}],"collection":[{"href":"https:\/\/www.stanleypackage.com\/de\/wp-json\/wp\/v2\/product"}],"about":[{"href":"https:\/\/www.stanleypackage.com\/de\/wp-json\/wp\/v2\/types\/product"}],"replies":[{"embeddable":true,"href":"https:\/\/www.stanleypackage.com\/de\/wp-json\/wp\/v2\/comments?post=2526"}],"wp:featuredmedia":[{"embeddable":true,"href":"https:\/\/www.stanleypackage.com\/de\/wp-json\/wp\/v2\/media\/3115"}],"wp:attachment":[{"href":"https:\/\/www.stanleypackage.com\/de\/wp-json\/wp\/v2\/media?parent=2526"}],"wp:term":[{"taxonomy":"product_brand","embeddable":true,"href":"https:\/\/www.stanleypackage.com\/de\/wp-json\/wp\/v2\/product_brand?post=2526"},{"taxonomy":"product_cat","embeddable":true,"href":"https:\/\/www.stanleypackage.com\/de\/wp-json\/wp\/v2\/product_cat?post=2526"},{"taxonomy":"product_tag","embeddable":true,"href":"https:\/\/www.stanleypackage.com\/de\/wp-json\/wp\/v2\/product_tag?post=2526"}],"curies":[{"name":"wp","href":"https:\/\/api.w.org\/{rel}","templated":true}]}}