{"id":2533,"date":"2025-09-03T09:41:30","date_gmt":"2025-09-03T09:41:30","guid":{"rendered":"https:\/\/www.stanleypackage.com\/?post_type=product&#038;p=2533"},"modified":"2025-09-03T09:41:55","modified_gmt":"2025-09-03T09:41:55","slug":"wholesale-liquid-pouches","status":"publish","type":"product","link":"https:\/\/www.stanleypackage.com\/de\/product\/wholesale-liquid-pouches\/","title":{"rendered":"Gro\u00dfhandel Beutel Fl\u00fcssigkeit, benutzerdefinierte Reise Duschgel Verpackung"},"content":{"rendered":"<div class=\"wp-block-columns is-layout-flex wp-container-core-columns-is-layout-9d6595d7 wp-block-columns-is-layout-flex\">\n<div class=\"wp-block-column is-layout-flow wp-block-column-is-layout-flow\">\n<h2 class=\"wp-block-heading\">Merkmale des Gro\u00dfhandels Fl\u00fcssigkeitsbeutel f\u00fcr Duschgel<\/h2>\n\n\n\n<ul class=\"wp-block-list\">\n<li><strong>Spezialeffekt verf\u00fcgbar: <\/strong>Unsere Gro\u00dfhandels-Fl\u00fcssigkeitsbeutel f\u00fcr Duschgels unterst\u00fctzen spezielle Effekte, wie UV, matt, gl\u00e4nzend, etc.<\/li>\n\n\n\n<li><strong>Sonderform verf\u00fcgbar: <\/strong>Unsere ma\u00dfgeschneiderten Shampoo-Beutel k\u00f6nnen je nach Kundenwunsch in verschiedene Formen gebracht werden.<\/li>\n\n\n\n<li><strong>Mit einem leicht zu rei\u00dfenden: <\/strong>Unsere Gro\u00dfhandels-Fl\u00fcssigkeitsbeutel f\u00fcr Duschgels haben eine leicht zu \u00f6ffnende Kerbe, die bequem zu benutzen ist.<\/li>\n\n\n\n<li><strong>Strapazierf\u00e4higes mehrschichtiges Material: <\/strong>Die dreischichtige Struktur (MOPP25\/VMPET12\/PE100) dieser Gro\u00dfhandels-Fl\u00fcssigkeitsbeutel f\u00fcr Duschgels hat eine gute Steifigkeit, Haltbarkeit und Versiegelung und eignet sich f\u00fcr mittel- und hochviskose Fl\u00fcssigkeiten wie Shampoo und Duschgel.<\/li>\n\n\n\n<li><strong>Anpassbar und f\u00fcr den Gro\u00dfhandel geeignet:<\/strong> Unsere Gro\u00dfhandels-Fl\u00fcssigkeitsbeutel unterst\u00fctzen kundenspezifische Druckmuster, LOGO, Kapazit\u00e4t und strukturelle Details, die f\u00fcr die Massenproduktion geeignet sind und Marken helfen, personalisierte Verpackungsl\u00f6sungen zu schaffen.<\/li>\n<\/ul>\n\n\n\n<div class=\"wp-block-columns is-layout-flex wp-container-core-columns-is-layout-9d6595d7 wp-block-columns-is-layout-flex\">\n<div class=\"wp-block-column is-layout-flow wp-block-column-is-layout-flow\">\n<figure class=\"wp-block-image size-full\"><img decoding=\"async\" width=\"750\" height=\"750\" src=\"https:\/\/www.stanleypackage.com\/wp-content\/uploads\/2025\/08\/Wholesale-Liquid-Pouch-Packaging-Custom-Shampoo-Pouches-5.webp\" alt=\"Gro\u00dfhandel Fl\u00fcssigkeit Beutel, benutzerdefinierte Reise Duschgel Verpackung-2\" class=\"wp-image-2543\" srcset=\"https:\/\/www.stanleypackage.com\/wp-content\/uploads\/2025\/08\/Wholesale-Liquid-Pouch-Packaging-Custom-Shampoo-Pouches-5.webp 750w, https:\/\/www.stanleypackage.com\/wp-content\/uploads\/2025\/08\/Wholesale-Liquid-Pouch-Packaging-Custom-Shampoo-Pouches-5-300x300.webp 300w, https:\/\/www.stanleypackage.com\/wp-content\/uploads\/2025\/08\/Wholesale-Liquid-Pouch-Packaging-Custom-Shampoo-Pouches-5-150x150.webp 150w, https:\/\/www.stanleypackage.com\/wp-content\/uploads\/2025\/08\/Wholesale-Liquid-Pouch-Packaging-Custom-Shampoo-Pouches-5-12x12.webp 12w, https:\/\/www.stanleypackage.com\/wp-content\/uploads\/2025\/08\/Wholesale-Liquid-Pouch-Packaging-Custom-Shampoo-Pouches-5-600x600.webp 600w, https:\/\/www.stanleypackage.com\/wp-content\/uploads\/2025\/08\/Wholesale-Liquid-Pouch-Packaging-Custom-Shampoo-Pouches-5-100x100.webp 100w\" sizes=\"(max-width: 750px) 100vw, 750px\" \/><\/figure>\n<\/div>\n\n\n\n<div class=\"wp-block-column is-layout-flow wp-block-column-is-layout-flow\">\n<figure class=\"wp-block-image size-full\"><img decoding=\"async\" width=\"750\" height=\"750\" src=\"https:\/\/www.stanleypackage.com\/wp-content\/uploads\/2025\/08\/Wholesale-Liquid-Pouch-Packaging-Custom-Shampoo-Pouches.webp\" alt=\"\" class=\"wp-image-2540\" srcset=\"https:\/\/www.stanleypackage.com\/wp-content\/uploads\/2025\/08\/Wholesale-Liquid-Pouch-Packaging-Custom-Shampoo-Pouches.webp 750w, https:\/\/www.stanleypackage.com\/wp-content\/uploads\/2025\/08\/Wholesale-Liquid-Pouch-Packaging-Custom-Shampoo-Pouches-300x300.webp 300w, https:\/\/www.stanleypackage.com\/wp-content\/uploads\/2025\/08\/Wholesale-Liquid-Pouch-Packaging-Custom-Shampoo-Pouches-150x150.webp 150w, https:\/\/www.stanleypackage.com\/wp-content\/uploads\/2025\/08\/Wholesale-Liquid-Pouch-Packaging-Custom-Shampoo-Pouches-12x12.webp 12w, https:\/\/www.stanleypackage.com\/wp-content\/uploads\/2025\/08\/Wholesale-Liquid-Pouch-Packaging-Custom-Shampoo-Pouches-600x600.webp 600w, https:\/\/www.stanleypackage.com\/wp-content\/uploads\/2025\/08\/Wholesale-Liquid-Pouch-Packaging-Custom-Shampoo-Pouches-100x100.webp 100w\" sizes=\"(max-width: 750px) 100vw, 750px\" \/><\/figure>\n<\/div>\n<\/div>\n<\/div>\n<\/div>\n\n\n\n<p><\/p>","protected":false},"excerpt":{"rendered":"<p>Willkommen im Gro\u00dfhandel Fl\u00fcssigkeitsbeutel f\u00fcr K\u00f6rperpflegeprodukte zu kaufen. Diese benutzerdefinierte Shampoo-Duschgel-Beutel ist mit einem leicht zu rei\u00dfen ausgestattet, und die gesamte unregelm\u00e4\u00dfige Design ist einzigartig und leicht zu tragen. Unterst\u00fctzt volle Anpassung.<\/p>\n<table style=\"border-collapse: collapse; width: 312.77pt;\" border=\"0\" width=\"417\" cellspacing=\"0\" cellpadding=\"0\">\n<tbody>\n<tr style=\"height: 12.75pt;\">\n<td class=\"et2\" style=\"height: 12.75pt; width: 91.40pt;\" width=\"121\" height=\"17\">Hersteller<\/td>\n<td class=\"et2\" style=\"width: 222.00pt;\" width=\"296\">Stanley<\/td>\n<\/tr>\n<tr style=\"height: 12.75pt;\">\n<td class=\"et2\" style=\"height: 12.75pt; width: 91.40pt;\" width=\"121\" height=\"17\">Arten von Beuteln<\/td>\n<td class=\"et3\">Unregelm\u00e4\u00dfige Stand Up Pouch<\/td>\n<\/tr>\n<tr style=\"height: 12.75pt;\">\n<td class=\"et2\" style=\"height: 12.75pt; width: 91.40pt;\" width=\"121\" height=\"17\">Material<\/td>\n<td class=\"et2\" style=\"width: 222.00pt;\" width=\"296\">MOPP25\/VMPET12\/PE100<\/td>\n<\/tr>\n<tr style=\"height: 12.75pt;\">\n<td class=\"et2\" style=\"height: 12.75pt; width: 91.40pt;\" width=\"121\" height=\"17\">Besonderes Merkmal<\/td>\n<td class=\"et2\" style=\"width: 222.00pt;\" width=\"296\">Unten stehend, <span class=\"font1\">I<\/span><span class=\"font0\">unregelm\u00e4\u00dfige Form<\/span><\/td>\n<\/tr>\n<tr style=\"height: 12.75pt;\">\n<td class=\"et2\" style=\"height: 12.75pt; width: 91.40pt;\" width=\"121\" height=\"17\">Handhabung der Oberfl\u00e4che<\/td>\n<td class=\"et2\" style=\"width: 222.00pt;\" width=\"296\">Tiefdruck<\/td>\n<\/tr>\n<tr style=\"height: 12.75pt;\">\n<td class=\"et2\" style=\"height: 12.75pt; width: 91.40pt;\" width=\"121\" height=\"17\">Farbe<\/td>\n<td class=\"et2\" style=\"width: 222.00pt;\" width=\"296\">Bis zu 10 Farben<\/td>\n<\/tr>\n<tr style=\"height: 12.75pt;\">\n<td class=\"et2\" style=\"height: 12.75pt; width: 91.40pt;\" width=\"121\" height=\"17\">Verwendung<\/td>\n<td class=\"et3\">Nachf\u00fcllbeutel f\u00fcr Shampoo, K\u00f6rper- und Handwaschmittel<\/td>\n<\/tr>\n<tr style=\"height: 12.75pt;\">\n<td class=\"et2\" style=\"height: 12.75pt; width: 91.40pt;\" width=\"121\" height=\"17\">MOQ<\/td>\n<td class=\"et2\" style=\"width: 222.00pt;\" width=\"296\">50.000 St\u00fcck<\/td>\n<\/tr>\n<tr style=\"height: 12.75pt;\">\n<td class=\"et2\" style=\"height: 12.75pt; width: 91.40pt;\" width=\"121\" height=\"17\">Individuelle Bestellung<\/td>\n<td class=\"et2\" style=\"width: 222.00pt;\" width=\"296\">Akzeptieren Sie OEM, unterst\u00fctzen Sie freie Probe<\/td>\n<\/tr>\n<\/tbody>\n<\/table>\n<p>&nbsp;<\/p>","protected":false},"featured_media":2544,"comment_status":"closed","ping_status":"closed","template":"","meta":{"_acf_changed":false},"product_brand":[],"product_cat":[22,30],"product_tag":[],"class_list":{"0":"post-2533","1":"product","2":"type-product","3":"status-publish","4":"has-post-thumbnail","6":"product_cat-shaped-pouches-factory","7":"product_cat-stand-up-pouch-manufacturer","8":"pa_non-food-packaging-soap-detergent-pouches","10":"first","11":"instock","12":"shipping-taxable","13":"product-type-simple"},"acf":[],"_links":{"self":[{"href":"https:\/\/www.stanleypackage.com\/de\/wp-json\/wp\/v2\/product\/2533","targetHints":{"allow":["GET"]}}],"collection":[{"href":"https:\/\/www.stanleypackage.com\/de\/wp-json\/wp\/v2\/product"}],"about":[{"href":"https:\/\/www.stanleypackage.com\/de\/wp-json\/wp\/v2\/types\/product"}],"replies":[{"embeddable":true,"href":"https:\/\/www.stanleypackage.com\/de\/wp-json\/wp\/v2\/comments?post=2533"}],"wp:featuredmedia":[{"embeddable":true,"href":"https:\/\/www.stanleypackage.com\/de\/wp-json\/wp\/v2\/media\/2544"}],"wp:attachment":[{"href":"https:\/\/www.stanleypackage.com\/de\/wp-json\/wp\/v2\/media?parent=2533"}],"wp:term":[{"taxonomy":"product_brand","embeddable":true,"href":"https:\/\/www.stanleypackage.com\/de\/wp-json\/wp\/v2\/product_brand?post=2533"},{"taxonomy":"product_cat","embeddable":true,"href":"https:\/\/www.stanleypackage.com\/de\/wp-json\/wp\/v2\/product_cat?post=2533"},{"taxonomy":"product_tag","embeddable":true,"href":"https:\/\/www.stanleypackage.com\/de\/wp-json\/wp\/v2\/product_tag?post=2533"}],"curies":[{"name":"wp","href":"https:\/\/api.w.org\/{rel}","templated":true}]}}